{"id":13719,"date":"2021-10-18T09:42:45","date_gmt":"2021-10-18T07:42:45","guid":{"rendered":"https:\/\/cotobajo.es\/arbeiten-sie-mit-uns\/"},"modified":"2025-04-23T09:49:55","modified_gmt":"2025-04-23T07:49:55","slug":"arbeiten-sie-mit-uns","status":"publish","type":"page","link":"https:\/\/cotobajo.es\/de\/kontakt\/arbeiten-sie-mit-uns\/","title":{"rendered":"Arbeiten Sie mit uns"},"content":{"rendered":"\t\t<div data-elementor-type=\"wp-page\" data-elementor-id=\"13719\" class=\"elementor elementor-13719 elementor-2666\" data-elementor-post-type=\"page\">\n\t\t\t\t<div class=\"elementor-element elementor-element-d87dd1f elementor-hidden-tablet elementor-hidden-mobile e-flex e-con-boxed e-con e-parent\" data-id=\"d87dd1f\" data-element_type=\"container\" data-e-type=\"container\" data-settings=\"{&quot;background_background&quot;:&quot;classic&quot;}\">\n\t\t\t\t\t<div class=\"e-con-inner\">\n\t\t\t\t\t<\/div>\n\t\t\t\t<\/div>\n\t\t<div class=\"elementor-element elementor-element-ba316ff elementor-hidden-desktop e-flex e-con-boxed e-con e-parent\" data-id=\"ba316ff\" data-element_type=\"container\" data-e-type=\"container\" data-settings=\"{&quot;background_background&quot;:&quot;classic&quot;}\">\n\t\t\t\t\t<div class=\"e-con-inner\">\n\t\t\t\t\t<\/div>\n\t\t\t\t<\/div>\n\t\t<div class=\"elementor-element elementor-element-c39f6fc e-flex e-con-boxed e-con e-parent\" data-id=\"c39f6fc\" data-element_type=\"container\" data-e-type=\"container\" data-settings=\"{&quot;background_background&quot;:&quot;classic&quot;}\">\n\t\t\t\t\t<div class=\"e-con-inner\">\n\t\t\t\t<div class=\"elementor-element elementor-element-36ed44d elementor-widget elementor-widget-heading\" data-id=\"36ed44d\" data-element_type=\"widget\" data-e-type=\"widget\" data-widget_type=\"heading.default\">\n\t\t\t\t\t<h1 class=\"elementor-heading-title elementor-size-default\">Arbeiten Sie mit uns<\/h1>\t\t\t\t<\/div>\n\t\t\t\t<div class=\"elementor-element elementor-element-3829859 elementor-widget elementor-widget-image\" data-id=\"3829859\" data-element_type=\"widget\" data-e-type=\"widget\" data-widget_type=\"image.default\">\n\t\t\t\t\t\t\t\t\t\t\t\t\t\t\t<img decoding=\"async\" width=\"160\" height=\"91\" src=\"https:\/\/cotobajo.es\/wp-content\/uploads\/2025\/04\/hojas-olivo-ilustracion.png\" class=\"attachment-large size-large wp-image-16265\" alt=\"\" \/>\t\t\t\t\t\t\t\t\t\t\t\t\t\t\t<\/div>\n\t\t\t\t\t<\/div>\n\t\t\t\t<\/div>\n\t\t\t\t<section class=\"elementor-section elementor-top-section elementor-element elementor-element-1c183de elementor-section-boxed elementor-section-height-default elementor-section-height-default\" data-id=\"1c183de\" data-element_type=\"section\" data-e-type=\"section\" data-settings=\"{&quot;background_background&quot;:&quot;classic&quot;}\">\n\t\t\t\t\t\t<div class=\"elementor-container elementor-column-gap-default\">\n\t\t\t\t\t<div class=\"elementor-column elementor-col-100 elementor-top-column elementor-element elementor-element-ea67fc0\" data-id=\"ea67fc0\" data-element_type=\"column\" data-e-type=\"column\" data-settings=\"{&quot;background_background&quot;:&quot;classic&quot;}\">\n\t\t\t<div class=\"elementor-widget-wrap elementor-element-populated\">\n\t\t\t\t\t\t<div class=\"elementor-element elementor-element-a3dacea elementor-widget elementor-widget-heading\" data-id=\"a3dacea\" data-element_type=\"widget\" data-e-type=\"widget\" data-widget_type=\"heading.default\">\n\t\t\t\t\t<h2 class=\"elementor-heading-title elementor-size-default\">M\u00f6chten Sie unser Team verst\u00e4rken?<br>\nSenden Sie uns Ihren Lebenslauf<\/h2>\t\t\t\t<\/div>\n\t\t\t\t<div class=\"elementor-element elementor-element-3349396 elementor-button-align-stretch elementor-widget elementor-widget-form\" data-id=\"3349396\" data-element_type=\"widget\" data-e-type=\"widget\" data-settings=\"{&quot;step_next_label&quot;:&quot;N\\u00e4chste&quot;,&quot;step_previous_label&quot;:&quot;Vorherige&quot;,&quot;button_width&quot;:&quot;100&quot;,&quot;step_type&quot;:&quot;number_text&quot;,&quot;step_icon_shape&quot;:&quot;circle&quot;}\" data-widget_type=\"form.default\">\n\t\t\t\t\t\t\t<form class=\"elementor-form\" method=\"post\" name=\"Arbeiten Sie mit uns\" aria-label=\"Arbeiten Sie mit uns\">\n\t\t\t<input type=\"hidden\" name=\"post_id\" value=\"13719\"\/>\n\t\t\t<input type=\"hidden\" name=\"form_id\" value=\"3349396\"\/>\n\t\t\t<input type=\"hidden\" name=\"referer_title\" value=\"Arbeiten Sie mit uns | Coto Bajo\" \/>\n\n\t\t\t\t\t\t\t<input type=\"hidden\" name=\"queried_id\" value=\"13719\"\/>\n\t\t\t\n\t\t\t<div class=\"elementor-form-fields-wrapper elementor-labels-above\">\n\t\t\t\t\t\t\t\t<div class=\"elementor-field-type-text elementor-field-group elementor-column elementor-field-group-field_e575286 elementor-col-100 elementor-field-required elementor-mark-required\">\n\t\t\t\t\t\t\t\t\t\t\t\t<label for=\"form-field-field_e575286\" class=\"elementor-field-label\">\n\t\t\t\t\t\t\t\tName\t\t\t\t\t\t\t<\/label>\n\t\t\t\t\t\t\t\t\t\t\t\t\t\t<input size=\"1\" type=\"text\" name=\"form_fields[field_e575286]\" id=\"form-field-field_e575286\" class=\"elementor-field elementor-size-md  elementor-field-textual\" placeholder=\"(*) Obligatorische Daten\" required=\"required\">\n\t\t\t\t\t\t\t\t\t\t\t<\/div>\n\t\t\t\t\t\t\t\t<div class=\"elementor-field-type-email elementor-field-group elementor-column elementor-field-group-email elementor-col-100 elementor-field-required elementor-mark-required\">\n\t\t\t\t\t\t\t\t\t\t\t\t<label for=\"form-field-email\" class=\"elementor-field-label\">\n\t\t\t\t\t\t\t\tE-Mail\t\t\t\t\t\t\t<\/label>\n\t\t\t\t\t\t\t\t\t\t\t\t\t\t<input size=\"1\" type=\"email\" name=\"form_fields[email]\" id=\"form-field-email\" class=\"elementor-field elementor-size-md  elementor-field-textual\" placeholder=\"(*) Obligatorische Daten\" required=\"required\">\n\t\t\t\t\t\t\t\t\t\t\t<\/div>\n\t\t\t\t\t\t\t\t<div class=\"elementor-field-type-textarea elementor-field-group elementor-column elementor-field-group-message elementor-col-100\">\n\t\t\t\t\t\t\t\t\t\t\t\t<label for=\"form-field-message\" class=\"elementor-field-label\">\n\t\t\t\t\t\t\t\tNachricht\t\t\t\t\t\t\t<\/label>\n\t\t\t\t\t\t<textarea class=\"elementor-field-textual elementor-field  elementor-size-md\" name=\"form_fields[message]\" id=\"form-field-message\" rows=\"4\" placeholder=\"Nachricht\"><\/textarea>\t\t\t\t<\/div>\n\t\t\t\t\t\t\t\t<div class=\"elementor-field-type-upload elementor-field-group elementor-column elementor-field-group-field_bfa23f0 elementor-col-100 elementor-field-required elementor-mark-required\">\n\t\t\t\t\t\t\t\t\t\t\t\t<label for=\"form-field-field_bfa23f0\" class=\"elementor-field-label\">\n\t\t\t\t\t\t\t\tDatei anh\u00e4ngen (maximal 5 MB, unterst\u00fctzte Dateiformate sind PDF, DOC und DOCX)\t\t\t\t\t\t\t<\/label>\n\t\t\t\t\t\t\t\t<input type=\"file\" name=\"form_fields[field_bfa23f0]\" id=\"form-field-field_bfa23f0\" class=\"elementor-field elementor-size-md  elementor-upload-field\" required=\"required\" data-maxsize=\"5\" data-maxsize-message=\"Diese Datei \u00fcbersteigt die maximale Dateigr\u00f6\u00dfe.\">\n\n\t\t\t\t\t\t<\/div>\n\t\t\t\t\t\t\t\t<div class=\"elementor-field-type-acceptance elementor-field-group elementor-column elementor-field-group-field_034e004 elementor-col-100 elementor-field-required elementor-mark-required\">\n\t\t\t\t\t\t\t\t\t\t\t\t<label for=\"form-field-field_034e004\" class=\"elementor-field-label\">\n\t\t\t\t\t\t\t\tDer Zugang zu den auf der Website angebotenen Produkten und Dienstleistungen ist einzig und allein Personen \u00fcber 18 Jahren vorbehalten. Grundlegende Informationen zum Datenschutz. Coto Bajo Explotaciones Agr\u00edcolas, Ganaderas y Cineg\u00e9ticas, S.A. verarbeitet die von Ihnen zur Verf\u00fcgung gestellten Daten, um Ihre Teilnahme an den entsprechenden Auswahlverfahren zu verwalten und auf Ihre Bewerbung zu antworten.  Sie k\u00f6nnen Ihre Rechte auf Zugang, Berichtigung, L\u00f6schung, Einschr\u00e4nkung, Widerspruch, \u00dcbertragbarkeit und das Recht, keiner Entscheidung unterworfen zu werden, die ausschlie\u00dflich auf der automatisierten Verarbeitung Ihrer Daten beruht, aus\u00fcben, indem Sie sich an administracion@cotobajo.es wenden. Bevor Sie uns Ihre Daten und Ihren Lebenslauf zur Verf\u00fcgung stellen, sollten Sie unsere <a href=\"https:\/\/cotobajo.es\/de\/datenschutz-bei-auswahlverfahren\/\">Datenschutzklausel<\/a> konsultieren, um Ihre ausdr\u00fcckliche Zustimmung zu erhalten.\t\t\t\t\t\t\t<\/label>\n\t\t\t\t\t\t\t\t<div class=\"elementor-field-subgroup\">\n\t\t\t<span class=\"elementor-field-option\">\n\t\t\t\t<input type=\"checkbox\" name=\"form_fields[field_034e004]\" id=\"form-field-field_034e004\" class=\"elementor-field elementor-size-md  elementor-acceptance-field\" required=\"required\">\n\t\t\t\t<label for=\"form-field-field_034e004\">\nIch habe die Klausel unter<a href=\"https:\/\/cotobajo.es\/de\/datenschutz-bei-auswahlverfahren\/\">Datenschutz<\/a> gelesen, verstanden und akzeptiert.<\/label>\t\t\t<\/span>\n\t\t<\/div>\n\t\t\t\t\t\t<\/div>\n\t\t\t\t\t\t\t\t<div class=\"elementor-field-group elementor-column elementor-field-type-submit elementor-col-100 e-form__buttons\">\n\t\t\t\t\t<button class=\"elementor-button elementor-size-md\" type=\"submit\">\n\t\t\t\t\t\t<span class=\"elementor-button-content-wrapper\">\n\t\t\t\t\t\t\t\t\t\t\t\t\t\t\t\t\t\t\t\t\t\t<span class=\"elementor-button-text\">Senden Sie<\/span>\n\t\t\t\t\t\t\t\t\t\t\t\t\t<\/span>\n\t\t\t\t\t<\/button>\n\t\t\t\t<\/div>\n\t\t\t<\/div>\n\t\t<\/form>\n\t\t\t\t\t\t<\/div>\n\t\t\t\t\t<\/div>\n\t\t<\/div>\n\t\t\t\t\t<\/div>\n\t\t<\/section>\n\t\t\t\t<section class=\"elementor-section elementor-top-section elementor-element elementor-element-5943b32 elementor-section-boxed elementor-section-height-default elementor-section-height-default\" data-id=\"5943b32\" data-element_type=\"section\" data-e-type=\"section\">\n\t\t\t\t\t\t<div class=\"elementor-container elementor-column-gap-default\">\n\t\t\t\t\t<div class=\"elementor-column elementor-col-100 elementor-top-column elementor-element elementor-element-993fd78\" data-id=\"993fd78\" data-element_type=\"column\" data-e-type=\"column\">\n\t\t\t<div class=\"elementor-widget-wrap elementor-element-populated\">\n\t\t\t\t\t\t<div class=\"elementor-element elementor-element-48d84d1 elementor-widget elementor-widget-spacer\" data-id=\"48d84d1\" data-element_type=\"widget\" data-e-type=\"widget\" data-widget_type=\"spacer.default\">\n\t\t\t\t\t\t\t<div class=\"elementor-spacer\">\n\t\t\t<div class=\"elementor-spacer-inner\"><\/div>\n\t\t<\/div>\n\t\t\t\t\t\t<\/div>\n\t\t\t\t\t<\/div>\n\t\t<\/div>\n\t\t\t\t\t<\/div>\n\t\t<\/section>\n\t\t\t\t<\/div>\n\t\t","protected":false},"excerpt":{"rendered":"<p>Arbeiten Sie mit uns M\u00f6chten Sie unser Team verst\u00e4rken? Senden Sie uns Ihren Lebenslauf<\/p>\n","protected":false},"author":7,"featured_media":0,"parent":13779,"menu_order":0,"comment_status":"closed","ping_status":"closed","template":"elementor_header_footer","meta":{"_acf_changed":false,"_joinchat":[],"footnotes":""},"class_list":["post-13719","page","type-page","status-publish","hentry"],"acf":[],"yoast_head":"<!-- This site is optimized with the Yoast SEO plugin v27.4 - https:\/\/yoast.com\/product\/yoast-seo-wordpress\/ -->\n<title>Arbeiten Sie mit uns | Coto Bajo<\/title>\n<meta name=\"description\" content=\"Arbeiten Sie mit uns zusammen, wir engagieren uns f\u00fcr eine nachhaltige Entwicklung. Steigen Sie mit Coto Bajo in Ihrer beruflichen Laufbahn auf, senden Sie Ihren Lebenslauf\" \/>\n<meta name=\"robots\" content=\"index, follow, max-snippet:-1, max-image-preview:large, max-video-preview:-1\" \/>\n<link rel=\"canonical\" href=\"https:\/\/cotobajo.es\/de\/kontakt\/arbeiten-sie-mit-uns\/\" \/>\n<meta property=\"og:locale\" content=\"de_DE\" \/>\n<meta property=\"og:type\" content=\"article\" \/>\n<meta property=\"og:title\" content=\"Arbeiten Sie mit uns | Coto Bajo\" \/>\n<meta property=\"og:description\" content=\"Arbeiten Sie mit uns zusammen, wir engagieren uns f\u00fcr eine nachhaltige Entwicklung. Steigen Sie mit Coto Bajo in Ihrer beruflichen Laufbahn auf, senden Sie Ihren Lebenslauf\" \/>\n<meta property=\"og:url\" content=\"https:\/\/cotobajo.es\/de\/kontakt\/arbeiten-sie-mit-uns\/\" \/>\n<meta property=\"og:site_name\" content=\"Coto Bajo\" \/>\n<meta property=\"article:publisher\" content=\"https:\/\/www.facebook.com\/Coto-Bajo-394048128222\" \/>\n<meta property=\"article:modified_time\" content=\"2025-04-23T07:49:55+00:00\" \/>\n<meta property=\"og:image\" content=\"https:\/\/cotobajo.es\/wp-content\/uploads\/2025\/04\/hojas-olivo-ilustracion.png\" \/>\n\t<meta property=\"og:image:width\" content=\"160\" \/>\n\t<meta property=\"og:image:height\" content=\"91\" \/>\n\t<meta property=\"og:image:type\" content=\"image\/png\" \/>\n<meta name=\"twitter:card\" content=\"summary_large_image\" \/>\n<meta name=\"twitter:site\" content=\"@cotobajo\" \/>\n<meta name=\"twitter:label1\" content=\"Gesch\u00e4tzte Lesezeit\" \/>\n\t<meta name=\"twitter:data1\" content=\"2\u00a0Minuten\" \/>\n<script type=\"application\/ld+json\" class=\"yoast-schema-graph\">{\"@context\":\"https:\\\/\\\/schema.org\",\"@graph\":[{\"@type\":\"WebPage\",\"@id\":\"https:\\\/\\\/cotobajo.es\\\/de\\\/kontakt\\\/arbeiten-sie-mit-uns\\\/\",\"url\":\"https:\\\/\\\/cotobajo.es\\\/de\\\/kontakt\\\/arbeiten-sie-mit-uns\\\/\",\"name\":\"Arbeiten Sie mit uns | Coto Bajo\",\"isPartOf\":{\"@id\":\"https:\\\/\\\/cotobajo.es\\\/de\\\/#website\"},\"primaryImageOfPage\":{\"@id\":\"https:\\\/\\\/cotobajo.es\\\/de\\\/kontakt\\\/arbeiten-sie-mit-uns\\\/#primaryimage\"},\"image\":{\"@id\":\"https:\\\/\\\/cotobajo.es\\\/de\\\/kontakt\\\/arbeiten-sie-mit-uns\\\/#primaryimage\"},\"thumbnailUrl\":\"https:\\\/\\\/cotobajo.es\\\/wp-content\\\/uploads\\\/2025\\\/04\\\/hojas-olivo-ilustracion.png\",\"datePublished\":\"2021-10-18T07:42:45+00:00\",\"dateModified\":\"2025-04-23T07:49:55+00:00\",\"description\":\"Arbeiten Sie mit uns zusammen, wir engagieren uns f\u00fcr eine nachhaltige Entwicklung. Steigen Sie mit Coto Bajo in Ihrer beruflichen Laufbahn auf, senden Sie Ihren Lebenslauf\",\"breadcrumb\":{\"@id\":\"https:\\\/\\\/cotobajo.es\\\/de\\\/kontakt\\\/arbeiten-sie-mit-uns\\\/#breadcrumb\"},\"inLanguage\":\"de\",\"potentialAction\":[{\"@type\":\"ReadAction\",\"target\":[\"https:\\\/\\\/cotobajo.es\\\/de\\\/kontakt\\\/arbeiten-sie-mit-uns\\\/\"]}]},{\"@type\":\"ImageObject\",\"inLanguage\":\"de\",\"@id\":\"https:\\\/\\\/cotobajo.es\\\/de\\\/kontakt\\\/arbeiten-sie-mit-uns\\\/#primaryimage\",\"url\":\"https:\\\/\\\/cotobajo.es\\\/wp-content\\\/uploads\\\/2025\\\/04\\\/hojas-olivo-ilustracion.png\",\"contentUrl\":\"https:\\\/\\\/cotobajo.es\\\/wp-content\\\/uploads\\\/2025\\\/04\\\/hojas-olivo-ilustracion.png\"},{\"@type\":\"BreadcrumbList\",\"@id\":\"https:\\\/\\\/cotobajo.es\\\/de\\\/kontakt\\\/arbeiten-sie-mit-uns\\\/#breadcrumb\",\"itemListElement\":[{\"@type\":\"ListItem\",\"position\":1,\"name\":\"Home\",\"item\":\"https:\\\/\\\/cotobajo.es\\\/de\\\/\"},{\"@type\":\"ListItem\",\"position\":2,\"name\":\"Kontakt\",\"item\":\"https:\\\/\\\/cotobajo.es\\\/de\\\/contacto\\\/\"},{\"@type\":\"ListItem\",\"position\":3,\"name\":\"Arbeiten Sie mit uns\"}]},{\"@type\":\"WebSite\",\"@id\":\"https:\\\/\\\/cotobajo.es\\\/de\\\/#website\",\"url\":\"https:\\\/\\\/cotobajo.es\\\/de\\\/\",\"name\":\"Coto Bajo\",\"description\":\"Aceite de Oliva Virgen Extra, AOVE y Miel Artesanal\",\"publisher\":{\"@id\":\"https:\\\/\\\/cotobajo.es\\\/de\\\/#organization\"},\"potentialAction\":[{\"@type\":\"SearchAction\",\"target\":{\"@type\":\"EntryPoint\",\"urlTemplate\":\"https:\\\/\\\/cotobajo.es\\\/de\\\/?s={search_term_string}\"},\"query-input\":{\"@type\":\"PropertyValueSpecification\",\"valueRequired\":true,\"valueName\":\"search_term_string\"}}],\"inLanguage\":\"de\"},{\"@type\":\"Organization\",\"@id\":\"https:\\\/\\\/cotobajo.es\\\/de\\\/#organization\",\"name\":\"Coto Bajo\",\"url\":\"https:\\\/\\\/cotobajo.es\\\/de\\\/\",\"logo\":{\"@type\":\"ImageObject\",\"inLanguage\":\"de\",\"@id\":\"https:\\\/\\\/cotobajo.es\\\/de\\\/#\\\/schema\\\/logo\\\/image\\\/\",\"url\":\"https:\\\/\\\/cotobajo.es\\\/wp-content\\\/uploads\\\/2021\\\/02\\\/logo-header.svg\",\"contentUrl\":\"https:\\\/\\\/cotobajo.es\\\/wp-content\\\/uploads\\\/2021\\\/02\\\/logo-header.svg\",\"width\":1000,\"height\":558,\"caption\":\"Coto Bajo\"},\"image\":{\"@id\":\"https:\\\/\\\/cotobajo.es\\\/de\\\/#\\\/schema\\\/logo\\\/image\\\/\"},\"sameAs\":[\"https:\\\/\\\/www.facebook.com\\\/Coto-Bajo-394048128222\",\"https:\\\/\\\/x.com\\\/cotobajo\",\"https:\\\/\\\/www.instagram.com\\\/coto_bajo\\\/\",\"https:\\\/\\\/www.linkedin.com\\\/company\\\/coto-bajo-s-a\\\/\",\"https:\\\/\\\/www.youtube.com\\\/@coto_bajo\"]}]}<\/script>\n<!-- \/ Yoast SEO plugin. -->","yoast_head_json":{"title":"Arbeiten Sie mit uns | Coto Bajo","description":"Arbeiten Sie mit uns zusammen, wir engagieren uns f\u00fcr eine nachhaltige Entwicklung. Steigen Sie mit Coto Bajo in Ihrer beruflichen Laufbahn auf, senden Sie Ihren Lebenslauf","robots":{"index":"index","follow":"follow","max-snippet":"max-snippet:-1","max-image-preview":"max-image-preview:large","max-video-preview":"max-video-preview:-1"},"canonical":"https:\/\/cotobajo.es\/de\/kontakt\/arbeiten-sie-mit-uns\/","og_locale":"de_DE","og_type":"article","og_title":"Arbeiten Sie mit uns | Coto Bajo","og_description":"Arbeiten Sie mit uns zusammen, wir engagieren uns f\u00fcr eine nachhaltige Entwicklung. Steigen Sie mit Coto Bajo in Ihrer beruflichen Laufbahn auf, senden Sie Ihren Lebenslauf","og_url":"https:\/\/cotobajo.es\/de\/kontakt\/arbeiten-sie-mit-uns\/","og_site_name":"Coto Bajo","article_publisher":"https:\/\/www.facebook.com\/Coto-Bajo-394048128222","article_modified_time":"2025-04-23T07:49:55+00:00","og_image":[{"width":160,"height":91,"url":"https:\/\/cotobajo.es\/wp-content\/uploads\/2025\/04\/hojas-olivo-ilustracion.png","type":"image\/png"}],"twitter_card":"summary_large_image","twitter_site":"@cotobajo","twitter_misc":{"Gesch\u00e4tzte Lesezeit":"2\u00a0Minuten"},"schema":{"@context":"https:\/\/schema.org","@graph":[{"@type":"WebPage","@id":"https:\/\/cotobajo.es\/de\/kontakt\/arbeiten-sie-mit-uns\/","url":"https:\/\/cotobajo.es\/de\/kontakt\/arbeiten-sie-mit-uns\/","name":"Arbeiten Sie mit uns | Coto Bajo","isPartOf":{"@id":"https:\/\/cotobajo.es\/de\/#website"},"primaryImageOfPage":{"@id":"https:\/\/cotobajo.es\/de\/kontakt\/arbeiten-sie-mit-uns\/#primaryimage"},"image":{"@id":"https:\/\/cotobajo.es\/de\/kontakt\/arbeiten-sie-mit-uns\/#primaryimage"},"thumbnailUrl":"https:\/\/cotobajo.es\/wp-content\/uploads\/2025\/04\/hojas-olivo-ilustracion.png","datePublished":"2021-10-18T07:42:45+00:00","dateModified":"2025-04-23T07:49:55+00:00","description":"Arbeiten Sie mit uns zusammen, wir engagieren uns f\u00fcr eine nachhaltige Entwicklung. Steigen Sie mit Coto Bajo in Ihrer beruflichen Laufbahn auf, senden Sie Ihren Lebenslauf","breadcrumb":{"@id":"https:\/\/cotobajo.es\/de\/kontakt\/arbeiten-sie-mit-uns\/#breadcrumb"},"inLanguage":"de","potentialAction":[{"@type":"ReadAction","target":["https:\/\/cotobajo.es\/de\/kontakt\/arbeiten-sie-mit-uns\/"]}]},{"@type":"ImageObject","inLanguage":"de","@id":"https:\/\/cotobajo.es\/de\/kontakt\/arbeiten-sie-mit-uns\/#primaryimage","url":"https:\/\/cotobajo.es\/wp-content\/uploads\/2025\/04\/hojas-olivo-ilustracion.png","contentUrl":"https:\/\/cotobajo.es\/wp-content\/uploads\/2025\/04\/hojas-olivo-ilustracion.png"},{"@type":"BreadcrumbList","@id":"https:\/\/cotobajo.es\/de\/kontakt\/arbeiten-sie-mit-uns\/#breadcrumb","itemListElement":[{"@type":"ListItem","position":1,"name":"Home","item":"https:\/\/cotobajo.es\/de\/"},{"@type":"ListItem","position":2,"name":"Kontakt","item":"https:\/\/cotobajo.es\/de\/contacto\/"},{"@type":"ListItem","position":3,"name":"Arbeiten Sie mit uns"}]},{"@type":"WebSite","@id":"https:\/\/cotobajo.es\/de\/#website","url":"https:\/\/cotobajo.es\/de\/","name":"Coto Bajo","description":"Aceite de Oliva Virgen Extra, AOVE y Miel Artesanal","publisher":{"@id":"https:\/\/cotobajo.es\/de\/#organization"},"potentialAction":[{"@type":"SearchAction","target":{"@type":"EntryPoint","urlTemplate":"https:\/\/cotobajo.es\/de\/?s={search_term_string}"},"query-input":{"@type":"PropertyValueSpecification","valueRequired":true,"valueName":"search_term_string"}}],"inLanguage":"de"},{"@type":"Organization","@id":"https:\/\/cotobajo.es\/de\/#organization","name":"Coto Bajo","url":"https:\/\/cotobajo.es\/de\/","logo":{"@type":"ImageObject","inLanguage":"de","@id":"https:\/\/cotobajo.es\/de\/#\/schema\/logo\/image\/","url":"https:\/\/cotobajo.es\/wp-content\/uploads\/2021\/02\/logo-header.svg","contentUrl":"https:\/\/cotobajo.es\/wp-content\/uploads\/2021\/02\/logo-header.svg","width":1000,"height":558,"caption":"Coto Bajo"},"image":{"@id":"https:\/\/cotobajo.es\/de\/#\/schema\/logo\/image\/"},"sameAs":["https:\/\/www.facebook.com\/Coto-Bajo-394048128222","https:\/\/x.com\/cotobajo","https:\/\/www.instagram.com\/coto_bajo\/","https:\/\/www.linkedin.com\/company\/coto-bajo-s-a\/","https:\/\/www.youtube.com\/@coto_bajo"]}]}},"_links":{"self":[{"href":"https:\/\/cotobajo.es\/de\/wp-json\/wp\/v2\/pages\/13719","targetHints":{"allow":["GET"]}}],"collection":[{"href":"https:\/\/cotobajo.es\/de\/wp-json\/wp\/v2\/pages"}],"about":[{"href":"https:\/\/cotobajo.es\/de\/wp-json\/wp\/v2\/types\/page"}],"author":[{"embeddable":true,"href":"https:\/\/cotobajo.es\/de\/wp-json\/wp\/v2\/users\/7"}],"replies":[{"embeddable":true,"href":"https:\/\/cotobajo.es\/de\/wp-json\/wp\/v2\/comments?post=13719"}],"version-history":[{"count":0,"href":"https:\/\/cotobajo.es\/de\/wp-json\/wp\/v2\/pages\/13719\/revisions"}],"up":[{"embeddable":true,"href":"https:\/\/cotobajo.es\/de\/wp-json\/wp\/v2\/pages\/13779"}],"wp:attachment":[{"href":"https:\/\/cotobajo.es\/de\/wp-json\/wp\/v2\/media?parent=13719"}],"curies":[{"name":"wp","href":"https:\/\/api.w.org\/{rel}","templated":true}]}}