{"id":13724,"date":"2021-03-03T21:17:53","date_gmt":"2021-03-03T20:17:53","guid":{"rendered":"https:\/\/cotobajo.es\/richtlinie-zum-schutz-personenbezogener-daten\/"},"modified":"2026-02-04T10:45:02","modified_gmt":"2026-02-04T09:45:02","slug":"richtlinie-zum-schutz-personenbezogener-daten","status":"publish","type":"page","link":"https:\/\/cotobajo.es\/de\/richtlinie-zum-schutz-personenbezogener-daten\/","title":{"rendered":"Richtlinie zum Schutz personenbezogener Daten"},"content":{"rendered":"\t\t<div data-elementor-type=\"wp-page\" data-elementor-id=\"13724\" class=\"elementor elementor-13724 elementor-2201\" data-elementor-post-type=\"page\">\n\t\t\t\t\t\t<section class=\"elementor-section elementor-top-section elementor-element elementor-element-a84c645 elementor-section-boxed elementor-section-height-default elementor-section-height-default\" data-id=\"a84c645\" data-element_type=\"section\" data-e-type=\"section\">\n\t\t\t\t\t\t<div class=\"elementor-container elementor-column-gap-default\">\n\t\t\t\t\t<div class=\"elementor-column elementor-col-100 elementor-top-column elementor-element elementor-element-2c4efbe\" data-id=\"2c4efbe\" data-element_type=\"column\" data-e-type=\"column\">\n\t\t\t<div class=\"elementor-widget-wrap elementor-element-populated\">\n\t\t\t\t\t\t<div class=\"elementor-element elementor-element-c58089b elementor-widget elementor-widget-spacer\" data-id=\"c58089b\" data-element_type=\"widget\" data-e-type=\"widget\" data-widget_type=\"spacer.default\">\n\t\t\t\t\t\t\t<div class=\"elementor-spacer\">\n\t\t\t<div class=\"elementor-spacer-inner\"><\/div>\n\t\t<\/div>\n\t\t\t\t\t\t<\/div>\n\t\t\t\t<div class=\"elementor-element elementor-element-1fd0847 elementor-widget elementor-widget-heading\" data-id=\"1fd0847\" data-element_type=\"widget\" data-e-type=\"widget\" data-widget_type=\"heading.default\">\n\t\t\t\t\t<h1 class=\"elementor-heading-title elementor-size-default\">Richtlinie zum Schutz personenbezogener Daten<\/h1>\t\t\t\t<\/div>\n\t\t\t\t<div class=\"elementor-element elementor-element-286a3be elementor-widget elementor-widget-text-editor\" data-id=\"286a3be\" data-element_type=\"widget\" data-e-type=\"widget\" data-widget_type=\"text-editor.default\">\n\t\t\t\t\t\t\t\t\t<h2><strong>Weitere Informationen zu unserer Datenschutzpolitik<\/strong><\/h2>\n<p>Dieses Dokument wurde in voller \u00dcbereinstimmung mit den Verpflichtungen erstellt, die sich aus der Verordnung (EU) 2016\/679 des Europ\u00e4ischen Parlaments und des Rates vom 27. April 2016 zum Schutz nat\u00fcrlicher Personen bei der Verarbeitung personenbezogener Daten und zum freien Datenverkehr ergeben, und entspricht auch den Bestimmungen des Organgesetzes 3\/2018 vom 5. Dezember \u00fcber den Schutz personenbezogener Daten und die Gew\u00e4hrleistung der digitalen Rechte.<\/p>\n<ol>\n<li><u>Datenkontrolleur<\/u><\/li>\n<\/ol>\n<p>Coto Bajo Explotaciones Agr\u00edcolas, Ganaderas y Cineg\u00e9ticas, S.A. mit CIF A14094650<\/p>\n<p>Firmensitz: Finca El Gamo s\/n Ctra. de Almod\u00f3var Km. 6,6 (CP 14130), Guadalc\u00e1zar, C\u00f3rdoba <\/p>\n<p>Telefon: 957330349<\/p>\n<p>E-Mail: administracion@cotobajo.es<\/p>\n<ol start=\"2\">\n<li><u>Zweck der Verarbeitung Ihrer pers\u00f6nlichen Daten<\/u><\/li>\n<\/ol>\n<p>Der Hauptzweck der Verarbeitung Ihrer pers\u00f6nlichen Daten entspricht der Verwaltung der Beziehung, die mit COTO BAJO EXPLOTACIONES AGR\u00cdCOLAS, GANADERAS Y CINEG\u00c9TICAS, S.A. aufgebaut wurde, sowie der Beantwortung der gestellten Fragen und\/oder der angeforderten Informationen unter Einhaltung der Verpflichtungen und Auflagen, die sich aus dieser Beziehung ergeben. Ihre pers\u00f6nlichen Daten werden zur Verarbeitung in unseren Systemen so lange aufbewahrt, wie die Beziehung zu unserem Unternehmen zu den angegebenen Zwecken aufrechterhalten wird. <\/p>\n<p>Die vertraglichen Beziehungen mit unseren Kunden dienen der Verwaltung der Dienstleistungen und dem Erwerb der ben\u00f6tigten Produkte, dem Budget, der Rechnungsstellung und dem Inkasso sowie der Kl\u00e4rung von Fragen.<\/p>\n<p>Ebenso werden die Informationsanfragen und Kontaktinformationen der Interessenten verwaltet, deren Daten verarbeitet werden, um ihre Anfragen zu bearbeiten und\/oder die gew\u00fcnschten Informationen an die angegebenen Kontaktadressen zu senden.<\/p>\n<p>Ebenso werden die Lieferanten von Waren und\/oder Dienstleistungen dar\u00fcber informiert, dass ihre personenbezogenen Daten zum Zweck der Verwaltung der von den Parteien hergestellten Gesch\u00e4ftsbeziehung verarbeitet werden.<\/p>\n<p>Wenn Sie unseren Newsletter abonnieren, senden wir ihn an die von Ihnen im Anmeldeformular angegebene E-Mail-Adresse. Ihre Daten werden verarbeitet, um Sie \u00fcber unsere Produkte und Dienstleistungen sowie \u00fcber Neuigkeiten in der Branche auf dem Laufenden zu halten, wobei Sie die M\u00f6glichkeit haben, sich in jeder Mitteilung, die Sie erhalten, wieder abzumelden.<\/p>\n<p>F\u00fcr den Fall, dass Sie der Verarbeitung Ihrer Daten zugestimmt haben, damit wir Sie auf beliebigem Wege, auch auf elektronischem Wege, \u00fcber unsere Produkte und Dienstleistungen informieren k\u00f6nnen, teilen wir Ihnen mit, dass Sie die erteilte Zustimmung auf einfache Anfrage widerrufen k\u00f6nnen, indem Sie sich an COTO BAJO EXPLOTACIONES AGR\u00cdCOLAS, GANADERAS Y CINEG\u00c9TICAS, S.A. unter einer der in Punkt 1 dieses Dokuments genannten Adressen wenden. Sollten Sie Ihre Einwilligung widerrufen, so ber\u00fchrt dieser Widerruf nicht die Rechtm\u00e4\u00dfigkeit der von COTO BAJO EXPLOTACIONES AGR\u00cdCOLAS, GANADERAS Y CINEG\u00c9TICAS, S.A. vor Ihrem Widerruf vorgenommenen Datenverarbeitung. <\/p>\n<p>Ebenso haben Sie die M\u00f6glichkeit, sich von jeder kommerziellen Kommunikation, die Sie erhalten, abzumelden. Wir informieren Sie auch dar\u00fcber, dass Sie die bestehenden Systeme zur Abmeldung von Werbung \u00fcber den Link in der elektronischen Zentrale der spanischen Datenschutzbeh\u00f6rde einsehen k\u00f6nnen. <\/p>\n<ol start=\"3\">\n<li><u>Legitimation f\u00fcr die Verarbeitung Ihrer Daten<\/u><\/li>\n<\/ol>\n<p>Die Verarbeitung Ihrer personenbezogenen Daten ist legitimiert auf der Grundlage der Erf\u00fcllung der Verpflichtungen, die sich aus der vertraglichen Beziehung ergeben, sowie auf der Grundlage Ihrer Anfrage nach Informationen oder einem entsprechenden Budget oder dem Abonnement unseres Newsletters, wobei Sie Ihre Zustimmung zu diesen Effekten zum Ausdruck bringen und Ihre Identifikations- und Kontaktdaten sowie die wirtschaftlichen Daten f\u00fcr den Fall, dass die Beziehung formalisiert wird, zur Verf\u00fcgung stellen m\u00fcssen, ohne die es unm\u00f6glich w\u00e4re, die besagte Beziehung zu den angegebenen Zwecken zu erf\u00fcllen.<\/p>\n<p>Indem Sie uns Ihre Daten zur Verf\u00fcgung stellen, erkl\u00e4ren Sie, dass Sie der Eigent\u00fcmer dieser Daten sind, dass sie wahrheitsgem\u00e4\u00df sind und dass sie vollst\u00e4ndig auf dem neuesten Stand sind.<\/p>\n<p>Dar\u00fcber hinaus ist die Verarbeitung Ihrer Daten f\u00fcr die Zusendung kommerzieller Mitteilungen, auf welchem Wege auch immer, einschlie\u00dflich elektronischer Mittel, auf der Grundlage der von Ihnen erteilten Einwilligung legitimiert. Diese Zustimmung kann jederzeit auf Ihren einfachen Wunsch hin widerrufen werden, indem Sie sich an COTO BAJO EXPLOTACIONES AGR\u00cdCOLAS, GANADERAS Y CINEG\u00c9TICAS, S.A. unter einer der in Abschnitt 1 genannten Adressen wenden; in diesem Fall werden wir die Verarbeitung Ihrer Daten einstellen. <\/p>\n<p>Die erhobenen Daten sind den Zwecken angemessen, relevant und nicht \u00fcbertrieben, f\u00fcr die sie verarbeitet werden. Ebenso wird COTO BAJO EXPLOTACIONES AGR\u00cdCOLAS, GANADERAS Y CINEG\u00c9TICAS, S.A. die Daten l\u00f6schen oder berichtigen, wenn sie unzutreffend, unvollst\u00e4ndig oder f\u00fcr den Zweck nicht mehr erforderlich oder relevant sind. Ihre Daten werden jedoch in unseren Systemen aufbewahrt, solange diese Beziehung aufrechterhalten wird und nach deren Beendigung w\u00e4hrend der gesetzlichen Verj\u00e4hrungsfristen, die aufgrund der Bestimmungen der Steuergesetzgebung (Gesetz 58\/2003 vom 17. Dezember, Allgemeine Besteuerung) gelten. Sobald diese Verj\u00e4hrungsfristen abgelaufen sind, werden Ihre Daten gel\u00f6scht oder alternativ anonymisiert.   <\/p>\n<p>Ebenso werden Sie dar\u00fcber informiert, dass bei der Verwaltung der von COTO BAJO EXPLOTACIONES AGR\u00cdCOLAS, GANADERAS Y CINEG\u00c9TICAS, S.A. beauftragten Dienstleistungen Dienstleister t\u00e4tig werden k\u00f6nnen, mit denen die entsprechenden Datenschutzdokumente formalisiert wurden, um die Vertraulichkeit, Sicherheit und Integrit\u00e4t der Informationen, zu denen sie Zugang haben, zu gew\u00e4hrleisten.<\/p>\n<ol start=\"4\">\n<li><u>Zielgruppe<\/u>:<\/li>\n<\/ol>\n<p>Ihre Daten k\u00f6nnen an jede \u00f6ffentliche Einrichtung \u00fcbermittelt werden, die sie f\u00fcr die Erf\u00fcllung gesetzlicher Verpflichtungen (Steuerverwaltung) ben\u00f6tigt, sowie an die entsprechende Bank f\u00fcr die Verwaltung der entsprechenden Einz\u00fcge und\/oder Zahlungen. Es findet kein internationaler Datentransfer statt, mit der Ausnahme, dass COTO BAJO EXPLOTACIONES AGR\u00cdCOLAS, GANADERAS Y CINEG\u00c9TICAS, S.A. die Dienste von in Drittl\u00e4ndern ans\u00e4ssigen Anbietern in Anspruch nehmen kann, nachdem alle durch die Datenschutzbestimmungen festgelegten Anforderungen erf\u00fcllt und die notwendigen Garantien und Schutzma\u00dfnahmen zur Wahrung der Privatsph\u00e4re der Daten angewendet wurden. F\u00fcr weitere Informationen zu den Datenschutzgarantien k\u00f6nnen Sie unser Unternehmen unter den in Punkt 1 angegebenen Adressen kontaktieren.  <\/p>\n<ol start=\"5\">\n<li><u>Rechte der Betroffenen<\/u><\/li>\n<\/ol>\n<p>Nachdem Sie uns Ihre pers\u00f6nlichen Daten zur Verf\u00fcgung gestellt haben, informieren wir Sie \u00fcber die Rechte, die Sie gegen\u00fcber COTO BAJO EXPLOTACIONES AGR\u00cdCOLAS, GANADERAS Y CINEG\u00c9TICAS, S.A. unter den Ihnen in Punkt 1 dieses Dokuments zur Verf\u00fcgung gestellten Adressen aus\u00fcben k\u00f6nnen:<\/p>\n<p>Sie haben das Recht, <u>auf<\/u> alle pers\u00f6nlichen Daten, die COTO BAJO EXPLOTACIONES AGR\u00cdCOLAS, GANADERAS Y CINEG\u00c9TICAS, S.A. besitzt, <u>zuzugreifen<\/u> und deren <u>\u00c4nderung<\/u> oder <u>L\u00f6schung<\/u> zu verlangen.<\/p>\n<p>Sie k\u00f6nnen uns auffordern, <u>die<\/u> Verarbeitung Ihrer Daten <u>einzuschr\u00e4nken<\/u>. In diesem Fall werden wir sie nur zum Zwecke der Geltendmachung oder Abwehr von Anspr\u00fcchen aufbewahren.<\/p>\n<p>Sie k\u00f6nnen <u>sich der<\/u> Verarbeitung Ihrer personenbezogenen Daten <u>widersetzen<\/u>, woraufhin COTO BAJO EXPLOTACIONES AGR\u00cdCOLAS, GANADERAS Y CINEG\u00c9TICAS, S.A. die Verarbeitung Ihrer Daten einstellen wird, es sei denn, es liegen zwingende legitime Gr\u00fcnde oder die Aus\u00fcbung oder Verteidigung m\u00f6glicher Anspr\u00fcche vor.<\/p>\n<p>Sie k\u00f6nnen die <u>\u00dcbertragbarkeit<\/u> Ihrer personenbezogenen Daten beantragen. In diesem Fall senden wir Ihnen entweder die in unseren Datenbanken gespeicherten personenbezogenen Daten per E-Mail an die von Ihnen in Ihrem Antrag angegebene Adresse in einem Textformat, das lesbar ist und an die Bed\u00fcrfnisse eines anderen Datenverantwortlichen angepasst werden kann, oder wir \u00fcbermitteln sie in demselben Format an den neuen Datenverantwortlichen an die von Ihnen in Ihrem Antrag angegebene E-Mail Adresse.<\/p>\n<p>Sie haben das Recht <u>, keiner Entscheidung unterworfen zu werden, die ausschlie\u00dflich auf einer automatisierten Datenverarbeitung, einschlie\u00dflich Profiling, beruht<\/u>.<\/p>\n<p>Sie k\u00f6nnen auch eine von Ihnen ausdr\u00fccklich erteilte Zustimmung zur\u00fcckziehen oder widerrufen, indem Sie dies in Ihrer Anfrage angeben.<\/p>\n<p>Die Rechte der betroffenen Personen k\u00f6nnen direkt von der betroffenen Person oder durch eine gesetzliche oder freiwillige Vertretung ausge\u00fcbt werden. In diesem Fall muss neben dem Personalausweis oder einem gleichwertigen Dokument der betroffenen Person auch die authentische Urkunde, die die Vertretung des Dritten beglaubigt, zusammen mit ihrem Personalausweis oder einem gleichwertigen Dokument vorgelegt werden.<\/p>\n<ol start=\"6\">\n<li><u>Reklamationen<\/u><\/li>\n<\/ol>\n<p>Wenn Sie der Meinung sind, dass die Verarbeitung Ihrer personenbezogenen Daten gegen die Vorschriften oder die Bestimmungen dieser Klausel verst\u00f6\u00dft, k\u00f6nnen Sie eine Beschwerde bei der spanischen Datenschutzbeh\u00f6rde einreichen, die die zust\u00e4ndige Aufsichtsbeh\u00f6rde f\u00fcr den Schutz Ihrer personenbezogenen Daten ist, und zwar \u00fcber ihren elektronischen Sitz oder ihre Postanschrift, die auf der Website <a href=\"https:\/\/www.aepd.es\">www.aepd.es<\/a> eingesehen werden kann <a href=\"https:\/\/www.aepd.es\">.<\/a><\/p>\n\t\t\t\t\t\t\t\t<\/div>\n\t\t\t\t\t<\/div>\n\t\t<\/div>\n\t\t\t\t\t<\/div>\n\t\t<\/section>\n\t\t\t\t<\/div>\n\t\t","protected":false},"excerpt":{"rendered":"<p>Richtlinie zum Schutz personenbezogener Daten Weitere Informationen zu unserer Datenschutzpolitik Dieses Dokument wurde in voller \u00dcbereinstimmung mit den Verpflichtungen erstellt, die sich aus der Verordnung (EU) 2016\/679 des Europ\u00e4ischen Parlaments und des Rates vom 27. April 2016 zum Schutz nat\u00fcrlicher Personen bei der Verarbeitung personenbezogener Daten und zum freien Datenverkehr ergeben, und entspricht auch den [&hellip;]<\/p>\n","protected":false},"author":9,"featured_media":0,"parent":0,"menu_order":0,"comment_status":"closed","ping_status":"closed","template":"","meta":{"_acf_changed":false,"_joinchat":[],"footnotes":""},"class_list":["post-13724","page","type-page","status-publish","hentry"],"acf":[],"yoast_head":"<!-- This site is optimized with the Yoast SEO plugin v27.4 - https:\/\/yoast.com\/product\/yoast-seo-wordpress\/ -->\n<title>Richtlinie zum Schutz personenbezogener Daten | Coto Bajo<\/title>\n<meta name=\"description\" content=\"Lesen Sie unsere Richtlinie zum Schutz personenbezogener Daten. Ihre Privatsph\u00e4re ist bei uns in sicheren H\u00e4nden.\" \/>\n<meta name=\"robots\" content=\"noindex, nofollow\" \/>\n<meta property=\"og:locale\" content=\"de_DE\" \/>\n<meta property=\"og:type\" content=\"article\" \/>\n<meta property=\"og:title\" content=\"Richtlinie zum Schutz personenbezogener Daten | Coto Bajo\" \/>\n<meta property=\"og:description\" content=\"Lesen Sie unsere Richtlinie zum Schutz personenbezogener Daten. Ihre Privatsph\u00e4re ist bei uns in sicheren H\u00e4nden.\" \/>\n<meta property=\"og:url\" content=\"https:\/\/cotobajo.es\/de\/richtlinie-zum-schutz-personenbezogener-daten\/\" \/>\n<meta property=\"og:site_name\" content=\"Coto Bajo\" \/>\n<meta property=\"article:publisher\" content=\"https:\/\/www.facebook.com\/Coto-Bajo-394048128222\" \/>\n<meta property=\"article:modified_time\" content=\"2026-02-04T09:45:02+00:00\" \/>\n<meta name=\"twitter:card\" content=\"summary_large_image\" \/>\n<meta name=\"twitter:site\" content=\"@cotobajo\" \/>\n<meta name=\"twitter:label1\" content=\"Gesch\u00e4tzte Lesezeit\" \/>\n\t<meta name=\"twitter:data1\" content=\"6\u00a0Minuten\" \/>\n<script type=\"application\/ld+json\" class=\"yoast-schema-graph\">{\"@context\":\"https:\\\/\\\/schema.org\",\"@graph\":[{\"@type\":\"WebPage\",\"@id\":\"https:\\\/\\\/cotobajo.es\\\/de\\\/richtlinie-zum-schutz-personenbezogener-daten\\\/\",\"url\":\"https:\\\/\\\/cotobajo.es\\\/de\\\/richtlinie-zum-schutz-personenbezogener-daten\\\/\",\"name\":\"Richtlinie zum Schutz personenbezogener Daten | Coto Bajo\",\"isPartOf\":{\"@id\":\"https:\\\/\\\/cotobajo.es\\\/de\\\/#website\"},\"datePublished\":\"2021-03-03T20:17:53+00:00\",\"dateModified\":\"2026-02-04T09:45:02+00:00\",\"description\":\"Lesen Sie unsere Richtlinie zum Schutz personenbezogener Daten. Ihre Privatsph\u00e4re ist bei uns in sicheren H\u00e4nden.\",\"breadcrumb\":{\"@id\":\"https:\\\/\\\/cotobajo.es\\\/de\\\/richtlinie-zum-schutz-personenbezogener-daten\\\/#breadcrumb\"},\"inLanguage\":\"de\",\"potentialAction\":[{\"@type\":\"ReadAction\",\"target\":[\"https:\\\/\\\/cotobajo.es\\\/de\\\/richtlinie-zum-schutz-personenbezogener-daten\\\/\"]}]},{\"@type\":\"BreadcrumbList\",\"@id\":\"https:\\\/\\\/cotobajo.es\\\/de\\\/richtlinie-zum-schutz-personenbezogener-daten\\\/#breadcrumb\",\"itemListElement\":[{\"@type\":\"ListItem\",\"position\":1,\"name\":\"Home\",\"item\":\"https:\\\/\\\/cotobajo.es\\\/de\\\/\"},{\"@type\":\"ListItem\",\"position\":2,\"name\":\"Richtlinie zum Schutz personenbezogener Daten\"}]},{\"@type\":\"WebSite\",\"@id\":\"https:\\\/\\\/cotobajo.es\\\/de\\\/#website\",\"url\":\"https:\\\/\\\/cotobajo.es\\\/de\\\/\",\"name\":\"Coto Bajo\",\"description\":\"Aceite de Oliva Virgen Extra, AOVE y Miel Artesanal\",\"publisher\":{\"@id\":\"https:\\\/\\\/cotobajo.es\\\/de\\\/#organization\"},\"potentialAction\":[{\"@type\":\"SearchAction\",\"target\":{\"@type\":\"EntryPoint\",\"urlTemplate\":\"https:\\\/\\\/cotobajo.es\\\/de\\\/?s={search_term_string}\"},\"query-input\":{\"@type\":\"PropertyValueSpecification\",\"valueRequired\":true,\"valueName\":\"search_term_string\"}}],\"inLanguage\":\"de\"},{\"@type\":\"Organization\",\"@id\":\"https:\\\/\\\/cotobajo.es\\\/de\\\/#organization\",\"name\":\"Coto Bajo\",\"url\":\"https:\\\/\\\/cotobajo.es\\\/de\\\/\",\"logo\":{\"@type\":\"ImageObject\",\"inLanguage\":\"de\",\"@id\":\"https:\\\/\\\/cotobajo.es\\\/de\\\/#\\\/schema\\\/logo\\\/image\\\/\",\"url\":\"https:\\\/\\\/cotobajo.es\\\/wp-content\\\/uploads\\\/2021\\\/02\\\/logo-header.svg\",\"contentUrl\":\"https:\\\/\\\/cotobajo.es\\\/wp-content\\\/uploads\\\/2021\\\/02\\\/logo-header.svg\",\"width\":1000,\"height\":558,\"caption\":\"Coto Bajo\"},\"image\":{\"@id\":\"https:\\\/\\\/cotobajo.es\\\/de\\\/#\\\/schema\\\/logo\\\/image\\\/\"},\"sameAs\":[\"https:\\\/\\\/www.facebook.com\\\/Coto-Bajo-394048128222\",\"https:\\\/\\\/x.com\\\/cotobajo\",\"https:\\\/\\\/www.instagram.com\\\/coto_bajo\\\/\",\"https:\\\/\\\/www.linkedin.com\\\/company\\\/coto-bajo-s-a\\\/\",\"https:\\\/\\\/www.youtube.com\\\/@coto_bajo\"]}]}<\/script>\n<!-- \/ Yoast SEO plugin. -->","yoast_head_json":{"title":"Richtlinie zum Schutz personenbezogener Daten | Coto Bajo","description":"Lesen Sie unsere Richtlinie zum Schutz personenbezogener Daten. Ihre Privatsph\u00e4re ist bei uns in sicheren H\u00e4nden.","robots":{"index":"noindex","follow":"nofollow"},"og_locale":"de_DE","og_type":"article","og_title":"Richtlinie zum Schutz personenbezogener Daten | Coto Bajo","og_description":"Lesen Sie unsere Richtlinie zum Schutz personenbezogener Daten. Ihre Privatsph\u00e4re ist bei uns in sicheren H\u00e4nden.","og_url":"https:\/\/cotobajo.es\/de\/richtlinie-zum-schutz-personenbezogener-daten\/","og_site_name":"Coto Bajo","article_publisher":"https:\/\/www.facebook.com\/Coto-Bajo-394048128222","article_modified_time":"2026-02-04T09:45:02+00:00","twitter_card":"summary_large_image","twitter_site":"@cotobajo","twitter_misc":{"Gesch\u00e4tzte Lesezeit":"6\u00a0Minuten"},"schema":{"@context":"https:\/\/schema.org","@graph":[{"@type":"WebPage","@id":"https:\/\/cotobajo.es\/de\/richtlinie-zum-schutz-personenbezogener-daten\/","url":"https:\/\/cotobajo.es\/de\/richtlinie-zum-schutz-personenbezogener-daten\/","name":"Richtlinie zum Schutz personenbezogener Daten | Coto Bajo","isPartOf":{"@id":"https:\/\/cotobajo.es\/de\/#website"},"datePublished":"2021-03-03T20:17:53+00:00","dateModified":"2026-02-04T09:45:02+00:00","description":"Lesen Sie unsere Richtlinie zum Schutz personenbezogener Daten. Ihre Privatsph\u00e4re ist bei uns in sicheren H\u00e4nden.","breadcrumb":{"@id":"https:\/\/cotobajo.es\/de\/richtlinie-zum-schutz-personenbezogener-daten\/#breadcrumb"},"inLanguage":"de","potentialAction":[{"@type":"ReadAction","target":["https:\/\/cotobajo.es\/de\/richtlinie-zum-schutz-personenbezogener-daten\/"]}]},{"@type":"BreadcrumbList","@id":"https:\/\/cotobajo.es\/de\/richtlinie-zum-schutz-personenbezogener-daten\/#breadcrumb","itemListElement":[{"@type":"ListItem","position":1,"name":"Home","item":"https:\/\/cotobajo.es\/de\/"},{"@type":"ListItem","position":2,"name":"Richtlinie zum Schutz personenbezogener Daten"}]},{"@type":"WebSite","@id":"https:\/\/cotobajo.es\/de\/#website","url":"https:\/\/cotobajo.es\/de\/","name":"Coto Bajo","description":"Aceite de Oliva Virgen Extra, AOVE y Miel Artesanal","publisher":{"@id":"https:\/\/cotobajo.es\/de\/#organization"},"potentialAction":[{"@type":"SearchAction","target":{"@type":"EntryPoint","urlTemplate":"https:\/\/cotobajo.es\/de\/?s={search_term_string}"},"query-input":{"@type":"PropertyValueSpecification","valueRequired":true,"valueName":"search_term_string"}}],"inLanguage":"de"},{"@type":"Organization","@id":"https:\/\/cotobajo.es\/de\/#organization","name":"Coto Bajo","url":"https:\/\/cotobajo.es\/de\/","logo":{"@type":"ImageObject","inLanguage":"de","@id":"https:\/\/cotobajo.es\/de\/#\/schema\/logo\/image\/","url":"https:\/\/cotobajo.es\/wp-content\/uploads\/2021\/02\/logo-header.svg","contentUrl":"https:\/\/cotobajo.es\/wp-content\/uploads\/2021\/02\/logo-header.svg","width":1000,"height":558,"caption":"Coto Bajo"},"image":{"@id":"https:\/\/cotobajo.es\/de\/#\/schema\/logo\/image\/"},"sameAs":["https:\/\/www.facebook.com\/Coto-Bajo-394048128222","https:\/\/x.com\/cotobajo","https:\/\/www.instagram.com\/coto_bajo\/","https:\/\/www.linkedin.com\/company\/coto-bajo-s-a\/","https:\/\/www.youtube.com\/@coto_bajo"]}]}},"_links":{"self":[{"href":"https:\/\/cotobajo.es\/de\/wp-json\/wp\/v2\/pages\/13724","targetHints":{"allow":["GET"]}}],"collection":[{"href":"https:\/\/cotobajo.es\/de\/wp-json\/wp\/v2\/pages"}],"about":[{"href":"https:\/\/cotobajo.es\/de\/wp-json\/wp\/v2\/types\/page"}],"author":[{"embeddable":true,"href":"https:\/\/cotobajo.es\/de\/wp-json\/wp\/v2\/users\/9"}],"replies":[{"embeddable":true,"href":"https:\/\/cotobajo.es\/de\/wp-json\/wp\/v2\/comments?post=13724"}],"version-history":[{"count":0,"href":"https:\/\/cotobajo.es\/de\/wp-json\/wp\/v2\/pages\/13724\/revisions"}],"wp:attachment":[{"href":"https:\/\/cotobajo.es\/de\/wp-json\/wp\/v2\/media?parent=13724"}],"curies":[{"name":"wp","href":"https:\/\/api.w.org\/{rel}","templated":true}]}}