{"id":13733,"date":"2023-02-27T12:35:16","date_gmt":"2023-02-27T11:35:16","guid":{"rendered":"https:\/\/cotobajo.es\/cookies-politik\/"},"modified":"2026-02-04T10:34:33","modified_gmt":"2026-02-04T09:34:33","slug":"cookies-politik","status":"publish","type":"page","link":"https:\/\/cotobajo.es\/de\/cookies-politik\/","title":{"rendered":"Cookies Politik"},"content":{"rendered":"\t\t<div data-elementor-type=\"wp-page\" data-elementor-id=\"13733\" class=\"elementor elementor-13733 elementor-2195\" data-elementor-post-type=\"page\">\n\t\t\t\t\t\t<section class=\"elementor-section elementor-top-section elementor-element elementor-element-a84c645 elementor-section-boxed elementor-section-height-default elementor-section-height-default\" data-id=\"a84c645\" data-element_type=\"section\" data-e-type=\"section\">\n\t\t\t\t\t\t<div class=\"elementor-container elementor-column-gap-default\">\n\t\t\t\t\t<div class=\"elementor-column elementor-col-100 elementor-top-column elementor-element elementor-element-2c4efbe\" data-id=\"2c4efbe\" data-element_type=\"column\" data-e-type=\"column\">\n\t\t\t<div class=\"elementor-widget-wrap elementor-element-populated\">\n\t\t\t\t\t\t<div class=\"elementor-element elementor-element-c58089b elementor-widget elementor-widget-spacer\" data-id=\"c58089b\" data-element_type=\"widget\" data-e-type=\"widget\" data-widget_type=\"spacer.default\">\n\t\t\t\t\t\t\t<div class=\"elementor-spacer\">\n\t\t\t<div class=\"elementor-spacer-inner\"><\/div>\n\t\t<\/div>\n\t\t\t\t\t\t<\/div>\n\t\t\t\t<div class=\"elementor-element elementor-element-1fd0847 elementor-widget elementor-widget-heading\" data-id=\"1fd0847\" data-element_type=\"widget\" data-e-type=\"widget\" data-widget_type=\"heading.default\">\n\t\t\t\t\t<h1 class=\"elementor-heading-title elementor-size-default\">Cookies Politik<\/h1>\t\t\t\t<\/div>\n\t\t\t\t<div class=\"elementor-element elementor-element-286a3be elementor-widget elementor-widget-text-editor\" data-id=\"286a3be\" data-element_type=\"widget\" data-e-type=\"widget\" data-widget_type=\"text-editor.default\">\n\t\t\t\t\t\t\t\t\t<p>Nachfolgend finden Sie Informationen zu Cookies in Bezug auf deren Definition, Art und Verwendungszweck sowie die M\u00f6glichkeit, sie zu deaktivieren. Wenn Sie diesbez\u00fcglich Fragen haben, k\u00f6nnen Sie uns per E-Mail unter folgender Adresse kontaktieren: <a href=\"mailto:administracion@cotobajo.es\">administracion@cotobajo.es<\/a> <\/p>\n<h2><strong>Was sind Cookies?<\/strong><\/h2>\n<p>Cookies sind kleine Textdateien, die von den besuchten Webseiten erzeugt werden. Sie erm\u00f6glichen es uns, zu verstehen, wie Besucher durch unser Webportal navigieren, und so den Navigationsprozess und die Benutzererfahrung zu verbessern, da sie Ihre Browsing-Pr\u00e4ferenzen speichern, statistische Informationen liefern k\u00f6nnen usw. Technisch gesehen erm\u00f6glichen sie es den Webseiten, flexibler zu arbeiten und sich an Ihre Vorlieben anzupassen, indem sie unsere Dienste auf der Grundlage Ihrer Surfgewohnheiten verbessern.  <\/p>\n<p>[Las cookies que utilizamos en nuestra web no almacenan ning\u00fan tipo de dato personal que pueda identificarle]<\/p>\n<p>Wir haben ein Verfahren aktiviert, mit dem Sie [alle Cookies akzeptieren, alle Cookies ablehnen und\/oder die Cookies ausw\u00e4hlen k\u00f6nnen, die Sie auf Ihrem Computer setzen m\u00f6chten].<strong> <\/strong>so dass die vorhandenen Cookies auf Ihrer Entscheidungsfindung basieren. Dieses Verfahren wird in der ersten Informationsebene beschrieben, die angezeigt wird, wenn Sie unsere Website zum ersten Mal besuchen. Bei nachfolgenden Zugriffen auf unser Webportal werden die zuvor gew\u00e4hlten Einstellungen \u00fcbernommen.  <\/p>\n<h2><strong>Art der auf unserer Website verwendeten Cookies<\/strong><\/h2>\n<p>Cookies werden in Gruppen eingeteilt: Entit\u00e4ts-, Zeit- und Zweck-Cookies.<\/p>\n<p><strong>Entit\u00e4ts-Cookies:<\/strong><\/p>\n<p>&#8211; <span style=\"text-decoration: underline;\">Eigene Cookies<\/span>: Dies sind Cookies, die von einem Computer oder einer Dom\u00e4ne, die vom Editor selbst verwaltet wird und von der aus der vom Benutzer angeforderte Dienst bereitgestellt wird, an das Endger\u00e4t des Benutzers gesendet werden.<\/p>\n<p>&#8211; <span style=\"text-decoration: underline;\">Cookies von Drittanbietern<\/span>: Dies sind Cookies, die von einem Computer oder einer Dom\u00e4ne, die nicht vom Herausgeber verwaltet wird, an das Endger\u00e4t des Benutzers gesendet werden, sondern von einer anderen Einrichtung, die die durch die Cookies erhaltenen Daten verarbeitet.<\/p>\n<p><strong>Zeit Kekse:<\/strong><\/p>\n<p>&#8211; <span style=\"text-decoration: underline;\">Sitzungscookies<\/span>: Dies sind Cookies, die Daten sammeln und speichern, w\u00e4hrend der Benutzer eine Webseite aufruft.<\/p>\n<p>&#8211; <span style=\"text-decoration: underline;\">Dauerhafte Cookies<\/span>: Hierbei handelt es sich um eine Art von Cookie, bei dem die Daten auf dem Endger\u00e4t gespeichert bleiben und f\u00fcr einen von der f\u00fcr das Cookie verantwortlichen Partei festgelegten Zeitraum, der von einigen Minuten bis zu mehreren Jahren reichen kann, abgerufen und verarbeitet werden k\u00f6nnen.<\/p>\n<p><strong>Zweck Cookies:<\/strong><\/p>\n<p><strong> <\/strong>&#8211; <u>Analyse-Cookies<\/u>: Dies sind Cookies, die entweder von uns oder von Dritten verarbeitet werden und die es uns erm\u00f6glichen, die Anzahl der Nutzer zu quantifizieren und somit die Nutzung des angebotenen Dienstes durch die Nutzer zu messen und statistisch zu analysieren. Zu diesem Zweck wird Ihr Surfverhalten auf unserer Website analysiert, um das Angebot an Produkten und Dienstleistungen zu verbessern. <\/p>\n<p>&#8211; <u>Werbe-Cookies<\/u>: Dies sind Cookies, die die Verwaltung von Werbefl\u00e4chen erm\u00f6glichen, die der Redakteur gegebenenfalls auf einer Webseite eingef\u00fcgt hat und von denen aus der angeforderte Dienst auf der Grundlage von Kriterien wie dem bearbeiteten Inhalt oder der H\u00e4ufigkeit der Anzeigenschaltung erbracht wird.<\/p>\n<p>&#8211; <u>Cookies f\u00fcr verhaltensbasierte Werbung<\/u>: Diese Cookies speichern Informationen \u00fcber das Nutzerverhalten, die durch kontinuierliche Beobachtung gewonnen werden.<\/p>\n<p>Dank ihnen erfahren wir etwas \u00fcber Ihre Surfgewohnheiten im Internet und k\u00f6nnen Ihnen Werbung zeigen, die auf Ihr Surfprofil abgestimmt ist.<\/p>\n<p>&#8211; <u>Personalisierungs-Cookies<\/u>: Diese Cookies erm\u00f6glichen es dem Benutzer, auf den Dienst mit bestimmten vordefinierten allgemeinen Merkmalen zuzugreifen, die von einer Reihe von Kriterien auf dem Endger\u00e4t des Benutzers abh\u00e4ngen, wie z.B. die Sprache, die Art des Browsers, der f\u00fcr den Zugriff auf den Dienst verwendet wird, die regionale Konfiguration, von der aus auf den Dienst zugegriffen wird, usw.<\/p>\n<p>&#8211; <u>Technische Cookies<\/u>: Diese erm\u00f6glichen es dem Benutzer, auf einer Website zu surfen und die verschiedenen Optionen oder Dienste zu nutzen, die auf der Website vorhanden sind, wie z.B. die Steuerung des Datenverkehrs und der Datenkommunikation, die Identifizierung der Sitzung, den Zugriff auf Bereiche mit eingeschr\u00e4nktem Zugang, die Erinnerung an die Elemente, aus denen eine Bestellung besteht, die Durchf\u00fchrung des Kaufvorgangs einer Bestellung, die Anmeldung zur Registrierung oder die Teilnahme an einer Veranstaltung, die Verwendung von Sicherheitselementen beim Surfen, die Speicherung von Inhalten f\u00fcr die \u00dcbertragung von Videos oder Ton oder die gemeinsame Nutzung von Inhalten \u00fcber soziale Netzwerke.<\/p>\n<p><script id=\"CookieDeclaration\" src=\"https:\/\/consent.cookiebot.com\/2239c7c1-ad88-43f5-8de4-f50a44d9ea63\/cd.js\" type=\"text\/javascript\" async=\"\"><\/script><br \/>Auf unserer Website verwenden wir Sitzungscookies, die dazu bestimmt sind, Informationen zu sammeln und zu speichern, w\u00e4hrend der Benutzer auf unsere Website zugreift; eigene Cookies, d.h. anonyme Statistik-Cookies der Besuche auf der Website, um die Funktionalit\u00e4t der Seite zu verbessern, die es uns erm\u00f6glichen, Benutzerpr\u00e4ferenzen zu speichern, die auf statistische Zwecke abzielen; Drittanbieter-Cookies, d.h. Cookies, die von Drittanbietern bereitgestellt werden.<\/p>\n<p>Unsere Website verwendet Cookies von Drittanbietern (Google):<\/p>\n<p><strong>Pr\u00e4ferenzen<\/strong><\/p>\n<p>Diese Cookies erm\u00f6glichen es unserer Website, sich an Informationen zu erinnern, die das Verhalten oder Aussehen der Website ver\u00e4ndern, wie z.B. Ihre bevorzugte Sprache oder die Region, in der Sie sich befinden. Indem sich eine Website Ihre Region merkt, kann sie Ihnen beispielsweise Verkehrsnachrichten oder lokale Wettervorhersagen anzeigen. Diese Cookies erm\u00f6glichen es Ihnen auch, die Gr\u00f6\u00dfe von Text, Schriftart und anderen Teilen der Webseiten zu \u00e4ndern, die Sie individuell gestalten k\u00f6nnen.  <\/p>\n<p>Der Verlust von Informationen, die in einem Einstellungs-Cookie gespeichert sind, kann dazu f\u00fchren, dass die Website weniger gut funktioniert, sollte aber keine Auswirkungen auf ihren Betrieb haben.<\/p>\n<p>Die meisten Google-Nutzer haben ein Pr\u00e4ferenz-Cookie namens &#8222;PREF&#8220; in ihrem Browser. Ein Browser sendet dieses Cookie \u00fcber Anfragen an Google-Websites. Das PREF-Cookie kann Ihre Pr\u00e4ferenzen und andere Informationen speichern, insbesondere Ihre bevorzugte Sprache sowie die Anzahl der Suchergebnisse, die pro Seite angezeigt werden sollen, und ob Sie den Filter &#8222;Sichere Suche&#8220; von Google aktivieren m\u00f6chten.  <\/p>\n<p><strong>Werbung<\/strong><\/p>\n<p>Google verwendet Cookies, wie z.B. das PREF-Cookie, um die Anzeigen, die Sie in Google-Diensten wie der Google-Suche sehen, zu personalisieren, insbesondere wenn Sie nicht in einem Google-Konto angemeldet sind. Auch f\u00fcr Anzeigen, die au\u00dferhalb von Google geschaltet werden, werden Cookies verwendet. Das wichtigste Werbe-Cookie auf Nicht-Google-Websites hei\u00dft &#8222;id&#8220;, au\u00dferdem werden weitere Cookies namens &#8222;_drt_&#8220;, &#8222;FLC&#8220;, &#8222;NID&#8220; und exchange_uid&#8220; verwendet.  <\/p>\n<p>Weitere Informationen unter <a href=\"https:\/\/www.google.com\/policies\/technologies\/types\/\">https:\/\/www.google.com\/policies\/technologies\/types\/<\/a><\/p>\n<p><strong>Google Analytics<\/strong><\/p>\n<p>Google Analytics ist das Analysetool, das Website- und Anwendungsbetreibern hilft zu verstehen, wie ihre Besucher mit ihren Objekten interagieren.<\/p>\n<p>Sie k\u00f6nnen eine Reihe von Cookies verwenden, um Informationen zu sammeln und Statistiken \u00fcber die Nutzung der Website zu erstellen, ohne die Besucher von Google pers\u00f6nlich zu identifizieren. Diese Anwendung wurde von Google entwickelt, das uns den Service bietet, das Publikum unserer Seiten zu messen und zu analysieren. Google kann diese Daten auch verwenden, um seine eigenen Dienste zu verbessern und anderen Unternehmen Dienstleistungen anzubieten. Die von dem Cookie erzeugten Informationen \u00fcber Ihre Nutzung dieser Website werden an Google \u00fcbermittelt und von Google auf Servern in den Vereinigten Staaten gespeichert.   <\/p>\n<p>Auch wird Google diese Informationen gegebenenfalls an Dritte \u00fcbertragen, sofern dies gesetzlich vorgeschrieben oder soweit Dritte diese Daten im Auftrag von Google verarbeiten. Google wird keinen Teil Ihrer IP-Adresse mit anderen von Google gespeicherten Daten in Verbindung bringen. Durch die Nutzung dieser Website erkl\u00e4ren Sie sich mit der Bearbeitung der \u00fcber Sie erhobenen Daten durch Google in der zuvor beschriebenen Art und Weise und zu dem zuvor benannten Zweck einverstanden.  <\/p>\n<p>Diese Tools erhalten keine Daten \u00fcber Ihren Vor- oder Nachnamen oder die Postadresse, von der aus Sie sich verbinden. Die Informationen, die sie erhalten, beziehen sich auf die Anzahl der besuchten Seiten, die Sprache, das soziale Netzwerk, in dem unsere Nachrichten ver\u00f6ffentlicht werden, die Stadt, der die IP-Adresse, von der aus Sie zugreifen, zugewiesen ist, die Anzahl der neuen Nutzer, die H\u00e4ufigkeit und Wiederholung der Besuche, die Uhrzeit des Besuchs, den Browser und den Betreiber oder den Typ des Endger\u00e4ts, von dem aus der Besuch erfolgt. <\/p>\n<p>Wir verwenden diese Informationen, um unsere Seiten zu verbessern, neue Bed\u00fcrfnisse zu erkennen und zu beurteilen, welche Verbesserungen vorgenommen werden m\u00fcssen, um den Nutzern, die uns besuchen, einen besseren Service zu bieten, indem wir sie zum Beispiel an die am h\u00e4ufigsten verwendeten Browser oder Terminals anpassen.<\/p>\n<p>Soziale Plug-ins. Diese Website kann soziale Schaltfl\u00e4chen in sozialen Netzwerken aktiviert haben, damit Nutzer Inhalte, die sie interessieren, mit ihrem sozialen Umfeld teilen k\u00f6nnen. Ebenso ersparen Ihnen die sozialen Schaltfl\u00e4chen die Angabe Ihrer pers\u00f6nlichen Daten auf dieser Website, indem sie die bereits in sozialen Netzwerken geteilten Informationen nutzen.  <\/p>\n<p>F\u00fcr weitere Informationen \u00fcber Instagram-Cookies:<\/p>\n<p><u><a href=\"https:\/\/privacycenter.instagram.com\/policies\/cookies\/\">https:\/\/privacycenter.instagram.com\/policies\/cookies\/<\/a><\/u><\/p>\n<p>F\u00fcr weitere Informationen \u00fcber Facebook-Cookies:<\/p>\n<p><a href=\"https:\/\/www.facebook.com\/privacy\/policies\/cookies\">https:\/\/www.facebook.com\/privacy\/policies\/cookies<\/a><\/p>\n<p>F\u00fcr weitere Informationen \u00fcber Twitter-Cookies: <a href=\"https:\/\/twitter.com\/privacy\">https:\/\/twitter.com\/privacy<\/a><\/p>\n<p>F\u00fcr weitere Informationen \u00fcber Linkedin-Cookies:<\/p>\n<p><a href=\"https:\/\/es.linkedin.com\/legal\/cookie-policy\">https:\/\/es.linkedin.com\/legal\/cookie-policy<\/a><\/p>\n<p>Die \u00fcbrigen in Artikel 13 der RGPD geforderten Informationen k\u00f6nnen Sie auf unserer Website unter <a href=\"https:\/\/cotobajo.es\/aviso-legal-y-politica-de-privacidad\/\">Rechtliche Hinweise und Datenschutzbestimmungen<\/a> einsehen.<\/p>\n<p><strong> <\/strong><\/p>\n<h2><strong>Akzeptanz von Cookies<\/strong><\/h2>\n<p>Wenn Sie zum ersten Mal auf diese Website zugreifen, wird ein Fenster angezeigt, in dem Sie \u00fcber die Verwendung von Cookies informiert werden und in dem Sie diese Cookie-Richtlinie einsehen k\u00f6nnen. Au\u00dferdem wird Ihnen die M\u00f6glichkeit angezeigt, alle Cookies zu akzeptieren, alle Cookies abzulehnen, au\u00dfer denen, die unbedingt notwendig sind, oder die Cookies zu konfigurieren und die Auswahl nach ihrem Zweck zu erlauben. Wenn Sie der Verwendung von Cookies zustimmen, indem Sie auf die Schaltfl\u00e4che &#8222;Cookies akzeptieren&#8220; klicken oder Ihre Zustimmung konfigurieren, nachdem Sie \u00fcber unsere Cookie-Richtlinie informiert wurden, wird davon ausgegangen, dass Sie unserer Cookie-Richtlinie und damit der Installation von Cookies auf Ihrem Computer oder Ger\u00e4t zugestimmt haben.  <\/p>\n<h3><strong>Aktualisierungen und \u00c4nderungen an der Cookie-Richtlinie<\/strong><\/h3>\n<p><strong>COTO BAJO EXPLOTACIONES AGR\u00cdCOLAS, GANADERAS Y CINEG\u00c9TICAS, S.A; <\/strong>kann diese Cookie-Richtlinie aufgrund neuer gesetzlicher oder beh\u00f6rdlicher Anforderungen oder mit dem Ziel \u00e4ndern, diese Richtlinie an die von der spanischen Datenschutzbeh\u00f6rde vorgeschriebenen Anweisungen anzupassen.<\/p>\n<p>Wenn wesentliche \u00c4nderungen an dieser Cookie-Richtlinie vorgenommen werden, werden die Benutzer durch einen Hinweis auf der Website informiert.<\/p>\n<p><strong>Cookie-Verwaltung in verschiedenen Browsern<\/strong><\/p>\n<p>Wir informieren Sie dar\u00fcber, dass Sie durch die Konfiguration Ihres Internetbrowsers im Allgemeinen die auf Ihrem Computer installierten Cookies zulassen, blockieren oder l\u00f6schen k\u00f6nnen. Wenn Sie Cookies nicht zulassen, k\u00f6nnen Sie Ihren Internetbrowser so konfigurieren, dass Cookies von der Festplatte Ihres Computers gel\u00f6scht oder blockiert werden oder dass eine Warnung erscheint, wenn eine Website versucht, sie zu installieren. <\/p>\n<p>Nachfolgend finden Sie eine Liste von Links, unter denen Sie die notwendigen Informationen zur Konfiguration Ihrer Einstellungen in den wichtigsten Browsern abrufen k\u00f6nnen.<\/p>\n<p>F\u00fcr weitere Informationen \u00fcber <strong>Firefox<\/strong><\/p>\n<p><a href=\"https:\/\/support.mozilla.org\/es\/kb\/cookies-informacion-que-los-sitios-web-guardan-en-#w_configurar-las-cookies\">https:\/\/support.mozilla.org\/es\/kb\/cookies-informacion-que-los-sitios-web-guardan-en-#w_configurar-las-cookies.<\/a><\/p>\n<p>F\u00fcr weitere Informationen \u00fcber <strong>Chrome<\/strong><\/p>\n<p><a href=\"http:\/\/support.google.com\/chrome\/bin\/answer.py?hl=es&amp;answer=95647\">https:\/\/support.google.com\/chrome\/bin\/answer.py?hl=es&amp;answer=95647<\/a><\/p>\n<p>F\u00fcr weitere Informationen \u00fcber <strong>Explorer und Edge<\/strong><\/p>\n<p><a href=\"https:\/\/support.microsoft.com\/es-es\/help\/17442\/windows-internet-explorer-delete-manage-cookies\">https:\/\/support.microsoft.com\/es-es\/help\/17442\/windows-internet-explorer-delete-manage-cookies<\/a><\/p>\n<p>S<strong>afari<\/strong> f\u00fcr IOS (iPhone, iPad) Der Nutzer kann seine Zustimmung zur Verwendung von Cookies in seinem Browser widerrufen, indem er die obigen Anweisungen befolgt oder ein Opt-Out-System (&#8222;Opt-Out&#8220;) in seinem Webbrowser installiert. Einige Drittanbieter bieten dieses Opt-out \u00fcber die folgenden Links an: <\/p>\n<p>Google Analytics Opt-out: <a href=\"https:\/\/tools.google.com\/dlpage\/gaoptout?hl=None\">https:\/\/tools.google.com\/dlpage\/gaoptout?hl=None<\/a> Google Opt-out (Verhaltensbezogene Werbung):<a href=\"https:\/\/www.google.com\/settings\/ads\">https:\/\/www.google.com\/settings\/ads<\/a><\/p>\n<p>F\u00fcr weitere Informationen \u00fcber <strong>Safari<\/strong><\/p>\n<p><a href=\"https:\/\/support.apple.com\/es-es\/guide\/safari\/sfri11471\/mac\">https:\/\/support.apple.com\/es-es\/guide\/safari\/sfri11471\/mac<\/a><\/p>\n<p>F\u00fcr weitere Informationen \u00fcber <strong>Opera<\/strong><\/p>\n<p><a href=\"https:\/\/help.opera.com\/en\/latest\/web-preferences\/#cookies\">https:\/\/help.opera.com\/en\/latest\/web-preferences\/#cookies<\/a><\/p>\n<p><em> <\/em><\/p>\n\t\t\t\t\t\t\t\t<\/div>\n\t\t\t\t\t<\/div>\n\t\t<\/div>\n\t\t\t\t\t<\/div>\n\t\t<\/section>\n\t\t\t\t<\/div>\n\t\t","protected":false},"excerpt":{"rendered":"<p>Cookies Politik Nachfolgend finden Sie Informationen zu Cookies in Bezug auf deren Definition, Art und Verwendungszweck sowie die M\u00f6glichkeit, sie zu deaktivieren. Wenn Sie diesbez\u00fcglich Fragen haben, k\u00f6nnen Sie uns per E-Mail unter folgender Adresse kontaktieren: administracion@cotobajo.es Was sind Cookies? Cookies sind kleine Textdateien, die von den besuchten Webseiten erzeugt werden. Sie erm\u00f6glichen es uns, [&hellip;]<\/p>\n","protected":false},"author":7,"featured_media":0,"parent":0,"menu_order":0,"comment_status":"closed","ping_status":"closed","template":"","meta":{"_acf_changed":false,"_joinchat":[],"footnotes":""},"class_list":["post-13733","page","type-page","status-publish","hentry"],"acf":[],"yoast_head":"<!-- This site is optimized with the Yoast SEO plugin v27.4 - https:\/\/yoast.com\/product\/yoast-seo-wordpress\/ -->\n<title>Cookie-Politik von Coto Bajo: Datenschutz und Transparenz<\/title>\n<meta name=\"description\" content=\"Coto Bajo Cookie-Richtlinie. Informationen \u00fcber die Cookie-Politik, Definition, Art, Verwendungszweck und Deaktivierung.\" \/>\n<meta name=\"robots\" content=\"noindex, nofollow\" \/>\n<meta property=\"og:locale\" content=\"de_DE\" \/>\n<meta property=\"og:type\" content=\"article\" \/>\n<meta property=\"og:title\" content=\"Cookie-Politik von Coto Bajo: Datenschutz und Transparenz\" \/>\n<meta property=\"og:description\" content=\"Coto Bajo Cookie-Richtlinie. Informationen \u00fcber die Cookie-Politik, Definition, Art, Verwendungszweck und Deaktivierung.\" \/>\n<meta property=\"og:url\" content=\"https:\/\/cotobajo.es\/de\/cookies-politik\/\" \/>\n<meta property=\"og:site_name\" content=\"Coto Bajo\" \/>\n<meta property=\"article:publisher\" content=\"https:\/\/www.facebook.com\/Coto-Bajo-394048128222\" \/>\n<meta property=\"article:modified_time\" content=\"2026-02-04T09:34:33+00:00\" \/>\n<meta name=\"twitter:card\" content=\"summary_large_image\" \/>\n<meta name=\"twitter:site\" content=\"@cotobajo\" \/>\n<meta name=\"twitter:label1\" content=\"Gesch\u00e4tzte Lesezeit\" \/>\n\t<meta name=\"twitter:data1\" content=\"8\u00a0Minuten\" \/>\n<script type=\"application\/ld+json\" class=\"yoast-schema-graph\">{\"@context\":\"https:\\\/\\\/schema.org\",\"@graph\":[{\"@type\":\"WebPage\",\"@id\":\"https:\\\/\\\/cotobajo.es\\\/de\\\/cookies-politik\\\/\",\"url\":\"https:\\\/\\\/cotobajo.es\\\/de\\\/cookies-politik\\\/\",\"name\":\"Cookie-Politik von Coto Bajo: Datenschutz und Transparenz\",\"isPartOf\":{\"@id\":\"https:\\\/\\\/cotobajo.es\\\/de\\\/#website\"},\"datePublished\":\"2023-02-27T11:35:16+00:00\",\"dateModified\":\"2026-02-04T09:34:33+00:00\",\"description\":\"Coto Bajo Cookie-Richtlinie. Informationen \u00fcber die Cookie-Politik, Definition, Art, Verwendungszweck und Deaktivierung.\",\"breadcrumb\":{\"@id\":\"https:\\\/\\\/cotobajo.es\\\/de\\\/cookies-politik\\\/#breadcrumb\"},\"inLanguage\":\"de\",\"potentialAction\":[{\"@type\":\"ReadAction\",\"target\":[\"https:\\\/\\\/cotobajo.es\\\/de\\\/cookies-politik\\\/\"]}]},{\"@type\":\"BreadcrumbList\",\"@id\":\"https:\\\/\\\/cotobajo.es\\\/de\\\/cookies-politik\\\/#breadcrumb\",\"itemListElement\":[{\"@type\":\"ListItem\",\"position\":1,\"name\":\"Home\",\"item\":\"https:\\\/\\\/cotobajo.es\\\/de\\\/\"},{\"@type\":\"ListItem\",\"position\":2,\"name\":\"Cookies Politik\"}]},{\"@type\":\"WebSite\",\"@id\":\"https:\\\/\\\/cotobajo.es\\\/de\\\/#website\",\"url\":\"https:\\\/\\\/cotobajo.es\\\/de\\\/\",\"name\":\"Coto Bajo\",\"description\":\"Aceite de Oliva Virgen Extra, AOVE y Miel Artesanal\",\"publisher\":{\"@id\":\"https:\\\/\\\/cotobajo.es\\\/de\\\/#organization\"},\"potentialAction\":[{\"@type\":\"SearchAction\",\"target\":{\"@type\":\"EntryPoint\",\"urlTemplate\":\"https:\\\/\\\/cotobajo.es\\\/de\\\/?s={search_term_string}\"},\"query-input\":{\"@type\":\"PropertyValueSpecification\",\"valueRequired\":true,\"valueName\":\"search_term_string\"}}],\"inLanguage\":\"de\"},{\"@type\":\"Organization\",\"@id\":\"https:\\\/\\\/cotobajo.es\\\/de\\\/#organization\",\"name\":\"Coto Bajo\",\"url\":\"https:\\\/\\\/cotobajo.es\\\/de\\\/\",\"logo\":{\"@type\":\"ImageObject\",\"inLanguage\":\"de\",\"@id\":\"https:\\\/\\\/cotobajo.es\\\/de\\\/#\\\/schema\\\/logo\\\/image\\\/\",\"url\":\"https:\\\/\\\/cotobajo.es\\\/wp-content\\\/uploads\\\/2021\\\/02\\\/logo-header.svg\",\"contentUrl\":\"https:\\\/\\\/cotobajo.es\\\/wp-content\\\/uploads\\\/2021\\\/02\\\/logo-header.svg\",\"width\":1000,\"height\":558,\"caption\":\"Coto Bajo\"},\"image\":{\"@id\":\"https:\\\/\\\/cotobajo.es\\\/de\\\/#\\\/schema\\\/logo\\\/image\\\/\"},\"sameAs\":[\"https:\\\/\\\/www.facebook.com\\\/Coto-Bajo-394048128222\",\"https:\\\/\\\/x.com\\\/cotobajo\",\"https:\\\/\\\/www.instagram.com\\\/coto_bajo\\\/\",\"https:\\\/\\\/www.linkedin.com\\\/company\\\/coto-bajo-s-a\\\/\",\"https:\\\/\\\/www.youtube.com\\\/@coto_bajo\"]}]}<\/script>\n<!-- \/ Yoast SEO plugin. -->","yoast_head_json":{"title":"Cookie-Politik von Coto Bajo: Datenschutz und Transparenz","description":"Coto Bajo Cookie-Richtlinie. Informationen \u00fcber die Cookie-Politik, Definition, Art, Verwendungszweck und Deaktivierung.","robots":{"index":"noindex","follow":"nofollow"},"og_locale":"de_DE","og_type":"article","og_title":"Cookie-Politik von Coto Bajo: Datenschutz und Transparenz","og_description":"Coto Bajo Cookie-Richtlinie. Informationen \u00fcber die Cookie-Politik, Definition, Art, Verwendungszweck und Deaktivierung.","og_url":"https:\/\/cotobajo.es\/de\/cookies-politik\/","og_site_name":"Coto Bajo","article_publisher":"https:\/\/www.facebook.com\/Coto-Bajo-394048128222","article_modified_time":"2026-02-04T09:34:33+00:00","twitter_card":"summary_large_image","twitter_site":"@cotobajo","twitter_misc":{"Gesch\u00e4tzte Lesezeit":"8\u00a0Minuten"},"schema":{"@context":"https:\/\/schema.org","@graph":[{"@type":"WebPage","@id":"https:\/\/cotobajo.es\/de\/cookies-politik\/","url":"https:\/\/cotobajo.es\/de\/cookies-politik\/","name":"Cookie-Politik von Coto Bajo: Datenschutz und Transparenz","isPartOf":{"@id":"https:\/\/cotobajo.es\/de\/#website"},"datePublished":"2023-02-27T11:35:16+00:00","dateModified":"2026-02-04T09:34:33+00:00","description":"Coto Bajo Cookie-Richtlinie. Informationen \u00fcber die Cookie-Politik, Definition, Art, Verwendungszweck und Deaktivierung.","breadcrumb":{"@id":"https:\/\/cotobajo.es\/de\/cookies-politik\/#breadcrumb"},"inLanguage":"de","potentialAction":[{"@type":"ReadAction","target":["https:\/\/cotobajo.es\/de\/cookies-politik\/"]}]},{"@type":"BreadcrumbList","@id":"https:\/\/cotobajo.es\/de\/cookies-politik\/#breadcrumb","itemListElement":[{"@type":"ListItem","position":1,"name":"Home","item":"https:\/\/cotobajo.es\/de\/"},{"@type":"ListItem","position":2,"name":"Cookies Politik"}]},{"@type":"WebSite","@id":"https:\/\/cotobajo.es\/de\/#website","url":"https:\/\/cotobajo.es\/de\/","name":"Coto Bajo","description":"Aceite de Oliva Virgen Extra, AOVE y Miel Artesanal","publisher":{"@id":"https:\/\/cotobajo.es\/de\/#organization"},"potentialAction":[{"@type":"SearchAction","target":{"@type":"EntryPoint","urlTemplate":"https:\/\/cotobajo.es\/de\/?s={search_term_string}"},"query-input":{"@type":"PropertyValueSpecification","valueRequired":true,"valueName":"search_term_string"}}],"inLanguage":"de"},{"@type":"Organization","@id":"https:\/\/cotobajo.es\/de\/#organization","name":"Coto Bajo","url":"https:\/\/cotobajo.es\/de\/","logo":{"@type":"ImageObject","inLanguage":"de","@id":"https:\/\/cotobajo.es\/de\/#\/schema\/logo\/image\/","url":"https:\/\/cotobajo.es\/wp-content\/uploads\/2021\/02\/logo-header.svg","contentUrl":"https:\/\/cotobajo.es\/wp-content\/uploads\/2021\/02\/logo-header.svg","width":1000,"height":558,"caption":"Coto Bajo"},"image":{"@id":"https:\/\/cotobajo.es\/de\/#\/schema\/logo\/image\/"},"sameAs":["https:\/\/www.facebook.com\/Coto-Bajo-394048128222","https:\/\/x.com\/cotobajo","https:\/\/www.instagram.com\/coto_bajo\/","https:\/\/www.linkedin.com\/company\/coto-bajo-s-a\/","https:\/\/www.youtube.com\/@coto_bajo"]}]}},"_links":{"self":[{"href":"https:\/\/cotobajo.es\/de\/wp-json\/wp\/v2\/pages\/13733","targetHints":{"allow":["GET"]}}],"collection":[{"href":"https:\/\/cotobajo.es\/de\/wp-json\/wp\/v2\/pages"}],"about":[{"href":"https:\/\/cotobajo.es\/de\/wp-json\/wp\/v2\/types\/page"}],"author":[{"embeddable":true,"href":"https:\/\/cotobajo.es\/de\/wp-json\/wp\/v2\/users\/7"}],"replies":[{"embeddable":true,"href":"https:\/\/cotobajo.es\/de\/wp-json\/wp\/v2\/comments?post=13733"}],"version-history":[{"count":0,"href":"https:\/\/cotobajo.es\/de\/wp-json\/wp\/v2\/pages\/13733\/revisions"}],"wp:attachment":[{"href":"https:\/\/cotobajo.es\/de\/wp-json\/wp\/v2\/media?parent=13733"}],"curies":[{"name":"wp","href":"https:\/\/api.w.org\/{rel}","templated":true}]}}