{"id":13750,"date":"2021-02-24T18:07:53","date_gmt":"2021-02-24T17:07:53","guid":{"rendered":"https:\/\/cotobajo.es\/soziale-verantwortung\/"},"modified":"2025-04-21T12:30:13","modified_gmt":"2025-04-21T10:30:13","slug":"soziale-verantwortung","status":"publish","type":"page","link":"https:\/\/cotobajo.es\/de\/soziale-verantwortung\/","title":{"rendered":"Soziale Verantwortung"},"content":{"rendered":"\t\t<div data-elementor-type=\"wp-page\" data-elementor-id=\"13750\" class=\"elementor elementor-13750 elementor-1825\" data-elementor-post-type=\"page\">\n\t\t\t\t<div class=\"elementor-element elementor-element-4bf92e6 elementor-hidden-tablet elementor-hidden-mobile e-flex e-con-boxed e-con e-parent\" data-id=\"4bf92e6\" data-element_type=\"container\" data-e-type=\"container\" data-settings=\"{&quot;background_background&quot;:&quot;classic&quot;}\">\n\t\t\t\t\t<div class=\"e-con-inner\">\n\t\t\t\t\t<\/div>\n\t\t\t\t<\/div>\n\t\t<div class=\"elementor-element elementor-element-e299ab7 elementor-hidden-desktop e-flex e-con-boxed e-con e-parent\" data-id=\"e299ab7\" data-element_type=\"container\" data-e-type=\"container\" data-settings=\"{&quot;background_background&quot;:&quot;classic&quot;}\">\n\t\t\t\t\t<div class=\"e-con-inner\">\n\t\t\t\t\t<\/div>\n\t\t\t\t<\/div>\n\t\t<div class=\"elementor-element elementor-element-cf34219 e-flex e-con-boxed e-con e-parent\" data-id=\"cf34219\" data-element_type=\"container\" data-e-type=\"container\">\n\t\t\t\t\t<div class=\"e-con-inner\">\n\t\t\t\t<div class=\"elementor-element elementor-element-27adc91 elementor-widget elementor-widget-heading\" data-id=\"27adc91\" data-element_type=\"widget\" data-e-type=\"widget\" data-widget_type=\"heading.default\">\n\t\t\t\t\t<h1 class=\"elementor-heading-title elementor-size-default\">Unser soziales Engagement\n<\/h1>\t\t\t\t<\/div>\n\t\t\t\t<div class=\"elementor-element elementor-element-f0edf2b elementor-widget elementor-widget-image\" data-id=\"f0edf2b\" data-element_type=\"widget\" data-e-type=\"widget\" data-widget_type=\"image.default\">\n\t\t\t\t\t\t\t\t\t\t\t\t\t\t\t<img decoding=\"async\" width=\"160\" height=\"91\" src=\"https:\/\/cotobajo.es\/wp-content\/uploads\/2024\/10\/hojas-olivo-ilustracion.png\" class=\"attachment-large size-large wp-image-13040\" alt=\"hojas de olivo\" \/>\t\t\t\t\t\t\t\t\t\t\t\t\t\t\t<\/div>\n\t\t\t\t<div class=\"elementor-element elementor-element-c405bc7 elementor-widget elementor-widget-text-editor\" data-id=\"c405bc7\" data-element_type=\"widget\" data-e-type=\"widget\" data-widget_type=\"text-editor.default\">\n\t\t\t\t\t\t\t\t\t<p>Bei Coto Bajo tragen wir zur Verbesserung und zum Fortschritt heutiger und zuk\u00fcnftiger Generationen bei, indem wir die Entwicklung und Unterst\u00fctzung verschiedener Kollektive und Interessengruppen f\u00f6rdern.<\/p>\n\t\t\t\t\t\t\t\t<\/div>\n\t\t\t\t\t<\/div>\n\t\t\t\t<\/div>\n\t\t<div class=\"elementor-element elementor-element-cdf6bcf e-flex e-con-boxed e-con e-parent\" data-id=\"cdf6bcf\" data-element_type=\"container\" data-e-type=\"container\">\n\t\t\t\t\t<div class=\"e-con-inner\">\n\t\t<div class=\"elementor-element elementor-element-d1263ed e-con-full e-flex e-con e-child\" data-id=\"d1263ed\" data-element_type=\"container\" data-e-type=\"container\">\n\t\t\t\t<div class=\"elementor-element elementor-element-3c82504 elementor-widget elementor-widget-heading\" data-id=\"3c82504\" data-element_type=\"widget\" data-e-type=\"widget\" data-widget_type=\"heading.default\">\n\t\t\t\t\t<h2 class=\"elementor-heading-title elementor-size-default\">Sport und gesunde Gewohnheiten<\/h2>\t\t\t\t<\/div>\n\t\t\t\t<div class=\"elementor-element elementor-element-b8cd6ea elementor-hidden-desktop elementor-widget elementor-widget-image\" data-id=\"b8cd6ea\" data-element_type=\"widget\" data-e-type=\"widget\" data-widget_type=\"image.default\">\n\t\t\t\t\t\t\t\t\t\t\t\t\t\t\t<img fetchpriority=\"high\" decoding=\"async\" width=\"800\" height=\"687\" src=\"https:\/\/cotobajo.es\/wp-content\/uploads\/2024\/01\/responsabilidad-social-coto-bajo_11zon.jpg\" class=\"attachment-large size-large wp-image-12077\" alt=\"\" srcset=\"https:\/\/cotobajo.es\/wp-content\/uploads\/2024\/01\/responsabilidad-social-coto-bajo_11zon.jpg 1000w, https:\/\/cotobajo.es\/wp-content\/uploads\/2024\/01\/responsabilidad-social-coto-bajo_11zon-300x258.jpg 300w, https:\/\/cotobajo.es\/wp-content\/uploads\/2024\/01\/responsabilidad-social-coto-bajo_11zon-768x660.jpg 768w, https:\/\/cotobajo.es\/wp-content\/uploads\/2024\/01\/responsabilidad-social-coto-bajo_11zon-600x515.jpg 600w\" sizes=\"(max-width: 800px) 100vw, 800px\" \/>\t\t\t\t\t\t\t\t\t\t\t\t\t\t\t<\/div>\n\t\t\t\t<div class=\"elementor-element elementor-element-0f97c31 elementor-widget elementor-widget-text-editor\" data-id=\"0f97c31\" data-element_type=\"widget\" data-e-type=\"widget\" data-widget_type=\"text-editor.default\">\n\t\t\t\t\t\t\t\t\t<p>Wir arbeiten mit der <strong>Leichtathletikschule von C\u00f3rdoba Trotacalles<\/strong> und ihrer Arbeit in der Ausbildung, Unterst\u00fctzung und F\u00f6rderung dieses Sports zusammen. Wir wissen, dass k\u00f6rperliche Aktivit\u00e4t zur Entwicklung von Werten wie Toleranz, Respekt, Disziplin und Verantwortung beitr\u00e4gt und die Selbstbestimmung von Jugendlichen und Frauen f\u00f6rdert. Wir sehen den Sport auch als einen Weg zur Integration von Menschen in prek\u00e4ren Situationen. Aus all diesen Gr\u00fcnden sind wir uns der Vorteile von k\u00f6rperlicher Bet\u00e4tigung f\u00fcr Gesundheit, Bildung und Integration stets bewusst.   <\/p>\n\t\t\t\t\t\t\t\t<\/div>\n\t\t\t\t<div class=\"elementor-element elementor-element-7ee6439 elementor-align-left elementor-widget elementor-widget-button\" data-id=\"7ee6439\" data-element_type=\"widget\" data-e-type=\"widget\" data-widget_type=\"button.default\">\n\t\t\t\t\t\t\t\t\t\t<a class=\"elementor-button elementor-button-link elementor-size-sm\" href=\"#\">\n\t\t\t\t\t\t<span class=\"elementor-button-content-wrapper\">\n\t\t\t\t\t\t\t\t\t<span class=\"elementor-button-text\">Nachhaltige Produktion<\/span>\n\t\t\t\t\t<\/span>\n\t\t\t\t\t<\/a>\n\t\t\t\t\t\t\t\t<\/div>\n\t\t\t\t<\/div>\n\t\t<div class=\"elementor-element elementor-element-1645f2c e-con-full elementor-hidden-tablet elementor-hidden-mobile e-flex e-con e-child\" data-id=\"1645f2c\" data-element_type=\"container\" data-e-type=\"container\" data-settings=\"{&quot;background_background&quot;:&quot;classic&quot;}\">\n\t\t\t\t<div class=\"elementor-element elementor-element-5e04466 elementor-widget elementor-widget-image\" data-id=\"5e04466\" data-element_type=\"widget\" data-e-type=\"widget\" data-widget_type=\"image.default\">\n\t\t\t\t\t\t\t\t\t\t\t\t\t\t\t<img decoding=\"async\" width=\"1000\" height=\"859\" src=\"https:\/\/cotobajo.es\/wp-content\/uploads\/2024\/01\/responsabilidad-social-coto-bajo_11zon.jpg\" class=\"attachment-full size-full wp-image-12077\" alt=\"\" srcset=\"https:\/\/cotobajo.es\/wp-content\/uploads\/2024\/01\/responsabilidad-social-coto-bajo_11zon.jpg 1000w, https:\/\/cotobajo.es\/wp-content\/uploads\/2024\/01\/responsabilidad-social-coto-bajo_11zon-300x258.jpg 300w, https:\/\/cotobajo.es\/wp-content\/uploads\/2024\/01\/responsabilidad-social-coto-bajo_11zon-768x660.jpg 768w, https:\/\/cotobajo.es\/wp-content\/uploads\/2024\/01\/responsabilidad-social-coto-bajo_11zon-600x515.jpg 600w\" sizes=\"(max-width: 1000px) 100vw, 1000px\" \/>\t\t\t\t\t\t\t\t\t\t\t\t\t\t\t<\/div>\n\t\t\t\t<\/div>\n\t\t\t\t\t<\/div>\n\t\t\t\t<\/div>\n\t\t<div class=\"elementor-element elementor-element-2a55e9b e-flex e-con-boxed e-con e-parent\" data-id=\"2a55e9b\" data-element_type=\"container\" data-e-type=\"container\">\n\t\t\t\t\t<div class=\"e-con-inner\">\n\t\t<div class=\"elementor-element elementor-element-ee22f8e e-con-full e-flex e-con e-child\" data-id=\"ee22f8e\" data-element_type=\"container\" data-e-type=\"container\">\n\t\t\t\t<div class=\"elementor-element elementor-element-d8f2bc3 elementor-widget elementor-widget-heading\" data-id=\"d8f2bc3\" data-element_type=\"widget\" data-e-type=\"widget\" data-widget_type=\"heading.default\">\n\t\t\t\t\t<h2 class=\"elementor-heading-title elementor-size-default\">Integration von Frauen in den Arbeitsmarkt<\/h2>\t\t\t\t<\/div>\n\t\t\t\t<div class=\"elementor-element elementor-element-3ad0621 elementor-hidden-desktop elementor-widget elementor-widget-image\" data-id=\"3ad0621\" data-element_type=\"widget\" data-e-type=\"widget\" data-widget_type=\"image.default\">\n\t\t\t\t\t\t\t\t\t\t\t\t\t\t\t<img loading=\"lazy\" decoding=\"async\" width=\"800\" height=\"693\" src=\"https:\/\/cotobajo.es\/wp-content\/uploads\/2024\/01\/responsabilidad-social-coto-bajo-agricultura.jpg\" class=\"attachment-large size-large wp-image-12158\" alt=\"\" srcset=\"https:\/\/cotobajo.es\/wp-content\/uploads\/2024\/01\/responsabilidad-social-coto-bajo-agricultura.jpg 923w, https:\/\/cotobajo.es\/wp-content\/uploads\/2024\/01\/responsabilidad-social-coto-bajo-agricultura-300x260.jpg 300w, https:\/\/cotobajo.es\/wp-content\/uploads\/2024\/01\/responsabilidad-social-coto-bajo-agricultura-768x666.jpg 768w, https:\/\/cotobajo.es\/wp-content\/uploads\/2024\/01\/responsabilidad-social-coto-bajo-agricultura-600x520.jpg 600w\" sizes=\"(max-width: 800px) 100vw, 800px\" \/>\t\t\t\t\t\t\t\t\t\t\t\t\t\t\t<\/div>\n\t\t\t\t<div class=\"elementor-element elementor-element-f87ede3 elementor-widget elementor-widget-text-editor\" data-id=\"f87ede3\" data-element_type=\"widget\" data-e-type=\"widget\" data-widget_type=\"text-editor.default\">\n\t\t\t\t\t\t\t\t\t<p style=\"text-align: left;\">Wir f\u00f6rdern die Einbindung von Frauen in die l\u00e4ndliche Arbeit, die Industrie und die landwirtschaftliche Verwaltung. Aus diesem Grund <strong>arbeiten wir mit dem Emilio Canalejo Institute of Higher Education ( <\/strong>Montilla) und seinem Ausbildungszyklus des mittleren technischen Abschlusses in Oliven\u00f6l <strong>zusammen <\/strong>. Insbesondere mit dem <strong>Projekt &#8222;Estamos preparadas (siempre fue as\u00ed)&#8220; (&#8222;Wir sind bereit (es war immer so)&#8220;),<\/strong> dessen Ziel die Integration von Frauen in den Oliven\u00f6lm\u00fchlen ist.  <\/p>\n<p style=\"text-align: left;\">Frauen sind Teil unseres Personals f\u00fcr die landwirtschaftliche Arbeit und die Bedienung von Landmaschinen sowie in der Verwaltung und Leitung der agroindustriellen Nutzung.<\/p>\n\t\t\t\t\t\t\t\t<\/div>\n\t\t\t\t<div class=\"elementor-element elementor-element-74841b6 elementor-align-left elementor-widget elementor-widget-button\" data-id=\"74841b6\" data-element_type=\"widget\" data-e-type=\"widget\" data-widget_type=\"button.default\">\n\t\t\t\t\t\t\t\t\t\t<a class=\"elementor-button elementor-button-link elementor-size-sm\" href=\"#\">\n\t\t\t\t\t\t<span class=\"elementor-button-content-wrapper\">\n\t\t\t\t\t\t\t\t\t<span class=\"elementor-button-text\">Unsere Produkte<\/span>\n\t\t\t\t\t<\/span>\n\t\t\t\t\t<\/a>\n\t\t\t\t\t\t\t\t<\/div>\n\t\t\t\t<\/div>\n\t\t<div class=\"elementor-element elementor-element-2621f95 e-con-full elementor-hidden-tablet elementor-hidden-mobile e-flex e-con e-child\" data-id=\"2621f95\" data-element_type=\"container\" data-e-type=\"container\" data-settings=\"{&quot;background_background&quot;:&quot;classic&quot;}\">\n\t\t\t\t<div class=\"elementor-element elementor-element-053c90a elementor-widget elementor-widget-image\" data-id=\"053c90a\" data-element_type=\"widget\" data-e-type=\"widget\" data-widget_type=\"image.default\">\n\t\t\t\t\t\t\t\t\t\t\t\t\t\t\t<img loading=\"lazy\" decoding=\"async\" width=\"800\" height=\"693\" src=\"https:\/\/cotobajo.es\/wp-content\/uploads\/2024\/01\/responsabilidad-social-coto-bajo-agricultura.jpg\" class=\"attachment-large size-large wp-image-12158\" alt=\"\" srcset=\"https:\/\/cotobajo.es\/wp-content\/uploads\/2024\/01\/responsabilidad-social-coto-bajo-agricultura.jpg 923w, https:\/\/cotobajo.es\/wp-content\/uploads\/2024\/01\/responsabilidad-social-coto-bajo-agricultura-300x260.jpg 300w, https:\/\/cotobajo.es\/wp-content\/uploads\/2024\/01\/responsabilidad-social-coto-bajo-agricultura-768x666.jpg 768w, https:\/\/cotobajo.es\/wp-content\/uploads\/2024\/01\/responsabilidad-social-coto-bajo-agricultura-600x520.jpg 600w\" sizes=\"(max-width: 800px) 100vw, 800px\" \/>\t\t\t\t\t\t\t\t\t\t\t\t\t\t\t<\/div>\n\t\t\t\t<\/div>\n\t\t\t\t\t<\/div>\n\t\t\t\t<\/div>\n\t\t<div class=\"elementor-element elementor-element-91b5eff e-flex e-con-boxed e-con e-parent\" data-id=\"91b5eff\" data-element_type=\"container\" data-e-type=\"container\">\n\t\t\t\t\t<div class=\"e-con-inner\">\n\t\t<div class=\"elementor-element elementor-element-f1b5921 e-con-full e-flex e-con e-child\" data-id=\"f1b5921\" data-element_type=\"container\" data-e-type=\"container\">\n\t\t\t\t<div class=\"elementor-element elementor-element-6790420 elementor-widget elementor-widget-heading\" data-id=\"6790420\" data-element_type=\"widget\" data-e-type=\"widget\" data-widget_type=\"heading.default\">\n\t\t\t\t\t<h2 class=\"elementor-heading-title elementor-size-default\">Zusammenarbeit mit gemeinn\u00fctzigen Wohlt\u00e4tigkeitsorganisationen<\/h2>\t\t\t\t<\/div>\n\t\t\t\t<div class=\"elementor-element elementor-element-9019ce0 elementor-hidden-desktop elementor-widget elementor-widget-image\" data-id=\"9019ce0\" data-element_type=\"widget\" data-e-type=\"widget\" data-widget_type=\"image.default\">\n\t\t\t\t\t\t\t\t\t\t\t\t\t\t\t<img loading=\"lazy\" decoding=\"async\" width=\"800\" height=\"565\" src=\"https:\/\/cotobajo.es\/wp-content\/uploads\/2022\/01\/Sin-titulo-1000-x-706-px.jpg\" class=\"attachment-large size-large wp-image-11357\" alt=\"\" srcset=\"https:\/\/cotobajo.es\/wp-content\/uploads\/2022\/01\/Sin-titulo-1000-x-706-px.jpg 1000w, https:\/\/cotobajo.es\/wp-content\/uploads\/2022\/01\/Sin-titulo-1000-x-706-px-300x212.jpg 300w, https:\/\/cotobajo.es\/wp-content\/uploads\/2022\/01\/Sin-titulo-1000-x-706-px-600x424.jpg 600w, https:\/\/cotobajo.es\/wp-content\/uploads\/2022\/01\/Sin-titulo-1000-x-706-px-768x542.jpg 768w\" sizes=\"(max-width: 800px) 100vw, 800px\" \/>\t\t\t\t\t\t\t\t\t\t\t\t\t\t\t<\/div>\n\t\t\t\t<div class=\"elementor-element elementor-element-f6c3ec0 elementor-widget elementor-widget-text-editor\" data-id=\"f6c3ec0\" data-element_type=\"widget\" data-e-type=\"widget\" data-widget_type=\"text-editor.default\">\n\t\t\t\t\t\t\t\t\t<p>Dazu geh\u00f6ren die <strong>Medina Azahara Food Bank<\/strong> (C\u00f3rdoba) und die Spende von Nativem Oliven\u00f6l Extra an Vereine, die in C\u00f3rdoba wichtige soziale Arbeit leisten und bed\u00fcrftige und von sozialer Ausgrenzung bedrohte Familien mit Lebensmitteln versorgen.<\/p>\n\t\t\t\t\t\t\t\t<\/div>\n\t\t\t\t<div class=\"elementor-element elementor-element-ba1df5b elementor-align-left elementor-widget elementor-widget-button\" data-id=\"ba1df5b\" data-element_type=\"widget\" data-e-type=\"widget\" data-widget_type=\"button.default\">\n\t\t\t\t\t\t\t\t\t\t<a class=\"elementor-button elementor-button-link elementor-size-sm\" href=\"https:\/\/sevilla.abc.es\/andalucia\/cordoba\/cordobaessolidaria\/noticias\/la-almazara-coto-bajo-rubrica-un-acuerdo-de-colaboracion-con-el-banco-de-alimentos-de-cordoba\/?ref=https%3A%2F%2Fesmartia.com%2F\">\n\t\t\t\t\t\t<span class=\"elementor-button-content-wrapper\">\n\t\t\t\t\t\t\t\t\t<span class=\"elementor-button-text\">Siehe Nachrichten<\/span>\n\t\t\t\t\t<\/span>\n\t\t\t\t\t<\/a>\n\t\t\t\t\t\t\t\t<\/div>\n\t\t\t\t<\/div>\n\t\t<div class=\"elementor-element elementor-element-391d80e e-con-full elementor-hidden-tablet elementor-hidden-mobile e-flex e-con e-child\" data-id=\"391d80e\" data-element_type=\"container\" data-e-type=\"container\" data-settings=\"{&quot;background_background&quot;:&quot;classic&quot;}\">\n\t\t\t\t<div class=\"elementor-element elementor-element-924a282 elementor-widget elementor-widget-image\" data-id=\"924a282\" data-element_type=\"widget\" data-e-type=\"widget\" data-widget_type=\"image.default\">\n\t\t\t\t\t\t\t\t\t\t\t\t\t\t\t<img loading=\"lazy\" decoding=\"async\" width=\"1000\" height=\"706\" src=\"https:\/\/cotobajo.es\/wp-content\/uploads\/2022\/01\/Sin-titulo-1000-x-706-px.jpg\" class=\"attachment-full size-full wp-image-11357\" alt=\"\" srcset=\"https:\/\/cotobajo.es\/wp-content\/uploads\/2022\/01\/Sin-titulo-1000-x-706-px.jpg 1000w, https:\/\/cotobajo.es\/wp-content\/uploads\/2022\/01\/Sin-titulo-1000-x-706-px-300x212.jpg 300w, https:\/\/cotobajo.es\/wp-content\/uploads\/2022\/01\/Sin-titulo-1000-x-706-px-600x424.jpg 600w, https:\/\/cotobajo.es\/wp-content\/uploads\/2022\/01\/Sin-titulo-1000-x-706-px-768x542.jpg 768w\" sizes=\"(max-width: 1000px) 100vw, 1000px\" \/>\t\t\t\t\t\t\t\t\t\t\t\t\t\t\t<\/div>\n\t\t\t\t<\/div>\n\t\t\t\t\t<\/div>\n\t\t\t\t<\/div>\n\t\t\t\t<\/div>\n\t\t","protected":false},"excerpt":{"rendered":"<p>Unser soziales Engagement Bei Coto Bajo tragen wir zur Verbesserung und zum Fortschritt heutiger und zuk\u00fcnftiger Generationen bei, indem wir die Entwicklung und Unterst\u00fctzung verschiedener Kollektive und Interessengruppen f\u00f6rdern. Sport und gesunde Gewohnheiten Wir arbeiten mit der Leichtathletikschule von C\u00f3rdoba Trotacalles und ihrer Arbeit in der Ausbildung, Unterst\u00fctzung und F\u00f6rderung dieses Sports zusammen. Wir wissen, [&hellip;]<\/p>\n","protected":false},"author":9,"featured_media":0,"parent":0,"menu_order":0,"comment_status":"closed","ping_status":"closed","template":"elementor_header_footer","meta":{"_acf_changed":false,"_joinchat":[],"footnotes":""},"class_list":["post-13750","page","type-page","status-publish","hentry"],"acf":[],"yoast_head":"<!-- This site is optimized with the Yoast SEO plugin v27.4 - https:\/\/yoast.com\/product\/yoast-seo-wordpress\/ -->\n<title>Soziale Verantwortung | Coto Bajo<\/title>\n<meta name=\"description\" content=\"Soziale Verantwortung, die wirtschaftliche und \u00f6kologische Werte schafft und den Fortschritt heutiger sowie zuk\u00fcnftiger Generationen f\u00f6rdert.\" \/>\n<meta name=\"robots\" content=\"index, follow, max-snippet:-1, max-image-preview:large, max-video-preview:-1\" \/>\n<link rel=\"canonical\" href=\"https:\/\/cotobajo.es\/de\/soziale-verantwortung\/\" \/>\n<meta property=\"og:locale\" content=\"de_DE\" \/>\n<meta property=\"og:type\" content=\"article\" \/>\n<meta property=\"og:title\" content=\"Soziale Verantwortung | Coto Bajo\" \/>\n<meta property=\"og:description\" content=\"Soziale Verantwortung, die wirtschaftliche und \u00f6kologische Werte schafft und den Fortschritt heutiger sowie zuk\u00fcnftiger Generationen f\u00f6rdert.\" \/>\n<meta property=\"og:url\" content=\"https:\/\/cotobajo.es\/de\/soziale-verantwortung\/\" \/>\n<meta property=\"og:site_name\" content=\"Coto Bajo\" \/>\n<meta property=\"article:publisher\" content=\"https:\/\/www.facebook.com\/Coto-Bajo-394048128222\" \/>\n<meta property=\"article:modified_time\" content=\"2025-04-21T10:30:13+00:00\" \/>\n<meta property=\"og:image\" content=\"https:\/\/cotobajo.es\/wp-content\/uploads\/2024\/10\/hojas-olivo-ilustracion.png\" \/>\n<meta name=\"twitter:card\" content=\"summary_large_image\" \/>\n<meta name=\"twitter:site\" content=\"@cotobajo\" \/>\n<meta name=\"twitter:label1\" content=\"Gesch\u00e4tzte Lesezeit\" \/>\n\t<meta name=\"twitter:data1\" content=\"3\u00a0Minuten\" \/>\n<script type=\"application\/ld+json\" class=\"yoast-schema-graph\">{\"@context\":\"https:\\\/\\\/schema.org\",\"@graph\":[{\"@type\":\"WebPage\",\"@id\":\"https:\\\/\\\/cotobajo.es\\\/de\\\/soziale-verantwortung\\\/\",\"url\":\"https:\\\/\\\/cotobajo.es\\\/de\\\/soziale-verantwortung\\\/\",\"name\":\"Soziale Verantwortung | Coto Bajo\",\"isPartOf\":{\"@id\":\"https:\\\/\\\/cotobajo.es\\\/de\\\/#website\"},\"primaryImageOfPage\":{\"@id\":\"https:\\\/\\\/cotobajo.es\\\/de\\\/soziale-verantwortung\\\/#primaryimage\"},\"image\":{\"@id\":\"https:\\\/\\\/cotobajo.es\\\/de\\\/soziale-verantwortung\\\/#primaryimage\"},\"thumbnailUrl\":\"https:\\\/\\\/cotobajo.es\\\/wp-content\\\/uploads\\\/2024\\\/10\\\/hojas-olivo-ilustracion.png\",\"datePublished\":\"2021-02-24T17:07:53+00:00\",\"dateModified\":\"2025-04-21T10:30:13+00:00\",\"description\":\"Soziale Verantwortung, die wirtschaftliche und \u00f6kologische Werte schafft und den Fortschritt heutiger sowie zuk\u00fcnftiger Generationen f\u00f6rdert.\",\"breadcrumb\":{\"@id\":\"https:\\\/\\\/cotobajo.es\\\/de\\\/soziale-verantwortung\\\/#breadcrumb\"},\"inLanguage\":\"de\",\"potentialAction\":[{\"@type\":\"ReadAction\",\"target\":[\"https:\\\/\\\/cotobajo.es\\\/de\\\/soziale-verantwortung\\\/\"]}]},{\"@type\":\"ImageObject\",\"inLanguage\":\"de\",\"@id\":\"https:\\\/\\\/cotobajo.es\\\/de\\\/soziale-verantwortung\\\/#primaryimage\",\"url\":\"https:\\\/\\\/cotobajo.es\\\/wp-content\\\/uploads\\\/2024\\\/10\\\/hojas-olivo-ilustracion.png\",\"contentUrl\":\"https:\\\/\\\/cotobajo.es\\\/wp-content\\\/uploads\\\/2024\\\/10\\\/hojas-olivo-ilustracion.png\"},{\"@type\":\"BreadcrumbList\",\"@id\":\"https:\\\/\\\/cotobajo.es\\\/de\\\/soziale-verantwortung\\\/#breadcrumb\",\"itemListElement\":[{\"@type\":\"ListItem\",\"position\":1,\"name\":\"Home\",\"item\":\"https:\\\/\\\/cotobajo.es\\\/de\\\/\"},{\"@type\":\"ListItem\",\"position\":2,\"name\":\"Soziale Verantwortung\"}]},{\"@type\":\"WebSite\",\"@id\":\"https:\\\/\\\/cotobajo.es\\\/de\\\/#website\",\"url\":\"https:\\\/\\\/cotobajo.es\\\/de\\\/\",\"name\":\"Coto Bajo\",\"description\":\"Aceite de Oliva Virgen Extra, AOVE y Miel Artesanal\",\"publisher\":{\"@id\":\"https:\\\/\\\/cotobajo.es\\\/de\\\/#organization\"},\"potentialAction\":[{\"@type\":\"SearchAction\",\"target\":{\"@type\":\"EntryPoint\",\"urlTemplate\":\"https:\\\/\\\/cotobajo.es\\\/de\\\/?s={search_term_string}\"},\"query-input\":{\"@type\":\"PropertyValueSpecification\",\"valueRequired\":true,\"valueName\":\"search_term_string\"}}],\"inLanguage\":\"de\"},{\"@type\":\"Organization\",\"@id\":\"https:\\\/\\\/cotobajo.es\\\/de\\\/#organization\",\"name\":\"Coto Bajo\",\"url\":\"https:\\\/\\\/cotobajo.es\\\/de\\\/\",\"logo\":{\"@type\":\"ImageObject\",\"inLanguage\":\"de\",\"@id\":\"https:\\\/\\\/cotobajo.es\\\/de\\\/#\\\/schema\\\/logo\\\/image\\\/\",\"url\":\"https:\\\/\\\/cotobajo.es\\\/wp-content\\\/uploads\\\/2021\\\/02\\\/logo-header.svg\",\"contentUrl\":\"https:\\\/\\\/cotobajo.es\\\/wp-content\\\/uploads\\\/2021\\\/02\\\/logo-header.svg\",\"width\":1000,\"height\":558,\"caption\":\"Coto Bajo\"},\"image\":{\"@id\":\"https:\\\/\\\/cotobajo.es\\\/de\\\/#\\\/schema\\\/logo\\\/image\\\/\"},\"sameAs\":[\"https:\\\/\\\/www.facebook.com\\\/Coto-Bajo-394048128222\",\"https:\\\/\\\/x.com\\\/cotobajo\",\"https:\\\/\\\/www.instagram.com\\\/coto_bajo\\\/\",\"https:\\\/\\\/www.linkedin.com\\\/company\\\/coto-bajo-s-a\\\/\",\"https:\\\/\\\/www.youtube.com\\\/@coto_bajo\"]}]}<\/script>\n<!-- \/ Yoast SEO plugin. -->","yoast_head_json":{"title":"Soziale Verantwortung | Coto Bajo","description":"Soziale Verantwortung, die wirtschaftliche und \u00f6kologische Werte schafft und den Fortschritt heutiger sowie zuk\u00fcnftiger Generationen f\u00f6rdert.","robots":{"index":"index","follow":"follow","max-snippet":"max-snippet:-1","max-image-preview":"max-image-preview:large","max-video-preview":"max-video-preview:-1"},"canonical":"https:\/\/cotobajo.es\/de\/soziale-verantwortung\/","og_locale":"de_DE","og_type":"article","og_title":"Soziale Verantwortung | Coto Bajo","og_description":"Soziale Verantwortung, die wirtschaftliche und \u00f6kologische Werte schafft und den Fortschritt heutiger sowie zuk\u00fcnftiger Generationen f\u00f6rdert.","og_url":"https:\/\/cotobajo.es\/de\/soziale-verantwortung\/","og_site_name":"Coto Bajo","article_publisher":"https:\/\/www.facebook.com\/Coto-Bajo-394048128222","article_modified_time":"2025-04-21T10:30:13+00:00","og_image":[{"url":"https:\/\/cotobajo.es\/wp-content\/uploads\/2024\/10\/hojas-olivo-ilustracion.png","type":"","width":"","height":""}],"twitter_card":"summary_large_image","twitter_site":"@cotobajo","twitter_misc":{"Gesch\u00e4tzte Lesezeit":"3\u00a0Minuten"},"schema":{"@context":"https:\/\/schema.org","@graph":[{"@type":"WebPage","@id":"https:\/\/cotobajo.es\/de\/soziale-verantwortung\/","url":"https:\/\/cotobajo.es\/de\/soziale-verantwortung\/","name":"Soziale Verantwortung | Coto Bajo","isPartOf":{"@id":"https:\/\/cotobajo.es\/de\/#website"},"primaryImageOfPage":{"@id":"https:\/\/cotobajo.es\/de\/soziale-verantwortung\/#primaryimage"},"image":{"@id":"https:\/\/cotobajo.es\/de\/soziale-verantwortung\/#primaryimage"},"thumbnailUrl":"https:\/\/cotobajo.es\/wp-content\/uploads\/2024\/10\/hojas-olivo-ilustracion.png","datePublished":"2021-02-24T17:07:53+00:00","dateModified":"2025-04-21T10:30:13+00:00","description":"Soziale Verantwortung, die wirtschaftliche und \u00f6kologische Werte schafft und den Fortschritt heutiger sowie zuk\u00fcnftiger Generationen f\u00f6rdert.","breadcrumb":{"@id":"https:\/\/cotobajo.es\/de\/soziale-verantwortung\/#breadcrumb"},"inLanguage":"de","potentialAction":[{"@type":"ReadAction","target":["https:\/\/cotobajo.es\/de\/soziale-verantwortung\/"]}]},{"@type":"ImageObject","inLanguage":"de","@id":"https:\/\/cotobajo.es\/de\/soziale-verantwortung\/#primaryimage","url":"https:\/\/cotobajo.es\/wp-content\/uploads\/2024\/10\/hojas-olivo-ilustracion.png","contentUrl":"https:\/\/cotobajo.es\/wp-content\/uploads\/2024\/10\/hojas-olivo-ilustracion.png"},{"@type":"BreadcrumbList","@id":"https:\/\/cotobajo.es\/de\/soziale-verantwortung\/#breadcrumb","itemListElement":[{"@type":"ListItem","position":1,"name":"Home","item":"https:\/\/cotobajo.es\/de\/"},{"@type":"ListItem","position":2,"name":"Soziale Verantwortung"}]},{"@type":"WebSite","@id":"https:\/\/cotobajo.es\/de\/#website","url":"https:\/\/cotobajo.es\/de\/","name":"Coto Bajo","description":"Aceite de Oliva Virgen Extra, AOVE y Miel Artesanal","publisher":{"@id":"https:\/\/cotobajo.es\/de\/#organization"},"potentialAction":[{"@type":"SearchAction","target":{"@type":"EntryPoint","urlTemplate":"https:\/\/cotobajo.es\/de\/?s={search_term_string}"},"query-input":{"@type":"PropertyValueSpecification","valueRequired":true,"valueName":"search_term_string"}}],"inLanguage":"de"},{"@type":"Organization","@id":"https:\/\/cotobajo.es\/de\/#organization","name":"Coto Bajo","url":"https:\/\/cotobajo.es\/de\/","logo":{"@type":"ImageObject","inLanguage":"de","@id":"https:\/\/cotobajo.es\/de\/#\/schema\/logo\/image\/","url":"https:\/\/cotobajo.es\/wp-content\/uploads\/2021\/02\/logo-header.svg","contentUrl":"https:\/\/cotobajo.es\/wp-content\/uploads\/2021\/02\/logo-header.svg","width":1000,"height":558,"caption":"Coto Bajo"},"image":{"@id":"https:\/\/cotobajo.es\/de\/#\/schema\/logo\/image\/"},"sameAs":["https:\/\/www.facebook.com\/Coto-Bajo-394048128222","https:\/\/x.com\/cotobajo","https:\/\/www.instagram.com\/coto_bajo\/","https:\/\/www.linkedin.com\/company\/coto-bajo-s-a\/","https:\/\/www.youtube.com\/@coto_bajo"]}]}},"_links":{"self":[{"href":"https:\/\/cotobajo.es\/de\/wp-json\/wp\/v2\/pages\/13750","targetHints":{"allow":["GET"]}}],"collection":[{"href":"https:\/\/cotobajo.es\/de\/wp-json\/wp\/v2\/pages"}],"about":[{"href":"https:\/\/cotobajo.es\/de\/wp-json\/wp\/v2\/types\/page"}],"author":[{"embeddable":true,"href":"https:\/\/cotobajo.es\/de\/wp-json\/wp\/v2\/users\/9"}],"replies":[{"embeddable":true,"href":"https:\/\/cotobajo.es\/de\/wp-json\/wp\/v2\/comments?post=13750"}],"version-history":[{"count":0,"href":"https:\/\/cotobajo.es\/de\/wp-json\/wp\/v2\/pages\/13750\/revisions"}],"wp:attachment":[{"href":"https:\/\/cotobajo.es\/de\/wp-json\/wp\/v2\/media?parent=13750"}],"curies":[{"name":"wp","href":"https:\/\/api.w.org\/{rel}","templated":true}]}}