{"id":13766,"date":"2021-02-23T22:32:23","date_gmt":"2021-02-23T21:32:23","guid":{"rendered":"https:\/\/cotobajo.es\/nachhaltige-produktion\/"},"modified":"2025-04-21T12:23:43","modified_gmt":"2025-04-21T10:23:43","slug":"nachhaltige-produktion","status":"publish","type":"page","link":"https:\/\/cotobajo.es\/de\/nachhaltige-produktion\/","title":{"rendered":"Nachhaltige Produktion"},"content":{"rendered":"\t\t<div data-elementor-type=\"wp-page\" data-elementor-id=\"13766\" class=\"elementor elementor-13766 elementor-1566\" data-elementor-post-type=\"page\">\n\t\t\t\t<div class=\"elementor-element elementor-element-21118c0 elementor-hidden-mobile e-flex e-con-boxed e-con e-parent\" data-id=\"21118c0\" data-element_type=\"container\" data-e-type=\"container\" data-settings=\"{&quot;background_background&quot;:&quot;classic&quot;}\">\n\t\t\t\t\t<div class=\"e-con-inner\">\n\t\t\t\t\t<\/div>\n\t\t\t\t<\/div>\n\t\t<div class=\"elementor-element elementor-element-fb21162 elementor-hidden-desktop elementor-hidden-tablet e-flex e-con-boxed e-con e-parent\" data-id=\"fb21162\" data-element_type=\"container\" data-e-type=\"container\" data-settings=\"{&quot;background_background&quot;:&quot;classic&quot;}\">\n\t\t\t\t\t<div class=\"e-con-inner\">\n\t\t\t\t\t<\/div>\n\t\t\t\t<\/div>\n\t\t<div class=\"elementor-element elementor-element-17910b2 e-flex e-con-boxed e-con e-parent\" data-id=\"17910b2\" data-element_type=\"container\" data-e-type=\"container\">\n\t\t\t\t\t<div class=\"e-con-inner\">\n\t\t\t\t<div class=\"elementor-element elementor-element-ff4931e elementor-widget elementor-widget-heading\" data-id=\"ff4931e\" data-element_type=\"widget\" data-e-type=\"widget\" data-widget_type=\"heading.default\">\n\t\t\t\t\t<h1 class=\"elementor-heading-title elementor-size-default\">Nachhaltige Produktion in Coto Bajo<\/h1>\t\t\t\t<\/div>\n\t\t\t\t<div class=\"elementor-element elementor-element-302a01b elementor-widget elementor-widget-image\" data-id=\"302a01b\" data-element_type=\"widget\" data-e-type=\"widget\" data-widget_type=\"image.default\">\n\t\t\t\t\t\t\t\t\t\t\t\t\t\t\t<img decoding=\"async\" width=\"160\" height=\"91\" src=\"https:\/\/cotobajo.es\/wp-content\/uploads\/2024\/10\/hojas-olivo-ilustracion.png\" class=\"attachment-large size-large wp-image-13040\" alt=\"hojas de olivo\" \/>\t\t\t\t\t\t\t\t\t\t\t\t\t\t\t<\/div>\n\t\t\t\t<div class=\"elementor-element elementor-element-9ebe786 elementor-widget elementor-widget-text-editor\" data-id=\"9ebe786\" data-element_type=\"widget\" data-e-type=\"widget\" data-widget_type=\"text-editor.default\">\n\t\t\t\t\t\t\t\t\t<p>Bei <strong>Coto Bajo<\/strong> engagieren wir uns f\u00fcr eine nachhaltige Entwicklung der Umwelt, indem wir umweltschonende Landwirtschafts- und Produktionstechniken anwenden und dabei die Rentabilit\u00e4t der Ernte und die Anforderungen der Gesellschaft ber\u00fccksichtigen.<\/p><p>Wir rationalisieren den Einsatz von Betriebsmitteln auf der Grundlage \u00f6kologischer, technischer und wirtschaftlicher Kriterien, um eine qualitativ hochwertige Produktion zu erzielen. Dabei achten wir besonders auf die Erhaltung unseres \u00d6kosystems, eliminieren Schadstoffe und achten besonders auf die Lebensmittelsicherheit.<\/p>\t\t\t\t\t\t\t\t<\/div>\n\t\t\t\t\t<\/div>\n\t\t\t\t<\/div>\n\t\t<div class=\"elementor-element elementor-element-430740b e-flex e-con-boxed e-con e-parent\" data-id=\"430740b\" data-element_type=\"container\" data-e-type=\"container\">\n\t\t\t\t\t<div class=\"e-con-inner\">\n\t\t<div class=\"elementor-element elementor-element-b5eb13b e-con-full e-flex e-con e-child\" data-id=\"b5eb13b\" data-element_type=\"container\" data-e-type=\"container\">\n\t\t\t\t<div class=\"elementor-element elementor-element-3eba759 elementor-widget elementor-widget-heading\" data-id=\"3eba759\" data-element_type=\"widget\" data-e-type=\"widget\" data-widget_type=\"heading.default\">\n\t\t\t\t\t<h2 class=\"elementor-heading-title elementor-size-default\">Nat\u00fcrliche Regulierungsmechanismen<\/h2>\t\t\t\t<\/div>\n\t\t\t\t<div class=\"elementor-element elementor-element-1524933 elementor-hidden-desktop elementor-widget elementor-widget-image\" data-id=\"1524933\" data-element_type=\"widget\" data-e-type=\"widget\" data-widget_type=\"image.default\">\n\t\t\t\t\t\t\t\t\t\t\t\t\t\t\t<img fetchpriority=\"high\" decoding=\"async\" width=\"738\" height=\"520\" src=\"https:\/\/cotobajo.es\/wp-content\/uploads\/2024\/11\/olivos-de-regulacion-natural-cotobajo.jpg\" class=\"attachment-large size-large wp-image-13619\" alt=\"olivar con cubierta vegetal\" srcset=\"https:\/\/cotobajo.es\/wp-content\/uploads\/2024\/11\/olivos-de-regulacion-natural-cotobajo.jpg 738w, https:\/\/cotobajo.es\/wp-content\/uploads\/2024\/11\/olivos-de-regulacion-natural-cotobajo-300x211.jpg 300w, https:\/\/cotobajo.es\/wp-content\/uploads\/2024\/11\/olivos-de-regulacion-natural-cotobajo-600x423.jpg 600w\" sizes=\"(max-width: 738px) 100vw, 738px\" \/>\t\t\t\t\t\t\t\t\t\t\t\t\t\t\t<\/div>\n\t\t\t\t<div class=\"elementor-element elementor-element-d8b855e elementor-widget elementor-widget-text-editor\" data-id=\"d8b855e\" data-element_type=\"widget\" data-e-type=\"widget\" data-widget_type=\"text-editor.default\">\n\t\t\t\t\t\t\t\t\t<p>Jahrelange Erfahrung und Beobachtung unserer Olivenhaine und des Einflusses, den das \u00d6kosystem auf ihre Entwicklung hat, haben uns dazu veranlasst, nat\u00fcrlichen Regulierungsmechanismen den Vorrang zu geben, die dem Produkt sowohl im Produktionsprozess als auch bei der Verarbeitung und Transformation einen Mehrwert verleihen und die R\u00fcckverfolgbarkeit vom Baum bis auf den Tisch des Verbrauchers gew\u00e4hrleisten.<\/p><p>Wir nutzen alle Nebenprodukte, die bei der Verarbeitung von Oliven zu \u00d6l anfallen, um unseren eigenen Kompost herzustellen, den wir nach der Ernte auf die Felder ausbringen, um den Boden mit organischem Material zu versorgen, wenn der Olivenbaum es am meisten braucht.<\/p>\t\t\t\t\t\t\t\t<\/div>\n\t\t\t\t<\/div>\n\t\t<div class=\"elementor-element elementor-element-a113e77 e-con-full elementor-hidden-tablet elementor-hidden-mobile e-flex e-con e-child\" data-id=\"a113e77\" data-element_type=\"container\" data-e-type=\"container\" data-settings=\"{&quot;background_background&quot;:&quot;classic&quot;}\">\n\t\t\t\t<div class=\"elementor-element elementor-element-f30c568 elementor-widget elementor-widget-spacer\" data-id=\"f30c568\" data-element_type=\"widget\" data-e-type=\"widget\" data-widget_type=\"spacer.default\">\n\t\t\t\t\t\t\t<div class=\"elementor-spacer\">\n\t\t\t<div class=\"elementor-spacer-inner\"><\/div>\n\t\t<\/div>\n\t\t\t\t\t\t<\/div>\n\t\t\t\t<\/div>\n\t\t\t\t\t<\/div>\n\t\t\t\t<\/div>\n\t\t<div class=\"elementor-element elementor-element-8a073f8 e-flex e-con-boxed e-con e-parent\" data-id=\"8a073f8\" data-element_type=\"container\" data-e-type=\"container\">\n\t\t\t\t\t<div class=\"e-con-inner\">\n\t\t<div class=\"elementor-element elementor-element-e52af7c e-con-full e-flex e-con e-child\" data-id=\"e52af7c\" data-element_type=\"container\" data-e-type=\"container\">\n\t\t\t\t<div class=\"elementor-element elementor-element-6b1fee0 elementor-widget elementor-widget-heading\" data-id=\"6b1fee0\" data-element_type=\"widget\" data-e-type=\"widget\" data-widget_type=\"heading.default\">\n\t\t\t\t\t<h2 class=\"elementor-heading-title elementor-size-default\">Kreislaufwirtschaft<\/h2>\t\t\t\t<\/div>\n\t\t\t\t<div class=\"elementor-element elementor-element-12c8673 elementor-hidden-desktop elementor-widget elementor-widget-image\" data-id=\"12c8673\" data-element_type=\"widget\" data-e-type=\"widget\" data-widget_type=\"image.default\">\n\t\t\t\t\t\t\t\t\t\t\t\t\t\t\t<img decoding=\"async\" width=\"738\" height=\"520\" src=\"https:\/\/cotobajo.es\/wp-content\/uploads\/2024\/11\/economia-circular-cotobajo-fotografia.jpg\" class=\"attachment-large size-large wp-image-13622\" alt=\"aceitunas verdes en tolva\" srcset=\"https:\/\/cotobajo.es\/wp-content\/uploads\/2024\/11\/economia-circular-cotobajo-fotografia.jpg 738w, https:\/\/cotobajo.es\/wp-content\/uploads\/2024\/11\/economia-circular-cotobajo-fotografia-300x211.jpg 300w, https:\/\/cotobajo.es\/wp-content\/uploads\/2024\/11\/economia-circular-cotobajo-fotografia-600x423.jpg 600w\" sizes=\"(max-width: 738px) 100vw, 738px\" \/>\t\t\t\t\t\t\t\t\t\t\t\t\t\t\t<\/div>\n\t\t\t\t<div class=\"elementor-element elementor-element-37a1669 elementor-widget elementor-widget-text-editor\" data-id=\"37a1669\" data-element_type=\"widget\" data-e-type=\"widget\" data-widget_type=\"text-editor.default\">\n\t\t\t\t\t\t\t\t\t<p>Jahrelange Erfahrung und Beobachtung unserer Olivenhaine und des Einflusses, den das \u00d6kosystem auf ihre Entwicklung hat, haben uns dazu veranlasst, nat\u00fcrlichen Regulierungsmechanismen den Vorrang zu geben, die dem Produkt sowohl im Produktionsprozess als auch bei der Verarbeitung und Transformation einen Mehrwert verleihen und die R\u00fcckverfolgbarkeit vom Baum bis auf den Tisch des Verbrauchers gew\u00e4hrleisten.<\/p><p>Wir nutzen alle Nebenprodukte, die bei der Verarbeitung von Oliven zu \u00d6l anfallen, um unseren eigenen Kompost herzustellen, den wir nach der Ernte auf die Felder ausbringen, um den Boden mit organischem Material zu versorgen, wenn der Olivenbaum es am meisten braucht.<\/p>\t\t\t\t\t\t\t\t<\/div>\n\t\t\t\t<\/div>\n\t\t<div class=\"elementor-element elementor-element-c05d89c e-con-full elementor-hidden-tablet elementor-hidden-mobile e-flex e-con e-child\" data-id=\"c05d89c\" data-element_type=\"container\" data-e-type=\"container\" data-settings=\"{&quot;background_background&quot;:&quot;classic&quot;}\">\n\t\t\t\t<div class=\"elementor-element elementor-element-12472c9 elementor-widget elementor-widget-spacer\" data-id=\"12472c9\" data-element_type=\"widget\" data-e-type=\"widget\" data-widget_type=\"spacer.default\">\n\t\t\t\t\t\t\t<div class=\"elementor-spacer\">\n\t\t\t<div class=\"elementor-spacer-inner\"><\/div>\n\t\t<\/div>\n\t\t\t\t\t\t<\/div>\n\t\t\t\t<\/div>\n\t\t\t\t\t<\/div>\n\t\t\t\t<\/div>\n\t\t<div class=\"elementor-element elementor-element-9de93da e-flex e-con-boxed e-con e-parent\" data-id=\"9de93da\" data-element_type=\"container\" data-e-type=\"container\" data-settings=\"{&quot;background_background&quot;:&quot;classic&quot;}\">\n\t\t\t\t\t<div class=\"e-con-inner\">\n\t\t<div class=\"elementor-element elementor-element-4920fdc e-flex e-con-boxed e-con e-child\" data-id=\"4920fdc\" data-element_type=\"container\" data-e-type=\"container\" data-settings=\"{&quot;background_background&quot;:&quot;classic&quot;}\">\n\t\t\t\t\t<div class=\"e-con-inner\">\n\t\t\t\t<div class=\"elementor-element elementor-element-935b088 elementor-widget elementor-widget-heading\" data-id=\"935b088\" data-element_type=\"widget\" data-e-type=\"widget\" data-widget_type=\"heading.default\">\n\t\t\t\t\t<h2 class=\"elementor-heading-title elementor-size-default\">Mit dem Ziel, die Umwelt zu schonen, haben wir uns dem Anbau und der Produktion von Bio-EVOO verschrieben.<\/h2>\t\t\t\t<\/div>\n\t\t\t\t<div class=\"elementor-element elementor-element-b68990d elementor-align-center elementor-widget elementor-widget-button\" data-id=\"b68990d\" data-element_type=\"widget\" data-e-type=\"widget\" data-widget_type=\"button.default\">\n\t\t\t\t\t\t\t\t\t\t<a class=\"elementor-button elementor-button-link elementor-size-sm\" href=\"https:\/\/cotobajo.es\/de\/nachhaltige-produktion\/\">\n\t\t\t\t\t\t<span class=\"elementor-button-content-wrapper\">\n\t\t\t\t\t\t\t\t\t<span class=\"elementor-button-text\">Mehr Informationen finden Sie unter<\/span>\n\t\t\t\t\t<\/span>\n\t\t\t\t\t<\/a>\n\t\t\t\t\t\t\t\t<\/div>\n\t\t\t\t\t<\/div>\n\t\t\t\t<\/div>\n\t\t\t\t\t<\/div>\n\t\t\t\t<\/div>\n\t\t\t\t<\/div>\n\t\t","protected":false},"excerpt":{"rendered":"<p>Nachhaltige Produktion in Coto Bajo Bei Coto Bajo engagieren wir uns f\u00fcr eine nachhaltige Entwicklung der Umwelt, indem wir umweltschonende Landwirtschafts- und Produktionstechniken anwenden und dabei die Rentabilit\u00e4t der Ernte und die Anforderungen der Gesellschaft ber\u00fccksichtigen. Wir rationalisieren den Einsatz von Betriebsmitteln auf der Grundlage \u00f6kologischer, technischer und wirtschaftlicher Kriterien, um eine qualitativ hochwertige Produktion [&hellip;]<\/p>\n","protected":false},"author":9,"featured_media":0,"parent":0,"menu_order":0,"comment_status":"closed","ping_status":"closed","template":"elementor_header_footer","meta":{"_acf_changed":false,"_joinchat":[],"footnotes":""},"class_list":["post-13766","page","type-page","status-publish","hentry"],"acf":[],"yoast_head":"<!-- This site is optimized with the Yoast SEO plugin v27.4 - https:\/\/yoast.com\/product\/yoast-seo-wordpress\/ -->\n<title>Nachhaltige Produktion | Coto Bajo<\/title>\n<meta name=\"description\" content=\"Bei Coto Bajo setzen wir auf nachhaltigen Konsum und Produktion, basierend auf der Kreislaufwirtschaft und \u00f6kologischer Entwicklung.\" \/>\n<meta name=\"robots\" content=\"index, follow, max-snippet:-1, max-image-preview:large, max-video-preview:-1\" \/>\n<link rel=\"canonical\" href=\"https:\/\/cotobajo.es\/de\/nachhaltige-produktion\/\" \/>\n<meta property=\"og:locale\" content=\"de_DE\" \/>\n<meta property=\"og:type\" content=\"article\" \/>\n<meta property=\"og:title\" content=\"Nachhaltige Produktion | Coto Bajo\" \/>\n<meta property=\"og:description\" content=\"Bei Coto Bajo setzen wir auf nachhaltigen Konsum und Produktion, basierend auf der Kreislaufwirtschaft und \u00f6kologischer Entwicklung.\" \/>\n<meta property=\"og:url\" content=\"https:\/\/cotobajo.es\/de\/nachhaltige-produktion\/\" \/>\n<meta property=\"og:site_name\" content=\"Coto Bajo\" \/>\n<meta property=\"article:publisher\" content=\"https:\/\/www.facebook.com\/Coto-Bajo-394048128222\" \/>\n<meta property=\"article:modified_time\" content=\"2025-04-21T10:23:43+00:00\" \/>\n<meta property=\"og:image\" content=\"https:\/\/cotobajo.es\/wp-content\/uploads\/2024\/10\/hojas-olivo-ilustracion.png\" \/>\n<meta name=\"twitter:card\" content=\"summary_large_image\" \/>\n<meta name=\"twitter:site\" content=\"@cotobajo\" \/>\n<meta name=\"twitter:label1\" content=\"Gesch\u00e4tzte Lesezeit\" \/>\n\t<meta name=\"twitter:data1\" content=\"2\u00a0Minuten\" \/>\n<script type=\"application\/ld+json\" class=\"yoast-schema-graph\">{\"@context\":\"https:\\\/\\\/schema.org\",\"@graph\":[{\"@type\":\"WebPage\",\"@id\":\"https:\\\/\\\/cotobajo.es\\\/de\\\/nachhaltige-produktion\\\/\",\"url\":\"https:\\\/\\\/cotobajo.es\\\/de\\\/nachhaltige-produktion\\\/\",\"name\":\"Nachhaltige Produktion | Coto Bajo\",\"isPartOf\":{\"@id\":\"https:\\\/\\\/cotobajo.es\\\/de\\\/#website\"},\"primaryImageOfPage\":{\"@id\":\"https:\\\/\\\/cotobajo.es\\\/de\\\/nachhaltige-produktion\\\/#primaryimage\"},\"image\":{\"@id\":\"https:\\\/\\\/cotobajo.es\\\/de\\\/nachhaltige-produktion\\\/#primaryimage\"},\"thumbnailUrl\":\"https:\\\/\\\/cotobajo.es\\\/wp-content\\\/uploads\\\/2024\\\/10\\\/hojas-olivo-ilustracion.png\",\"datePublished\":\"2021-02-23T21:32:23+00:00\",\"dateModified\":\"2025-04-21T10:23:43+00:00\",\"description\":\"Bei Coto Bajo setzen wir auf nachhaltigen Konsum und Produktion, basierend auf der Kreislaufwirtschaft und \u00f6kologischer Entwicklung.\",\"breadcrumb\":{\"@id\":\"https:\\\/\\\/cotobajo.es\\\/de\\\/nachhaltige-produktion\\\/#breadcrumb\"},\"inLanguage\":\"de\",\"potentialAction\":[{\"@type\":\"ReadAction\",\"target\":[\"https:\\\/\\\/cotobajo.es\\\/de\\\/nachhaltige-produktion\\\/\"]}]},{\"@type\":\"ImageObject\",\"inLanguage\":\"de\",\"@id\":\"https:\\\/\\\/cotobajo.es\\\/de\\\/nachhaltige-produktion\\\/#primaryimage\",\"url\":\"https:\\\/\\\/cotobajo.es\\\/wp-content\\\/uploads\\\/2024\\\/10\\\/hojas-olivo-ilustracion.png\",\"contentUrl\":\"https:\\\/\\\/cotobajo.es\\\/wp-content\\\/uploads\\\/2024\\\/10\\\/hojas-olivo-ilustracion.png\"},{\"@type\":\"BreadcrumbList\",\"@id\":\"https:\\\/\\\/cotobajo.es\\\/de\\\/nachhaltige-produktion\\\/#breadcrumb\",\"itemListElement\":[{\"@type\":\"ListItem\",\"position\":1,\"name\":\"Home\",\"item\":\"https:\\\/\\\/cotobajo.es\\\/de\\\/\"},{\"@type\":\"ListItem\",\"position\":2,\"name\":\"Nachhaltige Produktion\"}]},{\"@type\":\"WebSite\",\"@id\":\"https:\\\/\\\/cotobajo.es\\\/de\\\/#website\",\"url\":\"https:\\\/\\\/cotobajo.es\\\/de\\\/\",\"name\":\"Coto Bajo\",\"description\":\"Aceite de Oliva Virgen Extra, AOVE y Miel Artesanal\",\"publisher\":{\"@id\":\"https:\\\/\\\/cotobajo.es\\\/de\\\/#organization\"},\"potentialAction\":[{\"@type\":\"SearchAction\",\"target\":{\"@type\":\"EntryPoint\",\"urlTemplate\":\"https:\\\/\\\/cotobajo.es\\\/de\\\/?s={search_term_string}\"},\"query-input\":{\"@type\":\"PropertyValueSpecification\",\"valueRequired\":true,\"valueName\":\"search_term_string\"}}],\"inLanguage\":\"de\"},{\"@type\":\"Organization\",\"@id\":\"https:\\\/\\\/cotobajo.es\\\/de\\\/#organization\",\"name\":\"Coto Bajo\",\"url\":\"https:\\\/\\\/cotobajo.es\\\/de\\\/\",\"logo\":{\"@type\":\"ImageObject\",\"inLanguage\":\"de\",\"@id\":\"https:\\\/\\\/cotobajo.es\\\/de\\\/#\\\/schema\\\/logo\\\/image\\\/\",\"url\":\"https:\\\/\\\/cotobajo.es\\\/wp-content\\\/uploads\\\/2021\\\/02\\\/logo-header.svg\",\"contentUrl\":\"https:\\\/\\\/cotobajo.es\\\/wp-content\\\/uploads\\\/2021\\\/02\\\/logo-header.svg\",\"width\":1000,\"height\":558,\"caption\":\"Coto Bajo\"},\"image\":{\"@id\":\"https:\\\/\\\/cotobajo.es\\\/de\\\/#\\\/schema\\\/logo\\\/image\\\/\"},\"sameAs\":[\"https:\\\/\\\/www.facebook.com\\\/Coto-Bajo-394048128222\",\"https:\\\/\\\/x.com\\\/cotobajo\",\"https:\\\/\\\/www.instagram.com\\\/coto_bajo\\\/\",\"https:\\\/\\\/www.linkedin.com\\\/company\\\/coto-bajo-s-a\\\/\",\"https:\\\/\\\/www.youtube.com\\\/@coto_bajo\"]}]}<\/script>\n<!-- \/ Yoast SEO plugin. -->","yoast_head_json":{"title":"Nachhaltige Produktion | Coto Bajo","description":"Bei Coto Bajo setzen wir auf nachhaltigen Konsum und Produktion, basierend auf der Kreislaufwirtschaft und \u00f6kologischer Entwicklung.","robots":{"index":"index","follow":"follow","max-snippet":"max-snippet:-1","max-image-preview":"max-image-preview:large","max-video-preview":"max-video-preview:-1"},"canonical":"https:\/\/cotobajo.es\/de\/nachhaltige-produktion\/","og_locale":"de_DE","og_type":"article","og_title":"Nachhaltige Produktion | Coto Bajo","og_description":"Bei Coto Bajo setzen wir auf nachhaltigen Konsum und Produktion, basierend auf der Kreislaufwirtschaft und \u00f6kologischer Entwicklung.","og_url":"https:\/\/cotobajo.es\/de\/nachhaltige-produktion\/","og_site_name":"Coto Bajo","article_publisher":"https:\/\/www.facebook.com\/Coto-Bajo-394048128222","article_modified_time":"2025-04-21T10:23:43+00:00","og_image":[{"url":"https:\/\/cotobajo.es\/wp-content\/uploads\/2024\/10\/hojas-olivo-ilustracion.png","type":"","width":"","height":""}],"twitter_card":"summary_large_image","twitter_site":"@cotobajo","twitter_misc":{"Gesch\u00e4tzte Lesezeit":"2\u00a0Minuten"},"schema":{"@context":"https:\/\/schema.org","@graph":[{"@type":"WebPage","@id":"https:\/\/cotobajo.es\/de\/nachhaltige-produktion\/","url":"https:\/\/cotobajo.es\/de\/nachhaltige-produktion\/","name":"Nachhaltige Produktion | Coto Bajo","isPartOf":{"@id":"https:\/\/cotobajo.es\/de\/#website"},"primaryImageOfPage":{"@id":"https:\/\/cotobajo.es\/de\/nachhaltige-produktion\/#primaryimage"},"image":{"@id":"https:\/\/cotobajo.es\/de\/nachhaltige-produktion\/#primaryimage"},"thumbnailUrl":"https:\/\/cotobajo.es\/wp-content\/uploads\/2024\/10\/hojas-olivo-ilustracion.png","datePublished":"2021-02-23T21:32:23+00:00","dateModified":"2025-04-21T10:23:43+00:00","description":"Bei Coto Bajo setzen wir auf nachhaltigen Konsum und Produktion, basierend auf der Kreislaufwirtschaft und \u00f6kologischer Entwicklung.","breadcrumb":{"@id":"https:\/\/cotobajo.es\/de\/nachhaltige-produktion\/#breadcrumb"},"inLanguage":"de","potentialAction":[{"@type":"ReadAction","target":["https:\/\/cotobajo.es\/de\/nachhaltige-produktion\/"]}]},{"@type":"ImageObject","inLanguage":"de","@id":"https:\/\/cotobajo.es\/de\/nachhaltige-produktion\/#primaryimage","url":"https:\/\/cotobajo.es\/wp-content\/uploads\/2024\/10\/hojas-olivo-ilustracion.png","contentUrl":"https:\/\/cotobajo.es\/wp-content\/uploads\/2024\/10\/hojas-olivo-ilustracion.png"},{"@type":"BreadcrumbList","@id":"https:\/\/cotobajo.es\/de\/nachhaltige-produktion\/#breadcrumb","itemListElement":[{"@type":"ListItem","position":1,"name":"Home","item":"https:\/\/cotobajo.es\/de\/"},{"@type":"ListItem","position":2,"name":"Nachhaltige Produktion"}]},{"@type":"WebSite","@id":"https:\/\/cotobajo.es\/de\/#website","url":"https:\/\/cotobajo.es\/de\/","name":"Coto Bajo","description":"Aceite de Oliva Virgen Extra, AOVE y Miel Artesanal","publisher":{"@id":"https:\/\/cotobajo.es\/de\/#organization"},"potentialAction":[{"@type":"SearchAction","target":{"@type":"EntryPoint","urlTemplate":"https:\/\/cotobajo.es\/de\/?s={search_term_string}"},"query-input":{"@type":"PropertyValueSpecification","valueRequired":true,"valueName":"search_term_string"}}],"inLanguage":"de"},{"@type":"Organization","@id":"https:\/\/cotobajo.es\/de\/#organization","name":"Coto Bajo","url":"https:\/\/cotobajo.es\/de\/","logo":{"@type":"ImageObject","inLanguage":"de","@id":"https:\/\/cotobajo.es\/de\/#\/schema\/logo\/image\/","url":"https:\/\/cotobajo.es\/wp-content\/uploads\/2021\/02\/logo-header.svg","contentUrl":"https:\/\/cotobajo.es\/wp-content\/uploads\/2021\/02\/logo-header.svg","width":1000,"height":558,"caption":"Coto Bajo"},"image":{"@id":"https:\/\/cotobajo.es\/de\/#\/schema\/logo\/image\/"},"sameAs":["https:\/\/www.facebook.com\/Coto-Bajo-394048128222","https:\/\/x.com\/cotobajo","https:\/\/www.instagram.com\/coto_bajo\/","https:\/\/www.linkedin.com\/company\/coto-bajo-s-a\/","https:\/\/www.youtube.com\/@coto_bajo"]}]}},"_links":{"self":[{"href":"https:\/\/cotobajo.es\/de\/wp-json\/wp\/v2\/pages\/13766","targetHints":{"allow":["GET"]}}],"collection":[{"href":"https:\/\/cotobajo.es\/de\/wp-json\/wp\/v2\/pages"}],"about":[{"href":"https:\/\/cotobajo.es\/de\/wp-json\/wp\/v2\/types\/page"}],"author":[{"embeddable":true,"href":"https:\/\/cotobajo.es\/de\/wp-json\/wp\/v2\/users\/9"}],"replies":[{"embeddable":true,"href":"https:\/\/cotobajo.es\/de\/wp-json\/wp\/v2\/comments?post=13766"}],"version-history":[{"count":0,"href":"https:\/\/cotobajo.es\/de\/wp-json\/wp\/v2\/pages\/13766\/revisions"}],"wp:attachment":[{"href":"https:\/\/cotobajo.es\/de\/wp-json\/wp\/v2\/media?parent=13766"}],"curies":[{"name":"wp","href":"https:\/\/api.w.org\/{rel}","templated":true}]}}