{"id":13779,"date":"2020-10-12T19:26:17","date_gmt":"2020-10-12T17:26:17","guid":{"rendered":"https:\/\/cotobajo.es\/kontakt\/"},"modified":"2026-03-12T14:45:44","modified_gmt":"2026-03-12T13:45:44","slug":"kontakt","status":"publish","type":"page","link":"https:\/\/cotobajo.es\/de\/kontakt\/","title":{"rendered":"Kontakt"},"content":{"rendered":"\t\t<div data-elementor-type=\"wp-page\" data-elementor-id=\"13779\" class=\"elementor elementor-13779 elementor-643\" data-elementor-post-type=\"page\">\n\t\t\t\t<div class=\"elementor-element elementor-element-9282698 elementor-hidden-tablet elementor-hidden-mobile e-flex e-con-boxed e-con e-parent\" data-id=\"9282698\" data-element_type=\"container\" data-e-type=\"container\" data-settings=\"{&quot;background_background&quot;:&quot;classic&quot;}\">\n\t\t\t\t\t<div class=\"e-con-inner\">\n\t\t\t\t\t<\/div>\n\t\t\t\t<\/div>\n\t\t<div class=\"elementor-element elementor-element-e6b19aa elementor-hidden-desktop e-flex e-con-boxed e-con e-parent\" data-id=\"e6b19aa\" data-element_type=\"container\" data-e-type=\"container\" data-settings=\"{&quot;background_background&quot;:&quot;classic&quot;}\">\n\t\t\t\t\t<div class=\"e-con-inner\">\n\t\t\t\t\t<\/div>\n\t\t\t\t<\/div>\n\t\t<div class=\"elementor-element elementor-element-b946b9c e-flex e-con-boxed e-con e-parent\" data-id=\"b946b9c\" data-element_type=\"container\" data-e-type=\"container\">\n\t\t\t\t\t<div class=\"e-con-inner\">\n\t\t<div class=\"elementor-element elementor-element-2f55ece e-con-full e-flex e-con e-child\" data-id=\"2f55ece\" data-element_type=\"container\" data-e-type=\"container\">\n\t\t\t\t<div class=\"elementor-element elementor-element-b2cd6a4 elementor-widget elementor-widget-heading\" data-id=\"b2cd6a4\" data-element_type=\"widget\" data-e-type=\"widget\" data-widget_type=\"heading.default\">\n\t\t\t\t\t<h1 class=\"elementor-heading-title elementor-size-default\">Kontakt mit Coto Bajo<\/h1>\t\t\t\t<\/div>\n\t\t\t\t<div class=\"elementor-element elementor-element-c4ac849 elementor-widget elementor-widget-image\" data-id=\"c4ac849\" data-element_type=\"widget\" data-e-type=\"widget\" data-widget_type=\"image.default\">\n\t\t\t\t\t\t\t\t\t\t\t\t\t\t\t<img decoding=\"async\" width=\"160\" height=\"91\" src=\"https:\/\/cotobajo.es\/wp-content\/uploads\/2024\/10\/hojas-olivo-ilustracion.png\" class=\"attachment-large size-large wp-image-13040\" alt=\"hojas de olivo\" \/>\t\t\t\t\t\t\t\t\t\t\t\t\t\t\t<\/div>\n\t\t\t\t<div class=\"elementor-element elementor-element-9f67380 elementor-widget elementor-widget-text-editor\" data-id=\"9f67380\" data-element_type=\"widget\" data-e-type=\"widget\" data-widget_type=\"text-editor.default\">\n\t\t\t\t\t\t\t\t\t<h2>Wo wir sind<\/h2><p>Wir befinden uns in der <strong>Ribera del Guadalquivir<\/strong>, einem weltweit einzigartigen Ort f\u00fcr sein Klima und die Vielfalt der B\u00f6den, die Coto Bajo eine ausgezeichnete Reifung seiner Fr\u00fcchte erm\u00f6glicht. Dies spiegelt sich im <strong>Aroma und im einzigartigen Geschmack der Nativen Oliven\u00f6le Extra<\/strong> wider, die wir aus unseren Ernten gewinnen. <\/p><p><a href=\"https:\/\/www.google.com\/maps\/place\/Coto+Bajo,+s.a.\/@37.785602,-4.9775891,17z\/data=!4m8!1m2!2m1!1sfinca+el+gamo+guadalcazar!3m4!1s0xd6d2ee4cb635ef3:0x25c048b890ab42fd!8m2!3d37.7867816!4d-4.9753393\"><strong><span style=\"vertical-align: inherit;\">Finca el Gamo, S\/N<\/span><\/strong><\/a><br><span style=\"vertical-align: inherit;\">14130 Guadalc\u00e1zar, C\u00f3rdoba, Spanien<\/span><\/p><p><i class=\"fa fa-phone\" aria-hidden=\"true\"><\/i>  <a href=\"tel:+34957330349\"><span style=\"vertical-align: inherit;\">+34 957 33 03 49<\/span><\/a><\/p><p><i class=\"fa fa-phone\" aria-hidden=\"true\"><\/i>  <a href=\"tel:+34609629819\"><span style=\"vertical-align: inherit;\">+34 609 62 98 19<\/span><\/a><\/p><p><i class=\"fa fa-envelope\" aria-hidden=\"true\"><\/i>  <a href=\"mailto:cotobajo@cotobajo.es\"><span style=\"vertical-align: inherit;\">cotobajo@cotobajo.es<\/span><\/a><\/p>\t\t\t\t\t\t\t\t<\/div>\n\t\t\t\t<\/div>\n\t\t<div class=\"elementor-element elementor-element-3295c83 e-con-full e-flex e-con e-child\" data-id=\"3295c83\" data-element_type=\"container\" data-e-type=\"container\">\n\t\t\t\t<div class=\"elementor-element elementor-element-e2a9909 e-transform elementor-widget elementor-widget-google_maps\" data-id=\"e2a9909\" data-element_type=\"widget\" data-e-type=\"widget\" data-settings=\"{&quot;_transform_scale_effect&quot;:{&quot;unit&quot;:&quot;px&quot;,&quot;size&quot;:&quot;&quot;,&quot;sizes&quot;:[]},&quot;_transform_scale_effect_tablet&quot;:{&quot;unit&quot;:&quot;px&quot;,&quot;size&quot;:&quot;&quot;,&quot;sizes&quot;:[]},&quot;_transform_scale_effect_mobile&quot;:{&quot;unit&quot;:&quot;px&quot;,&quot;size&quot;:&quot;&quot;,&quot;sizes&quot;:[]}}\" data-widget_type=\"google_maps.default\">\n\t\t\t\t\t\t\t<div class=\"elementor-custom-embed\">\n\t\t\t<iframe loading=\"lazy\"\n\t\t\t\t\tsrc=\"https:\/\/maps.google.com\/maps?q=coto%20bajo&#038;t=m&#038;z=10&#038;output=embed&#038;iwloc=near\"\n\t\t\t\t\ttitle=\"coto bajo\"\n\t\t\t\t\taria-label=\"coto bajo\"\n\t\t\t><\/iframe>\n\t\t<\/div>\n\t\t\t\t\t\t<\/div>\n\t\t\t\t<\/div>\n\t\t\t\t\t<\/div>\n\t\t\t\t<\/div>\n\t\t<div class=\"elementor-element elementor-element-ded625b e-flex e-con-boxed e-con e-parent\" data-id=\"ded625b\" data-element_type=\"container\" data-e-type=\"container\" data-settings=\"{&quot;background_background&quot;:&quot;classic&quot;}\">\n\t\t\t\t\t<div class=\"e-con-inner\">\n\t\t\t\t<div class=\"elementor-element elementor-element-20aa1d6 elementor-widget elementor-widget-heading\" data-id=\"20aa1d6\" data-element_type=\"widget\" data-e-type=\"widget\" data-widget_type=\"heading.default\">\n\t\t\t\t\t<h2 class=\"elementor-heading-title elementor-size-default\">Wie k\u00f6nnen wir Ihnen helfen?<\/h2>\t\t\t\t<\/div>\n\t\t\t\t<div class=\"elementor-element elementor-element-10dd25f elementor-button-align-center elementor-widget elementor-widget-form\" data-id=\"10dd25f\" data-element_type=\"widget\" data-e-type=\"widget\" data-settings=\"{&quot;step_next_label&quot;:&quot;N\\u00e4chste&quot;,&quot;step_previous_label&quot;:&quot;Vorherige&quot;,&quot;button_width&quot;:&quot;100&quot;,&quot;step_type&quot;:&quot;number_text&quot;,&quot;step_icon_shape&quot;:&quot;circle&quot;}\" data-widget_type=\"form.default\">\n\t\t\t\t\t\t\t<form class=\"elementor-form\" method=\"post\" id=\"oleoturismo_formulario\" name=\"Contacto\" aria-label=\"Contacto\">\n\t\t\t<input type=\"hidden\" name=\"post_id\" value=\"13779\"\/>\n\t\t\t<input type=\"hidden\" name=\"form_id\" value=\"10dd25f\"\/>\n\t\t\t<input type=\"hidden\" name=\"referer_title\" value=\"Kontakt zu Coto Bajo: Verbinden Sie sich mit uns\" \/>\n\n\t\t\t\t\t\t\t<input type=\"hidden\" name=\"queried_id\" value=\"13779\"\/>\n\t\t\t\n\t\t\t<div class=\"elementor-form-fields-wrapper elementor-labels-above\">\n\t\t\t\t\t\t\t\t<div class=\"elementor-field-type-text elementor-field-group elementor-column elementor-field-group-name elementor-col-100 elementor-field-required elementor-mark-required\">\n\t\t\t\t\t\t\t\t\t\t\t\t<label for=\"form-field-name\" class=\"elementor-field-label\">\n\t\t\t\t\t\t\t\tName\t\t\t\t\t\t\t<\/label>\n\t\t\t\t\t\t\t\t\t\t\t\t\t\t<input size=\"1\" type=\"text\" name=\"form_fields[name]\" id=\"form-field-name\" class=\"elementor-field elementor-size-md  elementor-field-textual\" placeholder=\"(*) Obligatorische Daten\" required=\"required\">\n\t\t\t\t\t\t\t\t\t\t\t<\/div>\n\t\t\t\t\t\t\t\t<div class=\"elementor-field-type-email elementor-field-group elementor-column elementor-field-group-email elementor-col-100 elementor-field-required elementor-mark-required\">\n\t\t\t\t\t\t\t\t\t\t\t\t<label for=\"form-field-email\" class=\"elementor-field-label\">\n\t\t\t\t\t\t\t\tE-Mail Adresse\t\t\t\t\t\t\t<\/label>\n\t\t\t\t\t\t\t\t\t\t\t\t\t\t<input size=\"1\" type=\"email\" name=\"form_fields[email]\" id=\"form-field-email\" class=\"elementor-field elementor-size-md  elementor-field-textual\" placeholder=\"(*) Obligatorische Daten\" required=\"required\">\n\t\t\t\t\t\t\t\t\t\t\t<\/div>\n\t\t\t\t\t\t\t\t<div class=\"elementor-field-type-textarea elementor-field-group elementor-column elementor-field-group-message elementor-col-100 elementor-field-required elementor-mark-required\">\n\t\t\t\t\t\t\t\t\t\t\t\t<label for=\"form-field-message\" class=\"elementor-field-label\">\n\t\t\t\t\t\t\t\tNachricht\t\t\t\t\t\t\t<\/label>\n\t\t\t\t\t\t<textarea class=\"elementor-field-textual elementor-field  elementor-size-md\" name=\"form_fields[message]\" id=\"form-field-message\" rows=\"4\" placeholder=\"Teilen Sie uns Ihre Anfrage mit\" required=\"required\"><\/textarea>\t\t\t\t<\/div>\n\t\t\t\t\t\t\t\t<div class=\"elementor-field-type-acceptance elementor-field-group elementor-column elementor-field-group-field_7c1cc2b elementor-col-100 elementor-field-required elementor-mark-required\">\n\t\t\t\t\t\t\t\t\t\t\t\t<label for=\"form-field-field_7c1cc2b\" class=\"elementor-field-label\">\n\t\t\t\t\t\t\t\t  Der Zugang zu den auf der Website angebotenen Produkten und Dienstleistungen ist einzig und allein Personen \u00fcber 18 Jahren vorbehalten. Grundlegende Informationen zum Datenschutz. Coto Bajo Explotaciones Agr\u00edcolas, Ganaderas y Cineg\u00e9ticas, S.A. verarbeitet Ihre Daten, um auf Ihre Anfrage zu antworten und Ihnen dar\u00fcber hinaus kommerzielle Mitteilungen zukommen zu lassen, wenn Sie dies genehmigen. Sie k\u00f6nnen sich jederzeit abmelden. Sie k\u00f6nnen Ihre Rechte auf Zugang, Berichtigung, L\u00f6schung, Einschr\u00e4nkung, Widerspruch, \u00dcbertragbarkeit und darauf, nicht einer Entscheidung unterworfen zu werden, die ausschlie\u00dflich auf der automatisierten Verarbeitung Ihrer Daten beruht, unter der Adresse administracion@cotobajo.es aus\u00fcben. Bevor Sie uns Ihre Daten zur Verf\u00fcgung stellen, sollten Sie unsere <a href=\"https:\/\/cotobajo.es\/de\/richtlinie-zum-schutz-personenbezogener-daten\/\">Datenschutzklausel<\/a> f\u00fcr Ihre ausdr\u00fcckliche Zustimmung konsultieren.    \t\t\t\t\t\t\t<\/label>\n\t\t\t\t\t\t\t\t<div class=\"elementor-field-subgroup\">\n\t\t\t<span class=\"elementor-field-option\">\n\t\t\t\t<input type=\"checkbox\" name=\"form_fields[field_7c1cc2b]\" id=\"form-field-field_7c1cc2b\" class=\"elementor-field elementor-size-md  elementor-acceptance-field\" required=\"required\">\n\t\t\t\t<label for=\"form-field-field_7c1cc2b\">Ich habe die <a href=\"https:\/\/cotobajo.es\/de\/richtlinie-zum-schutz-personenbezogener-daten\/\">Datenschutzklausel<\/a> gelesen, verstanden und akzeptiere sie.<\/label>\t\t\t<\/span>\n\t\t<\/div>\n\t\t\t\t\t\t<\/div>\n\t\t\t\t\t\t\t\t<div class=\"elementor-field-type-recaptcha_v3 elementor-field-group elementor-column elementor-field-group-field_65e8ecc elementor-col-100 recaptcha_v3-inline\">\n\t\t\t\t\t<div class=\"elementor-field\" id=\"form-field-field_65e8ecc\"><div class=\"elementor-g-recaptcha\" data-sitekey=\"6LfB4SklAAAAAPp0jdeHgzpSnUnQ7NSimA_rE_yr\" data-type=\"v3\" data-action=\"Form\" data-badge=\"inline\" data-size=\"invisible\"><\/div><\/div>\t\t\t\t<\/div>\n\t\t\t\t\t\t\t\t<div class=\"elementor-field-group elementor-column elementor-field-type-submit elementor-col-100 e-form__buttons\">\n\t\t\t\t\t<button class=\"elementor-button elementor-size-md\" type=\"submit\">\n\t\t\t\t\t\t<span class=\"elementor-button-content-wrapper\">\n\t\t\t\t\t\t\t\t\t\t\t\t\t\t\t\t\t\t\t\t\t\t<span class=\"elementor-button-text\">Senden Sie<\/span>\n\t\t\t\t\t\t\t\t\t\t\t\t\t<\/span>\n\t\t\t\t\t<\/button>\n\t\t\t\t<\/div>\n\t\t\t<\/div>\n\t\t<\/form>\n\t\t\t\t\t\t<\/div>\n\t\t\t\t\t<\/div>\n\t\t\t\t<\/div>\n\t\t\t\t<\/div>\n\t\t","protected":false},"excerpt":{"rendered":"<p>Kontakt mit Coto Bajo Wo wir sind Wir befinden uns in der Ribera del Guadalquivir, einem weltweit einzigartigen Ort f\u00fcr sein Klima und die Vielfalt der B\u00f6den, die Coto Bajo eine ausgezeichnete Reifung seiner Fr\u00fcchte erm\u00f6glicht. Dies spiegelt sich im Aroma und im einzigartigen Geschmack der Nativen Oliven\u00f6le Extra wider, die wir aus unseren Ernten [&hellip;]<\/p>\n","protected":false},"author":7,"featured_media":0,"parent":0,"menu_order":0,"comment_status":"closed","ping_status":"closed","template":"elementor_header_footer","meta":{"_acf_changed":false,"_joinchat":[],"footnotes":""},"class_list":["post-13779","page","type-page","status-publish","hentry"],"acf":[],"yoast_head":"<!-- This site is optimized with the Yoast SEO plugin v27.4 - https:\/\/yoast.com\/product\/yoast-seo-wordpress\/ -->\n<title>Kontakt zu Coto Bajo: Verbinden Sie sich mit uns<\/title>\n<meta name=\"description\" content=\"Kontakt mit Coto Bajo, wir befinden uns in der Ribera del Guadalquivir, einem einzigartigen Ort f\u00fcr sein Klima und die Vielfalt der B\u00f6den in der Finca El Gamo.\" \/>\n<meta name=\"robots\" content=\"index, follow, max-snippet:-1, max-image-preview:large, max-video-preview:-1\" \/>\n<link rel=\"canonical\" href=\"https:\/\/cotobajo.es\/de\/kontakt\/\" \/>\n<meta property=\"og:locale\" content=\"de_DE\" \/>\n<meta property=\"og:type\" content=\"article\" \/>\n<meta property=\"og:title\" content=\"Kontakt zu Coto Bajo: Verbinden Sie sich mit uns\" \/>\n<meta property=\"og:description\" content=\"Kontakt mit Coto Bajo, wir befinden uns in der Ribera del Guadalquivir, einem einzigartigen Ort f\u00fcr sein Klima und die Vielfalt der B\u00f6den in der Finca El Gamo.\" \/>\n<meta property=\"og:url\" content=\"https:\/\/cotobajo.es\/de\/kontakt\/\" \/>\n<meta property=\"og:site_name\" content=\"Coto Bajo\" \/>\n<meta property=\"article:publisher\" content=\"https:\/\/www.facebook.com\/Coto-Bajo-394048128222\" \/>\n<meta property=\"article:modified_time\" content=\"2026-03-12T13:45:44+00:00\" \/>\n<meta property=\"og:image\" content=\"https:\/\/cotobajo.es\/wp-content\/uploads\/2024\/10\/hojas-olivo-ilustracion.png\" \/>\n\t<meta property=\"og:image:width\" content=\"160\" \/>\n\t<meta property=\"og:image:height\" content=\"91\" \/>\n\t<meta property=\"og:image:type\" content=\"image\/png\" \/>\n<meta name=\"twitter:card\" content=\"summary_large_image\" \/>\n<meta name=\"twitter:site\" content=\"@cotobajo\" \/>\n<meta name=\"twitter:label1\" content=\"Gesch\u00e4tzte Lesezeit\" \/>\n\t<meta name=\"twitter:data1\" content=\"2\u00a0Minuten\" \/>\n<script type=\"application\/ld+json\" class=\"yoast-schema-graph\">{\"@context\":\"https:\\\/\\\/schema.org\",\"@graph\":[{\"@type\":\"WebPage\",\"@id\":\"https:\\\/\\\/cotobajo.es\\\/de\\\/kontakt\\\/\",\"url\":\"https:\\\/\\\/cotobajo.es\\\/de\\\/kontakt\\\/\",\"name\":\"Kontakt zu Coto Bajo: Verbinden Sie sich mit uns\",\"isPartOf\":{\"@id\":\"https:\\\/\\\/cotobajo.es\\\/de\\\/#website\"},\"primaryImageOfPage\":{\"@id\":\"https:\\\/\\\/cotobajo.es\\\/de\\\/kontakt\\\/#primaryimage\"},\"image\":{\"@id\":\"https:\\\/\\\/cotobajo.es\\\/de\\\/kontakt\\\/#primaryimage\"},\"thumbnailUrl\":\"https:\\\/\\\/cotobajo.es\\\/wp-content\\\/uploads\\\/2024\\\/10\\\/hojas-olivo-ilustracion.png\",\"datePublished\":\"2020-10-12T17:26:17+00:00\",\"dateModified\":\"2026-03-12T13:45:44+00:00\",\"description\":\"Kontakt mit Coto Bajo, wir befinden uns in der Ribera del Guadalquivir, einem einzigartigen Ort f\u00fcr sein Klima und die Vielfalt der B\u00f6den in der Finca El Gamo.\",\"breadcrumb\":{\"@id\":\"https:\\\/\\\/cotobajo.es\\\/de\\\/kontakt\\\/#breadcrumb\"},\"inLanguage\":\"de\",\"potentialAction\":[{\"@type\":\"ReadAction\",\"target\":[\"https:\\\/\\\/cotobajo.es\\\/de\\\/kontakt\\\/\"]}]},{\"@type\":\"ImageObject\",\"inLanguage\":\"de\",\"@id\":\"https:\\\/\\\/cotobajo.es\\\/de\\\/kontakt\\\/#primaryimage\",\"url\":\"https:\\\/\\\/cotobajo.es\\\/wp-content\\\/uploads\\\/2024\\\/10\\\/hojas-olivo-ilustracion.png\",\"contentUrl\":\"https:\\\/\\\/cotobajo.es\\\/wp-content\\\/uploads\\\/2024\\\/10\\\/hojas-olivo-ilustracion.png\"},{\"@type\":\"BreadcrumbList\",\"@id\":\"https:\\\/\\\/cotobajo.es\\\/de\\\/kontakt\\\/#breadcrumb\",\"itemListElement\":[{\"@type\":\"ListItem\",\"position\":1,\"name\":\"Home\",\"item\":\"https:\\\/\\\/cotobajo.es\\\/de\\\/\"},{\"@type\":\"ListItem\",\"position\":2,\"name\":\"Kontakt\"}]},{\"@type\":\"WebSite\",\"@id\":\"https:\\\/\\\/cotobajo.es\\\/de\\\/#website\",\"url\":\"https:\\\/\\\/cotobajo.es\\\/de\\\/\",\"name\":\"Coto Bajo\",\"description\":\"Aceite de Oliva Virgen Extra, AOVE y Miel Artesanal\",\"publisher\":{\"@id\":\"https:\\\/\\\/cotobajo.es\\\/de\\\/#organization\"},\"potentialAction\":[{\"@type\":\"SearchAction\",\"target\":{\"@type\":\"EntryPoint\",\"urlTemplate\":\"https:\\\/\\\/cotobajo.es\\\/de\\\/?s={search_term_string}\"},\"query-input\":{\"@type\":\"PropertyValueSpecification\",\"valueRequired\":true,\"valueName\":\"search_term_string\"}}],\"inLanguage\":\"de\"},{\"@type\":\"Organization\",\"@id\":\"https:\\\/\\\/cotobajo.es\\\/de\\\/#organization\",\"name\":\"Coto Bajo\",\"url\":\"https:\\\/\\\/cotobajo.es\\\/de\\\/\",\"logo\":{\"@type\":\"ImageObject\",\"inLanguage\":\"de\",\"@id\":\"https:\\\/\\\/cotobajo.es\\\/de\\\/#\\\/schema\\\/logo\\\/image\\\/\",\"url\":\"https:\\\/\\\/cotobajo.es\\\/wp-content\\\/uploads\\\/2021\\\/02\\\/logo-header.svg\",\"contentUrl\":\"https:\\\/\\\/cotobajo.es\\\/wp-content\\\/uploads\\\/2021\\\/02\\\/logo-header.svg\",\"width\":1000,\"height\":558,\"caption\":\"Coto Bajo\"},\"image\":{\"@id\":\"https:\\\/\\\/cotobajo.es\\\/de\\\/#\\\/schema\\\/logo\\\/image\\\/\"},\"sameAs\":[\"https:\\\/\\\/www.facebook.com\\\/Coto-Bajo-394048128222\",\"https:\\\/\\\/x.com\\\/cotobajo\",\"https:\\\/\\\/www.instagram.com\\\/coto_bajo\\\/\",\"https:\\\/\\\/www.linkedin.com\\\/company\\\/coto-bajo-s-a\\\/\",\"https:\\\/\\\/www.youtube.com\\\/@coto_bajo\"]}]}<\/script>\n<!-- \/ Yoast SEO plugin. -->","yoast_head_json":{"title":"Kontakt zu Coto Bajo: Verbinden Sie sich mit uns","description":"Kontakt mit Coto Bajo, wir befinden uns in der Ribera del Guadalquivir, einem einzigartigen Ort f\u00fcr sein Klima und die Vielfalt der B\u00f6den in der Finca El Gamo.","robots":{"index":"index","follow":"follow","max-snippet":"max-snippet:-1","max-image-preview":"max-image-preview:large","max-video-preview":"max-video-preview:-1"},"canonical":"https:\/\/cotobajo.es\/de\/kontakt\/","og_locale":"de_DE","og_type":"article","og_title":"Kontakt zu Coto Bajo: Verbinden Sie sich mit uns","og_description":"Kontakt mit Coto Bajo, wir befinden uns in der Ribera del Guadalquivir, einem einzigartigen Ort f\u00fcr sein Klima und die Vielfalt der B\u00f6den in der Finca El Gamo.","og_url":"https:\/\/cotobajo.es\/de\/kontakt\/","og_site_name":"Coto Bajo","article_publisher":"https:\/\/www.facebook.com\/Coto-Bajo-394048128222","article_modified_time":"2026-03-12T13:45:44+00:00","og_image":[{"width":160,"height":91,"url":"https:\/\/cotobajo.es\/wp-content\/uploads\/2024\/10\/hojas-olivo-ilustracion.png","type":"image\/png"}],"twitter_card":"summary_large_image","twitter_site":"@cotobajo","twitter_misc":{"Gesch\u00e4tzte Lesezeit":"2\u00a0Minuten"},"schema":{"@context":"https:\/\/schema.org","@graph":[{"@type":"WebPage","@id":"https:\/\/cotobajo.es\/de\/kontakt\/","url":"https:\/\/cotobajo.es\/de\/kontakt\/","name":"Kontakt zu Coto Bajo: Verbinden Sie sich mit uns","isPartOf":{"@id":"https:\/\/cotobajo.es\/de\/#website"},"primaryImageOfPage":{"@id":"https:\/\/cotobajo.es\/de\/kontakt\/#primaryimage"},"image":{"@id":"https:\/\/cotobajo.es\/de\/kontakt\/#primaryimage"},"thumbnailUrl":"https:\/\/cotobajo.es\/wp-content\/uploads\/2024\/10\/hojas-olivo-ilustracion.png","datePublished":"2020-10-12T17:26:17+00:00","dateModified":"2026-03-12T13:45:44+00:00","description":"Kontakt mit Coto Bajo, wir befinden uns in der Ribera del Guadalquivir, einem einzigartigen Ort f\u00fcr sein Klima und die Vielfalt der B\u00f6den in der Finca El Gamo.","breadcrumb":{"@id":"https:\/\/cotobajo.es\/de\/kontakt\/#breadcrumb"},"inLanguage":"de","potentialAction":[{"@type":"ReadAction","target":["https:\/\/cotobajo.es\/de\/kontakt\/"]}]},{"@type":"ImageObject","inLanguage":"de","@id":"https:\/\/cotobajo.es\/de\/kontakt\/#primaryimage","url":"https:\/\/cotobajo.es\/wp-content\/uploads\/2024\/10\/hojas-olivo-ilustracion.png","contentUrl":"https:\/\/cotobajo.es\/wp-content\/uploads\/2024\/10\/hojas-olivo-ilustracion.png"},{"@type":"BreadcrumbList","@id":"https:\/\/cotobajo.es\/de\/kontakt\/#breadcrumb","itemListElement":[{"@type":"ListItem","position":1,"name":"Home","item":"https:\/\/cotobajo.es\/de\/"},{"@type":"ListItem","position":2,"name":"Kontakt"}]},{"@type":"WebSite","@id":"https:\/\/cotobajo.es\/de\/#website","url":"https:\/\/cotobajo.es\/de\/","name":"Coto Bajo","description":"Aceite de Oliva Virgen Extra, AOVE y Miel Artesanal","publisher":{"@id":"https:\/\/cotobajo.es\/de\/#organization"},"potentialAction":[{"@type":"SearchAction","target":{"@type":"EntryPoint","urlTemplate":"https:\/\/cotobajo.es\/de\/?s={search_term_string}"},"query-input":{"@type":"PropertyValueSpecification","valueRequired":true,"valueName":"search_term_string"}}],"inLanguage":"de"},{"@type":"Organization","@id":"https:\/\/cotobajo.es\/de\/#organization","name":"Coto Bajo","url":"https:\/\/cotobajo.es\/de\/","logo":{"@type":"ImageObject","inLanguage":"de","@id":"https:\/\/cotobajo.es\/de\/#\/schema\/logo\/image\/","url":"https:\/\/cotobajo.es\/wp-content\/uploads\/2021\/02\/logo-header.svg","contentUrl":"https:\/\/cotobajo.es\/wp-content\/uploads\/2021\/02\/logo-header.svg","width":1000,"height":558,"caption":"Coto Bajo"},"image":{"@id":"https:\/\/cotobajo.es\/de\/#\/schema\/logo\/image\/"},"sameAs":["https:\/\/www.facebook.com\/Coto-Bajo-394048128222","https:\/\/x.com\/cotobajo","https:\/\/www.instagram.com\/coto_bajo\/","https:\/\/www.linkedin.com\/company\/coto-bajo-s-a\/","https:\/\/www.youtube.com\/@coto_bajo"]}]}},"_links":{"self":[{"href":"https:\/\/cotobajo.es\/de\/wp-json\/wp\/v2\/pages\/13779","targetHints":{"allow":["GET"]}}],"collection":[{"href":"https:\/\/cotobajo.es\/de\/wp-json\/wp\/v2\/pages"}],"about":[{"href":"https:\/\/cotobajo.es\/de\/wp-json\/wp\/v2\/types\/page"}],"author":[{"embeddable":true,"href":"https:\/\/cotobajo.es\/de\/wp-json\/wp\/v2\/users\/7"}],"replies":[{"embeddable":true,"href":"https:\/\/cotobajo.es\/de\/wp-json\/wp\/v2\/comments?post=13779"}],"version-history":[{"count":0,"href":"https:\/\/cotobajo.es\/de\/wp-json\/wp\/v2\/pages\/13779\/revisions"}],"wp:attachment":[{"href":"https:\/\/cotobajo.es\/de\/wp-json\/wp\/v2\/media?parent=13779"}],"curies":[{"name":"wp","href":"https:\/\/api.w.org\/{rel}","templated":true}]}}