{"id":13877,"date":"2024-11-27T09:35:11","date_gmt":"2024-11-27T08:35:11","guid":{"rendered":"https:\/\/cotobajo.es\/zugaenglichkeit\/"},"modified":"2025-04-25T11:28:01","modified_gmt":"2025-04-25T09:28:01","slug":"zugaenglichkeit","status":"publish","type":"page","link":"https:\/\/cotobajo.es\/de\/zugaenglichkeit\/","title":{"rendered":"Zugaenglichkeit"},"content":{"rendered":"\n<p>COTO BAJO EXPLOTACIONES AGR\u00cdCOLAS GANADERAS Y CINEG\u00c9TICAS, S.A. mit der NIF A14094650 verpflichtet sich, seine Website gem\u00e4\u00df dem <a href=\"http:\/\/www.boe.es\/diario_boe\/txt.php?id=BOE-A-2018-12699\">K\u00f6niglichen Dekret 1112\/2018 vom 7. September \u00fcber die Zug\u00e4nglichkeit von Websites und Anwendungen des \u00f6ffentlichen Sektors f\u00fcr mobile Ger\u00e4te<\/a> zug\u00e4nglich zu machen <a href=\"http:\/\/www.boe.es\/diario_boe\/txt.php?id=BOE-A-2018-12699\">.<\/a><\/p>\n\n<p>Diese Erkl\u00e4rung zur Zug\u00e4nglichkeit gilt f\u00fcr die Website https:\/\/cotobajo.es\/.<\/p>\n\n<h2 class=\"wp-block-heading\">STAND DER EINHALTUNG<\/h2>\n\n<p>Diese Website entspricht teilweise der <a href=\"http:\/\/www.boe.es\/diario_boe\/txt.php?id=BOE-A-2018-12699\">RD 1112\/2018<\/a> aufgrund der Ausnahmen und der Nichteinhaltung der im folgenden Punkt genannten Aspekte.<\/p>\n\n<h2 class=\"wp-block-heading\"><strong>INHALT NICHT ZUG\u00c4NGLICH<\/strong><\/h2>\n\n<p>Der folgende Inhalt ist aus folgenden Gr\u00fcnden nicht zug\u00e4nglich:<\/p>\n\n<ul class=\"wp-block-list\">\n<li><strong>Nichteinhaltung des RD 1112\/2018<\/strong><\/li>\n<\/ul>\n\n<p>Auf einigen Webseiten kann es gelegentlich zu Codebearbeitungsfehlern kommen.  [4 .1.1 Procesamiento]<\/p>\n\n<p>Es kann sein, dass einige Komponenten der Benutzeroberfl\u00e4che nicht richtig beschriftet sind. [4.1.2 Name, Funktion, Wert]5.2 Aktivieren von Zug\u00e4nglichkeitsfunktionen (bedingt) <\/p>\n\n<p>5. allgemeine Anforderungen gelten nicht, auch nicht 6. Sprache, noch 7. Video, noch 10. nicht webbasierte Dokumente.      <\/p>\n\n<h2 class=\"wp-block-heading\">ERSTELLUNG DIESER ERKL\u00c4RUNG ZUR ZUG\u00c4NGLICHKEIT<\/h2>\n\n<p>Diese Erkl\u00e4rung wurde am 5. November 2024 erstellt.<\/p>\n\n<p>Die Methode, die zur Erstellung der Erkl\u00e4rung verwendet wurde, war eine Selbsteinsch\u00e4tzung, die von der Person durchgef\u00fchrt wurde, die f\u00fcr die Gestaltung und Entwicklung der Website verantwortlich ist.<\/p>\n\n<p>Die Erkl\u00e4rung zur Barrierefreiheit wurde \u00fcberarbeitet und im November 2024 aktualisiert.<\/p>\n\n<h2 class=\"wp-block-heading\">BEMERKUNGEN UND KONTAKTANGABEN<\/h2>\n\n<p>Sie k\u00f6nnen Mitteilungen \u00fcber Zug\u00e4nglichkeitsanforderungen (Artikel 10.2.a des RD 1112\/2018) machen, wie z.B.:<\/p>\n\n<ul class=\"wp-block-list\">\n<li>&#8211; Melden Sie m\u00f6gliche Verst\u00f6\u00dfe auf dieser Website<\/li>\n\n\n\n<li>andere Schwierigkeiten beim Zugriff auf den Inhalt zu \u00fcbermitteln.<\/li>\n\n\n\n<li>&#8211; Um sonstige Anfragen oder Verbesserungsvorschl\u00e4ge bez\u00fcglich der Zug\u00e4nglichkeit der Website zu machen.<\/li>\n<\/ul>\n\n<p>\u00fcber das Kontaktformular auf dieser Website.<\/p>\n\n<p>Sie k\u00f6nnen einreichen:<\/p>\n\n<ul class=\"wp-block-list\">\n<li>Beschwerde \u00fcber die Einhaltung der Anforderungen des RD 1112\/2018 oder<\/li>\n\n\n\n<li><\/li>\n<\/ul>\n\n<p>In dem Antrag auf Zugang zu Informationen m\u00fcssen die Fakten, die Gr\u00fcnde und der Antrag klar dargelegt werden, um nachzuweisen, dass der Antrag angemessen und rechtm\u00e4\u00dfig ist.<\/p>\n\n<p>Beschwerden und Reklamationen \u00fcber zug\u00e4ngliche Informationen werden \u00fcber das Kontaktformular eingereicht und von COTO BAJO EXPLOTACIONES AGR\u00cdCOLAS GANADERAS Y CINEG\u00c9TICAS, S.A. entgegengenommen und behandelt.<\/p>\n\n<h2 class=\"wp-block-heading\">BEWERBUNGSVERFAHREN<\/h2>\n\n<p>Wenn ein Antrag auf Zugang zu Informationen oder eine Beschwerde abgelehnt wurde, die betroffene Person mit der getroffenen Entscheidung nicht einverstanden ist oder die Antwort nicht den in Artikel 12.5 genannten Anforderungen entspricht, kann die betroffene Person eine Beschwerde einreichen. Ebenso kann eine Beschwerde eingeleitet werden, wenn die Frist von zwanzig Arbeitstagen verstrichen ist, ohne dass eine Antwort eingegangen ist. <\/p>\n\n<p>Die Beschwerde kann \u00fcber die allgemeine Instanz der elektronischen Zentrale des Ministeriums f\u00fcr Wirtschaft und digitale Transformation eingereicht werden, sowie \u00fcber die anderen im Gesetz 39\/2015 vom 1. Oktober \u00fcber das gemeinsame Verwaltungsverfahren der \u00f6ffentlichen Verwaltungen vorgesehenen M\u00f6glichkeiten. Die Beschwerden werden von der Untergeneraldirektion f\u00fcr die Inspektion von Dienstleistungen des Ministeriums entgegengenommen und bearbeitet. <\/p>\n\n<h2 class=\"wp-block-heading\">OPTIONALER INHALT<\/h2>\n\n<p>Dieses Portal ist so konzipiert, dass Sie die Textgr\u00f6\u00dfe und -farbe sowie den Hintergrund der Seite mithilfe der Standard-Browsereinstellungen \u00e4ndern k\u00f6nnen.<\/p>\n\n<p>Wenn Sie die Schriftgr\u00f6\u00dfe des Textes in den Hauptgrafikbrowsern \u00e4ndern m\u00f6chten, verwenden Sie die folgenden Men\u00fcs:<\/p>\n\n<ul class=\"wp-block-list\">\n<li>Internet Explorer, Mozilla und Firefox: Ansicht &gt; Textgr\u00f6\u00dfe<\/li>\n\n\n\n<li>Opera: Ansicht &gt; Zoom<\/li>\n\n\n\n<li>Safari: Ansicht &gt; Text gr\u00f6\u00dfer machen<\/li>\n\n\n\n<li>Chrome: Steuern Sie die aktuelle Seite &gt; Textgr\u00f6\u00dfe<\/li>\n\n\n\n<li>So \u00e4ndern Sie die Gr\u00f6\u00dfe aller Elemente auf der Seite:\n<ul class=\"wp-block-list\">\n<li>Strg + + zum Vergr\u00f6\u00dfern<\/li>\n\n\n\n<li>Strg + &#8211; zum Verringern<\/li>\n\n\n\n<li>Strg + 0 stellt die urspr\u00fcngliche Textgr\u00f6\u00dfe wieder her<\/li>\n\n\n\n<li>Wenn Sie das Stylesheet au\u00dfer Kraft setzen oder die Farbe des Textes \u00e4ndern m\u00f6chten, k\u00f6nnen Sie die Seite How to Change Text Size or Colors der WAI konsultieren, die auf Englisch unter How to Change Text Size or Colors zu finden ist.<\/li>\n<\/ul>\n<\/li>\n<\/ul>\n","protected":false},"excerpt":{"rendered":"<p>COTO BAJO EXPLOTACIONES AGR\u00cdCOLAS GANADERAS Y CINEG\u00c9TICAS, S.A. mit der NIF A14094650 verpflichtet sich, seine Website gem\u00e4\u00df dem K\u00f6niglichen Dekret 1112\/2018 vom 7. September \u00fcber die Zug\u00e4nglichkeit von Websites und Anwendungen des \u00f6ffentlichen Sektors f\u00fcr mobile Ger\u00e4te zug\u00e4nglich zu machen . Diese Erkl\u00e4rung zur Zug\u00e4nglichkeit gilt f\u00fcr die Website https:\/\/cotobajo.es\/. STAND DER EINHALTUNG Diese Website [&hellip;]<\/p>\n","protected":false},"author":98,"featured_media":0,"parent":0,"menu_order":0,"comment_status":"closed","ping_status":"closed","template":"","meta":{"_acf_changed":false,"_joinchat":[],"footnotes":""},"class_list":["post-13877","page","type-page","status-publish","hentry"],"acf":[],"yoast_head":"<!-- This site is optimized with the Yoast SEO plugin v27.4 - https:\/\/yoast.com\/product\/yoast-seo-wordpress\/ -->\n<title>Zugaenglichkeit bei Coto Bajo: Unser Engagement f\u00fcr Inklusion<\/title>\n<meta name=\"description\" content=\"Zugaenglichkeit: Erfahren Sie, wie unser Coto Bajo f\u00fcr alle Besucher barrierefrei und inklusiv gestaltet ist. Natur ohne Grenzen genie\u00dfen!\" \/>\n<meta name=\"robots\" content=\"noindex, nofollow\" \/>\n<meta property=\"og:locale\" content=\"de_DE\" \/>\n<meta property=\"og:type\" content=\"article\" \/>\n<meta property=\"og:title\" content=\"Zugaenglichkeit bei Coto Bajo: Unser Engagement f\u00fcr Inklusion\" \/>\n<meta property=\"og:description\" content=\"Zugaenglichkeit: Erfahren Sie, wie unser Coto Bajo f\u00fcr alle Besucher barrierefrei und inklusiv gestaltet ist. Natur ohne Grenzen genie\u00dfen!\" \/>\n<meta property=\"og:url\" content=\"https:\/\/cotobajo.es\/de\/zugaenglichkeit\/\" \/>\n<meta property=\"og:site_name\" content=\"Coto Bajo\" \/>\n<meta property=\"article:publisher\" content=\"https:\/\/www.facebook.com\/Coto-Bajo-394048128222\" \/>\n<meta property=\"article:modified_time\" content=\"2025-04-25T09:28:01+00:00\" \/>\n<meta name=\"twitter:card\" content=\"summary_large_image\" \/>\n<meta name=\"twitter:site\" content=\"@cotobajo\" \/>\n<meta name=\"twitter:label1\" content=\"Gesch\u00e4tzte Lesezeit\" \/>\n\t<meta name=\"twitter:data1\" content=\"3\u00a0Minuten\" \/>\n<script type=\"application\/ld+json\" class=\"yoast-schema-graph\">{\"@context\":\"https:\\\/\\\/schema.org\",\"@graph\":[{\"@type\":\"WebPage\",\"@id\":\"https:\\\/\\\/cotobajo.es\\\/de\\\/zugaenglichkeit\\\/\",\"url\":\"https:\\\/\\\/cotobajo.es\\\/de\\\/zugaenglichkeit\\\/\",\"name\":\"Zugaenglichkeit bei Coto Bajo: Unser Engagement f\u00fcr Inklusion\",\"isPartOf\":{\"@id\":\"https:\\\/\\\/cotobajo.es\\\/de\\\/#website\"},\"datePublished\":\"2024-11-27T08:35:11+00:00\",\"dateModified\":\"2025-04-25T09:28:01+00:00\",\"description\":\"Zugaenglichkeit: Erfahren Sie, wie unser Coto Bajo f\u00fcr alle Besucher barrierefrei und inklusiv gestaltet ist. Natur ohne Grenzen genie\u00dfen!\",\"breadcrumb\":{\"@id\":\"https:\\\/\\\/cotobajo.es\\\/de\\\/zugaenglichkeit\\\/#breadcrumb\"},\"inLanguage\":\"de\",\"potentialAction\":[{\"@type\":\"ReadAction\",\"target\":[\"https:\\\/\\\/cotobajo.es\\\/de\\\/zugaenglichkeit\\\/\"]}]},{\"@type\":\"BreadcrumbList\",\"@id\":\"https:\\\/\\\/cotobajo.es\\\/de\\\/zugaenglichkeit\\\/#breadcrumb\",\"itemListElement\":[{\"@type\":\"ListItem\",\"position\":1,\"name\":\"Home\",\"item\":\"https:\\\/\\\/cotobajo.es\\\/de\\\/\"},{\"@type\":\"ListItem\",\"position\":2,\"name\":\"Zugaenglichkeit\"}]},{\"@type\":\"WebSite\",\"@id\":\"https:\\\/\\\/cotobajo.es\\\/de\\\/#website\",\"url\":\"https:\\\/\\\/cotobajo.es\\\/de\\\/\",\"name\":\"Coto Bajo\",\"description\":\"Aceite de Oliva Virgen Extra, AOVE y Miel Artesanal\",\"publisher\":{\"@id\":\"https:\\\/\\\/cotobajo.es\\\/de\\\/#organization\"},\"potentialAction\":[{\"@type\":\"SearchAction\",\"target\":{\"@type\":\"EntryPoint\",\"urlTemplate\":\"https:\\\/\\\/cotobajo.es\\\/de\\\/?s={search_term_string}\"},\"query-input\":{\"@type\":\"PropertyValueSpecification\",\"valueRequired\":true,\"valueName\":\"search_term_string\"}}],\"inLanguage\":\"de\"},{\"@type\":\"Organization\",\"@id\":\"https:\\\/\\\/cotobajo.es\\\/de\\\/#organization\",\"name\":\"Coto Bajo\",\"url\":\"https:\\\/\\\/cotobajo.es\\\/de\\\/\",\"logo\":{\"@type\":\"ImageObject\",\"inLanguage\":\"de\",\"@id\":\"https:\\\/\\\/cotobajo.es\\\/de\\\/#\\\/schema\\\/logo\\\/image\\\/\",\"url\":\"https:\\\/\\\/cotobajo.es\\\/wp-content\\\/uploads\\\/2021\\\/02\\\/logo-header.svg\",\"contentUrl\":\"https:\\\/\\\/cotobajo.es\\\/wp-content\\\/uploads\\\/2021\\\/02\\\/logo-header.svg\",\"width\":1000,\"height\":558,\"caption\":\"Coto Bajo\"},\"image\":{\"@id\":\"https:\\\/\\\/cotobajo.es\\\/de\\\/#\\\/schema\\\/logo\\\/image\\\/\"},\"sameAs\":[\"https:\\\/\\\/www.facebook.com\\\/Coto-Bajo-394048128222\",\"https:\\\/\\\/x.com\\\/cotobajo\",\"https:\\\/\\\/www.instagram.com\\\/coto_bajo\\\/\",\"https:\\\/\\\/www.linkedin.com\\\/company\\\/coto-bajo-s-a\\\/\",\"https:\\\/\\\/www.youtube.com\\\/@coto_bajo\"]}]}<\/script>\n<!-- \/ Yoast SEO plugin. -->","yoast_head_json":{"title":"Zugaenglichkeit bei Coto Bajo: Unser Engagement f\u00fcr Inklusion","description":"Zugaenglichkeit: Erfahren Sie, wie unser Coto Bajo f\u00fcr alle Besucher barrierefrei und inklusiv gestaltet ist. Natur ohne Grenzen genie\u00dfen!","robots":{"index":"noindex","follow":"nofollow"},"og_locale":"de_DE","og_type":"article","og_title":"Zugaenglichkeit bei Coto Bajo: Unser Engagement f\u00fcr Inklusion","og_description":"Zugaenglichkeit: Erfahren Sie, wie unser Coto Bajo f\u00fcr alle Besucher barrierefrei und inklusiv gestaltet ist. Natur ohne Grenzen genie\u00dfen!","og_url":"https:\/\/cotobajo.es\/de\/zugaenglichkeit\/","og_site_name":"Coto Bajo","article_publisher":"https:\/\/www.facebook.com\/Coto-Bajo-394048128222","article_modified_time":"2025-04-25T09:28:01+00:00","twitter_card":"summary_large_image","twitter_site":"@cotobajo","twitter_misc":{"Gesch\u00e4tzte Lesezeit":"3\u00a0Minuten"},"schema":{"@context":"https:\/\/schema.org","@graph":[{"@type":"WebPage","@id":"https:\/\/cotobajo.es\/de\/zugaenglichkeit\/","url":"https:\/\/cotobajo.es\/de\/zugaenglichkeit\/","name":"Zugaenglichkeit bei Coto Bajo: Unser Engagement f\u00fcr Inklusion","isPartOf":{"@id":"https:\/\/cotobajo.es\/de\/#website"},"datePublished":"2024-11-27T08:35:11+00:00","dateModified":"2025-04-25T09:28:01+00:00","description":"Zugaenglichkeit: Erfahren Sie, wie unser Coto Bajo f\u00fcr alle Besucher barrierefrei und inklusiv gestaltet ist. Natur ohne Grenzen genie\u00dfen!","breadcrumb":{"@id":"https:\/\/cotobajo.es\/de\/zugaenglichkeit\/#breadcrumb"},"inLanguage":"de","potentialAction":[{"@type":"ReadAction","target":["https:\/\/cotobajo.es\/de\/zugaenglichkeit\/"]}]},{"@type":"BreadcrumbList","@id":"https:\/\/cotobajo.es\/de\/zugaenglichkeit\/#breadcrumb","itemListElement":[{"@type":"ListItem","position":1,"name":"Home","item":"https:\/\/cotobajo.es\/de\/"},{"@type":"ListItem","position":2,"name":"Zugaenglichkeit"}]},{"@type":"WebSite","@id":"https:\/\/cotobajo.es\/de\/#website","url":"https:\/\/cotobajo.es\/de\/","name":"Coto Bajo","description":"Aceite de Oliva Virgen Extra, AOVE y Miel Artesanal","publisher":{"@id":"https:\/\/cotobajo.es\/de\/#organization"},"potentialAction":[{"@type":"SearchAction","target":{"@type":"EntryPoint","urlTemplate":"https:\/\/cotobajo.es\/de\/?s={search_term_string}"},"query-input":{"@type":"PropertyValueSpecification","valueRequired":true,"valueName":"search_term_string"}}],"inLanguage":"de"},{"@type":"Organization","@id":"https:\/\/cotobajo.es\/de\/#organization","name":"Coto Bajo","url":"https:\/\/cotobajo.es\/de\/","logo":{"@type":"ImageObject","inLanguage":"de","@id":"https:\/\/cotobajo.es\/de\/#\/schema\/logo\/image\/","url":"https:\/\/cotobajo.es\/wp-content\/uploads\/2021\/02\/logo-header.svg","contentUrl":"https:\/\/cotobajo.es\/wp-content\/uploads\/2021\/02\/logo-header.svg","width":1000,"height":558,"caption":"Coto Bajo"},"image":{"@id":"https:\/\/cotobajo.es\/de\/#\/schema\/logo\/image\/"},"sameAs":["https:\/\/www.facebook.com\/Coto-Bajo-394048128222","https:\/\/x.com\/cotobajo","https:\/\/www.instagram.com\/coto_bajo\/","https:\/\/www.linkedin.com\/company\/coto-bajo-s-a\/","https:\/\/www.youtube.com\/@coto_bajo"]}]}},"_links":{"self":[{"href":"https:\/\/cotobajo.es\/de\/wp-json\/wp\/v2\/pages\/13877","targetHints":{"allow":["GET"]}}],"collection":[{"href":"https:\/\/cotobajo.es\/de\/wp-json\/wp\/v2\/pages"}],"about":[{"href":"https:\/\/cotobajo.es\/de\/wp-json\/wp\/v2\/types\/page"}],"author":[{"embeddable":true,"href":"https:\/\/cotobajo.es\/de\/wp-json\/wp\/v2\/users\/98"}],"replies":[{"embeddable":true,"href":"https:\/\/cotobajo.es\/de\/wp-json\/wp\/v2\/comments?post=13877"}],"version-history":[{"count":0,"href":"https:\/\/cotobajo.es\/de\/wp-json\/wp\/v2\/pages\/13877\/revisions"}],"wp:attachment":[{"href":"https:\/\/cotobajo.es\/de\/wp-json\/wp\/v2\/media?parent=13877"}],"curies":[{"name":"wp","href":"https:\/\/api.w.org\/{rel}","templated":true}]}}