{"id":14345,"date":"2023-03-22T11:07:49","date_gmt":"2023-03-22T10:07:49","guid":{"rendered":"https:\/\/cotobajo.es\/datenschutz-bei-auswahlverfahren\/"},"modified":"2026-02-04T11:13:15","modified_gmt":"2026-02-04T10:13:15","slug":"datenschutz-bei-auswahlverfahren","status":"publish","type":"page","link":"https:\/\/cotobajo.es\/de\/datenschutz-bei-auswahlverfahren\/","title":{"rendered":"Datenschutz bei Auswahlverfahren"},"content":{"rendered":"\t\t<div data-elementor-type=\"wp-page\" data-elementor-id=\"14345\" class=\"elementor elementor-14345 elementor-4702\" data-elementor-post-type=\"page\">\n\t\t\t\t\t\t<section class=\"elementor-section elementor-top-section elementor-element elementor-element-a84c645 elementor-section-boxed elementor-section-height-default elementor-section-height-default\" data-id=\"a84c645\" data-element_type=\"section\" data-e-type=\"section\">\n\t\t\t\t\t\t<div class=\"elementor-container elementor-column-gap-default\">\n\t\t\t\t\t<div class=\"elementor-column elementor-col-100 elementor-top-column elementor-element elementor-element-2c4efbe\" data-id=\"2c4efbe\" data-element_type=\"column\" data-e-type=\"column\">\n\t\t\t<div class=\"elementor-widget-wrap elementor-element-populated\">\n\t\t\t\t\t\t<div class=\"elementor-element elementor-element-c58089b elementor-widget elementor-widget-spacer\" data-id=\"c58089b\" data-element_type=\"widget\" data-e-type=\"widget\" data-widget_type=\"spacer.default\">\n\t\t\t\t\t\t\t<div class=\"elementor-spacer\">\n\t\t\t<div class=\"elementor-spacer-inner\"><\/div>\n\t\t<\/div>\n\t\t\t\t\t\t<\/div>\n\t\t\t\t<div class=\"elementor-element elementor-element-1fd0847 elementor-widget elementor-widget-heading\" data-id=\"1fd0847\" data-element_type=\"widget\" data-e-type=\"widget\" data-widget_type=\"heading.default\">\n\t\t\t\t\t<h1 class=\"elementor-heading-title elementor-size-default\">Datenschutz bei Auswahlverfahren Coto Bajo<\/h1>\t\t\t\t<\/div>\n\t\t\t\t<div class=\"elementor-element elementor-element-286a3be elementor-widget elementor-widget-text-editor\" data-id=\"286a3be\" data-element_type=\"widget\" data-e-type=\"widget\" data-widget_type=\"text-editor.default\">\n\t\t\t\t\t\t\t\t\t<h2><br>Informationen \u00fcber unsere Datenschutzpolitik in Ihrem Auswahlverfahren<\/h2><ol><li><u>Verantwortlich f\u00fcr die Verarbeitung<\/u>: Coto Bajo Explotaciones Agr\u00edcolas, Ganaderas y Cineg\u00e9ticas, S.A. mit CIF A14094650 und Sitz in Finca El Gamo s\/n Ctra. de Almod\u00f3var Km. 6,6 (CP 14130), Guadalc\u00e1zar, C\u00f3rdoba. E-Mail: administraci\u00f3n@cotobajo.es.  <\/li><li><u>Zweck der Datenverarbeitung<\/u>: Um Ihre Teilnahme an den entsprechenden Auswahlverfahren zu verwalten, die im unten angegebenen Zeitraum stattfinden und Ihren beruflichen Qualifikationen entsprechen, f\u00fcr die Ihre pers\u00f6nliche Bewerbung und Ihre Berufserfahrung auf der Grundlage der von Ihnen in Ihrem Lebenslauf gemachten Angaben bewertet werden, erkl\u00e4ren Sie sich mit der Verarbeitung zu dem angegebenen Zweck einverstanden. Au\u00dferdem werden Sie \u00fcber die von Ihnen angegebene E-Mail-Adresse \u00fcber die Entwicklung des Auswahlverfahrens informiert. Diese Informationen werden f\u00fcr einen Zeitraum von maximal einem Jahr aufbewahrt. Nach Ablauf dieses Zeitraums werden Ihre Daten unverz\u00fcglich gel\u00f6scht.  <\/li><li><u>Legitimation f\u00fcr die Verarbeitung Ihrer Daten<\/u>: Die Verarbeitung der Daten, die Sie Coto Bajo Explotaciones Agr\u00edcolas, Ganaderas y Cineg\u00e9ticas, S.A. in Ihrem Lebenslauf zur Verf\u00fcgung stellen (Identifikations- und Kontaktdaten; Bild; Ausbildung und Berufserfahrung), ist auf der Grundlage der von Ihnen erteilten Einwilligung f\u00fcr den Hauptzweck legitimiert, der f\u00fcr Ihre Teilnahme an den entsprechenden Auswahlverfahren erforderlich ist.<\/li><\/ol><p>Indem Sie uns Ihre Daten zur Verf\u00fcgung stellen, erkl\u00e4ren Sie, dass Sie der Inhaber dieser Daten sind und dass sie wahrheitsgem\u00e4\u00df und aktuell sind. Ebenso wird Coto Bajo Explotaciones Agr\u00edcolas, Ganaderas y Cineg\u00e9ticas, S.A. die Daten l\u00f6schen oder berichtigen, wenn sie ungenau, unvollst\u00e4ndig oder f\u00fcr ihren Zweck nicht mehr erforderlich oder relevant sind. Ihre Daten werden jedoch in unseren Systemen aufbewahrt, solange die Beziehung aufrechterhalten wird und nach ihrer Beendigung (entweder weil ein Jahr vergangen ist, seit Sie Ihren Lebenslauf vorgelegt haben, oder weil Sie Ihre Einwilligung widerrufen haben), w\u00e4hrend der geltenden gesetzlichen Verj\u00e4hrungsfristen. In diesem Fall werden sie ausschlie\u00dflich zu dem Zweck verarbeitet, die Einhaltung unserer gesetzlichen oder vertraglichen Verpflichtungen zu belegen oder m\u00f6gliche Anspr\u00fcche geltend zu machen oder zu verteidigen. Nach Ablauf dieser Verj\u00e4hrungsfristen werden Ihre Daten gel\u00f6scht oder alternativ anonymisiert.   <\/p><ol start=\"4\"><li><u>Empf\u00e4nger Ihrer Daten<\/u>: Es werden keine Daten an Dritte weitergegeben, es sei denn, Sie sind gesetzlich dazu verpflichtet. Es findet keine internationale Daten\u00fcbermittlung statt, mit der Ausnahme, dass Coto Bajo Explotaciones Agr\u00edcolas, Ganaderas y Cineg\u00e9ticas, S.A. die Dienste von Anbietern in Drittl\u00e4ndern in Anspruch nehmen kann, sofern alle Anforderungen der Datenschutzbestimmungen erf\u00fcllt sind und die notwendigen Garantien und Schutzma\u00dfnahmen zur Wahrung der Privatsph\u00e4re der Daten angewendet werden. F\u00fcr weitere Informationen zu den Datenschutzgarantien k\u00f6nnen Sie unser Unternehmen unter den in Punkt 1 angegebenen Adressen kontaktieren.  <\/li><li><u>Rechte der Betroffenen<\/u>: Sie haben das Recht, auf die von Coto Bajo Explotaciones Agr\u00edcolas, Ganaderas y Cineg\u00e9ticas, S.A. gespeicherten personenbezogenen Daten zuzugreifen, sie zu \u00e4ndern oder zu l\u00f6schen, sowie zu verlangen, dass wir die Verarbeitung Ihrer Daten einschr\u00e4nken und sie nur zur Aus\u00fcbung oder Verteidigung von Anspr\u00fcchen aufbewahren. Sie k\u00f6nnen sich der Verarbeitung Ihrer personenbezogenen Daten widersetzen, so dass Coto Bajo Explotaciones Agr\u00edcolas, Ganaderas y Cineg\u00e9ticas, S.A. die Verarbeitung Ihrer Daten einstellt, es sei denn, es liegen zwingende legitime Gr\u00fcnde vor oder es geht um die Geltendmachung oder Verteidigung etwaiger Anspr\u00fcche. <\/li><\/ol><p>Sie k\u00f6nnen die \u00dcbertragbarkeit Ihrer personenbezogenen Daten verlangen. In diesem Fall werden wir Ihre personenbezogenen Daten an Sie oder an den von Ihnen in Ihrer Anfrage angegebenen Anbieter weitergeben. Sie haben das Recht, nicht einer Entscheidung unterworfen zu werden, die ausschlie\u00dflich auf einer automatisierten Datenverarbeitung, einschlie\u00dflich Profiling, beruht. Sie k\u00f6nnen eine von Ihnen ausdr\u00fccklich erteilte Einwilligung widerrufen, indem Sie dies in Ihrem Antrag angeben.  <\/p><p>Die Betroffenen k\u00f6nnen ihre Rechte bei Coto Bajo Explotaciones Agr\u00edcolas, Ganaderas y Cineg\u00e9ticas, S.A. selbst oder durch einen gesetzlichen bzw. freiwilligen Vertreter geltend machen, indem sie einen entsprechenden Antrag an eine der in Punkt 1 genannten Adressen richten und neben der DNI oder einem gleichwertigen Dokument des Betroffenen die \u00f6ffentliche Urkunde, mit der die Vertretung des Dritten best\u00e4tigt wird, sowie eine Fotokopie ihrer DNI oder eines gleichwertigen Dokuments vorlegen.<\/p><ol start=\"6\"><li><u>Reklamationen<\/u>: Im Falle einer Verletzung Ihrer Rechte k\u00f6nnen Sie eine Beschwerde bei der Spanischen Datenschutzbeh\u00f6rde einreichen, die die zust\u00e4ndige Aufsichtsbeh\u00f6rde f\u00fcr den Schutz Ihrer personenbezogenen Daten ist. Diese ist \u00fcber ihren elektronischen Sitz oder ihre Postanschrift erreichbar, die Sie auf der Website <a href=\"http:\/\/www.aepd.es\">aepd.es<\/a> einsehen k\u00f6nnen.<\/li><\/ol>\t\t\t\t\t\t\t\t<\/div>\n\t\t\t\t\t<\/div>\n\t\t<\/div>\n\t\t\t\t\t<\/div>\n\t\t<\/section>\n\t\t\t\t<section class=\"elementor-section elementor-top-section elementor-element elementor-element-d157bd9 elementor-section-boxed elementor-section-height-default elementor-section-height-default\" data-id=\"d157bd9\" data-element_type=\"section\" data-e-type=\"section\">\n\t\t\t\t\t\t<div class=\"elementor-container elementor-column-gap-default\">\n\t\t\t\t\t<div class=\"elementor-column elementor-col-100 elementor-top-column elementor-element elementor-element-b80b877\" data-id=\"b80b877\" data-element_type=\"column\" data-e-type=\"column\">\n\t\t\t<div class=\"elementor-widget-wrap elementor-element-populated\">\n\t\t\t\t\t\t<div class=\"elementor-element elementor-element-a1a4fd9 elementor-widget elementor-widget-spacer\" data-id=\"a1a4fd9\" data-element_type=\"widget\" data-e-type=\"widget\" data-widget_type=\"spacer.default\">\n\t\t\t\t\t\t\t<div class=\"elementor-spacer\">\n\t\t\t<div class=\"elementor-spacer-inner\"><\/div>\n\t\t<\/div>\n\t\t\t\t\t\t<\/div>\n\t\t\t\t\t<\/div>\n\t\t<\/div>\n\t\t\t\t\t<\/div>\n\t\t<\/section>\n\t\t\t\t<\/div>\n\t\t","protected":false},"excerpt":{"rendered":"<p>Datenschutz bei Auswahlverfahren Coto Bajo Informationen \u00fcber unsere Datenschutzpolitik in Ihrem Auswahlverfahren Verantwortlich f\u00fcr die Verarbeitung: Coto Bajo Explotaciones Agr\u00edcolas, Ganaderas y Cineg\u00e9ticas, S.A. mit CIF A14094650 und Sitz in Finca El Gamo s\/n Ctra. de Almod\u00f3var Km. 6,6 (CP 14130), Guadalc\u00e1zar, C\u00f3rdoba. E-Mail: administraci\u00f3n@cotobajo.es. Zweck der Datenverarbeitung: Um Ihre Teilnahme an den entsprechenden Auswahlverfahren [&hellip;]<\/p>\n","protected":false},"author":7,"featured_media":0,"parent":0,"menu_order":0,"comment_status":"closed","ping_status":"closed","template":"elementor_header_footer","meta":{"_acf_changed":false,"_joinchat":[],"footnotes":""},"class_list":["post-14345","page","type-page","status-publish","hentry"],"acf":[],"yoast_head":"<!-- This site is optimized with the Yoast SEO plugin v27.4 - https:\/\/yoast.com\/product\/yoast-seo-wordpress\/ -->\n<title>Datenschutz bei Auswahlverfahren | Coto Bajo<\/title>\n<meta name=\"robots\" content=\"noindex, nofollow\" \/>\n<meta property=\"og:locale\" content=\"de_DE\" \/>\n<meta property=\"og:type\" content=\"article\" \/>\n<meta property=\"og:title\" content=\"Datenschutz bei Auswahlverfahren | Coto Bajo\" \/>\n<meta property=\"og:description\" content=\"Datenschutz bei Auswahlverfahren Coto Bajo Informationen \u00fcber unsere Datenschutzpolitik in Ihrem Auswahlverfahren Verantwortlich f\u00fcr die Verarbeitung: Coto Bajo Explotaciones Agr\u00edcolas, Ganaderas y Cineg\u00e9ticas, S.A. mit CIF A14094650 und Sitz in Finca El Gamo s\/n Ctra. de Almod\u00f3var Km. 6,6 (CP 14130), Guadalc\u00e1zar, C\u00f3rdoba. E-Mail: administraci\u00f3n@cotobajo.es. Zweck der Datenverarbeitung: Um Ihre Teilnahme an den entsprechenden Auswahlverfahren [&hellip;]\" \/>\n<meta property=\"og:url\" content=\"https:\/\/cotobajo.es\/de\/datenschutz-bei-auswahlverfahren\/\" \/>\n<meta property=\"og:site_name\" content=\"Coto Bajo\" \/>\n<meta property=\"article:publisher\" content=\"https:\/\/www.facebook.com\/Coto-Bajo-394048128222\" \/>\n<meta property=\"article:modified_time\" content=\"2026-02-04T10:13:15+00:00\" \/>\n<meta name=\"twitter:card\" content=\"summary_large_image\" \/>\n<meta name=\"twitter:site\" content=\"@cotobajo\" \/>\n<meta name=\"twitter:label1\" content=\"Gesch\u00e4tzte Lesezeit\" \/>\n\t<meta name=\"twitter:data1\" content=\"4\u00a0Minuten\" \/>\n<script type=\"application\/ld+json\" class=\"yoast-schema-graph\">{\"@context\":\"https:\\\/\\\/schema.org\",\"@graph\":[{\"@type\":\"WebPage\",\"@id\":\"https:\\\/\\\/cotobajo.es\\\/de\\\/datenschutz-bei-auswahlverfahren\\\/\",\"url\":\"https:\\\/\\\/cotobajo.es\\\/de\\\/datenschutz-bei-auswahlverfahren\\\/\",\"name\":\"Datenschutz bei Auswahlverfahren | Coto Bajo\",\"isPartOf\":{\"@id\":\"https:\\\/\\\/cotobajo.es\\\/de\\\/#website\"},\"datePublished\":\"2023-03-22T10:07:49+00:00\",\"dateModified\":\"2026-02-04T10:13:15+00:00\",\"breadcrumb\":{\"@id\":\"https:\\\/\\\/cotobajo.es\\\/de\\\/datenschutz-bei-auswahlverfahren\\\/#breadcrumb\"},\"inLanguage\":\"de\",\"potentialAction\":[{\"@type\":\"ReadAction\",\"target\":[\"https:\\\/\\\/cotobajo.es\\\/de\\\/datenschutz-bei-auswahlverfahren\\\/\"]}]},{\"@type\":\"BreadcrumbList\",\"@id\":\"https:\\\/\\\/cotobajo.es\\\/de\\\/datenschutz-bei-auswahlverfahren\\\/#breadcrumb\",\"itemListElement\":[{\"@type\":\"ListItem\",\"position\":1,\"name\":\"Home\",\"item\":\"https:\\\/\\\/cotobajo.es\\\/de\\\/\"},{\"@type\":\"ListItem\",\"position\":2,\"name\":\"Datenschutz bei Auswahlverfahren\"}]},{\"@type\":\"WebSite\",\"@id\":\"https:\\\/\\\/cotobajo.es\\\/de\\\/#website\",\"url\":\"https:\\\/\\\/cotobajo.es\\\/de\\\/\",\"name\":\"Coto Bajo\",\"description\":\"Aceite de Oliva Virgen Extra, AOVE y Miel Artesanal\",\"publisher\":{\"@id\":\"https:\\\/\\\/cotobajo.es\\\/de\\\/#organization\"},\"potentialAction\":[{\"@type\":\"SearchAction\",\"target\":{\"@type\":\"EntryPoint\",\"urlTemplate\":\"https:\\\/\\\/cotobajo.es\\\/de\\\/?s={search_term_string}\"},\"query-input\":{\"@type\":\"PropertyValueSpecification\",\"valueRequired\":true,\"valueName\":\"search_term_string\"}}],\"inLanguage\":\"de\"},{\"@type\":\"Organization\",\"@id\":\"https:\\\/\\\/cotobajo.es\\\/de\\\/#organization\",\"name\":\"Coto Bajo\",\"url\":\"https:\\\/\\\/cotobajo.es\\\/de\\\/\",\"logo\":{\"@type\":\"ImageObject\",\"inLanguage\":\"de\",\"@id\":\"https:\\\/\\\/cotobajo.es\\\/de\\\/#\\\/schema\\\/logo\\\/image\\\/\",\"url\":\"https:\\\/\\\/cotobajo.es\\\/wp-content\\\/uploads\\\/2021\\\/02\\\/logo-header.svg\",\"contentUrl\":\"https:\\\/\\\/cotobajo.es\\\/wp-content\\\/uploads\\\/2021\\\/02\\\/logo-header.svg\",\"width\":1000,\"height\":558,\"caption\":\"Coto Bajo\"},\"image\":{\"@id\":\"https:\\\/\\\/cotobajo.es\\\/de\\\/#\\\/schema\\\/logo\\\/image\\\/\"},\"sameAs\":[\"https:\\\/\\\/www.facebook.com\\\/Coto-Bajo-394048128222\",\"https:\\\/\\\/x.com\\\/cotobajo\",\"https:\\\/\\\/www.instagram.com\\\/coto_bajo\\\/\",\"https:\\\/\\\/www.linkedin.com\\\/company\\\/coto-bajo-s-a\\\/\",\"https:\\\/\\\/www.youtube.com\\\/@coto_bajo\"]}]}<\/script>\n<!-- \/ Yoast SEO plugin. -->","yoast_head_json":{"title":"Datenschutz bei Auswahlverfahren | Coto Bajo","robots":{"index":"noindex","follow":"nofollow"},"og_locale":"de_DE","og_type":"article","og_title":"Datenschutz bei Auswahlverfahren | Coto Bajo","og_description":"Datenschutz bei Auswahlverfahren Coto Bajo Informationen \u00fcber unsere Datenschutzpolitik in Ihrem Auswahlverfahren Verantwortlich f\u00fcr die Verarbeitung: Coto Bajo Explotaciones Agr\u00edcolas, Ganaderas y Cineg\u00e9ticas, S.A. mit CIF A14094650 und Sitz in Finca El Gamo s\/n Ctra. de Almod\u00f3var Km. 6,6 (CP 14130), Guadalc\u00e1zar, C\u00f3rdoba. E-Mail: administraci\u00f3n@cotobajo.es. Zweck der Datenverarbeitung: Um Ihre Teilnahme an den entsprechenden Auswahlverfahren [&hellip;]","og_url":"https:\/\/cotobajo.es\/de\/datenschutz-bei-auswahlverfahren\/","og_site_name":"Coto Bajo","article_publisher":"https:\/\/www.facebook.com\/Coto-Bajo-394048128222","article_modified_time":"2026-02-04T10:13:15+00:00","twitter_card":"summary_large_image","twitter_site":"@cotobajo","twitter_misc":{"Gesch\u00e4tzte Lesezeit":"4\u00a0Minuten"},"schema":{"@context":"https:\/\/schema.org","@graph":[{"@type":"WebPage","@id":"https:\/\/cotobajo.es\/de\/datenschutz-bei-auswahlverfahren\/","url":"https:\/\/cotobajo.es\/de\/datenschutz-bei-auswahlverfahren\/","name":"Datenschutz bei Auswahlverfahren | Coto Bajo","isPartOf":{"@id":"https:\/\/cotobajo.es\/de\/#website"},"datePublished":"2023-03-22T10:07:49+00:00","dateModified":"2026-02-04T10:13:15+00:00","breadcrumb":{"@id":"https:\/\/cotobajo.es\/de\/datenschutz-bei-auswahlverfahren\/#breadcrumb"},"inLanguage":"de","potentialAction":[{"@type":"ReadAction","target":["https:\/\/cotobajo.es\/de\/datenschutz-bei-auswahlverfahren\/"]}]},{"@type":"BreadcrumbList","@id":"https:\/\/cotobajo.es\/de\/datenschutz-bei-auswahlverfahren\/#breadcrumb","itemListElement":[{"@type":"ListItem","position":1,"name":"Home","item":"https:\/\/cotobajo.es\/de\/"},{"@type":"ListItem","position":2,"name":"Datenschutz bei Auswahlverfahren"}]},{"@type":"WebSite","@id":"https:\/\/cotobajo.es\/de\/#website","url":"https:\/\/cotobajo.es\/de\/","name":"Coto Bajo","description":"Aceite de Oliva Virgen Extra, AOVE y Miel Artesanal","publisher":{"@id":"https:\/\/cotobajo.es\/de\/#organization"},"potentialAction":[{"@type":"SearchAction","target":{"@type":"EntryPoint","urlTemplate":"https:\/\/cotobajo.es\/de\/?s={search_term_string}"},"query-input":{"@type":"PropertyValueSpecification","valueRequired":true,"valueName":"search_term_string"}}],"inLanguage":"de"},{"@type":"Organization","@id":"https:\/\/cotobajo.es\/de\/#organization","name":"Coto Bajo","url":"https:\/\/cotobajo.es\/de\/","logo":{"@type":"ImageObject","inLanguage":"de","@id":"https:\/\/cotobajo.es\/de\/#\/schema\/logo\/image\/","url":"https:\/\/cotobajo.es\/wp-content\/uploads\/2021\/02\/logo-header.svg","contentUrl":"https:\/\/cotobajo.es\/wp-content\/uploads\/2021\/02\/logo-header.svg","width":1000,"height":558,"caption":"Coto Bajo"},"image":{"@id":"https:\/\/cotobajo.es\/de\/#\/schema\/logo\/image\/"},"sameAs":["https:\/\/www.facebook.com\/Coto-Bajo-394048128222","https:\/\/x.com\/cotobajo","https:\/\/www.instagram.com\/coto_bajo\/","https:\/\/www.linkedin.com\/company\/coto-bajo-s-a\/","https:\/\/www.youtube.com\/@coto_bajo"]}]}},"_links":{"self":[{"href":"https:\/\/cotobajo.es\/de\/wp-json\/wp\/v2\/pages\/14345","targetHints":{"allow":["GET"]}}],"collection":[{"href":"https:\/\/cotobajo.es\/de\/wp-json\/wp\/v2\/pages"}],"about":[{"href":"https:\/\/cotobajo.es\/de\/wp-json\/wp\/v2\/types\/page"}],"author":[{"embeddable":true,"href":"https:\/\/cotobajo.es\/de\/wp-json\/wp\/v2\/users\/7"}],"replies":[{"embeddable":true,"href":"https:\/\/cotobajo.es\/de\/wp-json\/wp\/v2\/comments?post=14345"}],"version-history":[{"count":0,"href":"https:\/\/cotobajo.es\/de\/wp-json\/wp\/v2\/pages\/14345\/revisions"}],"wp:attachment":[{"href":"https:\/\/cotobajo.es\/de\/wp-json\/wp\/v2\/media?parent=14345"}],"curies":[{"name":"wp","href":"https:\/\/api.w.org\/{rel}","templated":true}]}}