{"id":14558,"date":"2024-01-20T13:22:13","date_gmt":"2024-01-20T12:22:13","guid":{"rendered":"https:\/\/cotobajo.es\/product\/coto-bajo-orangenblueten-und-blumen-honig-set-1kg\/"},"modified":"2025-09-08T11:59:10","modified_gmt":"2025-09-08T09:59:10","slug":"estuche-miel-de-azahar-y-miel-de-flores-de-campina-cotobajo-1kg","status":"publish","type":"product","link":"https:\/\/cotobajo.es\/de\/product\/estuche-miel-de-azahar-y-miel-de-flores-de-campina-cotobajo-1kg\/","title":{"rendered":"Geschenkbox Orangenbl\u00fcten und Blumenhonig Coto Bajo 2x500g"},"content":{"rendered":"<p><strong>Pr\u00e4sentation: 1 Glas mit 500 g Orangenbl\u00fctenhonig + 1 Glas mit 500 g Landbl\u00fctenhonig in einer Schachtel.<\/strong><\/p>\n<p><strong>Orangenbl\u00fctenhonig<\/strong> ist ein reiner handwerklich hergestellter Honig, der in den Monaten M\u00e4rz und April in der Provinz C\u00f3rdoba gesammelt wird, wenn die Bienen den Nektar aus den Orangenbl\u00fcten der Orangenb\u00e4ume absondern. Ein heller, bernsteinfarbener Honig, der aufgrund seiner Zartheit am Gaumen und seines einzigartigen, f\u00fcr Zitrusbl\u00fcten charakteristischen Geschmacks und Aromas als die K\u00f6nigin der aromatischen Honige gilt. Er ist botanischen Ursprungs, wird von einem zugelassenen Imker gesammelt, auf nat\u00fcrliche Weise gelagert und dekantiert, verfl\u00fcssigt und mit einer Dekantierpumpe gefiltert. Der <strong>Bl\u00fctenhonig vom Lande<\/strong> aus den Bienenst\u00f6cken in unserem Olivenhain, wo die Bienen den Nektar der wilden Blumen der Landschaft des Cordovas trinken. Er ist botanischen Ursprungs, wird von einem zugelassenen Imker gesammelt, gelagert und auf nat\u00fcrliche Weise dekantiert, verfl\u00fcssigt und mit einer Dekantierpumpe gefiltert.<\/p>\n","protected":false},"excerpt":{"rendered":"<p><strong>Pr\u00e4sentation: 1 Glas mit 500 g Orangenbl\u00fctenhonig + 1 Glas mit 500 g Landbl\u00fctenhonig in einer Schachtel.<\/strong><\/p>\n<p><strong>Orangenbl\u00fctenhonig<\/strong> ist ein reiner handwerklich hergestellter Honig, der in den Monaten M\u00e4rz und April in der Provinz C\u00f3rdoba gesammelt wird, wenn die Bienen den Nektar aus den Orangenbl\u00fcten der Orangenb\u00e4ume absondern. Ein heller, bernsteinfarbener Honig, der aufgrund seiner Zartheit am Gaumen und seines einzigartigen, f\u00fcr Zitrusbl\u00fcten charakteristischen Geschmacks und Aromas als die K\u00f6nigin der aromatischen Honige gilt. Er ist botanischen Ursprungs, wird von einem zugelassenen Imker gesammelt, auf nat\u00fcrliche Weise gelagert und dekantiert, verfl\u00fcssigt und mit einer Dekantierpumpe gefiltert. Der <strong>Bl\u00fctenhonig vom Lande<\/strong> aus den Bienenst\u00f6cken in unserem Olivenhain, wo die Bienen den Nektar der wilden Blumen der Landschaft des Cordovas trinken. Er ist botanischen Ursprungs, wird von einem zugelassenen Imker gesammelt, gelagert und auf nat\u00fcrliche Weise dekantiert, verfl\u00fcssigt und mit einer Dekantierpumpe gefiltert.<\/p>\n","protected":false},"featured_media":13463,"comment_status":"open","ping_status":"closed","template":"","meta":{"_acf_changed":false,"_joinchat":[]},"product_brand":[],"product_cat":[261],"product_tag":[],"class_list":{"0":"post-14558","1":"product","2":"type-product","3":"status-publish","4":"has-post-thumbnail","6":"product_cat-honig","8":"first","9":"instock","10":"featured","11":"taxable","12":"shipping-taxable","13":"purchasable","14":"product-type-simple"},"acf":[],"yoast_head":"<!-- This site is optimized with the Yoast SEO plugin v27.4 - https:\/\/yoast.com\/product\/yoast-seo-wordpress\/ -->\n<title>Geschenkbox Honig Orangenbl\u00fcte &amp; Bl\u00fcten 2x500g \u2013 Coto Bajo<\/title>\n<meta name=\"description\" content=\"Geschenkset mit 2 Gl\u00e4sern Honig: 500g Orangenbl\u00fctenhonig und 500g Wildbl\u00fctenhonig von Coto Bajo, insgesamt 1kg pure nat\u00fcrliche S\u00fc\u00dfe.\" \/>\n<meta name=\"robots\" content=\"index, follow, max-snippet:-1, max-image-preview:large, max-video-preview:-1\" \/>\n<link rel=\"canonical\" href=\"https:\/\/cotobajo.es\/de\/product\/estuche-miel-de-azahar-y-miel-de-flores-de-campina-cotobajo-1kg\/\" \/>\n<meta property=\"og:locale\" content=\"de_DE\" \/>\n<meta property=\"og:type\" content=\"article\" \/>\n<meta property=\"og:title\" content=\"Geschenkbox Honig Orangenbl\u00fcte &amp; Bl\u00fcten 2x500g \u2013 Coto Bajo\" \/>\n<meta property=\"og:description\" content=\"Geschenkset mit 2 Gl\u00e4sern Honig: 500g Orangenbl\u00fctenhonig und 500g Wildbl\u00fctenhonig von Coto Bajo, insgesamt 1kg pure nat\u00fcrliche S\u00fc\u00dfe.\" \/>\n<meta property=\"og:url\" content=\"https:\/\/cotobajo.es\/de\/product\/estuche-miel-de-azahar-y-miel-de-flores-de-campina-cotobajo-1kg\/\" \/>\n<meta property=\"og:site_name\" content=\"Coto Bajo\" \/>\n<meta property=\"article:publisher\" content=\"https:\/\/www.facebook.com\/Coto-Bajo-394048128222\" \/>\n<meta property=\"article:modified_time\" content=\"2025-09-08T09:59:10+00:00\" \/>\n<meta property=\"og:image\" content=\"https:\/\/cotobajo.es\/wp-content\/uploads\/2022\/04\/miel-artesanal-azahar-y-flores-campo-estuche-2uds.jpg\" \/>\n\t<meta property=\"og:image:width\" content=\"1080\" \/>\n\t<meta property=\"og:image:height\" content=\"1080\" \/>\n\t<meta property=\"og:image:type\" content=\"image\/jpeg\" \/>\n<meta name=\"twitter:card\" content=\"summary_large_image\" \/>\n<meta name=\"twitter:site\" content=\"@cotobajo\" \/>\n<meta name=\"twitter:label1\" content=\"Gesch\u00e4tzte Lesezeit\" \/>\n\t<meta name=\"twitter:data1\" content=\"1\u00a0Minute\" \/>\n<script type=\"application\/ld+json\" class=\"yoast-schema-graph\">{\"@context\":\"https:\\\/\\\/schema.org\",\"@graph\":[{\"@type\":\"WebPage\",\"@id\":\"https:\\\/\\\/cotobajo.es\\\/de\\\/product\\\/estuche-miel-de-azahar-y-miel-de-flores-de-campina-cotobajo-1kg\\\/\",\"url\":\"https:\\\/\\\/cotobajo.es\\\/de\\\/product\\\/estuche-miel-de-azahar-y-miel-de-flores-de-campina-cotobajo-1kg\\\/\",\"name\":\"Geschenkbox Honig Orangenbl\u00fcte & Bl\u00fcten 2x500g \u2013 Coto Bajo\",\"isPartOf\":{\"@id\":\"https:\\\/\\\/cotobajo.es\\\/de\\\/#website\"},\"primaryImageOfPage\":{\"@id\":\"https:\\\/\\\/cotobajo.es\\\/de\\\/product\\\/estuche-miel-de-azahar-y-miel-de-flores-de-campina-cotobajo-1kg\\\/#primaryimage\"},\"image\":{\"@id\":\"https:\\\/\\\/cotobajo.es\\\/de\\\/product\\\/estuche-miel-de-azahar-y-miel-de-flores-de-campina-cotobajo-1kg\\\/#primaryimage\"},\"thumbnailUrl\":\"https:\\\/\\\/cotobajo.es\\\/wp-content\\\/uploads\\\/2022\\\/04\\\/miel-artesanal-azahar-y-flores-campo-estuche-2uds.jpg\",\"datePublished\":\"2024-01-20T12:22:13+00:00\",\"dateModified\":\"2025-09-08T09:59:10+00:00\",\"description\":\"Geschenkset mit 2 Gl\u00e4sern Honig: 500g Orangenbl\u00fctenhonig und 500g Wildbl\u00fctenhonig von Coto Bajo, insgesamt 1kg pure nat\u00fcrliche S\u00fc\u00dfe.\",\"breadcrumb\":{\"@id\":\"https:\\\/\\\/cotobajo.es\\\/de\\\/product\\\/estuche-miel-de-azahar-y-miel-de-flores-de-campina-cotobajo-1kg\\\/#breadcrumb\"},\"inLanguage\":\"de\",\"potentialAction\":[{\"@type\":\"ReadAction\",\"target\":[\"https:\\\/\\\/cotobajo.es\\\/de\\\/product\\\/estuche-miel-de-azahar-y-miel-de-flores-de-campina-cotobajo-1kg\\\/\"]}]},{\"@type\":\"ImageObject\",\"inLanguage\":\"de\",\"@id\":\"https:\\\/\\\/cotobajo.es\\\/de\\\/product\\\/estuche-miel-de-azahar-y-miel-de-flores-de-campina-cotobajo-1kg\\\/#primaryimage\",\"url\":\"https:\\\/\\\/cotobajo.es\\\/wp-content\\\/uploads\\\/2022\\\/04\\\/miel-artesanal-azahar-y-flores-campo-estuche-2uds.jpg\",\"contentUrl\":\"https:\\\/\\\/cotobajo.es\\\/wp-content\\\/uploads\\\/2022\\\/04\\\/miel-artesanal-azahar-y-flores-campo-estuche-2uds.jpg\",\"width\":1080,\"height\":1080,\"caption\":\"handwerklicher-honig-azahar-und-blumenfeld-honig-kiste-2uds\"},{\"@type\":\"BreadcrumbList\",\"@id\":\"https:\\\/\\\/cotobajo.es\\\/de\\\/product\\\/estuche-miel-de-azahar-y-miel-de-flores-de-campina-cotobajo-1kg\\\/#breadcrumb\",\"itemListElement\":[{\"@type\":\"ListItem\",\"position\":1,\"name\":\"Home\",\"item\":\"https:\\\/\\\/cotobajo.es\\\/de\\\/\"},{\"@type\":\"ListItem\",\"position\":2,\"name\":\"Produkte\",\"item\":\"https:\\\/\\\/cotobajo.es\\\/de\\\/shop\\\/\"},{\"@type\":\"ListItem\",\"position\":3,\"name\":\"Honig\",\"item\":\"https:\\\/\\\/cotobajo.es\\\/de\\\/product-category\\\/honig\\\/\"},{\"@type\":\"ListItem\",\"position\":4,\"name\":\"Geschenkbox Orangenbl\u00fcten und Blumenhonig Coto Bajo 2x500g\"}]},{\"@type\":\"WebSite\",\"@id\":\"https:\\\/\\\/cotobajo.es\\\/de\\\/#website\",\"url\":\"https:\\\/\\\/cotobajo.es\\\/de\\\/\",\"name\":\"Coto Bajo\",\"description\":\"Aceite de Oliva Virgen Extra, AOVE y Miel Artesanal\",\"publisher\":{\"@id\":\"https:\\\/\\\/cotobajo.es\\\/de\\\/#organization\"},\"potentialAction\":[{\"@type\":\"SearchAction\",\"target\":{\"@type\":\"EntryPoint\",\"urlTemplate\":\"https:\\\/\\\/cotobajo.es\\\/de\\\/?s={search_term_string}\"},\"query-input\":{\"@type\":\"PropertyValueSpecification\",\"valueRequired\":true,\"valueName\":\"search_term_string\"}}],\"inLanguage\":\"de\"},{\"@type\":\"Organization\",\"@id\":\"https:\\\/\\\/cotobajo.es\\\/de\\\/#organization\",\"name\":\"Coto Bajo\",\"url\":\"https:\\\/\\\/cotobajo.es\\\/de\\\/\",\"logo\":{\"@type\":\"ImageObject\",\"inLanguage\":\"de\",\"@id\":\"https:\\\/\\\/cotobajo.es\\\/de\\\/#\\\/schema\\\/logo\\\/image\\\/\",\"url\":\"https:\\\/\\\/cotobajo.es\\\/wp-content\\\/uploads\\\/2021\\\/02\\\/logo-header.svg\",\"contentUrl\":\"https:\\\/\\\/cotobajo.es\\\/wp-content\\\/uploads\\\/2021\\\/02\\\/logo-header.svg\",\"width\":1000,\"height\":558,\"caption\":\"Coto Bajo\"},\"image\":{\"@id\":\"https:\\\/\\\/cotobajo.es\\\/de\\\/#\\\/schema\\\/logo\\\/image\\\/\"},\"sameAs\":[\"https:\\\/\\\/www.facebook.com\\\/Coto-Bajo-394048128222\",\"https:\\\/\\\/x.com\\\/cotobajo\",\"https:\\\/\\\/www.instagram.com\\\/coto_bajo\\\/\",\"https:\\\/\\\/www.linkedin.com\\\/company\\\/coto-bajo-s-a\\\/\",\"https:\\\/\\\/www.youtube.com\\\/@coto_bajo\"]}]}<\/script>\n<!-- \/ Yoast SEO plugin. -->","yoast_head_json":{"title":"Geschenkbox Honig Orangenbl\u00fcte & Bl\u00fcten 2x500g \u2013 Coto Bajo","description":"Geschenkset mit 2 Gl\u00e4sern Honig: 500g Orangenbl\u00fctenhonig und 500g Wildbl\u00fctenhonig von Coto Bajo, insgesamt 1kg pure nat\u00fcrliche S\u00fc\u00dfe.","robots":{"index":"index","follow":"follow","max-snippet":"max-snippet:-1","max-image-preview":"max-image-preview:large","max-video-preview":"max-video-preview:-1"},"canonical":"https:\/\/cotobajo.es\/de\/product\/estuche-miel-de-azahar-y-miel-de-flores-de-campina-cotobajo-1kg\/","og_locale":"de_DE","og_type":"article","og_title":"Geschenkbox Honig Orangenbl\u00fcte & Bl\u00fcten 2x500g \u2013 Coto Bajo","og_description":"Geschenkset mit 2 Gl\u00e4sern Honig: 500g Orangenbl\u00fctenhonig und 500g Wildbl\u00fctenhonig von Coto Bajo, insgesamt 1kg pure nat\u00fcrliche S\u00fc\u00dfe.","og_url":"https:\/\/cotobajo.es\/de\/product\/estuche-miel-de-azahar-y-miel-de-flores-de-campina-cotobajo-1kg\/","og_site_name":"Coto Bajo","article_publisher":"https:\/\/www.facebook.com\/Coto-Bajo-394048128222","article_modified_time":"2025-09-08T09:59:10+00:00","og_image":[{"width":1080,"height":1080,"url":"https:\/\/cotobajo.es\/wp-content\/uploads\/2022\/04\/miel-artesanal-azahar-y-flores-campo-estuche-2uds.jpg","type":"image\/jpeg"}],"twitter_card":"summary_large_image","twitter_site":"@cotobajo","twitter_misc":{"Gesch\u00e4tzte Lesezeit":"1\u00a0Minute"},"schema":{"@context":"https:\/\/schema.org","@graph":[{"@type":"WebPage","@id":"https:\/\/cotobajo.es\/de\/product\/estuche-miel-de-azahar-y-miel-de-flores-de-campina-cotobajo-1kg\/","url":"https:\/\/cotobajo.es\/de\/product\/estuche-miel-de-azahar-y-miel-de-flores-de-campina-cotobajo-1kg\/","name":"Geschenkbox Honig Orangenbl\u00fcte & Bl\u00fcten 2x500g \u2013 Coto Bajo","isPartOf":{"@id":"https:\/\/cotobajo.es\/de\/#website"},"primaryImageOfPage":{"@id":"https:\/\/cotobajo.es\/de\/product\/estuche-miel-de-azahar-y-miel-de-flores-de-campina-cotobajo-1kg\/#primaryimage"},"image":{"@id":"https:\/\/cotobajo.es\/de\/product\/estuche-miel-de-azahar-y-miel-de-flores-de-campina-cotobajo-1kg\/#primaryimage"},"thumbnailUrl":"https:\/\/cotobajo.es\/wp-content\/uploads\/2022\/04\/miel-artesanal-azahar-y-flores-campo-estuche-2uds.jpg","datePublished":"2024-01-20T12:22:13+00:00","dateModified":"2025-09-08T09:59:10+00:00","description":"Geschenkset mit 2 Gl\u00e4sern Honig: 500g Orangenbl\u00fctenhonig und 500g Wildbl\u00fctenhonig von Coto Bajo, insgesamt 1kg pure nat\u00fcrliche S\u00fc\u00dfe.","breadcrumb":{"@id":"https:\/\/cotobajo.es\/de\/product\/estuche-miel-de-azahar-y-miel-de-flores-de-campina-cotobajo-1kg\/#breadcrumb"},"inLanguage":"de","potentialAction":[{"@type":"ReadAction","target":["https:\/\/cotobajo.es\/de\/product\/estuche-miel-de-azahar-y-miel-de-flores-de-campina-cotobajo-1kg\/"]}]},{"@type":"ImageObject","inLanguage":"de","@id":"https:\/\/cotobajo.es\/de\/product\/estuche-miel-de-azahar-y-miel-de-flores-de-campina-cotobajo-1kg\/#primaryimage","url":"https:\/\/cotobajo.es\/wp-content\/uploads\/2022\/04\/miel-artesanal-azahar-y-flores-campo-estuche-2uds.jpg","contentUrl":"https:\/\/cotobajo.es\/wp-content\/uploads\/2022\/04\/miel-artesanal-azahar-y-flores-campo-estuche-2uds.jpg","width":1080,"height":1080,"caption":"handwerklicher-honig-azahar-und-blumenfeld-honig-kiste-2uds"},{"@type":"BreadcrumbList","@id":"https:\/\/cotobajo.es\/de\/product\/estuche-miel-de-azahar-y-miel-de-flores-de-campina-cotobajo-1kg\/#breadcrumb","itemListElement":[{"@type":"ListItem","position":1,"name":"Home","item":"https:\/\/cotobajo.es\/de\/"},{"@type":"ListItem","position":2,"name":"Produkte","item":"https:\/\/cotobajo.es\/de\/shop\/"},{"@type":"ListItem","position":3,"name":"Honig","item":"https:\/\/cotobajo.es\/de\/product-category\/honig\/"},{"@type":"ListItem","position":4,"name":"Geschenkbox Orangenbl\u00fcten und Blumenhonig Coto Bajo 2x500g"}]},{"@type":"WebSite","@id":"https:\/\/cotobajo.es\/de\/#website","url":"https:\/\/cotobajo.es\/de\/","name":"Coto Bajo","description":"Aceite de Oliva Virgen Extra, AOVE y Miel Artesanal","publisher":{"@id":"https:\/\/cotobajo.es\/de\/#organization"},"potentialAction":[{"@type":"SearchAction","target":{"@type":"EntryPoint","urlTemplate":"https:\/\/cotobajo.es\/de\/?s={search_term_string}"},"query-input":{"@type":"PropertyValueSpecification","valueRequired":true,"valueName":"search_term_string"}}],"inLanguage":"de"},{"@type":"Organization","@id":"https:\/\/cotobajo.es\/de\/#organization","name":"Coto Bajo","url":"https:\/\/cotobajo.es\/de\/","logo":{"@type":"ImageObject","inLanguage":"de","@id":"https:\/\/cotobajo.es\/de\/#\/schema\/logo\/image\/","url":"https:\/\/cotobajo.es\/wp-content\/uploads\/2021\/02\/logo-header.svg","contentUrl":"https:\/\/cotobajo.es\/wp-content\/uploads\/2021\/02\/logo-header.svg","width":1000,"height":558,"caption":"Coto Bajo"},"image":{"@id":"https:\/\/cotobajo.es\/de\/#\/schema\/logo\/image\/"},"sameAs":["https:\/\/www.facebook.com\/Coto-Bajo-394048128222","https:\/\/x.com\/cotobajo","https:\/\/www.instagram.com\/coto_bajo\/","https:\/\/www.linkedin.com\/company\/coto-bajo-s-a\/","https:\/\/www.youtube.com\/@coto_bajo"]}]}},"_links":{"self":[{"href":"https:\/\/cotobajo.es\/de\/wp-json\/wp\/v2\/product\/14558","targetHints":{"allow":["GET"]}}],"collection":[{"href":"https:\/\/cotobajo.es\/de\/wp-json\/wp\/v2\/product"}],"about":[{"href":"https:\/\/cotobajo.es\/de\/wp-json\/wp\/v2\/types\/product"}],"replies":[{"embeddable":true,"href":"https:\/\/cotobajo.es\/de\/wp-json\/wp\/v2\/comments?post=14558"}],"wp:featuredmedia":[{"embeddable":true,"href":"https:\/\/cotobajo.es\/de\/wp-json\/wp\/v2\/media\/13463"}],"wp:attachment":[{"href":"https:\/\/cotobajo.es\/de\/wp-json\/wp\/v2\/media?parent=14558"}],"wp:term":[{"taxonomy":"product_brand","embeddable":true,"href":"https:\/\/cotobajo.es\/de\/wp-json\/wp\/v2\/product_brand?post=14558"},{"taxonomy":"product_cat","embeddable":true,"href":"https:\/\/cotobajo.es\/de\/wp-json\/wp\/v2\/product_cat?post=14558"},{"taxonomy":"product_tag","embeddable":true,"href":"https:\/\/cotobajo.es\/de\/wp-json\/wp\/v2\/product_tag?post=14558"}],"curies":[{"name":"wp","href":"https:\/\/api.w.org\/{rel}","templated":true}]}}