{"id":14572,"date":"2024-09-24T11:31:45","date_gmt":"2024-09-24T09:31:45","guid":{"rendered":"https:\/\/cotobajo.es\/product\/ecological-evoo-besondere-auswahl-3-liter-karaffe\/"},"modified":"2025-02-07T12:12:52","modified_gmt":"2025-02-07T11:12:52","slug":"aove-ecologico-seleccion-especial-garrafa-3-litros","status":"publish","type":"product","link":"https:\/\/cotobajo.es\/de\/product\/aove-ecologico-seleccion-especial-garrafa-3-litros\/","title":{"rendered":"BIO Natives Oliven\u00f6l Extra 3 Liter"},"content":{"rendered":"<p><strong>Pr\u00e4sentation: 3-Liter-Karaffe<\/strong><\/p>\n<p><strong>Natives Bio-Oliven\u00f6l Extra<\/strong> von au\u00dfergew\u00f6hnlicher Qualit\u00e4t, aus einer fr\u00fchen Ernte, mit intensiven aromatischen Nuancen, die an frisch gem\u00e4htes Gras, Apfel, Tomate und Mandel erinnern. Es zeichnet sich durch einen sehr fl\u00fcssigen, s\u00fc\u00dfen und eleganten Einstieg im Mund aus, der in Harmonie mit einer leichten Bitterkeit und einer w\u00fcrzigen Note am Ende endet.<\/p>\n<p>Es stammt aus unserem <strong>Bio-Olivenhain<\/strong>, der nach den strengen Richtlinien des \u00f6kologischen Landbaus bewirtschaftet wird und von der Kontrollbeh\u00f6rde zertifiziert ist, was garantiert, dass sowohl die Oliven als auch das gewonnene \u00d6l frei von chemischen Produkten wie Herbiziden, Pestiziden und D\u00fcngemitteln sind.<\/p>\n<p>Unser <strong>Natives Bio-Oliven\u00f6l Extra \u201eSpecial Selection\u201c<\/strong> ist eine Zusammenstellung ausgew\u00e4hlter Sorten, die wir verkostet und ausgesucht haben, um ein \u00d6l mit ausgewogenen Aromen und Geschmackseigenschaften zu schaffen, das sich ideal f\u00fcr Gem\u00fcsegerichte, Cremes und So\u00dfen eignet.<\/p>\n<p>Dieses \u00d6l bewahrt alle Qualit\u00e4ten und Eigenschaften unseres <strong>Nativen Oliven\u00f6ls Extra Coto Bajo<\/strong>, mit dem zus\u00e4tzlichen Vorteil, dass es sich um ein biologisches Produkt handelt, das im Einklang mit der Natur angebaut und hergestellt wird. Es ist ideal f\u00fcr Verbraucher, die sich der positiven Auswirkungen bewusst sind, die nachhaltige landwirtschaftliche Techniken auf die Umwelt haben.<\/p>\n<p>EAN: 8437010033209<\/p>\n<p>&nbsp;<\/p>\n","protected":false},"excerpt":{"rendered":"<p><strong>Pr\u00e4sentation: 3-Liter-Karaffe<\/strong><\/p>\n<p><strong>Natives Bio-Oliven\u00f6l Extra<\/strong> von au\u00dfergew\u00f6hnlicher Qualit\u00e4t, aus einer fr\u00fchen Ernte, mit intensiven aromatischen Nuancen, die an frisch gem\u00e4htes Gras, Apfel, Tomate und Mandel erinnern. Es zeichnet sich durch einen sehr fl\u00fcssigen, s\u00fc\u00dfen und eleganten Einstieg im Mund aus, der in Harmonie mit einer leichten Bitterkeit und einer w\u00fcrzigen Note am Ende endet.<\/p>\n<p>Es stammt aus unserem <strong>Bio-Olivenhain<\/strong>, der nach den strengen Richtlinien des \u00f6kologischen Landbaus bewirtschaftet wird und von der Kontrollbeh\u00f6rde zertifiziert ist, was garantiert, dass sowohl die Oliven als auch das gewonnene \u00d6l frei von chemischen Produkten wie Herbiziden, Pestiziden und D\u00fcngemitteln sind.<\/p>\n<p>Unser <strong>Natives Bio-Oliven\u00f6l Extra \u201eSpecial Selection\u201c<\/strong> ist eine Zusammenstellung ausgew\u00e4hlter Sorten, die wir verkostet und ausgesucht haben, um ein \u00d6l mit ausgewogenen Aromen und Geschmackseigenschaften zu schaffen, das sich ideal f\u00fcr Gem\u00fcsegerichte, Cremes und So\u00dfen eignet.<\/p>\n<p>Dieses \u00d6l bewahrt alle Qualit\u00e4ten und Eigenschaften unseres <strong>Nativen Oliven\u00f6ls Extra Coto Bajo<\/strong>, mit dem zus\u00e4tzlichen Vorteil, dass es sich um ein biologisches Produkt handelt, das im Einklang mit der Natur angebaut und hergestellt wird. Es ist ideal f\u00fcr Verbraucher, die sich der positiven Auswirkungen bewusst sind, die nachhaltige landwirtschaftliche Techniken auf die Umwelt haben.<\/p>\n<p>EAN: 8437010033209<\/p>\n<p>&nbsp;<\/p>\n","protected":false},"featured_media":13307,"comment_status":"open","ping_status":"closed","template":"","meta":{"_acf_changed":false,"_joinchat":[]},"product_brand":[],"product_cat":[276],"product_tag":[613,636,590,621,357,618,624,655,615,633,630],"class_list":{"0":"post-14572","1":"product","2":"type-product","3":"status-publish","4":"has-post-thumbnail","6":"product_cat-natives-bio-olivenol-extra","7":"product_tag-andalusisches-olivenol","8":"product_tag-andalusisches-produkt","9":"product_tag-evoo","10":"product_tag-gourmet-olivenol","11":"product_tag-natives-olivenoel-extra","12":"product_tag-natives-olivenol-extra-3-liter","13":"product_tag-natives-olivenol-extra-gastronomie","14":"product_tag-natives-olivenol-extra-kanister","15":"product_tag-olivenol-direkt-vom-produzenten","16":"product_tag-olivenol-kanister-3-liter","17":"product_tag-olivenol-online-kaufen","19":"first","20":"instock","21":"featured","22":"taxable","23":"shipping-taxable","24":"purchasable","25":"product-type-variable","26":"has-default-attributes"},"acf":[],"yoast_head":"<!-- This site is optimized with the Yoast SEO plugin v27.4 - https:\/\/yoast.com\/product\/yoast-seo-wordpress\/ -->\n<title>BIO Natives Oliven\u00f6l Extra 3 Liter | Coto Bajo<\/title>\n<meta name=\"description\" content=\"Bio-EVO aus fr\u00fcher Ernte mit aromatischen Nuancen, die an frisch geschnittenes Gras, Apfel, Tomate und Mandel erinnern.\" \/>\n<meta name=\"robots\" content=\"index, follow, max-snippet:-1, max-image-preview:large, max-video-preview:-1\" \/>\n<link rel=\"canonical\" href=\"https:\/\/cotobajo.es\/de\/product\/aove-ecologico-seleccion-especial-garrafa-3-litros\/\" \/>\n<meta property=\"og:locale\" content=\"de_DE\" \/>\n<meta property=\"og:type\" content=\"article\" \/>\n<meta property=\"og:title\" content=\"BIO Natives Oliven\u00f6l Extra 3 Liter | Coto Bajo\" \/>\n<meta property=\"og:description\" content=\"Bio-EVO aus fr\u00fcher Ernte mit aromatischen Nuancen, die an frisch geschnittenes Gras, Apfel, Tomate und Mandel erinnern.\" \/>\n<meta property=\"og:url\" content=\"https:\/\/cotobajo.es\/de\/product\/aove-ecologico-seleccion-especial-garrafa-3-litros\/\" \/>\n<meta property=\"og:site_name\" content=\"Coto Bajo\" \/>\n<meta property=\"article:publisher\" content=\"https:\/\/www.facebook.com\/Coto-Bajo-394048128222\" \/>\n<meta property=\"article:modified_time\" content=\"2025-02-07T11:12:52+00:00\" \/>\n<meta property=\"og:image\" content=\"https:\/\/cotobajo.es\/wp-content\/uploads\/2024\/02\/AOVE-ecologico-seleccion-especial-garrafa-3L.jpg\" \/>\n\t<meta property=\"og:image:width\" content=\"1080\" \/>\n\t<meta property=\"og:image:height\" content=\"1080\" \/>\n\t<meta property=\"og:image:type\" content=\"image\/jpeg\" \/>\n<meta name=\"twitter:card\" content=\"summary_large_image\" \/>\n<meta name=\"twitter:site\" content=\"@cotobajo\" \/>\n<meta name=\"twitter:label1\" content=\"Gesch\u00e4tzte Lesezeit\" \/>\n\t<meta name=\"twitter:data1\" content=\"2\u00a0Minuten\" \/>\n<script type=\"application\/ld+json\" class=\"yoast-schema-graph\">{\"@context\":\"https:\\\/\\\/schema.org\",\"@graph\":[{\"@type\":\"WebPage\",\"@id\":\"https:\\\/\\\/cotobajo.es\\\/de\\\/product\\\/aove-ecologico-seleccion-especial-garrafa-3-litros\\\/\",\"url\":\"https:\\\/\\\/cotobajo.es\\\/de\\\/product\\\/aove-ecologico-seleccion-especial-garrafa-3-litros\\\/\",\"name\":\"BIO Natives Oliven\u00f6l Extra 3 Liter | Coto Bajo\",\"isPartOf\":{\"@id\":\"https:\\\/\\\/cotobajo.es\\\/de\\\/#website\"},\"primaryImageOfPage\":{\"@id\":\"https:\\\/\\\/cotobajo.es\\\/de\\\/product\\\/aove-ecologico-seleccion-especial-garrafa-3-litros\\\/#primaryimage\"},\"image\":{\"@id\":\"https:\\\/\\\/cotobajo.es\\\/de\\\/product\\\/aove-ecologico-seleccion-especial-garrafa-3-litros\\\/#primaryimage\"},\"thumbnailUrl\":\"https:\\\/\\\/cotobajo.es\\\/wp-content\\\/uploads\\\/2024\\\/02\\\/AOVE-ecologico-seleccion-especial-garrafa-3L.jpg\",\"datePublished\":\"2024-09-24T09:31:45+00:00\",\"dateModified\":\"2025-02-07T11:12:52+00:00\",\"description\":\"Bio-EVO aus fr\u00fcher Ernte mit aromatischen Nuancen, die an frisch geschnittenes Gras, Apfel, Tomate und Mandel erinnern.\",\"breadcrumb\":{\"@id\":\"https:\\\/\\\/cotobajo.es\\\/de\\\/product\\\/aove-ecologico-seleccion-especial-garrafa-3-litros\\\/#breadcrumb\"},\"inLanguage\":\"de\",\"potentialAction\":[{\"@type\":\"ReadAction\",\"target\":[\"https:\\\/\\\/cotobajo.es\\\/de\\\/product\\\/aove-ecologico-seleccion-especial-garrafa-3-litros\\\/\"]}]},{\"@type\":\"ImageObject\",\"inLanguage\":\"de\",\"@id\":\"https:\\\/\\\/cotobajo.es\\\/de\\\/product\\\/aove-ecologico-seleccion-especial-garrafa-3-litros\\\/#primaryimage\",\"url\":\"https:\\\/\\\/cotobajo.es\\\/wp-content\\\/uploads\\\/2024\\\/02\\\/AOVE-ecologico-seleccion-especial-garrafa-3L.jpg\",\"contentUrl\":\"https:\\\/\\\/cotobajo.es\\\/wp-content\\\/uploads\\\/2024\\\/02\\\/AOVE-ecologico-seleccion-especial-garrafa-3L.jpg\",\"width\":1080,\"height\":1080,\"caption\":\"EVOO-\u00f6kologische-auslese-spezial-garrafa-3L\"},{\"@type\":\"BreadcrumbList\",\"@id\":\"https:\\\/\\\/cotobajo.es\\\/de\\\/product\\\/aove-ecologico-seleccion-especial-garrafa-3-litros\\\/#breadcrumb\",\"itemListElement\":[{\"@type\":\"ListItem\",\"position\":1,\"name\":\"Home\",\"item\":\"https:\\\/\\\/cotobajo.es\\\/de\\\/\"},{\"@type\":\"ListItem\",\"position\":2,\"name\":\"Produkte\",\"item\":\"https:\\\/\\\/cotobajo.es\\\/de\\\/shop\\\/\"},{\"@type\":\"ListItem\",\"position\":3,\"name\":\"Natives Bio-Oliven\u00f6l extra\",\"item\":\"https:\\\/\\\/cotobajo.es\\\/de\\\/product-category\\\/natives-bio-olivenol-extra\\\/\"},{\"@type\":\"ListItem\",\"position\":4,\"name\":\"BIO Natives Oliven\u00f6l Extra 3 Liter\"}]},{\"@type\":\"WebSite\",\"@id\":\"https:\\\/\\\/cotobajo.es\\\/de\\\/#website\",\"url\":\"https:\\\/\\\/cotobajo.es\\\/de\\\/\",\"name\":\"Coto Bajo\",\"description\":\"Aceite de Oliva Virgen Extra, AOVE y Miel Artesanal\",\"publisher\":{\"@id\":\"https:\\\/\\\/cotobajo.es\\\/de\\\/#organization\"},\"potentialAction\":[{\"@type\":\"SearchAction\",\"target\":{\"@type\":\"EntryPoint\",\"urlTemplate\":\"https:\\\/\\\/cotobajo.es\\\/de\\\/?s={search_term_string}\"},\"query-input\":{\"@type\":\"PropertyValueSpecification\",\"valueRequired\":true,\"valueName\":\"search_term_string\"}}],\"inLanguage\":\"de\"},{\"@type\":\"Organization\",\"@id\":\"https:\\\/\\\/cotobajo.es\\\/de\\\/#organization\",\"name\":\"Coto Bajo\",\"url\":\"https:\\\/\\\/cotobajo.es\\\/de\\\/\",\"logo\":{\"@type\":\"ImageObject\",\"inLanguage\":\"de\",\"@id\":\"https:\\\/\\\/cotobajo.es\\\/de\\\/#\\\/schema\\\/logo\\\/image\\\/\",\"url\":\"https:\\\/\\\/cotobajo.es\\\/wp-content\\\/uploads\\\/2021\\\/02\\\/logo-header.svg\",\"contentUrl\":\"https:\\\/\\\/cotobajo.es\\\/wp-content\\\/uploads\\\/2021\\\/02\\\/logo-header.svg\",\"width\":1000,\"height\":558,\"caption\":\"Coto Bajo\"},\"image\":{\"@id\":\"https:\\\/\\\/cotobajo.es\\\/de\\\/#\\\/schema\\\/logo\\\/image\\\/\"},\"sameAs\":[\"https:\\\/\\\/www.facebook.com\\\/Coto-Bajo-394048128222\",\"https:\\\/\\\/x.com\\\/cotobajo\",\"https:\\\/\\\/www.instagram.com\\\/coto_bajo\\\/\",\"https:\\\/\\\/www.linkedin.com\\\/company\\\/coto-bajo-s-a\\\/\",\"https:\\\/\\\/www.youtube.com\\\/@coto_bajo\"]}]}<\/script>\n<!-- \/ Yoast SEO plugin. -->","yoast_head_json":{"title":"BIO Natives Oliven\u00f6l Extra 3 Liter | Coto Bajo","description":"Bio-EVO aus fr\u00fcher Ernte mit aromatischen Nuancen, die an frisch geschnittenes Gras, Apfel, Tomate und Mandel erinnern.","robots":{"index":"index","follow":"follow","max-snippet":"max-snippet:-1","max-image-preview":"max-image-preview:large","max-video-preview":"max-video-preview:-1"},"canonical":"https:\/\/cotobajo.es\/de\/product\/aove-ecologico-seleccion-especial-garrafa-3-litros\/","og_locale":"de_DE","og_type":"article","og_title":"BIO Natives Oliven\u00f6l Extra 3 Liter | Coto Bajo","og_description":"Bio-EVO aus fr\u00fcher Ernte mit aromatischen Nuancen, die an frisch geschnittenes Gras, Apfel, Tomate und Mandel erinnern.","og_url":"https:\/\/cotobajo.es\/de\/product\/aove-ecologico-seleccion-especial-garrafa-3-litros\/","og_site_name":"Coto Bajo","article_publisher":"https:\/\/www.facebook.com\/Coto-Bajo-394048128222","article_modified_time":"2025-02-07T11:12:52+00:00","og_image":[{"width":1080,"height":1080,"url":"https:\/\/cotobajo.es\/wp-content\/uploads\/2024\/02\/AOVE-ecologico-seleccion-especial-garrafa-3L.jpg","type":"image\/jpeg"}],"twitter_card":"summary_large_image","twitter_site":"@cotobajo","twitter_misc":{"Gesch\u00e4tzte Lesezeit":"2\u00a0Minuten"},"schema":{"@context":"https:\/\/schema.org","@graph":[{"@type":"WebPage","@id":"https:\/\/cotobajo.es\/de\/product\/aove-ecologico-seleccion-especial-garrafa-3-litros\/","url":"https:\/\/cotobajo.es\/de\/product\/aove-ecologico-seleccion-especial-garrafa-3-litros\/","name":"BIO Natives Oliven\u00f6l Extra 3 Liter | Coto Bajo","isPartOf":{"@id":"https:\/\/cotobajo.es\/de\/#website"},"primaryImageOfPage":{"@id":"https:\/\/cotobajo.es\/de\/product\/aove-ecologico-seleccion-especial-garrafa-3-litros\/#primaryimage"},"image":{"@id":"https:\/\/cotobajo.es\/de\/product\/aove-ecologico-seleccion-especial-garrafa-3-litros\/#primaryimage"},"thumbnailUrl":"https:\/\/cotobajo.es\/wp-content\/uploads\/2024\/02\/AOVE-ecologico-seleccion-especial-garrafa-3L.jpg","datePublished":"2024-09-24T09:31:45+00:00","dateModified":"2025-02-07T11:12:52+00:00","description":"Bio-EVO aus fr\u00fcher Ernte mit aromatischen Nuancen, die an frisch geschnittenes Gras, Apfel, Tomate und Mandel erinnern.","breadcrumb":{"@id":"https:\/\/cotobajo.es\/de\/product\/aove-ecologico-seleccion-especial-garrafa-3-litros\/#breadcrumb"},"inLanguage":"de","potentialAction":[{"@type":"ReadAction","target":["https:\/\/cotobajo.es\/de\/product\/aove-ecologico-seleccion-especial-garrafa-3-litros\/"]}]},{"@type":"ImageObject","inLanguage":"de","@id":"https:\/\/cotobajo.es\/de\/product\/aove-ecologico-seleccion-especial-garrafa-3-litros\/#primaryimage","url":"https:\/\/cotobajo.es\/wp-content\/uploads\/2024\/02\/AOVE-ecologico-seleccion-especial-garrafa-3L.jpg","contentUrl":"https:\/\/cotobajo.es\/wp-content\/uploads\/2024\/02\/AOVE-ecologico-seleccion-especial-garrafa-3L.jpg","width":1080,"height":1080,"caption":"EVOO-\u00f6kologische-auslese-spezial-garrafa-3L"},{"@type":"BreadcrumbList","@id":"https:\/\/cotobajo.es\/de\/product\/aove-ecologico-seleccion-especial-garrafa-3-litros\/#breadcrumb","itemListElement":[{"@type":"ListItem","position":1,"name":"Home","item":"https:\/\/cotobajo.es\/de\/"},{"@type":"ListItem","position":2,"name":"Produkte","item":"https:\/\/cotobajo.es\/de\/shop\/"},{"@type":"ListItem","position":3,"name":"Natives Bio-Oliven\u00f6l extra","item":"https:\/\/cotobajo.es\/de\/product-category\/natives-bio-olivenol-extra\/"},{"@type":"ListItem","position":4,"name":"BIO Natives Oliven\u00f6l Extra 3 Liter"}]},{"@type":"WebSite","@id":"https:\/\/cotobajo.es\/de\/#website","url":"https:\/\/cotobajo.es\/de\/","name":"Coto Bajo","description":"Aceite de Oliva Virgen Extra, AOVE y Miel Artesanal","publisher":{"@id":"https:\/\/cotobajo.es\/de\/#organization"},"potentialAction":[{"@type":"SearchAction","target":{"@type":"EntryPoint","urlTemplate":"https:\/\/cotobajo.es\/de\/?s={search_term_string}"},"query-input":{"@type":"PropertyValueSpecification","valueRequired":true,"valueName":"search_term_string"}}],"inLanguage":"de"},{"@type":"Organization","@id":"https:\/\/cotobajo.es\/de\/#organization","name":"Coto Bajo","url":"https:\/\/cotobajo.es\/de\/","logo":{"@type":"ImageObject","inLanguage":"de","@id":"https:\/\/cotobajo.es\/de\/#\/schema\/logo\/image\/","url":"https:\/\/cotobajo.es\/wp-content\/uploads\/2021\/02\/logo-header.svg","contentUrl":"https:\/\/cotobajo.es\/wp-content\/uploads\/2021\/02\/logo-header.svg","width":1000,"height":558,"caption":"Coto Bajo"},"image":{"@id":"https:\/\/cotobajo.es\/de\/#\/schema\/logo\/image\/"},"sameAs":["https:\/\/www.facebook.com\/Coto-Bajo-394048128222","https:\/\/x.com\/cotobajo","https:\/\/www.instagram.com\/coto_bajo\/","https:\/\/www.linkedin.com\/company\/coto-bajo-s-a\/","https:\/\/www.youtube.com\/@coto_bajo"]}]}},"_links":{"self":[{"href":"https:\/\/cotobajo.es\/de\/wp-json\/wp\/v2\/product\/14572","targetHints":{"allow":["GET"]}}],"collection":[{"href":"https:\/\/cotobajo.es\/de\/wp-json\/wp\/v2\/product"}],"about":[{"href":"https:\/\/cotobajo.es\/de\/wp-json\/wp\/v2\/types\/product"}],"replies":[{"embeddable":true,"href":"https:\/\/cotobajo.es\/de\/wp-json\/wp\/v2\/comments?post=14572"}],"wp:featuredmedia":[{"embeddable":true,"href":"https:\/\/cotobajo.es\/de\/wp-json\/wp\/v2\/media\/13307"}],"wp:attachment":[{"href":"https:\/\/cotobajo.es\/de\/wp-json\/wp\/v2\/media?parent=14572"}],"wp:term":[{"taxonomy":"product_brand","embeddable":true,"href":"https:\/\/cotobajo.es\/de\/wp-json\/wp\/v2\/product_brand?post=14572"},{"taxonomy":"product_cat","embeddable":true,"href":"https:\/\/cotobajo.es\/de\/wp-json\/wp\/v2\/product_cat?post=14572"},{"taxonomy":"product_tag","embeddable":true,"href":"https:\/\/cotobajo.es\/de\/wp-json\/wp\/v2\/product_tag?post=14572"}],"curies":[{"name":"wp","href":"https:\/\/api.w.org\/{rel}","templated":true}]}}