{"id":14587,"date":"2024-09-12T10:20:38","date_gmt":"2024-09-12T08:20:38","guid":{"rendered":"https:\/\/cotobajo.es\/product\/ecological-evoo-besondere-auswahl-500ml-glasflasche\/"},"modified":"2025-02-07T13:02:34","modified_gmt":"2025-02-07T12:02:34","slug":"aove-ecologico-seleccion-especial-botella-de-cristal-500-ml","status":"publish","type":"product","link":"https:\/\/cotobajo.es\/de\/product\/aove-ecologico-seleccion-especial-botella-de-cristal-500-ml\/","title":{"rendered":"BIO Natives Oliven\u00f6l Extra 500 ml Glasflasche"},"content":{"rendered":"<p><strong>Natives Bio-Oliven\u00f6l Extra <\/strong>von au\u00dfergew\u00f6hnlicher Qualit\u00e4t, fr\u00fche Ernte, voller aromatischer Nuancen, die an <strong>frisch geschnittenes Gras<\/strong>, <strong>Apfel<\/strong>, <strong>Tomate<\/strong>, <strong>Mandel<\/strong>erinnern&#8230; Es zeichnet sich durch einen sehr fl\u00fcssigen, s\u00fc\u00dfen und eleganten Einstieg in den Mund aus, in Harmonie mit einer <strong>leichten Bitterkeit<\/strong> und einer<strong> w\u00fcrzigen Note<\/strong> am Ende. Es stammt aus unserem Bio-Olivenhain, der nach den strengen Richtlinien des \u00f6kologischen Landbaus bewirtschaftet wird und von der Kontrollbeh\u00f6rde zertifiziert ist, die garantiert, dass sowohl die Oliven als auch das gewonnene \u00d6l frei von chemischen Produkten wie Herbiziden, Pestiziden und D\u00fcngemitteln sind. Unser <strong>Bio-Oliven\u00f6l<\/strong> Extra Vergine <strong>&#8222;Special Selection&#8220;<\/strong> ist eine Zusammenstellung von Sorten, die wir verkostet und ausgew\u00e4hlt haben, um ein \u00d6l mit ausgewogenen Aromen und Geschmackseigenschaften zu erhalten, das ideal f\u00fcr Gem\u00fcsegerichte, Cremes und So\u00dfen ist. Dieses \u00d6l bewahrt alle Qualit\u00e4ten und Eigenschaften unseres nativen Oliven\u00f6ls extra von Coto Bajo, mit dem zus\u00e4tzlichen Vorteil, dass es sich um ein biologisches Produkt handelt, das im Einklang mit der Natur angebaut und hergestellt wird, ideal f\u00fcr Verbraucher, die sich der positiven Auswirkungen landwirtschaftlicher Techniken auf die Umwelt bewusst sind.<\/p>\n","protected":false},"excerpt":{"rendered":"<p><strong>Natives Bio-Oliven\u00f6l Extra <\/strong>von au\u00dfergew\u00f6hnlicher Qualit\u00e4t, fr\u00fche Ernte, voller aromatischer Nuancen, die an <strong>frisch geschnittenes Gras<\/strong>, <strong>Apfel<\/strong>, <strong>Tomate<\/strong>, <strong>Mandel<\/strong>erinnern&#8230; Es zeichnet sich durch einen sehr fl\u00fcssigen, s\u00fc\u00dfen und eleganten Einstieg in den Mund aus, in Harmonie mit einer <strong>leichten Bitterkeit<\/strong> und einer<strong> w\u00fcrzigen Note<\/strong> am Ende. Es stammt aus unserem Bio-Olivenhain, der nach den strengen Richtlinien des \u00f6kologischen Landbaus bewirtschaftet wird und von der Kontrollbeh\u00f6rde zertifiziert ist, die garantiert, dass sowohl die Oliven als auch das gewonnene \u00d6l frei von chemischen Produkten wie Herbiziden, Pestiziden und D\u00fcngemitteln sind. Unser <strong>Bio-Oliven\u00f6l<\/strong> Extra Vergine <strong>&#8222;Special Selection&#8220;<\/strong> ist eine Zusammenstellung von Sorten, die wir verkostet und ausgew\u00e4hlt haben, um ein \u00d6l mit ausgewogenen Aromen und Geschmackseigenschaften zu erhalten, das ideal f\u00fcr Gem\u00fcsegerichte, Cremes und So\u00dfen ist. Dieses \u00d6l bewahrt alle Qualit\u00e4ten und Eigenschaften unseres nativen Oliven\u00f6ls extra von Coto Bajo, mit dem zus\u00e4tzlichen Vorteil, dass es sich um ein biologisches Produkt handelt, das im Einklang mit der Natur angebaut und hergestellt wird, ideal f\u00fcr Verbraucher, die sich der positiven Auswirkungen landwirtschaftlicher Techniken auf die Umwelt bewusst sind.<\/p>\n","protected":false},"featured_media":13298,"comment_status":"open","ping_status":"closed","template":"","meta":{"_acf_changed":false,"_joinchat":[]},"product_brand":[],"product_cat":[276],"product_tag":[613,590,621,624,615,630,262],"class_list":{"0":"post-14587","1":"product","2":"type-product","3":"status-publish","4":"has-post-thumbnail","6":"product_cat-natives-bio-olivenol-extra","7":"product_tag-andalusisches-olivenol","8":"product_tag-evoo","9":"product_tag-gourmet-olivenol","10":"product_tag-natives-olivenol-extra-gastronomie","11":"product_tag-olivenol-direkt-vom-produzenten","12":"product_tag-olivenol-online-kaufen","13":"product_tag-slider-home-de","15":"first","16":"instock","17":"sale","18":"featured","19":"taxable","20":"shipping-taxable","21":"purchasable","22":"product-type-variable","23":"has-default-attributes"},"acf":[],"yoast_head":"<!-- This site is optimized with the Yoast SEO plugin v27.4 - https:\/\/yoast.com\/product\/yoast-seo-wordpress\/ -->\n<title>BIO Natives Oliven\u00f6l Extra 500 ml Glasflasche | Coto Bajo<\/title>\n<meta name=\"description\" content=\"Eine besondere Auswahl an biologischem EVOO, fr\u00fche Ernte, ausgewogen, fruchtig und von mittlerer Sch\u00e4rfe. Ein exquisites extra natives Oliven\u00f6l mit einem frischen Geschmack und Aroma.\" \/>\n<meta name=\"robots\" content=\"index, follow, max-snippet:-1, max-image-preview:large, max-video-preview:-1\" \/>\n<link rel=\"canonical\" href=\"https:\/\/cotobajo.es\/de\/product\/aove-ecologico-seleccion-especial-botella-de-cristal-500-ml\/\" \/>\n<meta property=\"og:locale\" content=\"de_DE\" \/>\n<meta property=\"og:type\" content=\"article\" \/>\n<meta property=\"og:title\" content=\"BIO Natives Oliven\u00f6l Extra 500 ml Glasflasche | Coto Bajo\" \/>\n<meta property=\"og:description\" content=\"Eine besondere Auswahl an biologischem EVOO, fr\u00fche Ernte, ausgewogen, fruchtig und von mittlerer Sch\u00e4rfe. Ein exquisites extra natives Oliven\u00f6l mit einem frischen Geschmack und Aroma.\" \/>\n<meta property=\"og:url\" content=\"https:\/\/cotobajo.es\/de\/product\/aove-ecologico-seleccion-especial-botella-de-cristal-500-ml\/\" \/>\n<meta property=\"og:site_name\" content=\"Coto Bajo\" \/>\n<meta property=\"article:publisher\" content=\"https:\/\/www.facebook.com\/Coto-Bajo-394048128222\" \/>\n<meta property=\"article:modified_time\" content=\"2025-02-07T12:02:34+00:00\" \/>\n<meta property=\"og:image\" content=\"https:\/\/cotobajo.es\/wp-content\/uploads\/2024\/01\/AOVE-ecologico-seleccion-especial-botella-cristal-500ml.jpg\" \/>\n\t<meta property=\"og:image:width\" content=\"1080\" \/>\n\t<meta property=\"og:image:height\" content=\"1080\" \/>\n\t<meta property=\"og:image:type\" content=\"image\/jpeg\" \/>\n<meta name=\"twitter:card\" content=\"summary_large_image\" \/>\n<meta name=\"twitter:site\" content=\"@cotobajo\" \/>\n<meta name=\"twitter:label1\" content=\"Gesch\u00e4tzte Lesezeit\" \/>\n\t<meta name=\"twitter:data1\" content=\"2\u00a0Minuten\" \/>\n<script type=\"application\/ld+json\" class=\"yoast-schema-graph\">{\"@context\":\"https:\\\/\\\/schema.org\",\"@graph\":[{\"@type\":\"WebPage\",\"@id\":\"https:\\\/\\\/cotobajo.es\\\/de\\\/product\\\/aove-ecologico-seleccion-especial-botella-de-cristal-500-ml\\\/\",\"url\":\"https:\\\/\\\/cotobajo.es\\\/de\\\/product\\\/aove-ecologico-seleccion-especial-botella-de-cristal-500-ml\\\/\",\"name\":\"BIO Natives Oliven\u00f6l Extra 500 ml Glasflasche | Coto Bajo\",\"isPartOf\":{\"@id\":\"https:\\\/\\\/cotobajo.es\\\/de\\\/#website\"},\"primaryImageOfPage\":{\"@id\":\"https:\\\/\\\/cotobajo.es\\\/de\\\/product\\\/aove-ecologico-seleccion-especial-botella-de-cristal-500-ml\\\/#primaryimage\"},\"image\":{\"@id\":\"https:\\\/\\\/cotobajo.es\\\/de\\\/product\\\/aove-ecologico-seleccion-especial-botella-de-cristal-500-ml\\\/#primaryimage\"},\"thumbnailUrl\":\"https:\\\/\\\/cotobajo.es\\\/wp-content\\\/uploads\\\/2024\\\/01\\\/AOVE-ecologico-seleccion-especial-botella-cristal-500ml.jpg\",\"datePublished\":\"2024-09-12T08:20:38+00:00\",\"dateModified\":\"2025-02-07T12:02:34+00:00\",\"description\":\"Eine besondere Auswahl an biologischem EVOO, fr\u00fche Ernte, ausgewogen, fruchtig und von mittlerer Sch\u00e4rfe. Ein exquisites extra natives Oliven\u00f6l mit einem frischen Geschmack und Aroma.\",\"breadcrumb\":{\"@id\":\"https:\\\/\\\/cotobajo.es\\\/de\\\/product\\\/aove-ecologico-seleccion-especial-botella-de-cristal-500-ml\\\/#breadcrumb\"},\"inLanguage\":\"de\",\"potentialAction\":[{\"@type\":\"ReadAction\",\"target\":[\"https:\\\/\\\/cotobajo.es\\\/de\\\/product\\\/aove-ecologico-seleccion-especial-botella-de-cristal-500-ml\\\/\"]}]},{\"@type\":\"ImageObject\",\"inLanguage\":\"de\",\"@id\":\"https:\\\/\\\/cotobajo.es\\\/de\\\/product\\\/aove-ecologico-seleccion-especial-botella-de-cristal-500-ml\\\/#primaryimage\",\"url\":\"https:\\\/\\\/cotobajo.es\\\/wp-content\\\/uploads\\\/2024\\\/01\\\/AOVE-ecologico-seleccion-especial-botella-cristal-500ml.jpg\",\"contentUrl\":\"https:\\\/\\\/cotobajo.es\\\/wp-content\\\/uploads\\\/2024\\\/01\\\/AOVE-ecologico-seleccion-especial-botella-cristal-500ml.jpg\",\"width\":1080,\"height\":1080,\"caption\":\"EVOO-\u00f6kologische-Auswahl-Spezial-Kristallflasche-500ml\"},{\"@type\":\"BreadcrumbList\",\"@id\":\"https:\\\/\\\/cotobajo.es\\\/de\\\/product\\\/aove-ecologico-seleccion-especial-botella-de-cristal-500-ml\\\/#breadcrumb\",\"itemListElement\":[{\"@type\":\"ListItem\",\"position\":1,\"name\":\"Home\",\"item\":\"https:\\\/\\\/cotobajo.es\\\/de\\\/\"},{\"@type\":\"ListItem\",\"position\":2,\"name\":\"Produkte\",\"item\":\"https:\\\/\\\/cotobajo.es\\\/de\\\/shop\\\/\"},{\"@type\":\"ListItem\",\"position\":3,\"name\":\"Natives Bio-Oliven\u00f6l extra\",\"item\":\"https:\\\/\\\/cotobajo.es\\\/de\\\/product-category\\\/natives-bio-olivenol-extra\\\/\"},{\"@type\":\"ListItem\",\"position\":4,\"name\":\"BIO Natives Oliven\u00f6l Extra 500 ml Glasflasche\"}]},{\"@type\":\"WebSite\",\"@id\":\"https:\\\/\\\/cotobajo.es\\\/de\\\/#website\",\"url\":\"https:\\\/\\\/cotobajo.es\\\/de\\\/\",\"name\":\"Coto Bajo\",\"description\":\"Aceite de Oliva Virgen Extra, AOVE y Miel Artesanal\",\"publisher\":{\"@id\":\"https:\\\/\\\/cotobajo.es\\\/de\\\/#organization\"},\"potentialAction\":[{\"@type\":\"SearchAction\",\"target\":{\"@type\":\"EntryPoint\",\"urlTemplate\":\"https:\\\/\\\/cotobajo.es\\\/de\\\/?s={search_term_string}\"},\"query-input\":{\"@type\":\"PropertyValueSpecification\",\"valueRequired\":true,\"valueName\":\"search_term_string\"}}],\"inLanguage\":\"de\"},{\"@type\":\"Organization\",\"@id\":\"https:\\\/\\\/cotobajo.es\\\/de\\\/#organization\",\"name\":\"Coto Bajo\",\"url\":\"https:\\\/\\\/cotobajo.es\\\/de\\\/\",\"logo\":{\"@type\":\"ImageObject\",\"inLanguage\":\"de\",\"@id\":\"https:\\\/\\\/cotobajo.es\\\/de\\\/#\\\/schema\\\/logo\\\/image\\\/\",\"url\":\"https:\\\/\\\/cotobajo.es\\\/wp-content\\\/uploads\\\/2021\\\/02\\\/logo-header.svg\",\"contentUrl\":\"https:\\\/\\\/cotobajo.es\\\/wp-content\\\/uploads\\\/2021\\\/02\\\/logo-header.svg\",\"width\":1000,\"height\":558,\"caption\":\"Coto Bajo\"},\"image\":{\"@id\":\"https:\\\/\\\/cotobajo.es\\\/de\\\/#\\\/schema\\\/logo\\\/image\\\/\"},\"sameAs\":[\"https:\\\/\\\/www.facebook.com\\\/Coto-Bajo-394048128222\",\"https:\\\/\\\/x.com\\\/cotobajo\",\"https:\\\/\\\/www.instagram.com\\\/coto_bajo\\\/\",\"https:\\\/\\\/www.linkedin.com\\\/company\\\/coto-bajo-s-a\\\/\",\"https:\\\/\\\/www.youtube.com\\\/@coto_bajo\"]}]}<\/script>\n<!-- \/ Yoast SEO plugin. -->","yoast_head_json":{"title":"BIO Natives Oliven\u00f6l Extra 500 ml Glasflasche | Coto Bajo","description":"Eine besondere Auswahl an biologischem EVOO, fr\u00fche Ernte, ausgewogen, fruchtig und von mittlerer Sch\u00e4rfe. Ein exquisites extra natives Oliven\u00f6l mit einem frischen Geschmack und Aroma.","robots":{"index":"index","follow":"follow","max-snippet":"max-snippet:-1","max-image-preview":"max-image-preview:large","max-video-preview":"max-video-preview:-1"},"canonical":"https:\/\/cotobajo.es\/de\/product\/aove-ecologico-seleccion-especial-botella-de-cristal-500-ml\/","og_locale":"de_DE","og_type":"article","og_title":"BIO Natives Oliven\u00f6l Extra 500 ml Glasflasche | Coto Bajo","og_description":"Eine besondere Auswahl an biologischem EVOO, fr\u00fche Ernte, ausgewogen, fruchtig und von mittlerer Sch\u00e4rfe. Ein exquisites extra natives Oliven\u00f6l mit einem frischen Geschmack und Aroma.","og_url":"https:\/\/cotobajo.es\/de\/product\/aove-ecologico-seleccion-especial-botella-de-cristal-500-ml\/","og_site_name":"Coto Bajo","article_publisher":"https:\/\/www.facebook.com\/Coto-Bajo-394048128222","article_modified_time":"2025-02-07T12:02:34+00:00","og_image":[{"width":1080,"height":1080,"url":"https:\/\/cotobajo.es\/wp-content\/uploads\/2024\/01\/AOVE-ecologico-seleccion-especial-botella-cristal-500ml.jpg","type":"image\/jpeg"}],"twitter_card":"summary_large_image","twitter_site":"@cotobajo","twitter_misc":{"Gesch\u00e4tzte Lesezeit":"2\u00a0Minuten"},"schema":{"@context":"https:\/\/schema.org","@graph":[{"@type":"WebPage","@id":"https:\/\/cotobajo.es\/de\/product\/aove-ecologico-seleccion-especial-botella-de-cristal-500-ml\/","url":"https:\/\/cotobajo.es\/de\/product\/aove-ecologico-seleccion-especial-botella-de-cristal-500-ml\/","name":"BIO Natives Oliven\u00f6l Extra 500 ml Glasflasche | Coto Bajo","isPartOf":{"@id":"https:\/\/cotobajo.es\/de\/#website"},"primaryImageOfPage":{"@id":"https:\/\/cotobajo.es\/de\/product\/aove-ecologico-seleccion-especial-botella-de-cristal-500-ml\/#primaryimage"},"image":{"@id":"https:\/\/cotobajo.es\/de\/product\/aove-ecologico-seleccion-especial-botella-de-cristal-500-ml\/#primaryimage"},"thumbnailUrl":"https:\/\/cotobajo.es\/wp-content\/uploads\/2024\/01\/AOVE-ecologico-seleccion-especial-botella-cristal-500ml.jpg","datePublished":"2024-09-12T08:20:38+00:00","dateModified":"2025-02-07T12:02:34+00:00","description":"Eine besondere Auswahl an biologischem EVOO, fr\u00fche Ernte, ausgewogen, fruchtig und von mittlerer Sch\u00e4rfe. Ein exquisites extra natives Oliven\u00f6l mit einem frischen Geschmack und Aroma.","breadcrumb":{"@id":"https:\/\/cotobajo.es\/de\/product\/aove-ecologico-seleccion-especial-botella-de-cristal-500-ml\/#breadcrumb"},"inLanguage":"de","potentialAction":[{"@type":"ReadAction","target":["https:\/\/cotobajo.es\/de\/product\/aove-ecologico-seleccion-especial-botella-de-cristal-500-ml\/"]}]},{"@type":"ImageObject","inLanguage":"de","@id":"https:\/\/cotobajo.es\/de\/product\/aove-ecologico-seleccion-especial-botella-de-cristal-500-ml\/#primaryimage","url":"https:\/\/cotobajo.es\/wp-content\/uploads\/2024\/01\/AOVE-ecologico-seleccion-especial-botella-cristal-500ml.jpg","contentUrl":"https:\/\/cotobajo.es\/wp-content\/uploads\/2024\/01\/AOVE-ecologico-seleccion-especial-botella-cristal-500ml.jpg","width":1080,"height":1080,"caption":"EVOO-\u00f6kologische-Auswahl-Spezial-Kristallflasche-500ml"},{"@type":"BreadcrumbList","@id":"https:\/\/cotobajo.es\/de\/product\/aove-ecologico-seleccion-especial-botella-de-cristal-500-ml\/#breadcrumb","itemListElement":[{"@type":"ListItem","position":1,"name":"Home","item":"https:\/\/cotobajo.es\/de\/"},{"@type":"ListItem","position":2,"name":"Produkte","item":"https:\/\/cotobajo.es\/de\/shop\/"},{"@type":"ListItem","position":3,"name":"Natives Bio-Oliven\u00f6l extra","item":"https:\/\/cotobajo.es\/de\/product-category\/natives-bio-olivenol-extra\/"},{"@type":"ListItem","position":4,"name":"BIO Natives Oliven\u00f6l Extra 500 ml Glasflasche"}]},{"@type":"WebSite","@id":"https:\/\/cotobajo.es\/de\/#website","url":"https:\/\/cotobajo.es\/de\/","name":"Coto Bajo","description":"Aceite de Oliva Virgen Extra, AOVE y Miel Artesanal","publisher":{"@id":"https:\/\/cotobajo.es\/de\/#organization"},"potentialAction":[{"@type":"SearchAction","target":{"@type":"EntryPoint","urlTemplate":"https:\/\/cotobajo.es\/de\/?s={search_term_string}"},"query-input":{"@type":"PropertyValueSpecification","valueRequired":true,"valueName":"search_term_string"}}],"inLanguage":"de"},{"@type":"Organization","@id":"https:\/\/cotobajo.es\/de\/#organization","name":"Coto Bajo","url":"https:\/\/cotobajo.es\/de\/","logo":{"@type":"ImageObject","inLanguage":"de","@id":"https:\/\/cotobajo.es\/de\/#\/schema\/logo\/image\/","url":"https:\/\/cotobajo.es\/wp-content\/uploads\/2021\/02\/logo-header.svg","contentUrl":"https:\/\/cotobajo.es\/wp-content\/uploads\/2021\/02\/logo-header.svg","width":1000,"height":558,"caption":"Coto Bajo"},"image":{"@id":"https:\/\/cotobajo.es\/de\/#\/schema\/logo\/image\/"},"sameAs":["https:\/\/www.facebook.com\/Coto-Bajo-394048128222","https:\/\/x.com\/cotobajo","https:\/\/www.instagram.com\/coto_bajo\/","https:\/\/www.linkedin.com\/company\/coto-bajo-s-a\/","https:\/\/www.youtube.com\/@coto_bajo"]}]}},"_links":{"self":[{"href":"https:\/\/cotobajo.es\/de\/wp-json\/wp\/v2\/product\/14587","targetHints":{"allow":["GET"]}}],"collection":[{"href":"https:\/\/cotobajo.es\/de\/wp-json\/wp\/v2\/product"}],"about":[{"href":"https:\/\/cotobajo.es\/de\/wp-json\/wp\/v2\/types\/product"}],"replies":[{"embeddable":true,"href":"https:\/\/cotobajo.es\/de\/wp-json\/wp\/v2\/comments?post=14587"}],"wp:featuredmedia":[{"embeddable":true,"href":"https:\/\/cotobajo.es\/de\/wp-json\/wp\/v2\/media\/13298"}],"wp:attachment":[{"href":"https:\/\/cotobajo.es\/de\/wp-json\/wp\/v2\/media?parent=14587"}],"wp:term":[{"taxonomy":"product_brand","embeddable":true,"href":"https:\/\/cotobajo.es\/de\/wp-json\/wp\/v2\/product_brand?post=14587"},{"taxonomy":"product_cat","embeddable":true,"href":"https:\/\/cotobajo.es\/de\/wp-json\/wp\/v2\/product_cat?post=14587"},{"taxonomy":"product_tag","embeddable":true,"href":"https:\/\/cotobajo.es\/de\/wp-json\/wp\/v2\/product_tag?post=14587"}],"curies":[{"name":"wp","href":"https:\/\/api.w.org\/{rel}","templated":true}]}}