{"id":14612,"date":"2024-02-02T07:54:59","date_gmt":"2024-02-02T06:54:59","guid":{"rendered":"https:\/\/cotobajo.es\/product\/coto-bajo-natuerlicher-landbluetenhonig-500g-glasgefaess\/"},"modified":"2025-01-21T12:55:22","modified_gmt":"2025-01-21T11:55:22","slug":"miel-natural-de-flores-de-campina-cotobajo-tarro-vidrio-500g","status":"publish","type":"product","link":"https:\/\/cotobajo.es\/de\/product\/miel-natural-de-flores-de-campina-cotobajo-tarro-vidrio-500g\/","title":{"rendered":"Naturhonig aus BLUMEN Coto Bajo Glasjarre 500g"},"content":{"rendered":"<p><strong>Pr\u00e4sentation: 500g Glasgef\u00e4\u00df<\/strong><\/p>\n<p>Bl\u00fctenhonig vom Lande aus den Bienenst\u00f6cken, die in unserem Olivenhain aufgestellt sind, wo die Bienen den Nektar der wilden Blumen des Cordovan-Landes trinken, botanischen Ursprungs, von autorisierten Imkern gesammelt, gelagert und nat\u00fcrlich umgef\u00fcllt, verfl\u00fcssigt und mit einer Transferpumpe gefiltert. Erh\u00e4ltlich einzeln oder in einer Schachtel mit 2 Einheiten zusammen mit einer Sorte Orangenbl\u00fctenhonig.<\/p>\n","protected":false},"excerpt":{"rendered":"<p><strong>Aufmachung: 500g Glas.<\/strong> Honig aus den Bienenst\u00f6cken in unserem Olivenhain, wo die Bienen den Nektar der wilden Blumen der Landschaft des Cordovas freisetzen, botanischen Ursprungs, von einem autorisierten Imker gesammelt, auf nat\u00fcrliche Weise gelagert und dekantiert, verfl\u00fcssigt und mit einer Dekantierpumpe gefiltert. Erh\u00e4ltlich einzeln oder in einer Box mit 2 Einheiten zusammen mit einer Sorte Orangenbl\u00fctenhonig.<\/p>\n","protected":false},"featured_media":13481,"comment_status":"open","ping_status":"closed","template":"","meta":{"_acf_changed":false,"_joinchat":[]},"product_brand":[],"product_cat":[261],"product_tag":[],"class_list":{"0":"post-14612","1":"product","2":"type-product","3":"status-publish","4":"has-post-thumbnail","6":"product_cat-honig","8":"first","9":"instock","10":"featured","11":"taxable","12":"shipping-taxable","13":"purchasable","14":"product-type-variable","15":"has-default-attributes"},"acf":[],"yoast_head":"<!-- This site is optimized with the Yoast SEO plugin v27.4 - https:\/\/yoast.com\/product\/yoast-seo-wordpress\/ -->\n<title>Naturhonig aus BLUMEN Coto Bajo Glasjarre 500g | Coto Bajo<\/title>\n<meta name=\"description\" content=\"Coto Bajo nat\u00fcrlicher Bl\u00fctenhonig, reiner Bienenhonig, handgemacht und nat\u00fcrlich aus dem Nektar von Wildblumen, im 500g Glas.\" \/>\n<meta name=\"robots\" content=\"index, follow, max-snippet:-1, max-image-preview:large, max-video-preview:-1\" \/>\n<link rel=\"canonical\" href=\"https:\/\/cotobajo.es\/de\/product\/miel-natural-de-flores-de-campina-cotobajo-tarro-vidrio-500g\/\" \/>\n<meta property=\"og:locale\" content=\"de_DE\" \/>\n<meta property=\"og:type\" content=\"article\" \/>\n<meta property=\"og:title\" content=\"Naturhonig aus BLUMEN Coto Bajo Glasjarre 500g | Coto Bajo\" \/>\n<meta property=\"og:description\" content=\"Coto Bajo nat\u00fcrlicher Bl\u00fctenhonig, reiner Bienenhonig, handgemacht und nat\u00fcrlich aus dem Nektar von Wildblumen, im 500g Glas.\" \/>\n<meta property=\"og:url\" content=\"https:\/\/cotobajo.es\/de\/product\/miel-natural-de-flores-de-campina-cotobajo-tarro-vidrio-500g\/\" \/>\n<meta property=\"og:site_name\" content=\"Coto Bajo\" \/>\n<meta property=\"article:publisher\" content=\"https:\/\/www.facebook.com\/Coto-Bajo-394048128222\" \/>\n<meta property=\"article:modified_time\" content=\"2025-01-21T11:55:22+00:00\" \/>\n<meta property=\"og:image\" content=\"https:\/\/cotobajo.es\/wp-content\/uploads\/2022\/04\/miel-artesanal-flores-campo-tarro500.jpg\" \/>\n\t<meta property=\"og:image:width\" content=\"1080\" \/>\n\t<meta property=\"og:image:height\" content=\"1080\" \/>\n\t<meta property=\"og:image:type\" content=\"image\/jpeg\" \/>\n<meta name=\"twitter:card\" content=\"summary_large_image\" \/>\n<meta name=\"twitter:site\" content=\"@cotobajo\" \/>\n<meta name=\"twitter:label1\" content=\"Gesch\u00e4tzte Lesezeit\" \/>\n\t<meta name=\"twitter:data1\" content=\"1\u00a0Minute\" \/>\n<script type=\"application\/ld+json\" class=\"yoast-schema-graph\">{\"@context\":\"https:\\\/\\\/schema.org\",\"@graph\":[{\"@type\":\"WebPage\",\"@id\":\"https:\\\/\\\/cotobajo.es\\\/de\\\/product\\\/miel-natural-de-flores-de-campina-cotobajo-tarro-vidrio-500g\\\/\",\"url\":\"https:\\\/\\\/cotobajo.es\\\/de\\\/product\\\/miel-natural-de-flores-de-campina-cotobajo-tarro-vidrio-500g\\\/\",\"name\":\"Naturhonig aus BLUMEN Coto Bajo Glasjarre 500g | Coto Bajo\",\"isPartOf\":{\"@id\":\"https:\\\/\\\/cotobajo.es\\\/de\\\/#website\"},\"primaryImageOfPage\":{\"@id\":\"https:\\\/\\\/cotobajo.es\\\/de\\\/product\\\/miel-natural-de-flores-de-campina-cotobajo-tarro-vidrio-500g\\\/#primaryimage\"},\"image\":{\"@id\":\"https:\\\/\\\/cotobajo.es\\\/de\\\/product\\\/miel-natural-de-flores-de-campina-cotobajo-tarro-vidrio-500g\\\/#primaryimage\"},\"thumbnailUrl\":\"https:\\\/\\\/cotobajo.es\\\/wp-content\\\/uploads\\\/2022\\\/04\\\/miel-artesanal-flores-campo-tarro500.jpg\",\"datePublished\":\"2024-02-02T06:54:59+00:00\",\"dateModified\":\"2025-01-21T11:55:22+00:00\",\"description\":\"Coto Bajo nat\u00fcrlicher Bl\u00fctenhonig, reiner Bienenhonig, handgemacht und nat\u00fcrlich aus dem Nektar von Wildblumen, im 500g Glas.\",\"breadcrumb\":{\"@id\":\"https:\\\/\\\/cotobajo.es\\\/de\\\/product\\\/miel-natural-de-flores-de-campina-cotobajo-tarro-vidrio-500g\\\/#breadcrumb\"},\"inLanguage\":\"de\",\"potentialAction\":[{\"@type\":\"ReadAction\",\"target\":[\"https:\\\/\\\/cotobajo.es\\\/de\\\/product\\\/miel-natural-de-flores-de-campina-cotobajo-tarro-vidrio-500g\\\/\"]}]},{\"@type\":\"ImageObject\",\"inLanguage\":\"de\",\"@id\":\"https:\\\/\\\/cotobajo.es\\\/de\\\/product\\\/miel-natural-de-flores-de-campina-cotobajo-tarro-vidrio-500g\\\/#primaryimage\",\"url\":\"https:\\\/\\\/cotobajo.es\\\/wp-content\\\/uploads\\\/2022\\\/04\\\/miel-artesanal-flores-campo-tarro500.jpg\",\"contentUrl\":\"https:\\\/\\\/cotobajo.es\\\/wp-content\\\/uploads\\\/2022\\\/04\\\/miel-artesanal-flores-campo-tarro500.jpg\",\"width\":1080,\"height\":1080,\"caption\":\"handwerklich hergestellter Honigbl\u00fcten-Feldhonig-Glas500\"},{\"@type\":\"BreadcrumbList\",\"@id\":\"https:\\\/\\\/cotobajo.es\\\/de\\\/product\\\/miel-natural-de-flores-de-campina-cotobajo-tarro-vidrio-500g\\\/#breadcrumb\",\"itemListElement\":[{\"@type\":\"ListItem\",\"position\":1,\"name\":\"Home\",\"item\":\"https:\\\/\\\/cotobajo.es\\\/de\\\/\"},{\"@type\":\"ListItem\",\"position\":2,\"name\":\"Produkte\",\"item\":\"https:\\\/\\\/cotobajo.es\\\/de\\\/shop\\\/\"},{\"@type\":\"ListItem\",\"position\":3,\"name\":\"Honig\",\"item\":\"https:\\\/\\\/cotobajo.es\\\/de\\\/product-category\\\/honig\\\/\"},{\"@type\":\"ListItem\",\"position\":4,\"name\":\"Naturhonig aus BLUMEN Coto Bajo Glasjarre 500g\"}]},{\"@type\":\"WebSite\",\"@id\":\"https:\\\/\\\/cotobajo.es\\\/de\\\/#website\",\"url\":\"https:\\\/\\\/cotobajo.es\\\/de\\\/\",\"name\":\"Coto Bajo\",\"description\":\"Aceite de Oliva Virgen Extra, AOVE y Miel Artesanal\",\"publisher\":{\"@id\":\"https:\\\/\\\/cotobajo.es\\\/de\\\/#organization\"},\"potentialAction\":[{\"@type\":\"SearchAction\",\"target\":{\"@type\":\"EntryPoint\",\"urlTemplate\":\"https:\\\/\\\/cotobajo.es\\\/de\\\/?s={search_term_string}\"},\"query-input\":{\"@type\":\"PropertyValueSpecification\",\"valueRequired\":true,\"valueName\":\"search_term_string\"}}],\"inLanguage\":\"de\"},{\"@type\":\"Organization\",\"@id\":\"https:\\\/\\\/cotobajo.es\\\/de\\\/#organization\",\"name\":\"Coto Bajo\",\"url\":\"https:\\\/\\\/cotobajo.es\\\/de\\\/\",\"logo\":{\"@type\":\"ImageObject\",\"inLanguage\":\"de\",\"@id\":\"https:\\\/\\\/cotobajo.es\\\/de\\\/#\\\/schema\\\/logo\\\/image\\\/\",\"url\":\"https:\\\/\\\/cotobajo.es\\\/wp-content\\\/uploads\\\/2021\\\/02\\\/logo-header.svg\",\"contentUrl\":\"https:\\\/\\\/cotobajo.es\\\/wp-content\\\/uploads\\\/2021\\\/02\\\/logo-header.svg\",\"width\":1000,\"height\":558,\"caption\":\"Coto Bajo\"},\"image\":{\"@id\":\"https:\\\/\\\/cotobajo.es\\\/de\\\/#\\\/schema\\\/logo\\\/image\\\/\"},\"sameAs\":[\"https:\\\/\\\/www.facebook.com\\\/Coto-Bajo-394048128222\",\"https:\\\/\\\/x.com\\\/cotobajo\",\"https:\\\/\\\/www.instagram.com\\\/coto_bajo\\\/\",\"https:\\\/\\\/www.linkedin.com\\\/company\\\/coto-bajo-s-a\\\/\",\"https:\\\/\\\/www.youtube.com\\\/@coto_bajo\"]}]}<\/script>\n<!-- \/ Yoast SEO plugin. -->","yoast_head_json":{"title":"Naturhonig aus BLUMEN Coto Bajo Glasjarre 500g | Coto Bajo","description":"Coto Bajo nat\u00fcrlicher Bl\u00fctenhonig, reiner Bienenhonig, handgemacht und nat\u00fcrlich aus dem Nektar von Wildblumen, im 500g Glas.","robots":{"index":"index","follow":"follow","max-snippet":"max-snippet:-1","max-image-preview":"max-image-preview:large","max-video-preview":"max-video-preview:-1"},"canonical":"https:\/\/cotobajo.es\/de\/product\/miel-natural-de-flores-de-campina-cotobajo-tarro-vidrio-500g\/","og_locale":"de_DE","og_type":"article","og_title":"Naturhonig aus BLUMEN Coto Bajo Glasjarre 500g | Coto Bajo","og_description":"Coto Bajo nat\u00fcrlicher Bl\u00fctenhonig, reiner Bienenhonig, handgemacht und nat\u00fcrlich aus dem Nektar von Wildblumen, im 500g Glas.","og_url":"https:\/\/cotobajo.es\/de\/product\/miel-natural-de-flores-de-campina-cotobajo-tarro-vidrio-500g\/","og_site_name":"Coto Bajo","article_publisher":"https:\/\/www.facebook.com\/Coto-Bajo-394048128222","article_modified_time":"2025-01-21T11:55:22+00:00","og_image":[{"width":1080,"height":1080,"url":"https:\/\/cotobajo.es\/wp-content\/uploads\/2022\/04\/miel-artesanal-flores-campo-tarro500.jpg","type":"image\/jpeg"}],"twitter_card":"summary_large_image","twitter_site":"@cotobajo","twitter_misc":{"Gesch\u00e4tzte Lesezeit":"1\u00a0Minute"},"schema":{"@context":"https:\/\/schema.org","@graph":[{"@type":"WebPage","@id":"https:\/\/cotobajo.es\/de\/product\/miel-natural-de-flores-de-campina-cotobajo-tarro-vidrio-500g\/","url":"https:\/\/cotobajo.es\/de\/product\/miel-natural-de-flores-de-campina-cotobajo-tarro-vidrio-500g\/","name":"Naturhonig aus BLUMEN Coto Bajo Glasjarre 500g | Coto Bajo","isPartOf":{"@id":"https:\/\/cotobajo.es\/de\/#website"},"primaryImageOfPage":{"@id":"https:\/\/cotobajo.es\/de\/product\/miel-natural-de-flores-de-campina-cotobajo-tarro-vidrio-500g\/#primaryimage"},"image":{"@id":"https:\/\/cotobajo.es\/de\/product\/miel-natural-de-flores-de-campina-cotobajo-tarro-vidrio-500g\/#primaryimage"},"thumbnailUrl":"https:\/\/cotobajo.es\/wp-content\/uploads\/2022\/04\/miel-artesanal-flores-campo-tarro500.jpg","datePublished":"2024-02-02T06:54:59+00:00","dateModified":"2025-01-21T11:55:22+00:00","description":"Coto Bajo nat\u00fcrlicher Bl\u00fctenhonig, reiner Bienenhonig, handgemacht und nat\u00fcrlich aus dem Nektar von Wildblumen, im 500g Glas.","breadcrumb":{"@id":"https:\/\/cotobajo.es\/de\/product\/miel-natural-de-flores-de-campina-cotobajo-tarro-vidrio-500g\/#breadcrumb"},"inLanguage":"de","potentialAction":[{"@type":"ReadAction","target":["https:\/\/cotobajo.es\/de\/product\/miel-natural-de-flores-de-campina-cotobajo-tarro-vidrio-500g\/"]}]},{"@type":"ImageObject","inLanguage":"de","@id":"https:\/\/cotobajo.es\/de\/product\/miel-natural-de-flores-de-campina-cotobajo-tarro-vidrio-500g\/#primaryimage","url":"https:\/\/cotobajo.es\/wp-content\/uploads\/2022\/04\/miel-artesanal-flores-campo-tarro500.jpg","contentUrl":"https:\/\/cotobajo.es\/wp-content\/uploads\/2022\/04\/miel-artesanal-flores-campo-tarro500.jpg","width":1080,"height":1080,"caption":"handwerklich hergestellter Honigbl\u00fcten-Feldhonig-Glas500"},{"@type":"BreadcrumbList","@id":"https:\/\/cotobajo.es\/de\/product\/miel-natural-de-flores-de-campina-cotobajo-tarro-vidrio-500g\/#breadcrumb","itemListElement":[{"@type":"ListItem","position":1,"name":"Home","item":"https:\/\/cotobajo.es\/de\/"},{"@type":"ListItem","position":2,"name":"Produkte","item":"https:\/\/cotobajo.es\/de\/shop\/"},{"@type":"ListItem","position":3,"name":"Honig","item":"https:\/\/cotobajo.es\/de\/product-category\/honig\/"},{"@type":"ListItem","position":4,"name":"Naturhonig aus BLUMEN Coto Bajo Glasjarre 500g"}]},{"@type":"WebSite","@id":"https:\/\/cotobajo.es\/de\/#website","url":"https:\/\/cotobajo.es\/de\/","name":"Coto Bajo","description":"Aceite de Oliva Virgen Extra, AOVE y Miel Artesanal","publisher":{"@id":"https:\/\/cotobajo.es\/de\/#organization"},"potentialAction":[{"@type":"SearchAction","target":{"@type":"EntryPoint","urlTemplate":"https:\/\/cotobajo.es\/de\/?s={search_term_string}"},"query-input":{"@type":"PropertyValueSpecification","valueRequired":true,"valueName":"search_term_string"}}],"inLanguage":"de"},{"@type":"Organization","@id":"https:\/\/cotobajo.es\/de\/#organization","name":"Coto Bajo","url":"https:\/\/cotobajo.es\/de\/","logo":{"@type":"ImageObject","inLanguage":"de","@id":"https:\/\/cotobajo.es\/de\/#\/schema\/logo\/image\/","url":"https:\/\/cotobajo.es\/wp-content\/uploads\/2021\/02\/logo-header.svg","contentUrl":"https:\/\/cotobajo.es\/wp-content\/uploads\/2021\/02\/logo-header.svg","width":1000,"height":558,"caption":"Coto Bajo"},"image":{"@id":"https:\/\/cotobajo.es\/de\/#\/schema\/logo\/image\/"},"sameAs":["https:\/\/www.facebook.com\/Coto-Bajo-394048128222","https:\/\/x.com\/cotobajo","https:\/\/www.instagram.com\/coto_bajo\/","https:\/\/www.linkedin.com\/company\/coto-bajo-s-a\/","https:\/\/www.youtube.com\/@coto_bajo"]}]}},"_links":{"self":[{"href":"https:\/\/cotobajo.es\/de\/wp-json\/wp\/v2\/product\/14612","targetHints":{"allow":["GET"]}}],"collection":[{"href":"https:\/\/cotobajo.es\/de\/wp-json\/wp\/v2\/product"}],"about":[{"href":"https:\/\/cotobajo.es\/de\/wp-json\/wp\/v2\/types\/product"}],"replies":[{"embeddable":true,"href":"https:\/\/cotobajo.es\/de\/wp-json\/wp\/v2\/comments?post=14612"}],"wp:featuredmedia":[{"embeddable":true,"href":"https:\/\/cotobajo.es\/de\/wp-json\/wp\/v2\/media\/13481"}],"wp:attachment":[{"href":"https:\/\/cotobajo.es\/de\/wp-json\/wp\/v2\/media?parent=14612"}],"wp:term":[{"taxonomy":"product_brand","embeddable":true,"href":"https:\/\/cotobajo.es\/de\/wp-json\/wp\/v2\/product_brand?post=14612"},{"taxonomy":"product_cat","embeddable":true,"href":"https:\/\/cotobajo.es\/de\/wp-json\/wp\/v2\/product_cat?post=14612"},{"taxonomy":"product_tag","embeddable":true,"href":"https:\/\/cotobajo.es\/de\/wp-json\/wp\/v2\/product_tag?post=14612"}],"curies":[{"name":"wp","href":"https:\/\/api.w.org\/{rel}","templated":true}]}}