{"id":14620,"date":"2024-03-03T09:47:28","date_gmt":"2024-03-03T08:47:28","guid":{"rendered":"https:\/\/cotobajo.es\/product\/coto-bajo-coupage-arbequina-evoo-kasten-2x250ml\/"},"modified":"2025-01-21T12:52:34","modified_gmt":"2025-01-21T11:52:34","slug":"estuche-aove-cotobajo-coupage-y-arbequina-2x250ml","status":"publish","type":"product","link":"https:\/\/cotobajo.es\/de\/product\/estuche-aove-cotobajo-coupage-y-arbequina-2x250ml\/","title":{"rendered":"Geschenkbox Coto Bajo Coupage-Arbequina 2x250ml"},"content":{"rendered":"<p><strong>Pr\u00e4sentation: Kiste mit zwei 250ml-Flaschen, eine von Coto Bajo coupage fr\u00fche Ernte <strong>extra natives Oliven\u00f6l<\/strong> h\u00f6chster Qualit\u00e4t und die andere von der Sorte Arbequina.<\/strong><\/p>\n<p><strong>Mischung:<\/strong> Ausgewogene Kombination von<strong> nativem Oliven\u00f6l extra<\/strong> aus unseren <strong>AOVE-Sorten Picual<\/strong>, <strong>Arbequina und Hojiblanca.<\/strong> Ein gr\u00fcn-fruchtiges Oliven\u00f6l mit mittlerer Sch\u00e4rfe und Bitterkeit. <strong>Arbequina:<\/strong> <strong>Natives Oliven\u00f6l extra<\/strong> von h\u00f6chster Qualit\u00e4t aus fr\u00fcher Ernte, gewonnen aus Oliven der Sorte Arbequina. Es ist ein leichtes \u00d6l mit Bitterkeit und Sch\u00e4rfe, mit Nuancen, die an Apfel, Tomate und frisches Gras erinnern.<\/p>\n","protected":false},"excerpt":{"rendered":"<p><strong>Pr\u00e4sentation: Kiste mit zwei 250ml-Flaschen, eine von Coto Bajo coupage fr\u00fche Ernte <strong>extra natives Oliven\u00f6l<\/strong> h\u00f6chster Qualit\u00e4t und die andere von der Sorte Arbequina.<\/strong><\/p>\n<p><strong>Mischung:<\/strong> Ausgewogene Kombination von<strong> nativem Oliven\u00f6l extra<\/strong> aus unseren <strong>AOVE-Sorten Picual<\/strong>, <strong>Arbequina und Hojiblanca.<\/strong> Ein gr\u00fcn-fruchtiges Oliven\u00f6l mit mittlerer Sch\u00e4rfe und Bitterkeit. <strong>Arbequina:<\/strong> <strong>Natives Oliven\u00f6l extra<\/strong> von h\u00f6chster Qualit\u00e4t aus fr\u00fcher Ernte, gewonnen aus Oliven der Sorte Arbequina. Es ist ein leichtes \u00d6l mit Bitterkeit und Sch\u00e4rfe, mit Nuancen, die an Apfel, Tomate und frisches Gras erinnern.<\/p>\n","protected":false},"featured_media":13472,"comment_status":"open","ping_status":"closed","template":"","meta":{"_acf_changed":false,"_joinchat":[]},"product_brand":[],"product_cat":[299],"product_tag":[590,621,357,630],"class_list":{"0":"post-14620","1":"product","2":"type-product","3":"status-publish","4":"has-post-thumbnail","6":"product_cat-natives-olivenol-extra","7":"product_tag-evoo","8":"product_tag-gourmet-olivenol","9":"product_tag-natives-olivenoel-extra","10":"product_tag-olivenol-online-kaufen","12":"first","13":"outofstock","14":"taxable","15":"shipping-taxable","16":"purchasable","17":"product-type-simple"},"acf":[],"yoast_head":"<!-- This site is optimized with the Yoast SEO plugin v27.4 - https:\/\/yoast.com\/product\/yoast-seo-wordpress\/ -->\n<title>Geschenkbox Coto Bajo Coupage-Arbequina 2x250ml | Coto Bajo<\/title>\n<meta name=\"description\" content=\"Estuche AOVE arbequina y coupage 2x250ml en cristal. Arbequina de amargor y picor ligero. Coupage equilibrado creado por nuestro maestro de almazara.\" \/>\n<meta name=\"robots\" content=\"index, follow, max-snippet:-1, max-image-preview:large, max-video-preview:-1\" \/>\n<link rel=\"canonical\" href=\"https:\/\/cotobajo.es\/de\/product\/estuche-aove-cotobajo-coupage-y-arbequina-2x250ml\/\" \/>\n<meta property=\"og:locale\" content=\"de_DE\" \/>\n<meta property=\"og:type\" content=\"article\" \/>\n<meta property=\"og:title\" content=\"Geschenkbox Coto Bajo Coupage-Arbequina 2x250ml | Coto Bajo\" \/>\n<meta property=\"og:description\" content=\"Estuche AOVE arbequina y coupage 2x250ml en cristal. Arbequina de amargor y picor ligero. Coupage equilibrado creado por nuestro maestro de almazara.\" \/>\n<meta property=\"og:url\" content=\"https:\/\/cotobajo.es\/de\/product\/estuche-aove-cotobajo-coupage-y-arbequina-2x250ml\/\" \/>\n<meta property=\"og:site_name\" content=\"Coto Bajo\" \/>\n<meta property=\"article:publisher\" content=\"https:\/\/www.facebook.com\/Coto-Bajo-394048128222\" \/>\n<meta property=\"article:modified_time\" content=\"2025-01-21T11:52:34+00:00\" \/>\n<meta property=\"og:image\" content=\"https:\/\/cotobajo.es\/wp-content\/uploads\/2022\/04\/AOVE-coupage-arbequina-250ml-estuche.jpg\" \/>\n\t<meta property=\"og:image:width\" content=\"1080\" \/>\n\t<meta property=\"og:image:height\" content=\"1080\" \/>\n\t<meta property=\"og:image:type\" content=\"image\/jpeg\" \/>\n<meta name=\"twitter:card\" content=\"summary_large_image\" \/>\n<meta name=\"twitter:site\" content=\"@cotobajo\" \/>\n<meta name=\"twitter:label1\" content=\"Gesch\u00e4tzte Lesezeit\" \/>\n\t<meta name=\"twitter:data1\" content=\"1\u00a0Minute\" \/>\n<script type=\"application\/ld+json\" class=\"yoast-schema-graph\">{\"@context\":\"https:\\\/\\\/schema.org\",\"@graph\":[{\"@type\":\"WebPage\",\"@id\":\"https:\\\/\\\/cotobajo.es\\\/de\\\/product\\\/estuche-aove-cotobajo-coupage-y-arbequina-2x250ml\\\/\",\"url\":\"https:\\\/\\\/cotobajo.es\\\/de\\\/product\\\/estuche-aove-cotobajo-coupage-y-arbequina-2x250ml\\\/\",\"name\":\"Geschenkbox Coto Bajo Coupage-Arbequina 2x250ml | Coto Bajo\",\"isPartOf\":{\"@id\":\"https:\\\/\\\/cotobajo.es\\\/de\\\/#website\"},\"primaryImageOfPage\":{\"@id\":\"https:\\\/\\\/cotobajo.es\\\/de\\\/product\\\/estuche-aove-cotobajo-coupage-y-arbequina-2x250ml\\\/#primaryimage\"},\"image\":{\"@id\":\"https:\\\/\\\/cotobajo.es\\\/de\\\/product\\\/estuche-aove-cotobajo-coupage-y-arbequina-2x250ml\\\/#primaryimage\"},\"thumbnailUrl\":\"https:\\\/\\\/cotobajo.es\\\/wp-content\\\/uploads\\\/2022\\\/04\\\/AOVE-coupage-arbequina-250ml-estuche.jpg\",\"datePublished\":\"2024-03-03T08:47:28+00:00\",\"dateModified\":\"2025-01-21T11:52:34+00:00\",\"description\":\"Estuche AOVE arbequina y coupage 2x250ml en cristal. Arbequina de amargor y picor ligero. Coupage equilibrado creado por nuestro maestro de almazara.\",\"breadcrumb\":{\"@id\":\"https:\\\/\\\/cotobajo.es\\\/de\\\/product\\\/estuche-aove-cotobajo-coupage-y-arbequina-2x250ml\\\/#breadcrumb\"},\"inLanguage\":\"de\",\"potentialAction\":[{\"@type\":\"ReadAction\",\"target\":[\"https:\\\/\\\/cotobajo.es\\\/de\\\/product\\\/estuche-aove-cotobajo-coupage-y-arbequina-2x250ml\\\/\"]}]},{\"@type\":\"ImageObject\",\"inLanguage\":\"de\",\"@id\":\"https:\\\/\\\/cotobajo.es\\\/de\\\/product\\\/estuche-aove-cotobajo-coupage-y-arbequina-2x250ml\\\/#primaryimage\",\"url\":\"https:\\\/\\\/cotobajo.es\\\/wp-content\\\/uploads\\\/2022\\\/04\\\/AOVE-coupage-arbequina-250ml-estuche.jpg\",\"contentUrl\":\"https:\\\/\\\/cotobajo.es\\\/wp-content\\\/uploads\\\/2022\\\/04\\\/AOVE-coupage-arbequina-250ml-estuche.jpg\",\"width\":1080,\"height\":1080,\"caption\":\"EVOO-Coupon-Aarbequina-250ml-Kiste\"},{\"@type\":\"BreadcrumbList\",\"@id\":\"https:\\\/\\\/cotobajo.es\\\/de\\\/product\\\/estuche-aove-cotobajo-coupage-y-arbequina-2x250ml\\\/#breadcrumb\",\"itemListElement\":[{\"@type\":\"ListItem\",\"position\":1,\"name\":\"Home\",\"item\":\"https:\\\/\\\/cotobajo.es\\\/de\\\/\"},{\"@type\":\"ListItem\",\"position\":2,\"name\":\"Produkte\",\"item\":\"https:\\\/\\\/cotobajo.es\\\/de\\\/shop\\\/\"},{\"@type\":\"ListItem\",\"position\":3,\"name\":\"Natives Oliven\u00f6l extra\",\"item\":\"https:\\\/\\\/cotobajo.es\\\/de\\\/product-category\\\/natives-olivenol-extra\\\/\"},{\"@type\":\"ListItem\",\"position\":4,\"name\":\"Geschenkbox Coto Bajo Coupage-Arbequina 2x250ml\"}]},{\"@type\":\"WebSite\",\"@id\":\"https:\\\/\\\/cotobajo.es\\\/de\\\/#website\",\"url\":\"https:\\\/\\\/cotobajo.es\\\/de\\\/\",\"name\":\"Coto Bajo\",\"description\":\"Aceite de Oliva Virgen Extra, AOVE y Miel Artesanal\",\"publisher\":{\"@id\":\"https:\\\/\\\/cotobajo.es\\\/de\\\/#organization\"},\"potentialAction\":[{\"@type\":\"SearchAction\",\"target\":{\"@type\":\"EntryPoint\",\"urlTemplate\":\"https:\\\/\\\/cotobajo.es\\\/de\\\/?s={search_term_string}\"},\"query-input\":{\"@type\":\"PropertyValueSpecification\",\"valueRequired\":true,\"valueName\":\"search_term_string\"}}],\"inLanguage\":\"de\"},{\"@type\":\"Organization\",\"@id\":\"https:\\\/\\\/cotobajo.es\\\/de\\\/#organization\",\"name\":\"Coto Bajo\",\"url\":\"https:\\\/\\\/cotobajo.es\\\/de\\\/\",\"logo\":{\"@type\":\"ImageObject\",\"inLanguage\":\"de\",\"@id\":\"https:\\\/\\\/cotobajo.es\\\/de\\\/#\\\/schema\\\/logo\\\/image\\\/\",\"url\":\"https:\\\/\\\/cotobajo.es\\\/wp-content\\\/uploads\\\/2021\\\/02\\\/logo-header.svg\",\"contentUrl\":\"https:\\\/\\\/cotobajo.es\\\/wp-content\\\/uploads\\\/2021\\\/02\\\/logo-header.svg\",\"width\":1000,\"height\":558,\"caption\":\"Coto Bajo\"},\"image\":{\"@id\":\"https:\\\/\\\/cotobajo.es\\\/de\\\/#\\\/schema\\\/logo\\\/image\\\/\"},\"sameAs\":[\"https:\\\/\\\/www.facebook.com\\\/Coto-Bajo-394048128222\",\"https:\\\/\\\/x.com\\\/cotobajo\",\"https:\\\/\\\/www.instagram.com\\\/coto_bajo\\\/\",\"https:\\\/\\\/www.linkedin.com\\\/company\\\/coto-bajo-s-a\\\/\",\"https:\\\/\\\/www.youtube.com\\\/@coto_bajo\"]}]}<\/script>\n<!-- \/ Yoast SEO plugin. -->","yoast_head_json":{"title":"Geschenkbox Coto Bajo Coupage-Arbequina 2x250ml | Coto Bajo","description":"Estuche AOVE arbequina y coupage 2x250ml en cristal. Arbequina de amargor y picor ligero. Coupage equilibrado creado por nuestro maestro de almazara.","robots":{"index":"index","follow":"follow","max-snippet":"max-snippet:-1","max-image-preview":"max-image-preview:large","max-video-preview":"max-video-preview:-1"},"canonical":"https:\/\/cotobajo.es\/de\/product\/estuche-aove-cotobajo-coupage-y-arbequina-2x250ml\/","og_locale":"de_DE","og_type":"article","og_title":"Geschenkbox Coto Bajo Coupage-Arbequina 2x250ml | Coto Bajo","og_description":"Estuche AOVE arbequina y coupage 2x250ml en cristal. Arbequina de amargor y picor ligero. Coupage equilibrado creado por nuestro maestro de almazara.","og_url":"https:\/\/cotobajo.es\/de\/product\/estuche-aove-cotobajo-coupage-y-arbequina-2x250ml\/","og_site_name":"Coto Bajo","article_publisher":"https:\/\/www.facebook.com\/Coto-Bajo-394048128222","article_modified_time":"2025-01-21T11:52:34+00:00","og_image":[{"width":1080,"height":1080,"url":"https:\/\/cotobajo.es\/wp-content\/uploads\/2022\/04\/AOVE-coupage-arbequina-250ml-estuche.jpg","type":"image\/jpeg"}],"twitter_card":"summary_large_image","twitter_site":"@cotobajo","twitter_misc":{"Gesch\u00e4tzte Lesezeit":"1\u00a0Minute"},"schema":{"@context":"https:\/\/schema.org","@graph":[{"@type":"WebPage","@id":"https:\/\/cotobajo.es\/de\/product\/estuche-aove-cotobajo-coupage-y-arbequina-2x250ml\/","url":"https:\/\/cotobajo.es\/de\/product\/estuche-aove-cotobajo-coupage-y-arbequina-2x250ml\/","name":"Geschenkbox Coto Bajo Coupage-Arbequina 2x250ml | Coto Bajo","isPartOf":{"@id":"https:\/\/cotobajo.es\/de\/#website"},"primaryImageOfPage":{"@id":"https:\/\/cotobajo.es\/de\/product\/estuche-aove-cotobajo-coupage-y-arbequina-2x250ml\/#primaryimage"},"image":{"@id":"https:\/\/cotobajo.es\/de\/product\/estuche-aove-cotobajo-coupage-y-arbequina-2x250ml\/#primaryimage"},"thumbnailUrl":"https:\/\/cotobajo.es\/wp-content\/uploads\/2022\/04\/AOVE-coupage-arbequina-250ml-estuche.jpg","datePublished":"2024-03-03T08:47:28+00:00","dateModified":"2025-01-21T11:52:34+00:00","description":"Estuche AOVE arbequina y coupage 2x250ml en cristal. Arbequina de amargor y picor ligero. Coupage equilibrado creado por nuestro maestro de almazara.","breadcrumb":{"@id":"https:\/\/cotobajo.es\/de\/product\/estuche-aove-cotobajo-coupage-y-arbequina-2x250ml\/#breadcrumb"},"inLanguage":"de","potentialAction":[{"@type":"ReadAction","target":["https:\/\/cotobajo.es\/de\/product\/estuche-aove-cotobajo-coupage-y-arbequina-2x250ml\/"]}]},{"@type":"ImageObject","inLanguage":"de","@id":"https:\/\/cotobajo.es\/de\/product\/estuche-aove-cotobajo-coupage-y-arbequina-2x250ml\/#primaryimage","url":"https:\/\/cotobajo.es\/wp-content\/uploads\/2022\/04\/AOVE-coupage-arbequina-250ml-estuche.jpg","contentUrl":"https:\/\/cotobajo.es\/wp-content\/uploads\/2022\/04\/AOVE-coupage-arbequina-250ml-estuche.jpg","width":1080,"height":1080,"caption":"EVOO-Coupon-Aarbequina-250ml-Kiste"},{"@type":"BreadcrumbList","@id":"https:\/\/cotobajo.es\/de\/product\/estuche-aove-cotobajo-coupage-y-arbequina-2x250ml\/#breadcrumb","itemListElement":[{"@type":"ListItem","position":1,"name":"Home","item":"https:\/\/cotobajo.es\/de\/"},{"@type":"ListItem","position":2,"name":"Produkte","item":"https:\/\/cotobajo.es\/de\/shop\/"},{"@type":"ListItem","position":3,"name":"Natives Oliven\u00f6l extra","item":"https:\/\/cotobajo.es\/de\/product-category\/natives-olivenol-extra\/"},{"@type":"ListItem","position":4,"name":"Geschenkbox Coto Bajo Coupage-Arbequina 2x250ml"}]},{"@type":"WebSite","@id":"https:\/\/cotobajo.es\/de\/#website","url":"https:\/\/cotobajo.es\/de\/","name":"Coto Bajo","description":"Aceite de Oliva Virgen Extra, AOVE y Miel Artesanal","publisher":{"@id":"https:\/\/cotobajo.es\/de\/#organization"},"potentialAction":[{"@type":"SearchAction","target":{"@type":"EntryPoint","urlTemplate":"https:\/\/cotobajo.es\/de\/?s={search_term_string}"},"query-input":{"@type":"PropertyValueSpecification","valueRequired":true,"valueName":"search_term_string"}}],"inLanguage":"de"},{"@type":"Organization","@id":"https:\/\/cotobajo.es\/de\/#organization","name":"Coto Bajo","url":"https:\/\/cotobajo.es\/de\/","logo":{"@type":"ImageObject","inLanguage":"de","@id":"https:\/\/cotobajo.es\/de\/#\/schema\/logo\/image\/","url":"https:\/\/cotobajo.es\/wp-content\/uploads\/2021\/02\/logo-header.svg","contentUrl":"https:\/\/cotobajo.es\/wp-content\/uploads\/2021\/02\/logo-header.svg","width":1000,"height":558,"caption":"Coto Bajo"},"image":{"@id":"https:\/\/cotobajo.es\/de\/#\/schema\/logo\/image\/"},"sameAs":["https:\/\/www.facebook.com\/Coto-Bajo-394048128222","https:\/\/x.com\/cotobajo","https:\/\/www.instagram.com\/coto_bajo\/","https:\/\/www.linkedin.com\/company\/coto-bajo-s-a\/","https:\/\/www.youtube.com\/@coto_bajo"]}]}},"_links":{"self":[{"href":"https:\/\/cotobajo.es\/de\/wp-json\/wp\/v2\/product\/14620","targetHints":{"allow":["GET"]}}],"collection":[{"href":"https:\/\/cotobajo.es\/de\/wp-json\/wp\/v2\/product"}],"about":[{"href":"https:\/\/cotobajo.es\/de\/wp-json\/wp\/v2\/types\/product"}],"replies":[{"embeddable":true,"href":"https:\/\/cotobajo.es\/de\/wp-json\/wp\/v2\/comments?post=14620"}],"wp:featuredmedia":[{"embeddable":true,"href":"https:\/\/cotobajo.es\/de\/wp-json\/wp\/v2\/media\/13472"}],"wp:attachment":[{"href":"https:\/\/cotobajo.es\/de\/wp-json\/wp\/v2\/media?parent=14620"}],"wp:term":[{"taxonomy":"product_brand","embeddable":true,"href":"https:\/\/cotobajo.es\/de\/wp-json\/wp\/v2\/product_brand?post=14620"},{"taxonomy":"product_cat","embeddable":true,"href":"https:\/\/cotobajo.es\/de\/wp-json\/wp\/v2\/product_cat?post=14620"},{"taxonomy":"product_tag","embeddable":true,"href":"https:\/\/cotobajo.es\/de\/wp-json\/wp\/v2\/product_tag?post=14620"}],"curies":[{"name":"wp","href":"https:\/\/api.w.org\/{rel}","templated":true}]}}