{"id":14627,"date":"2024-02-25T07:50:51","date_gmt":"2024-02-25T06:50:51","guid":{"rendered":"https:\/\/cotobajo.es\/product\/coto-bajo-natuerlicher-orangenbluetenhonig-glasgefaess-500g\/"},"modified":"2025-09-08T14:28:26","modified_gmt":"2025-09-08T12:28:26","slug":"orangenbluetenhonig-cotobajo-500g","status":"publish","type":"product","link":"https:\/\/cotobajo.es\/de\/product\/orangenbluetenhonig-cotobajo-500g\/","title":{"rendered":"Coto Bajo Nat\u00fcrlicher Orangenbl\u00fctenhonig Glasgef\u00e4\u00df 500g"},"content":{"rendered":"<p><strong>Pr\u00e4sentation: 500g Glasgef\u00e4\u00df<\/strong><\/p>\n<p><strong>Reiner Bienenhonig<\/strong>, der in den Monaten M\u00e4rz und April in der Provinz C\u00f3rdoba gesammelt wird, der Zeit, in der die Bienen den Nektar aus den <strong>Orangenbl\u00fcten<\/strong> der Orangenb\u00e4ume abgeben. Ein heller, bernsteinfarbener <strong>Honig<\/strong>, der aufgrund seiner Zartheit am Gaumen als die K\u00f6nigin der <strong>aromatischen Honige<\/strong> gilt. Sein Geschmack und sein Aroma sind einzigartig und charakteristisch f\u00fcr Zitrusbl\u00fcten. Erh\u00e4ltlich einzeln oder in einer Schachtel mit 2 Einheiten zusammen mit einer Auswahl an Landbl\u00fctenhonig.  <\/p>\n<p><strong>Honig<\/strong> botanischen Ursprungs, gesammelt von einem zugelassenen Imker, Lagerung und nat\u00fcrliche Dekantierung, Verfl\u00fcssigung und Filtration mit einer Transferpumpe.<\/p>\n<p>Der <strong>Orangenbl\u00fctenhonig<\/strong> von Coto Bajo ist ein wahres Juwel der andalusischen Imkerei. Sein sensorisches Profil zeichnet sich durch sein intensives blumiges Aroma und seinen milden Geschmack aus, der mit jedem L\u00f6ffel den Fr\u00fchling heraufbeschw\u00f6rt. Diese Sorte wird besonders von denjenigen gesch\u00e4tzt, die einen leichten Honig mit Zitrusnoten und einer zarten Textur suchen, der sich leicht in Kr\u00e4utertees, Joghurts, Toasts oder Gourmetrezepte einf\u00fcgt.<br \/>\nGeerntet zur Zeit der <strong>Orangenbl\u00fcte<\/strong>, bewahrt dieser Honig alle seine Eigenschaften dank eines traditionellen Verfahrens, das die nat\u00fcrlichen Abf\u00fcll- und Filterzeiten respektiert und ein reines, <strong>hochwertiges<\/strong> Produkt garantiert.  <\/p>\n<p>Das 500g-Glas sch\u00fctzt nicht nur seine Frische, sondern eignet sich auch ideal als Geschenk oder zum Genie\u00dfen mit der Familie. Sie k\u00f6nnen ihn auch im Duo mit unserem <strong>Landbl\u00fctenhonig<\/strong> kaufen, um ein komplettes Geschmackserlebnis mit nat\u00fcrlichen Aromen zu erhalten. <\/p>\n<p><strong>Orangenbl\u00fctenhonig<\/strong> ist perfekt f\u00fcr alle, die Wert auf Authentizit\u00e4t, lokale Herkunft und Respekt vor der Natur legen. Jedes Glas ist das Ergebnis sorgf\u00e4ltiger Arbeit des Imkers und von <strong>Coto Bajo<\/strong>, die sich der Exzellenz aller unserer Produkte verschrieben haben, direkt vom Feld auf Ihren Tisch. <\/p>\n","protected":false},"excerpt":{"rendered":"<p><strong>Coto Bajo Orangenbl\u00fctenhonig &#8211; Glasgef\u00e4\u00df 500g<\/strong><\/p>\n<p>Entdecken Sie eine der delikatesten <strong>Honigsorten:<\/strong> <strong>rohen Orangenbl\u00fctenhonig, 100% nat\u00fcrlich<\/strong> und von Hand auf den Feldern von <strong>C\u00f3rdoba<\/strong> w\u00e4hrend der <strong>Orangenbl\u00fctenmonate<\/strong> geerntet, der Zeit, in der die <strong>Bienen<\/strong> den Nektar aus den <strong>Orangenbl\u00fcten<\/strong> der <strong>Orangenb\u00e4ume<\/strong> abgeben. Dieser<strong> reine Bienenhonig<\/strong> zeichnet sich durch seinen <strong>milden Geschmack<\/strong> und sein <strong>blumiges Zitrusaroma<\/strong> aus, was ihn aufgrund seiner Zartheit am Gaumen zur K\u00f6nigin der aromatischen Honige macht. Ein <strong>heller, bernsteinfarbener<\/strong> <strong>Honig<\/strong>, der einzeln oder in einer Schachtel mit 2 Einheiten zusammen mit einer Vielzahl von Bl\u00fctenhonigen aus der Natur erh\u00e4ltlich ist.  <\/p>\n<p>Produktmerkmale<\/p>\n<p>&#8211; <strong>Pr\u00e4sentation <\/strong>: 500g Glasgef\u00e4\u00df<strong><br \/>\n<\/strong>&#8211; Helle Bernsteinfarbe mit goldenen Reflexen &#8211; Zertifizierter botanischer Ursprung, geerntet von autorisierten Imkern<br \/>\n&#8211; Nat\u00fcrliches Verfahren: Dekantierung ohne Hitze, sanfte Verfl\u00fcssigung und Filtration mit Dekantierpumpe<br \/>\n&#8211; 100% nat\u00fcrlich, ohne Zusatzstoffe oder Mischungen<\/p>\n<p>F\u00fcr Honigliebhaber, botanischen Ursprungs, von einem autorisierten Imker geerntet, nat\u00fcrlich gelagert und dekantiert, verfl\u00fcssigt und mit einer Dekantierpumpe gefiltert.<\/p>\n<p>Ideal f\u00fcr alle, die verschiedene Honigsorten sch\u00e4tzen und ein authentisches Erlebnis suchen. Seine cremige Textur und sein blumiges Aroma machen ihn perfekt f\u00fcr Fr\u00fchst\u00fccke, Aufg\u00fcsse oder als Gourmetnote in Ihren Rezepten. <\/p>\n","protected":false},"featured_media":13484,"comment_status":"open","ping_status":"closed","template":"","meta":{"_acf_changed":false,"_joinchat":[]},"product_brand":[],"product_cat":[261],"product_tag":[],"class_list":{"0":"post-14627","1":"product","2":"type-product","3":"status-publish","4":"has-post-thumbnail","6":"product_cat-honig","8":"first","9":"instock","10":"taxable","11":"shipping-taxable","12":"purchasable","13":"product-type-variable","14":"has-default-attributes"},"acf":[],"yoast_head":"<!-- This site is optimized with the Yoast SEO plugin v27.4 - https:\/\/yoast.com\/product\/yoast-seo-wordpress\/ -->\n<title>Reiner Orangenbl\u00fctenhonig aus C\u00f3rdoba \u2013 handwerklich hergestellt, naturbelassen und direkt vom Imker. 100\u202f% Qualit\u00e4t im 500\u202fg Glas.<\/title>\n<meta name=\"description\" content=\"Entdecke den reinen Orangenbl\u00fctenhonig aus C\u00f3rdoba \u2013 sorgf\u00e4ltig von Bienen gesammelt und handwerklich verarbeitet. Sein blumiges Aroma und der feine Geschmack machen dieses 500\u202fg Glas zu einem echten Genuss f\u00fcr den Gaumen\" \/>\n<meta name=\"robots\" content=\"index, follow, max-snippet:-1, max-image-preview:large, max-video-preview:-1\" \/>\n<link rel=\"canonical\" href=\"https:\/\/cotobajo.es\/de\/product\/orangenbluetenhonig-cotobajo-500g\/\" \/>\n<meta property=\"og:locale\" content=\"de_DE\" \/>\n<meta property=\"og:type\" content=\"article\" \/>\n<meta property=\"og:title\" content=\"Reiner Orangenbl\u00fctenhonig aus C\u00f3rdoba \u2013 handwerklich hergestellt, naturbelassen und direkt vom Imker. 100\u202f% Qualit\u00e4t im 500\u202fg Glas.\" \/>\n<meta property=\"og:description\" content=\"Entdecke den reinen Orangenbl\u00fctenhonig aus C\u00f3rdoba \u2013 sorgf\u00e4ltig von Bienen gesammelt und handwerklich verarbeitet. Sein blumiges Aroma und der feine Geschmack machen dieses 500\u202fg Glas zu einem echten Genuss f\u00fcr den Gaumen\" \/>\n<meta property=\"og:url\" content=\"https:\/\/cotobajo.es\/de\/product\/orangenbluetenhonig-cotobajo-500g\/\" \/>\n<meta property=\"og:site_name\" content=\"Coto Bajo\" \/>\n<meta property=\"article:publisher\" content=\"https:\/\/www.facebook.com\/Coto-Bajo-394048128222\" \/>\n<meta property=\"article:modified_time\" content=\"2025-09-08T12:28:26+00:00\" \/>\n<meta property=\"og:image\" content=\"https:\/\/cotobajo.es\/wp-content\/uploads\/2022\/04\/miel-artesanal-azahar-tarro500.jpg\" \/>\n\t<meta property=\"og:image:width\" content=\"1080\" \/>\n\t<meta property=\"og:image:height\" content=\"1080\" \/>\n\t<meta property=\"og:image:type\" content=\"image\/jpeg\" \/>\n<meta name=\"twitter:card\" content=\"summary_large_image\" \/>\n<meta name=\"twitter:site\" content=\"@cotobajo\" \/>\n<meta name=\"twitter:label1\" content=\"Gesch\u00e4tzte Lesezeit\" \/>\n\t<meta name=\"twitter:data1\" content=\"2\u00a0Minuten\" \/>\n<script type=\"application\/ld+json\" class=\"yoast-schema-graph\">{\"@context\":\"https:\\\/\\\/schema.org\",\"@graph\":[{\"@type\":\"WebPage\",\"@id\":\"https:\\\/\\\/cotobajo.es\\\/de\\\/product\\\/orangenbluetenhonig-cotobajo-500g\\\/\",\"url\":\"https:\\\/\\\/cotobajo.es\\\/de\\\/product\\\/orangenbluetenhonig-cotobajo-500g\\\/\",\"name\":\"Reiner Orangenbl\u00fctenhonig aus C\u00f3rdoba \u2013 handwerklich hergestellt, naturbelassen und direkt vom Imker. 100\u202f% Qualit\u00e4t im 500\u202fg Glas.\",\"isPartOf\":{\"@id\":\"https:\\\/\\\/cotobajo.es\\\/de\\\/#website\"},\"primaryImageOfPage\":{\"@id\":\"https:\\\/\\\/cotobajo.es\\\/de\\\/product\\\/orangenbluetenhonig-cotobajo-500g\\\/#primaryimage\"},\"image\":{\"@id\":\"https:\\\/\\\/cotobajo.es\\\/de\\\/product\\\/orangenbluetenhonig-cotobajo-500g\\\/#primaryimage\"},\"thumbnailUrl\":\"https:\\\/\\\/cotobajo.es\\\/wp-content\\\/uploads\\\/2022\\\/04\\\/miel-artesanal-azahar-tarro500.jpg\",\"datePublished\":\"2024-02-25T06:50:51+00:00\",\"dateModified\":\"2025-09-08T12:28:26+00:00\",\"description\":\"Entdecke den reinen Orangenbl\u00fctenhonig aus C\u00f3rdoba \u2013 sorgf\u00e4ltig von Bienen gesammelt und handwerklich verarbeitet. Sein blumiges Aroma und der feine Geschmack machen dieses 500\u202fg Glas zu einem echten Genuss f\u00fcr den Gaumen\",\"breadcrumb\":{\"@id\":\"https:\\\/\\\/cotobajo.es\\\/de\\\/product\\\/orangenbluetenhonig-cotobajo-500g\\\/#breadcrumb\"},\"inLanguage\":\"de\",\"potentialAction\":[{\"@type\":\"ReadAction\",\"target\":[\"https:\\\/\\\/cotobajo.es\\\/de\\\/product\\\/orangenbluetenhonig-cotobajo-500g\\\/\"]}]},{\"@type\":\"ImageObject\",\"inLanguage\":\"de\",\"@id\":\"https:\\\/\\\/cotobajo.es\\\/de\\\/product\\\/orangenbluetenhonig-cotobajo-500g\\\/#primaryimage\",\"url\":\"https:\\\/\\\/cotobajo.es\\\/wp-content\\\/uploads\\\/2022\\\/04\\\/miel-artesanal-azahar-tarro500.jpg\",\"contentUrl\":\"https:\\\/\\\/cotobajo.es\\\/wp-content\\\/uploads\\\/2022\\\/04\\\/miel-artesanal-azahar-tarro500.jpg\",\"width\":1080,\"height\":1080,\"caption\":\"handwerklicher-honig-azahar-glas500\"},{\"@type\":\"BreadcrumbList\",\"@id\":\"https:\\\/\\\/cotobajo.es\\\/de\\\/product\\\/orangenbluetenhonig-cotobajo-500g\\\/#breadcrumb\",\"itemListElement\":[{\"@type\":\"ListItem\",\"position\":1,\"name\":\"Home\",\"item\":\"https:\\\/\\\/cotobajo.es\\\/de\\\/\"},{\"@type\":\"ListItem\",\"position\":2,\"name\":\"Produkte\",\"item\":\"https:\\\/\\\/cotobajo.es\\\/de\\\/shop\\\/\"},{\"@type\":\"ListItem\",\"position\":3,\"name\":\"Honig\",\"item\":\"https:\\\/\\\/cotobajo.es\\\/de\\\/product-category\\\/honig\\\/\"},{\"@type\":\"ListItem\",\"position\":4,\"name\":\"Coto Bajo Nat\u00fcrlicher Orangenbl\u00fctenhonig Glasgef\u00e4\u00df 500g\"}]},{\"@type\":\"WebSite\",\"@id\":\"https:\\\/\\\/cotobajo.es\\\/de\\\/#website\",\"url\":\"https:\\\/\\\/cotobajo.es\\\/de\\\/\",\"name\":\"Coto Bajo\",\"description\":\"Aceite de Oliva Virgen Extra, AOVE y Miel Artesanal\",\"publisher\":{\"@id\":\"https:\\\/\\\/cotobajo.es\\\/de\\\/#organization\"},\"potentialAction\":[{\"@type\":\"SearchAction\",\"target\":{\"@type\":\"EntryPoint\",\"urlTemplate\":\"https:\\\/\\\/cotobajo.es\\\/de\\\/?s={search_term_string}\"},\"query-input\":{\"@type\":\"PropertyValueSpecification\",\"valueRequired\":true,\"valueName\":\"search_term_string\"}}],\"inLanguage\":\"de\"},{\"@type\":\"Organization\",\"@id\":\"https:\\\/\\\/cotobajo.es\\\/de\\\/#organization\",\"name\":\"Coto Bajo\",\"url\":\"https:\\\/\\\/cotobajo.es\\\/de\\\/\",\"logo\":{\"@type\":\"ImageObject\",\"inLanguage\":\"de\",\"@id\":\"https:\\\/\\\/cotobajo.es\\\/de\\\/#\\\/schema\\\/logo\\\/image\\\/\",\"url\":\"https:\\\/\\\/cotobajo.es\\\/wp-content\\\/uploads\\\/2021\\\/02\\\/logo-header.svg\",\"contentUrl\":\"https:\\\/\\\/cotobajo.es\\\/wp-content\\\/uploads\\\/2021\\\/02\\\/logo-header.svg\",\"width\":1000,\"height\":558,\"caption\":\"Coto Bajo\"},\"image\":{\"@id\":\"https:\\\/\\\/cotobajo.es\\\/de\\\/#\\\/schema\\\/logo\\\/image\\\/\"},\"sameAs\":[\"https:\\\/\\\/www.facebook.com\\\/Coto-Bajo-394048128222\",\"https:\\\/\\\/x.com\\\/cotobajo\",\"https:\\\/\\\/www.instagram.com\\\/coto_bajo\\\/\",\"https:\\\/\\\/www.linkedin.com\\\/company\\\/coto-bajo-s-a\\\/\",\"https:\\\/\\\/www.youtube.com\\\/@coto_bajo\"]}]}<\/script>\n<!-- \/ Yoast SEO plugin. -->","yoast_head_json":{"title":"Reiner Orangenbl\u00fctenhonig aus C\u00f3rdoba \u2013 handwerklich hergestellt, naturbelassen und direkt vom Imker. 100\u202f% Qualit\u00e4t im 500\u202fg Glas.","description":"Entdecke den reinen Orangenbl\u00fctenhonig aus C\u00f3rdoba \u2013 sorgf\u00e4ltig von Bienen gesammelt und handwerklich verarbeitet. Sein blumiges Aroma und der feine Geschmack machen dieses 500\u202fg Glas zu einem echten Genuss f\u00fcr den Gaumen","robots":{"index":"index","follow":"follow","max-snippet":"max-snippet:-1","max-image-preview":"max-image-preview:large","max-video-preview":"max-video-preview:-1"},"canonical":"https:\/\/cotobajo.es\/de\/product\/orangenbluetenhonig-cotobajo-500g\/","og_locale":"de_DE","og_type":"article","og_title":"Reiner Orangenbl\u00fctenhonig aus C\u00f3rdoba \u2013 handwerklich hergestellt, naturbelassen und direkt vom Imker. 100\u202f% Qualit\u00e4t im 500\u202fg Glas.","og_description":"Entdecke den reinen Orangenbl\u00fctenhonig aus C\u00f3rdoba \u2013 sorgf\u00e4ltig von Bienen gesammelt und handwerklich verarbeitet. Sein blumiges Aroma und der feine Geschmack machen dieses 500\u202fg Glas zu einem echten Genuss f\u00fcr den Gaumen","og_url":"https:\/\/cotobajo.es\/de\/product\/orangenbluetenhonig-cotobajo-500g\/","og_site_name":"Coto Bajo","article_publisher":"https:\/\/www.facebook.com\/Coto-Bajo-394048128222","article_modified_time":"2025-09-08T12:28:26+00:00","og_image":[{"width":1080,"height":1080,"url":"https:\/\/cotobajo.es\/wp-content\/uploads\/2022\/04\/miel-artesanal-azahar-tarro500.jpg","type":"image\/jpeg"}],"twitter_card":"summary_large_image","twitter_site":"@cotobajo","twitter_misc":{"Gesch\u00e4tzte Lesezeit":"2\u00a0Minuten"},"schema":{"@context":"https:\/\/schema.org","@graph":[{"@type":"WebPage","@id":"https:\/\/cotobajo.es\/de\/product\/orangenbluetenhonig-cotobajo-500g\/","url":"https:\/\/cotobajo.es\/de\/product\/orangenbluetenhonig-cotobajo-500g\/","name":"Reiner Orangenbl\u00fctenhonig aus C\u00f3rdoba \u2013 handwerklich hergestellt, naturbelassen und direkt vom Imker. 100\u202f% Qualit\u00e4t im 500\u202fg Glas.","isPartOf":{"@id":"https:\/\/cotobajo.es\/de\/#website"},"primaryImageOfPage":{"@id":"https:\/\/cotobajo.es\/de\/product\/orangenbluetenhonig-cotobajo-500g\/#primaryimage"},"image":{"@id":"https:\/\/cotobajo.es\/de\/product\/orangenbluetenhonig-cotobajo-500g\/#primaryimage"},"thumbnailUrl":"https:\/\/cotobajo.es\/wp-content\/uploads\/2022\/04\/miel-artesanal-azahar-tarro500.jpg","datePublished":"2024-02-25T06:50:51+00:00","dateModified":"2025-09-08T12:28:26+00:00","description":"Entdecke den reinen Orangenbl\u00fctenhonig aus C\u00f3rdoba \u2013 sorgf\u00e4ltig von Bienen gesammelt und handwerklich verarbeitet. Sein blumiges Aroma und der feine Geschmack machen dieses 500\u202fg Glas zu einem echten Genuss f\u00fcr den Gaumen","breadcrumb":{"@id":"https:\/\/cotobajo.es\/de\/product\/orangenbluetenhonig-cotobajo-500g\/#breadcrumb"},"inLanguage":"de","potentialAction":[{"@type":"ReadAction","target":["https:\/\/cotobajo.es\/de\/product\/orangenbluetenhonig-cotobajo-500g\/"]}]},{"@type":"ImageObject","inLanguage":"de","@id":"https:\/\/cotobajo.es\/de\/product\/orangenbluetenhonig-cotobajo-500g\/#primaryimage","url":"https:\/\/cotobajo.es\/wp-content\/uploads\/2022\/04\/miel-artesanal-azahar-tarro500.jpg","contentUrl":"https:\/\/cotobajo.es\/wp-content\/uploads\/2022\/04\/miel-artesanal-azahar-tarro500.jpg","width":1080,"height":1080,"caption":"handwerklicher-honig-azahar-glas500"},{"@type":"BreadcrumbList","@id":"https:\/\/cotobajo.es\/de\/product\/orangenbluetenhonig-cotobajo-500g\/#breadcrumb","itemListElement":[{"@type":"ListItem","position":1,"name":"Home","item":"https:\/\/cotobajo.es\/de\/"},{"@type":"ListItem","position":2,"name":"Produkte","item":"https:\/\/cotobajo.es\/de\/shop\/"},{"@type":"ListItem","position":3,"name":"Honig","item":"https:\/\/cotobajo.es\/de\/product-category\/honig\/"},{"@type":"ListItem","position":4,"name":"Coto Bajo Nat\u00fcrlicher Orangenbl\u00fctenhonig Glasgef\u00e4\u00df 500g"}]},{"@type":"WebSite","@id":"https:\/\/cotobajo.es\/de\/#website","url":"https:\/\/cotobajo.es\/de\/","name":"Coto Bajo","description":"Aceite de Oliva Virgen Extra, AOVE y Miel Artesanal","publisher":{"@id":"https:\/\/cotobajo.es\/de\/#organization"},"potentialAction":[{"@type":"SearchAction","target":{"@type":"EntryPoint","urlTemplate":"https:\/\/cotobajo.es\/de\/?s={search_term_string}"},"query-input":{"@type":"PropertyValueSpecification","valueRequired":true,"valueName":"search_term_string"}}],"inLanguage":"de"},{"@type":"Organization","@id":"https:\/\/cotobajo.es\/de\/#organization","name":"Coto Bajo","url":"https:\/\/cotobajo.es\/de\/","logo":{"@type":"ImageObject","inLanguage":"de","@id":"https:\/\/cotobajo.es\/de\/#\/schema\/logo\/image\/","url":"https:\/\/cotobajo.es\/wp-content\/uploads\/2021\/02\/logo-header.svg","contentUrl":"https:\/\/cotobajo.es\/wp-content\/uploads\/2021\/02\/logo-header.svg","width":1000,"height":558,"caption":"Coto Bajo"},"image":{"@id":"https:\/\/cotobajo.es\/de\/#\/schema\/logo\/image\/"},"sameAs":["https:\/\/www.facebook.com\/Coto-Bajo-394048128222","https:\/\/x.com\/cotobajo","https:\/\/www.instagram.com\/coto_bajo\/","https:\/\/www.linkedin.com\/company\/coto-bajo-s-a\/","https:\/\/www.youtube.com\/@coto_bajo"]}]}},"_links":{"self":[{"href":"https:\/\/cotobajo.es\/de\/wp-json\/wp\/v2\/product\/14627","targetHints":{"allow":["GET"]}}],"collection":[{"href":"https:\/\/cotobajo.es\/de\/wp-json\/wp\/v2\/product"}],"about":[{"href":"https:\/\/cotobajo.es\/de\/wp-json\/wp\/v2\/types\/product"}],"replies":[{"embeddable":true,"href":"https:\/\/cotobajo.es\/de\/wp-json\/wp\/v2\/comments?post=14627"}],"wp:featuredmedia":[{"embeddable":true,"href":"https:\/\/cotobajo.es\/de\/wp-json\/wp\/v2\/media\/13484"}],"wp:attachment":[{"href":"https:\/\/cotobajo.es\/de\/wp-json\/wp\/v2\/media?parent=14627"}],"wp:term":[{"taxonomy":"product_brand","embeddable":true,"href":"https:\/\/cotobajo.es\/de\/wp-json\/wp\/v2\/product_brand?post=14627"},{"taxonomy":"product_cat","embeddable":true,"href":"https:\/\/cotobajo.es\/de\/wp-json\/wp\/v2\/product_cat?post=14627"},{"taxonomy":"product_tag","embeddable":true,"href":"https:\/\/cotobajo.es\/de\/wp-json\/wp\/v2\/product_tag?post=14627"}],"curies":[{"name":"wp","href":"https:\/\/api.w.org\/{rel}","templated":true}]}}