{"id":14658,"date":"2024-08-08T10:31:50","date_gmt":"2024-08-08T08:31:50","guid":{"rendered":"https:\/\/cotobajo.es\/product\/arbequina-zartes-evoo-500ml-glasflasche\/"},"modified":"2025-02-07T12:48:00","modified_gmt":"2025-02-07T11:48:00","slug":"aove-delicada-arbequina-botella-cristal-500ml","status":"publish","type":"product","link":"https:\/\/cotobajo.es\/de\/product\/aove-delicada-arbequina-botella-cristal-500ml\/","title":{"rendered":"Natives Oliven\u00f6l Extra ARBEQUINA 500 ml Glasflasche"},"content":{"rendered":"<p><strong> Pr\u00e4sentation: Glas 500 ml.<\/strong><\/p>\n<p>EVOO <strong>Zartes Arbequina. Natives Oliven\u00f6l Extra <\/strong> Dies ist ein fr\u00fch geerntetes \u00d6l von h\u00f6chster Qualit\u00e4t, das aus Oliven der Sorte <strong>Arbequina<\/strong> gewonnen wird. Es ist ein leicht bitteres und w\u00fcrziges \u00d6l, mit Nuancen, die an Apfel, Tomate und frisches Gras erinnern. Da dieses \u00d6l empfindlicher auf Temperaturschwankungen, insbesondere Hitze, reagiert, empfehlen wir, es roh zu verzehren, um sein Aroma und seinen Geschmack zu genie\u00dfen. Diese Art von EVOO ist ideal zum Anrichten von leichten Salaten, Gem\u00fcsecremes, wei\u00dfem Fisch und als Ersatz f\u00fcr Butter in S\u00fc\u00dfwaren.<\/p>\n","protected":false},"excerpt":{"rendered":"<p><strong> Pr\u00e4sentation: Glas 500 ml.<\/strong><\/p>\n<p>EVOO <strong>Zartes Arbequina. Natives Oliven\u00f6l Extra <\/strong> Dies ist ein fr\u00fch geerntetes \u00d6l von h\u00f6chster Qualit\u00e4t, das aus Oliven der Sorte <strong>Arbequina<\/strong> gewonnen wird. Es ist ein leicht bitteres und w\u00fcrziges \u00d6l, mit Nuancen, die an Apfel, Tomate und frisches Gras erinnern. Da dieses \u00d6l empfindlicher auf Temperaturschwankungen, insbesondere Hitze, reagiert, empfehlen wir, es roh zu verzehren, um sein Aroma und seinen Geschmack zu genie\u00dfen. Diese Art von EVOO ist ideal zum Anrichten von leichten Salaten, Gem\u00fcsecremes, wei\u00dfem Fisch und als Ersatz f\u00fcr Butter in S\u00fc\u00dfwaren.<\/p>\n","protected":false},"featured_media":13334,"comment_status":"closed","ping_status":"closed","template":"","meta":{"_acf_changed":false,"_joinchat":[]},"product_brand":[],"product_cat":[299],"product_tag":[613,636,590,621,624,615,630,262],"class_list":{"0":"post-14658","1":"product","2":"type-product","3":"status-publish","4":"has-post-thumbnail","6":"product_cat-natives-olivenol-extra","7":"product_tag-andalusisches-olivenol","8":"product_tag-andalusisches-produkt","9":"product_tag-evoo","10":"product_tag-gourmet-olivenol","11":"product_tag-natives-olivenol-extra-gastronomie","12":"product_tag-olivenol-direkt-vom-produzenten","13":"product_tag-olivenol-online-kaufen","14":"product_tag-slider-home-de","16":"first","17":"outofstock","18":"taxable","19":"shipping-taxable","20":"purchasable","21":"product-type-variable","22":"has-default-attributes"},"acf":[],"yoast_head":"<!-- This site is optimized with the Yoast SEO plugin v27.4 - https:\/\/yoast.com\/product\/yoast-seo-wordpress\/ -->\n<title>Natives Oliven\u00f6l Extra ARBEQUINA 500ml Glasflasche<\/title>\n<meta name=\"description\" content=\"Fr\u00fch geerntetes Delicada Arbequina EVOO, leicht bitter und nicht sehr w\u00fcrzig. Ein Natives Oliven\u00f6l Extra, ideal f\u00fcr Salate, Fisch und Dressings.\" \/>\n<meta name=\"robots\" content=\"index, follow, max-snippet:-1, max-image-preview:large, max-video-preview:-1\" \/>\n<link rel=\"canonical\" href=\"https:\/\/cotobajo.es\/de\/product\/aove-delicada-arbequina-botella-cristal-500ml\/\" \/>\n<meta property=\"og:locale\" content=\"de_DE\" \/>\n<meta property=\"og:type\" content=\"article\" \/>\n<meta property=\"og:title\" content=\"Natives Oliven\u00f6l Extra ARBEQUINA 500ml Glasflasche\" \/>\n<meta property=\"og:description\" content=\"Fr\u00fch geerntetes Delicada Arbequina EVOO, leicht bitter und nicht sehr w\u00fcrzig. Ein Natives Oliven\u00f6l Extra, ideal f\u00fcr Salate, Fisch und Dressings.\" \/>\n<meta property=\"og:url\" content=\"https:\/\/cotobajo.es\/de\/product\/aove-delicada-arbequina-botella-cristal-500ml\/\" \/>\n<meta property=\"og:site_name\" content=\"Coto Bajo\" \/>\n<meta property=\"article:publisher\" content=\"https:\/\/www.facebook.com\/Coto-Bajo-394048128222\" \/>\n<meta property=\"article:modified_time\" content=\"2025-02-07T11:48:00+00:00\" \/>\n<meta property=\"og:image\" content=\"https:\/\/cotobajo.es\/wp-content\/uploads\/2021\/11\/AOVE-arbequina-botella-cristal-500ml.jpg\" \/>\n\t<meta property=\"og:image:width\" content=\"1080\" \/>\n\t<meta property=\"og:image:height\" content=\"1080\" \/>\n\t<meta property=\"og:image:type\" content=\"image\/jpeg\" \/>\n<meta name=\"twitter:card\" content=\"summary_large_image\" \/>\n<meta name=\"twitter:site\" content=\"@cotobajo\" \/>\n<meta name=\"twitter:label1\" content=\"Gesch\u00e4tzte Lesezeit\" \/>\n\t<meta name=\"twitter:data1\" content=\"1\u00a0Minute\" \/>\n<script type=\"application\/ld+json\" class=\"yoast-schema-graph\">{\"@context\":\"https:\\\/\\\/schema.org\",\"@graph\":[{\"@type\":\"WebPage\",\"@id\":\"https:\\\/\\\/cotobajo.es\\\/de\\\/product\\\/aove-delicada-arbequina-botella-cristal-500ml\\\/\",\"url\":\"https:\\\/\\\/cotobajo.es\\\/de\\\/product\\\/aove-delicada-arbequina-botella-cristal-500ml\\\/\",\"name\":\"Natives Oliven\u00f6l Extra ARBEQUINA 500ml Glasflasche\",\"isPartOf\":{\"@id\":\"https:\\\/\\\/cotobajo.es\\\/de\\\/#website\"},\"primaryImageOfPage\":{\"@id\":\"https:\\\/\\\/cotobajo.es\\\/de\\\/product\\\/aove-delicada-arbequina-botella-cristal-500ml\\\/#primaryimage\"},\"image\":{\"@id\":\"https:\\\/\\\/cotobajo.es\\\/de\\\/product\\\/aove-delicada-arbequina-botella-cristal-500ml\\\/#primaryimage\"},\"thumbnailUrl\":\"https:\\\/\\\/cotobajo.es\\\/wp-content\\\/uploads\\\/2021\\\/11\\\/AOVE-arbequina-botella-cristal-500ml.jpg\",\"datePublished\":\"2024-08-08T08:31:50+00:00\",\"dateModified\":\"2025-02-07T11:48:00+00:00\",\"description\":\"Fr\u00fch geerntetes Delicada Arbequina EVOO, leicht bitter und nicht sehr w\u00fcrzig. Ein Natives Oliven\u00f6l Extra, ideal f\u00fcr Salate, Fisch und Dressings.\",\"breadcrumb\":{\"@id\":\"https:\\\/\\\/cotobajo.es\\\/de\\\/product\\\/aove-delicada-arbequina-botella-cristal-500ml\\\/#breadcrumb\"},\"inLanguage\":\"de\",\"potentialAction\":[{\"@type\":\"ReadAction\",\"target\":[\"https:\\\/\\\/cotobajo.es\\\/de\\\/product\\\/aove-delicada-arbequina-botella-cristal-500ml\\\/\"]}]},{\"@type\":\"ImageObject\",\"inLanguage\":\"de\",\"@id\":\"https:\\\/\\\/cotobajo.es\\\/de\\\/product\\\/aove-delicada-arbequina-botella-cristal-500ml\\\/#primaryimage\",\"url\":\"https:\\\/\\\/cotobajo.es\\\/wp-content\\\/uploads\\\/2021\\\/11\\\/AOVE-arbequina-botella-cristal-500ml.jpg\",\"contentUrl\":\"https:\\\/\\\/cotobajo.es\\\/wp-content\\\/uploads\\\/2021\\\/11\\\/AOVE-arbequina-botella-cristal-500ml.jpg\",\"width\":1080,\"height\":1080,\"caption\":\"EVOO-arbequina-flasche-kristall-500ml\"},{\"@type\":\"BreadcrumbList\",\"@id\":\"https:\\\/\\\/cotobajo.es\\\/de\\\/product\\\/aove-delicada-arbequina-botella-cristal-500ml\\\/#breadcrumb\",\"itemListElement\":[{\"@type\":\"ListItem\",\"position\":1,\"name\":\"Home\",\"item\":\"https:\\\/\\\/cotobajo.es\\\/de\\\/\"},{\"@type\":\"ListItem\",\"position\":2,\"name\":\"Produkte\",\"item\":\"https:\\\/\\\/cotobajo.es\\\/de\\\/shop\\\/\"},{\"@type\":\"ListItem\",\"position\":3,\"name\":\"Natives Oliven\u00f6l extra\",\"item\":\"https:\\\/\\\/cotobajo.es\\\/de\\\/product-category\\\/natives-olivenol-extra\\\/\"},{\"@type\":\"ListItem\",\"position\":4,\"name\":\"Natives Oliven\u00f6l Extra ARBEQUINA 500 ml Glasflasche\"}]},{\"@type\":\"WebSite\",\"@id\":\"https:\\\/\\\/cotobajo.es\\\/de\\\/#website\",\"url\":\"https:\\\/\\\/cotobajo.es\\\/de\\\/\",\"name\":\"Coto Bajo\",\"description\":\"Aceite de Oliva Virgen Extra, AOVE y Miel Artesanal\",\"publisher\":{\"@id\":\"https:\\\/\\\/cotobajo.es\\\/de\\\/#organization\"},\"potentialAction\":[{\"@type\":\"SearchAction\",\"target\":{\"@type\":\"EntryPoint\",\"urlTemplate\":\"https:\\\/\\\/cotobajo.es\\\/de\\\/?s={search_term_string}\"},\"query-input\":{\"@type\":\"PropertyValueSpecification\",\"valueRequired\":true,\"valueName\":\"search_term_string\"}}],\"inLanguage\":\"de\"},{\"@type\":\"Organization\",\"@id\":\"https:\\\/\\\/cotobajo.es\\\/de\\\/#organization\",\"name\":\"Coto Bajo\",\"url\":\"https:\\\/\\\/cotobajo.es\\\/de\\\/\",\"logo\":{\"@type\":\"ImageObject\",\"inLanguage\":\"de\",\"@id\":\"https:\\\/\\\/cotobajo.es\\\/de\\\/#\\\/schema\\\/logo\\\/image\\\/\",\"url\":\"https:\\\/\\\/cotobajo.es\\\/wp-content\\\/uploads\\\/2021\\\/02\\\/logo-header.svg\",\"contentUrl\":\"https:\\\/\\\/cotobajo.es\\\/wp-content\\\/uploads\\\/2021\\\/02\\\/logo-header.svg\",\"width\":1000,\"height\":558,\"caption\":\"Coto Bajo\"},\"image\":{\"@id\":\"https:\\\/\\\/cotobajo.es\\\/de\\\/#\\\/schema\\\/logo\\\/image\\\/\"},\"sameAs\":[\"https:\\\/\\\/www.facebook.com\\\/Coto-Bajo-394048128222\",\"https:\\\/\\\/x.com\\\/cotobajo\",\"https:\\\/\\\/www.instagram.com\\\/coto_bajo\\\/\",\"https:\\\/\\\/www.linkedin.com\\\/company\\\/coto-bajo-s-a\\\/\",\"https:\\\/\\\/www.youtube.com\\\/@coto_bajo\"]}]}<\/script>\n<!-- \/ Yoast SEO plugin. -->","yoast_head_json":{"title":"Natives Oliven\u00f6l Extra ARBEQUINA 500ml Glasflasche","description":"Fr\u00fch geerntetes Delicada Arbequina EVOO, leicht bitter und nicht sehr w\u00fcrzig. Ein Natives Oliven\u00f6l Extra, ideal f\u00fcr Salate, Fisch und Dressings.","robots":{"index":"index","follow":"follow","max-snippet":"max-snippet:-1","max-image-preview":"max-image-preview:large","max-video-preview":"max-video-preview:-1"},"canonical":"https:\/\/cotobajo.es\/de\/product\/aove-delicada-arbequina-botella-cristal-500ml\/","og_locale":"de_DE","og_type":"article","og_title":"Natives Oliven\u00f6l Extra ARBEQUINA 500ml Glasflasche","og_description":"Fr\u00fch geerntetes Delicada Arbequina EVOO, leicht bitter und nicht sehr w\u00fcrzig. Ein Natives Oliven\u00f6l Extra, ideal f\u00fcr Salate, Fisch und Dressings.","og_url":"https:\/\/cotobajo.es\/de\/product\/aove-delicada-arbequina-botella-cristal-500ml\/","og_site_name":"Coto Bajo","article_publisher":"https:\/\/www.facebook.com\/Coto-Bajo-394048128222","article_modified_time":"2025-02-07T11:48:00+00:00","og_image":[{"width":1080,"height":1080,"url":"https:\/\/cotobajo.es\/wp-content\/uploads\/2021\/11\/AOVE-arbequina-botella-cristal-500ml.jpg","type":"image\/jpeg"}],"twitter_card":"summary_large_image","twitter_site":"@cotobajo","twitter_misc":{"Gesch\u00e4tzte Lesezeit":"1\u00a0Minute"},"schema":{"@context":"https:\/\/schema.org","@graph":[{"@type":"WebPage","@id":"https:\/\/cotobajo.es\/de\/product\/aove-delicada-arbequina-botella-cristal-500ml\/","url":"https:\/\/cotobajo.es\/de\/product\/aove-delicada-arbequina-botella-cristal-500ml\/","name":"Natives Oliven\u00f6l Extra ARBEQUINA 500ml Glasflasche","isPartOf":{"@id":"https:\/\/cotobajo.es\/de\/#website"},"primaryImageOfPage":{"@id":"https:\/\/cotobajo.es\/de\/product\/aove-delicada-arbequina-botella-cristal-500ml\/#primaryimage"},"image":{"@id":"https:\/\/cotobajo.es\/de\/product\/aove-delicada-arbequina-botella-cristal-500ml\/#primaryimage"},"thumbnailUrl":"https:\/\/cotobajo.es\/wp-content\/uploads\/2021\/11\/AOVE-arbequina-botella-cristal-500ml.jpg","datePublished":"2024-08-08T08:31:50+00:00","dateModified":"2025-02-07T11:48:00+00:00","description":"Fr\u00fch geerntetes Delicada Arbequina EVOO, leicht bitter und nicht sehr w\u00fcrzig. Ein Natives Oliven\u00f6l Extra, ideal f\u00fcr Salate, Fisch und Dressings.","breadcrumb":{"@id":"https:\/\/cotobajo.es\/de\/product\/aove-delicada-arbequina-botella-cristal-500ml\/#breadcrumb"},"inLanguage":"de","potentialAction":[{"@type":"ReadAction","target":["https:\/\/cotobajo.es\/de\/product\/aove-delicada-arbequina-botella-cristal-500ml\/"]}]},{"@type":"ImageObject","inLanguage":"de","@id":"https:\/\/cotobajo.es\/de\/product\/aove-delicada-arbequina-botella-cristal-500ml\/#primaryimage","url":"https:\/\/cotobajo.es\/wp-content\/uploads\/2021\/11\/AOVE-arbequina-botella-cristal-500ml.jpg","contentUrl":"https:\/\/cotobajo.es\/wp-content\/uploads\/2021\/11\/AOVE-arbequina-botella-cristal-500ml.jpg","width":1080,"height":1080,"caption":"EVOO-arbequina-flasche-kristall-500ml"},{"@type":"BreadcrumbList","@id":"https:\/\/cotobajo.es\/de\/product\/aove-delicada-arbequina-botella-cristal-500ml\/#breadcrumb","itemListElement":[{"@type":"ListItem","position":1,"name":"Home","item":"https:\/\/cotobajo.es\/de\/"},{"@type":"ListItem","position":2,"name":"Produkte","item":"https:\/\/cotobajo.es\/de\/shop\/"},{"@type":"ListItem","position":3,"name":"Natives Oliven\u00f6l extra","item":"https:\/\/cotobajo.es\/de\/product-category\/natives-olivenol-extra\/"},{"@type":"ListItem","position":4,"name":"Natives Oliven\u00f6l Extra ARBEQUINA 500 ml Glasflasche"}]},{"@type":"WebSite","@id":"https:\/\/cotobajo.es\/de\/#website","url":"https:\/\/cotobajo.es\/de\/","name":"Coto Bajo","description":"Aceite de Oliva Virgen Extra, AOVE y Miel Artesanal","publisher":{"@id":"https:\/\/cotobajo.es\/de\/#organization"},"potentialAction":[{"@type":"SearchAction","target":{"@type":"EntryPoint","urlTemplate":"https:\/\/cotobajo.es\/de\/?s={search_term_string}"},"query-input":{"@type":"PropertyValueSpecification","valueRequired":true,"valueName":"search_term_string"}}],"inLanguage":"de"},{"@type":"Organization","@id":"https:\/\/cotobajo.es\/de\/#organization","name":"Coto Bajo","url":"https:\/\/cotobajo.es\/de\/","logo":{"@type":"ImageObject","inLanguage":"de","@id":"https:\/\/cotobajo.es\/de\/#\/schema\/logo\/image\/","url":"https:\/\/cotobajo.es\/wp-content\/uploads\/2021\/02\/logo-header.svg","contentUrl":"https:\/\/cotobajo.es\/wp-content\/uploads\/2021\/02\/logo-header.svg","width":1000,"height":558,"caption":"Coto Bajo"},"image":{"@id":"https:\/\/cotobajo.es\/de\/#\/schema\/logo\/image\/"},"sameAs":["https:\/\/www.facebook.com\/Coto-Bajo-394048128222","https:\/\/x.com\/cotobajo","https:\/\/www.instagram.com\/coto_bajo\/","https:\/\/www.linkedin.com\/company\/coto-bajo-s-a\/","https:\/\/www.youtube.com\/@coto_bajo"]}]}},"_links":{"self":[{"href":"https:\/\/cotobajo.es\/de\/wp-json\/wp\/v2\/product\/14658","targetHints":{"allow":["GET"]}}],"collection":[{"href":"https:\/\/cotobajo.es\/de\/wp-json\/wp\/v2\/product"}],"about":[{"href":"https:\/\/cotobajo.es\/de\/wp-json\/wp\/v2\/types\/product"}],"replies":[{"embeddable":true,"href":"https:\/\/cotobajo.es\/de\/wp-json\/wp\/v2\/comments?post=14658"}],"wp:featuredmedia":[{"embeddable":true,"href":"https:\/\/cotobajo.es\/de\/wp-json\/wp\/v2\/media\/13334"}],"wp:attachment":[{"href":"https:\/\/cotobajo.es\/de\/wp-json\/wp\/v2\/media?parent=14658"}],"wp:term":[{"taxonomy":"product_brand","embeddable":true,"href":"https:\/\/cotobajo.es\/de\/wp-json\/wp\/v2\/product_brand?post=14658"},{"taxonomy":"product_cat","embeddable":true,"href":"https:\/\/cotobajo.es\/de\/wp-json\/wp\/v2\/product_cat?post=14658"},{"taxonomy":"product_tag","embeddable":true,"href":"https:\/\/cotobajo.es\/de\/wp-json\/wp\/v2\/product_tag?post=14658"}],"curies":[{"name":"wp","href":"https:\/\/api.w.org\/{rel}","templated":true}]}}