{"id":14956,"date":"2025-01-07T09:47:18","date_gmt":"2025-01-07T08:47:18","guid":{"rendered":"https:\/\/cotobajo.es\/product\/aove-coto-bajo-tradicion-caja-3x5-litros\/"},"modified":"2026-01-14T16:25:25","modified_gmt":"2026-01-14T15:25:25","slug":"aove-coto-bajo-tradicion-caja-3x5-litros","status":"publish","type":"product","link":"https:\/\/cotobajo.es\/de\/product\/aove-coto-bajo-tradicion-caja-3x5-litros\/","title":{"rendered":"Coto Bajo Tradition Natives Oliven\u00f6l Extra 3&#215;5-Liter-Box"},"content":{"rendered":"<p><strong>Pr\u00e4sentation: Schachtel mit 3 Kanistern \u00e0 5 l<\/strong><\/p>\n<p><strong>Natives Oliven\u00f6l Extra<\/strong>, hergestellt aus verschiedenen Olivensorten, nach den Kriterien unseres \u00d6lm\u00fchlenmeisters, um in jeder Ernte \u00e4hnliche Aromen, Geschmacksrichtungen und organoleptische Eigenschaften zu gew\u00e4hrleisten. Es handelt sich um ein vielseitig einsetzbares \u00d6l, das seine Eigenschaften \u00fcber die Zeit hinweg stabil beh\u00e4lt. Unser EVOO in diesem Format ist eine ausgezeichnete Wahl f\u00fcr die K\u00fcche.<\/p>\n<p>EAN: 8437010033117<\/p>\n","protected":false},"excerpt":{"rendered":"<p><strong>Pr\u00e4sentation: Schachtel mit 3 Kanistern \u00e0 5 l<\/strong><\/p>\n<p><strong>Natives Oliven\u00f6l Extra<\/strong>, hergestellt aus verschiedenen Olivensorten, nach den Kriterien unseres \u00d6lm\u00fchlenmeisters, um in jeder Ernte \u00e4hnliche Aromen, Geschmacksrichtungen und organoleptische Eigenschaften zu gew\u00e4hrleisten. Es handelt sich um ein vielseitig einsetzbares \u00d6l, das seine Eigenschaften \u00fcber die Zeit hinweg stabil beh\u00e4lt. Unser EVOO in diesem Format ist eine ausgezeichnete Wahl f\u00fcr die K\u00fcche.<\/p>\n<p>EAN: 8437010033117<\/p>\n","protected":false},"featured_media":13346,"comment_status":"closed","ping_status":"closed","template":"","meta":{"_acf_changed":false,"_joinchat":[]},"product_brand":[],"product_cat":[299],"product_tag":[665,590,627,652,655,662,615,657],"class_list":{"0":"post-14956","1":"product","2":"type-product","3":"status-publish","4":"has-post-thumbnail","6":"product_cat-natives-olivenol-extra","7":"product_tag-aove-5l-spanien","8":"product_tag-evoo","9":"product_tag-familienpackung-olivenol","10":"product_tag-natives-olivenol-extra-5-liter","11":"product_tag-natives-olivenol-extra-kanister","12":"product_tag-olivenol-5-liter","13":"product_tag-olivenol-direkt-vom-produzenten","14":"product_tag-olivenol-kanister-5-liter","16":"first","17":"instock","18":"taxable","19":"shipping-taxable","20":"purchasable","21":"product-type-simple"},"acf":[],"yoast_head":"<!-- This site is optimized with the Yoast SEO plugin v27.4 - https:\/\/yoast.com\/product\/yoast-seo-wordpress\/ -->\n<title>Coto Bajo Tradition Natives Oliven\u00f6l Extra 3x5-Liter-Box<\/title>\n<meta name=\"description\" content=\"100% Natives Oliven\u00f6l Extra aus Almazara. 15 Liter - 5-Liter-Karaffen, 3 St\u00fcck pro Karton. Eigene Produktion. Neue Kampagne.\" \/>\n<meta name=\"robots\" content=\"index, follow, max-snippet:-1, max-image-preview:large, max-video-preview:-1\" \/>\n<link rel=\"canonical\" href=\"https:\/\/cotobajo.es\/de\/product\/aove-coto-bajo-tradicion-caja-3x5-litros\/\" \/>\n<meta property=\"og:locale\" content=\"de_DE\" \/>\n<meta property=\"og:type\" content=\"article\" \/>\n<meta property=\"og:title\" content=\"Coto Bajo Tradition Natives Oliven\u00f6l Extra 3x5-Liter-Box\" \/>\n<meta property=\"og:description\" content=\"100% Natives Oliven\u00f6l Extra aus Almazara. 15 Liter - 5-Liter-Karaffen, 3 St\u00fcck pro Karton. Eigene Produktion. Neue Kampagne.\" \/>\n<meta property=\"og:url\" content=\"https:\/\/cotobajo.es\/de\/product\/aove-coto-bajo-tradicion-caja-3x5-litros\/\" \/>\n<meta property=\"og:site_name\" content=\"Coto Bajo\" \/>\n<meta property=\"article:publisher\" content=\"https:\/\/www.facebook.com\/Coto-Bajo-394048128222\" \/>\n<meta property=\"article:modified_time\" content=\"2026-01-14T15:25:25+00:00\" \/>\n<meta property=\"og:image\" content=\"https:\/\/cotobajo.es\/wp-content\/uploads\/2021\/11\/AOVE-tradicion-garrafa-5L-3uds.jpg\" \/>\n\t<meta property=\"og:image:width\" content=\"1080\" \/>\n\t<meta property=\"og:image:height\" content=\"1080\" \/>\n\t<meta property=\"og:image:type\" content=\"image\/jpeg\" \/>\n<meta name=\"twitter:card\" content=\"summary_large_image\" \/>\n<meta name=\"twitter:site\" content=\"@cotobajo\" \/>\n<meta name=\"twitter:label1\" content=\"Gesch\u00e4tzte Lesezeit\" \/>\n\t<meta name=\"twitter:data1\" content=\"1\u00a0Minute\" \/>\n<script type=\"application\/ld+json\" class=\"yoast-schema-graph\">{\"@context\":\"https:\\\/\\\/schema.org\",\"@graph\":[{\"@type\":\"WebPage\",\"@id\":\"https:\\\/\\\/cotobajo.es\\\/de\\\/product\\\/aove-coto-bajo-tradicion-caja-3x5-litros\\\/\",\"url\":\"https:\\\/\\\/cotobajo.es\\\/de\\\/product\\\/aove-coto-bajo-tradicion-caja-3x5-litros\\\/\",\"name\":\"Coto Bajo Tradition Natives Oliven\u00f6l Extra 3x5-Liter-Box\",\"isPartOf\":{\"@id\":\"https:\\\/\\\/cotobajo.es\\\/de\\\/#website\"},\"primaryImageOfPage\":{\"@id\":\"https:\\\/\\\/cotobajo.es\\\/de\\\/product\\\/aove-coto-bajo-tradicion-caja-3x5-litros\\\/#primaryimage\"},\"image\":{\"@id\":\"https:\\\/\\\/cotobajo.es\\\/de\\\/product\\\/aove-coto-bajo-tradicion-caja-3x5-litros\\\/#primaryimage\"},\"thumbnailUrl\":\"https:\\\/\\\/cotobajo.es\\\/wp-content\\\/uploads\\\/2021\\\/11\\\/AOVE-tradicion-garrafa-5L-3uds.jpg\",\"datePublished\":\"2025-01-07T08:47:18+00:00\",\"dateModified\":\"2026-01-14T15:25:25+00:00\",\"description\":\"100% Natives Oliven\u00f6l Extra aus Almazara. 15 Liter - 5-Liter-Karaffen, 3 St\u00fcck pro Karton. Eigene Produktion. Neue Kampagne.\",\"breadcrumb\":{\"@id\":\"https:\\\/\\\/cotobajo.es\\\/de\\\/product\\\/aove-coto-bajo-tradicion-caja-3x5-litros\\\/#breadcrumb\"},\"inLanguage\":\"de\",\"potentialAction\":[{\"@type\":\"ReadAction\",\"target\":[\"https:\\\/\\\/cotobajo.es\\\/de\\\/product\\\/aove-coto-bajo-tradicion-caja-3x5-litros\\\/\"]}]},{\"@type\":\"ImageObject\",\"inLanguage\":\"de\",\"@id\":\"https:\\\/\\\/cotobajo.es\\\/de\\\/product\\\/aove-coto-bajo-tradicion-caja-3x5-litros\\\/#primaryimage\",\"url\":\"https:\\\/\\\/cotobajo.es\\\/wp-content\\\/uploads\\\/2021\\\/11\\\/AOVE-tradicion-garrafa-5L-3uds.jpg\",\"contentUrl\":\"https:\\\/\\\/cotobajo.es\\\/wp-content\\\/uploads\\\/2021\\\/11\\\/AOVE-tradicion-garrafa-5L-3uds.jpg\",\"width\":1080,\"height\":1080,\"caption\":\"EVOO-tradition-garrafa-5L-3uds\"},{\"@type\":\"BreadcrumbList\",\"@id\":\"https:\\\/\\\/cotobajo.es\\\/de\\\/product\\\/aove-coto-bajo-tradicion-caja-3x5-litros\\\/#breadcrumb\",\"itemListElement\":[{\"@type\":\"ListItem\",\"position\":1,\"name\":\"Home\",\"item\":\"https:\\\/\\\/cotobajo.es\\\/de\\\/\"},{\"@type\":\"ListItem\",\"position\":2,\"name\":\"Produkte\",\"item\":\"https:\\\/\\\/cotobajo.es\\\/de\\\/shop\\\/\"},{\"@type\":\"ListItem\",\"position\":3,\"name\":\"Natives Oliven\u00f6l extra\",\"item\":\"https:\\\/\\\/cotobajo.es\\\/de\\\/product-category\\\/natives-olivenol-extra\\\/\"},{\"@type\":\"ListItem\",\"position\":4,\"name\":\"Coto Bajo Tradition Natives Oliven\u00f6l Extra 3&#215;5-Liter-Box\"}]},{\"@type\":\"WebSite\",\"@id\":\"https:\\\/\\\/cotobajo.es\\\/de\\\/#website\",\"url\":\"https:\\\/\\\/cotobajo.es\\\/de\\\/\",\"name\":\"Coto Bajo\",\"description\":\"Aceite de Oliva Virgen Extra, AOVE y Miel Artesanal\",\"publisher\":{\"@id\":\"https:\\\/\\\/cotobajo.es\\\/de\\\/#organization\"},\"potentialAction\":[{\"@type\":\"SearchAction\",\"target\":{\"@type\":\"EntryPoint\",\"urlTemplate\":\"https:\\\/\\\/cotobajo.es\\\/de\\\/?s={search_term_string}\"},\"query-input\":{\"@type\":\"PropertyValueSpecification\",\"valueRequired\":true,\"valueName\":\"search_term_string\"}}],\"inLanguage\":\"de\"},{\"@type\":\"Organization\",\"@id\":\"https:\\\/\\\/cotobajo.es\\\/de\\\/#organization\",\"name\":\"Coto Bajo\",\"url\":\"https:\\\/\\\/cotobajo.es\\\/de\\\/\",\"logo\":{\"@type\":\"ImageObject\",\"inLanguage\":\"de\",\"@id\":\"https:\\\/\\\/cotobajo.es\\\/de\\\/#\\\/schema\\\/logo\\\/image\\\/\",\"url\":\"https:\\\/\\\/cotobajo.es\\\/wp-content\\\/uploads\\\/2021\\\/02\\\/logo-header.svg\",\"contentUrl\":\"https:\\\/\\\/cotobajo.es\\\/wp-content\\\/uploads\\\/2021\\\/02\\\/logo-header.svg\",\"width\":1000,\"height\":558,\"caption\":\"Coto Bajo\"},\"image\":{\"@id\":\"https:\\\/\\\/cotobajo.es\\\/de\\\/#\\\/schema\\\/logo\\\/image\\\/\"},\"sameAs\":[\"https:\\\/\\\/www.facebook.com\\\/Coto-Bajo-394048128222\",\"https:\\\/\\\/x.com\\\/cotobajo\",\"https:\\\/\\\/www.instagram.com\\\/coto_bajo\\\/\",\"https:\\\/\\\/www.linkedin.com\\\/company\\\/coto-bajo-s-a\\\/\",\"https:\\\/\\\/www.youtube.com\\\/@coto_bajo\"]}]}<\/script>\n<!-- \/ Yoast SEO plugin. -->","yoast_head_json":{"title":"Coto Bajo Tradition Natives Oliven\u00f6l Extra 3x5-Liter-Box","description":"100% Natives Oliven\u00f6l Extra aus Almazara. 15 Liter - 5-Liter-Karaffen, 3 St\u00fcck pro Karton. Eigene Produktion. Neue Kampagne.","robots":{"index":"index","follow":"follow","max-snippet":"max-snippet:-1","max-image-preview":"max-image-preview:large","max-video-preview":"max-video-preview:-1"},"canonical":"https:\/\/cotobajo.es\/de\/product\/aove-coto-bajo-tradicion-caja-3x5-litros\/","og_locale":"de_DE","og_type":"article","og_title":"Coto Bajo Tradition Natives Oliven\u00f6l Extra 3x5-Liter-Box","og_description":"100% Natives Oliven\u00f6l Extra aus Almazara. 15 Liter - 5-Liter-Karaffen, 3 St\u00fcck pro Karton. Eigene Produktion. Neue Kampagne.","og_url":"https:\/\/cotobajo.es\/de\/product\/aove-coto-bajo-tradicion-caja-3x5-litros\/","og_site_name":"Coto Bajo","article_publisher":"https:\/\/www.facebook.com\/Coto-Bajo-394048128222","article_modified_time":"2026-01-14T15:25:25+00:00","og_image":[{"width":1080,"height":1080,"url":"https:\/\/cotobajo.es\/wp-content\/uploads\/2021\/11\/AOVE-tradicion-garrafa-5L-3uds.jpg","type":"image\/jpeg"}],"twitter_card":"summary_large_image","twitter_site":"@cotobajo","twitter_misc":{"Gesch\u00e4tzte Lesezeit":"1\u00a0Minute"},"schema":{"@context":"https:\/\/schema.org","@graph":[{"@type":"WebPage","@id":"https:\/\/cotobajo.es\/de\/product\/aove-coto-bajo-tradicion-caja-3x5-litros\/","url":"https:\/\/cotobajo.es\/de\/product\/aove-coto-bajo-tradicion-caja-3x5-litros\/","name":"Coto Bajo Tradition Natives Oliven\u00f6l Extra 3x5-Liter-Box","isPartOf":{"@id":"https:\/\/cotobajo.es\/de\/#website"},"primaryImageOfPage":{"@id":"https:\/\/cotobajo.es\/de\/product\/aove-coto-bajo-tradicion-caja-3x5-litros\/#primaryimage"},"image":{"@id":"https:\/\/cotobajo.es\/de\/product\/aove-coto-bajo-tradicion-caja-3x5-litros\/#primaryimage"},"thumbnailUrl":"https:\/\/cotobajo.es\/wp-content\/uploads\/2021\/11\/AOVE-tradicion-garrafa-5L-3uds.jpg","datePublished":"2025-01-07T08:47:18+00:00","dateModified":"2026-01-14T15:25:25+00:00","description":"100% Natives Oliven\u00f6l Extra aus Almazara. 15 Liter - 5-Liter-Karaffen, 3 St\u00fcck pro Karton. Eigene Produktion. Neue Kampagne.","breadcrumb":{"@id":"https:\/\/cotobajo.es\/de\/product\/aove-coto-bajo-tradicion-caja-3x5-litros\/#breadcrumb"},"inLanguage":"de","potentialAction":[{"@type":"ReadAction","target":["https:\/\/cotobajo.es\/de\/product\/aove-coto-bajo-tradicion-caja-3x5-litros\/"]}]},{"@type":"ImageObject","inLanguage":"de","@id":"https:\/\/cotobajo.es\/de\/product\/aove-coto-bajo-tradicion-caja-3x5-litros\/#primaryimage","url":"https:\/\/cotobajo.es\/wp-content\/uploads\/2021\/11\/AOVE-tradicion-garrafa-5L-3uds.jpg","contentUrl":"https:\/\/cotobajo.es\/wp-content\/uploads\/2021\/11\/AOVE-tradicion-garrafa-5L-3uds.jpg","width":1080,"height":1080,"caption":"EVOO-tradition-garrafa-5L-3uds"},{"@type":"BreadcrumbList","@id":"https:\/\/cotobajo.es\/de\/product\/aove-coto-bajo-tradicion-caja-3x5-litros\/#breadcrumb","itemListElement":[{"@type":"ListItem","position":1,"name":"Home","item":"https:\/\/cotobajo.es\/de\/"},{"@type":"ListItem","position":2,"name":"Produkte","item":"https:\/\/cotobajo.es\/de\/shop\/"},{"@type":"ListItem","position":3,"name":"Natives Oliven\u00f6l extra","item":"https:\/\/cotobajo.es\/de\/product-category\/natives-olivenol-extra\/"},{"@type":"ListItem","position":4,"name":"Coto Bajo Tradition Natives Oliven\u00f6l Extra 3&#215;5-Liter-Box"}]},{"@type":"WebSite","@id":"https:\/\/cotobajo.es\/de\/#website","url":"https:\/\/cotobajo.es\/de\/","name":"Coto Bajo","description":"Aceite de Oliva Virgen Extra, AOVE y Miel Artesanal","publisher":{"@id":"https:\/\/cotobajo.es\/de\/#organization"},"potentialAction":[{"@type":"SearchAction","target":{"@type":"EntryPoint","urlTemplate":"https:\/\/cotobajo.es\/de\/?s={search_term_string}"},"query-input":{"@type":"PropertyValueSpecification","valueRequired":true,"valueName":"search_term_string"}}],"inLanguage":"de"},{"@type":"Organization","@id":"https:\/\/cotobajo.es\/de\/#organization","name":"Coto Bajo","url":"https:\/\/cotobajo.es\/de\/","logo":{"@type":"ImageObject","inLanguage":"de","@id":"https:\/\/cotobajo.es\/de\/#\/schema\/logo\/image\/","url":"https:\/\/cotobajo.es\/wp-content\/uploads\/2021\/02\/logo-header.svg","contentUrl":"https:\/\/cotobajo.es\/wp-content\/uploads\/2021\/02\/logo-header.svg","width":1000,"height":558,"caption":"Coto Bajo"},"image":{"@id":"https:\/\/cotobajo.es\/de\/#\/schema\/logo\/image\/"},"sameAs":["https:\/\/www.facebook.com\/Coto-Bajo-394048128222","https:\/\/x.com\/cotobajo","https:\/\/www.instagram.com\/coto_bajo\/","https:\/\/www.linkedin.com\/company\/coto-bajo-s-a\/","https:\/\/www.youtube.com\/@coto_bajo"]}]}},"_links":{"self":[{"href":"https:\/\/cotobajo.es\/de\/wp-json\/wp\/v2\/product\/14956","targetHints":{"allow":["GET"]}}],"collection":[{"href":"https:\/\/cotobajo.es\/de\/wp-json\/wp\/v2\/product"}],"about":[{"href":"https:\/\/cotobajo.es\/de\/wp-json\/wp\/v2\/types\/product"}],"replies":[{"embeddable":true,"href":"https:\/\/cotobajo.es\/de\/wp-json\/wp\/v2\/comments?post=14956"}],"wp:featuredmedia":[{"embeddable":true,"href":"https:\/\/cotobajo.es\/de\/wp-json\/wp\/v2\/media\/13346"}],"wp:attachment":[{"href":"https:\/\/cotobajo.es\/de\/wp-json\/wp\/v2\/media?parent=14956"}],"wp:term":[{"taxonomy":"product_brand","embeddable":true,"href":"https:\/\/cotobajo.es\/de\/wp-json\/wp\/v2\/product_brand?post=14956"},{"taxonomy":"product_cat","embeddable":true,"href":"https:\/\/cotobajo.es\/de\/wp-json\/wp\/v2\/product_cat?post=14956"},{"taxonomy":"product_tag","embeddable":true,"href":"https:\/\/cotobajo.es\/de\/wp-json\/wp\/v2\/product_tag?post=14956"}],"curies":[{"name":"wp","href":"https:\/\/api.w.org\/{rel}","templated":true}]}}