{"id":15704,"date":"2025-02-04T12:37:55","date_gmt":"2025-02-04T11:37:55","guid":{"rendered":"https:\/\/cotobajo.es\/?post_type=product&#038;p=15704"},"modified":"2026-04-20T15:31:19","modified_gmt":"2026-04-20T13:31:19","slug":"bio-olivenol-extra-250ml-glasflasche","status":"publish","type":"product","link":"https:\/\/cotobajo.es\/de\/product\/bio-olivenol-extra-250ml-glasflasche\/","title":{"rendered":"BIO Natives Oliven\u00f6l Extra 250 ml Glasflasche"},"content":{"rendered":"<p><strong>Pr\u00e4sentation: Glas 250 ml<\/strong><\/p>\n<p><strong>Natives Oliven\u00f6l Extra aus biologischem Anbau<\/strong>, das von einer fr\u00fchen Ernte stammt und seine intensive gr\u00fcne Fruchtigkeit sowie das perfekte Gleichgewicht zwischen Bitterkeit und Sch\u00e4rfe hervorhebt. Die 250 ml Flasche eignet sich ideal f\u00fcr den t\u00e4glichen Gebrauch, zur Pr\u00e4sentation auf dem Tisch oder als besonderes Geschenk. Genie\u00dfen Sie es roh auf Toast, Salaten und Cremes oder in der K\u00fcche, wo seine Stabilit\u00e4t gesunde und schmackhafte Gerichte garantiert.<\/p>\n<p>Es stammt aus unserem <strong>Bio-Olivenhain<\/strong>, der nach strengen \u00f6kologischen Richtlinien bewirtschaftet und von der entsprechenden Kontrollbeh\u00f6rde zertifiziert ist. Dies garantiert ein Produkt, das frei von Chemikalien wie Herbiziden, Pestiziden und k\u00fcnstlichen D\u00fcngemitteln ist.<\/p>\n<p>Unsere AOVE Ecol\u00f3gico Selecci\u00f3n ist eine sorgf\u00e4ltig zusammengestellte Cuv\u00e9e, bei der wir ausgew\u00e4hlte Sorten kombinieren, um eine perfekte Balance von Aromen und Geschmacksrichtungen zu erreichen.<\/p>\n<p>Es beh\u00e4lt alle herausragenden Eigenschaften des Natives Oliven\u00f6ls Extra von Coto Bajo bei, mit dem zus\u00e4tzlichen Vorteil, dass es biologisch und nachhaltig produziert wird \u2013 ideal f\u00fcr alle, die einen positiven Einfluss auf ihre Ern\u00e4hrung und den Planeten aus\u00fcben m\u00f6chten.<\/p>\n<div class=\"elementor-element elementor-element-341f986 elementor-widget elementor-widget-woocommerce-product-short-description\" data-id=\"341f986\" data-element_type=\"widget\" data-widget_type=\"woocommerce-product-short-description.default\">\n<div class=\"elementor-widget-container\">\n<div class=\"woocommerce-product-details__short-description\">\n<div class=\"woocommerce-variation-ean\">EAN: 8437010033315<\/div>\n<\/div>\n<\/div>\n<\/div>\n","protected":false},"excerpt":{"rendered":"<p><strong>Pr\u00e4sentation: Glas 250 ml<\/strong><\/p>\n<p><strong>Natives Oliven\u00f6l Extra aus biologischem Anbau<\/strong>, das von einer fr\u00fchen Ernte stammt und seine intensive gr\u00fcne Fruchtigkeit sowie das perfekte Gleichgewicht zwischen Bitterkeit und Sch\u00e4rfe hervorhebt. Die 250 ml Flasche eignet sich ideal f\u00fcr den t\u00e4glichen Gebrauch, zur Pr\u00e4sentation auf dem Tisch oder als besonderes Geschenk. Genie\u00dfen Sie es roh auf Toast, Salaten und Cremes oder in der K\u00fcche, wo seine Stabilit\u00e4t gesunde und schmackhafte Gerichte garantiert.<\/p>\n<p>Es stammt aus unserem <strong>Bio-Olivenhain<\/strong>, der nach strengen \u00f6kologischen Richtlinien bewirtschaftet und von der entsprechenden Kontrollbeh\u00f6rde zertifiziert ist. Dies garantiert ein Produkt, das frei von Chemikalien wie Herbiziden, Pestiziden und k\u00fcnstlichen D\u00fcngemitteln ist.<\/p>\n<p>Unsere AOVE Ecol\u00f3gico Selecci\u00f3n ist eine sorgf\u00e4ltig zusammengestellte Cuv\u00e9e, bei der wir ausgew\u00e4hlte Sorten kombinieren, um eine perfekte Balance von Aromen und Geschmacksrichtungen zu erreichen.<\/p>\n<p>Es beh\u00e4lt alle herausragenden Eigenschaften des Natives Oliven\u00f6ls Extra von Coto Bajo bei, mit dem zus\u00e4tzlichen Vorteil, dass es biologisch und nachhaltig produziert wird \u2013 ideal f\u00fcr alle, die einen positiven Einfluss auf ihre Ern\u00e4hrung und den Planeten aus\u00fcben m\u00f6chten.<\/p>\n<p>EAN: 8437010033315<\/p>\n","protected":false},"featured_media":15746,"comment_status":"open","ping_status":"closed","template":"","meta":{"_acf_changed":false,"_joinchat":[]},"product_brand":[],"product_cat":[276],"product_tag":[613,590,621,624,615,630],"class_list":{"0":"post-15704","1":"product","2":"type-product","3":"status-publish","4":"has-post-thumbnail","6":"product_cat-natives-bio-olivenol-extra","7":"product_tag-andalusisches-olivenol","8":"product_tag-evoo","9":"product_tag-gourmet-olivenol","10":"product_tag-natives-olivenol-extra-gastronomie","11":"product_tag-olivenol-direkt-vom-produzenten","12":"product_tag-olivenol-online-kaufen","14":"first","15":"instock","16":"sale","17":"taxable","18":"shipping-taxable","19":"purchasable","20":"product-type-variable","21":"has-default-attributes"},"acf":[],"yoast_head":"<!-- This site is optimized with the Yoast SEO plugin v27.4 - https:\/\/yoast.com\/product\/yoast-seo-wordpress\/ -->\n<title>Natives Bio-Oliven\u00f6l Extra 250ml - Authentischer und nachhaltiger GeschmackBio-Oliven\u00f6l<\/title>\n<meta name=\"description\" content=\"Natives Bio-Oliven\u00f6l Extra 250ml - Authentischer, nachhaltiger Geschmack f\u00fcr gesunde und schmackhafte Gerichte\" \/>\n<meta name=\"robots\" content=\"index, follow, max-snippet:-1, max-image-preview:large, max-video-preview:-1\" \/>\n<link rel=\"canonical\" href=\"https:\/\/cotobajo.es\/de\/product\/bio-olivenol-extra-250ml-glasflasche\/\" \/>\n<meta property=\"og:locale\" content=\"de_DE\" \/>\n<meta property=\"og:type\" content=\"article\" \/>\n<meta property=\"og:title\" content=\"Natives Bio-Oliven\u00f6l Extra 250ml - Authentischer und nachhaltiger GeschmackBio-Oliven\u00f6l\" \/>\n<meta property=\"og:description\" content=\"Natives Bio-Oliven\u00f6l Extra 250ml - Authentischer, nachhaltiger Geschmack f\u00fcr gesunde und schmackhafte Gerichte\" \/>\n<meta property=\"og:url\" content=\"https:\/\/cotobajo.es\/de\/product\/bio-olivenol-extra-250ml-glasflasche\/\" \/>\n<meta property=\"og:site_name\" content=\"Coto Bajo\" \/>\n<meta property=\"article:publisher\" content=\"https:\/\/www.facebook.com\/Coto-Bajo-394048128222\" \/>\n<meta property=\"article:modified_time\" content=\"2026-04-20T13:31:19+00:00\" \/>\n<meta property=\"og:image\" content=\"https:\/\/cotobajo.es\/wp-content\/uploads\/2025\/02\/aceite-de-oliva-ecologico-coto-bajo-250ml.webp\" \/>\n\t<meta property=\"og:image:width\" content=\"1080\" \/>\n\t<meta property=\"og:image:height\" content=\"1080\" \/>\n\t<meta property=\"og:image:type\" content=\"image\/webp\" \/>\n<meta name=\"twitter:card\" content=\"summary_large_image\" \/>\n<meta name=\"twitter:site\" content=\"@cotobajo\" \/>\n<meta name=\"twitter:label1\" content=\"Gesch\u00e4tzte Lesezeit\" \/>\n\t<meta name=\"twitter:data1\" content=\"1\u00a0Minute\" \/>\n<script type=\"application\/ld+json\" class=\"yoast-schema-graph\">{\"@context\":\"https:\\\/\\\/schema.org\",\"@graph\":[{\"@type\":\"WebPage\",\"@id\":\"https:\\\/\\\/cotobajo.es\\\/de\\\/product\\\/bio-olivenol-extra-250ml-glasflasche\\\/\",\"url\":\"https:\\\/\\\/cotobajo.es\\\/de\\\/product\\\/bio-olivenol-extra-250ml-glasflasche\\\/\",\"name\":\"Natives Bio-Oliven\u00f6l Extra 250ml - Authentischer und nachhaltiger GeschmackBio-Oliven\u00f6l\",\"isPartOf\":{\"@id\":\"https:\\\/\\\/cotobajo.es\\\/de\\\/#website\"},\"primaryImageOfPage\":{\"@id\":\"https:\\\/\\\/cotobajo.es\\\/de\\\/product\\\/bio-olivenol-extra-250ml-glasflasche\\\/#primaryimage\"},\"image\":{\"@id\":\"https:\\\/\\\/cotobajo.es\\\/de\\\/product\\\/bio-olivenol-extra-250ml-glasflasche\\\/#primaryimage\"},\"thumbnailUrl\":\"https:\\\/\\\/cotobajo.es\\\/wp-content\\\/uploads\\\/2025\\\/02\\\/aceite-de-oliva-ecologico-coto-bajo-250ml.webp\",\"datePublished\":\"2025-02-04T11:37:55+00:00\",\"dateModified\":\"2026-04-20T13:31:19+00:00\",\"description\":\"Natives Bio-Oliven\u00f6l Extra 250ml - Authentischer, nachhaltiger Geschmack f\u00fcr gesunde und schmackhafte Gerichte\",\"breadcrumb\":{\"@id\":\"https:\\\/\\\/cotobajo.es\\\/de\\\/product\\\/bio-olivenol-extra-250ml-glasflasche\\\/#breadcrumb\"},\"inLanguage\":\"de\",\"potentialAction\":[{\"@type\":\"ReadAction\",\"target\":[\"https:\\\/\\\/cotobajo.es\\\/de\\\/product\\\/bio-olivenol-extra-250ml-glasflasche\\\/\"]}]},{\"@type\":\"ImageObject\",\"inLanguage\":\"de\",\"@id\":\"https:\\\/\\\/cotobajo.es\\\/de\\\/product\\\/bio-olivenol-extra-250ml-glasflasche\\\/#primaryimage\",\"url\":\"https:\\\/\\\/cotobajo.es\\\/wp-content\\\/uploads\\\/2025\\\/02\\\/aceite-de-oliva-ecologico-coto-bajo-250ml.webp\",\"contentUrl\":\"https:\\\/\\\/cotobajo.es\\\/wp-content\\\/uploads\\\/2025\\\/02\\\/aceite-de-oliva-ecologico-coto-bajo-250ml.webp\",\"width\":1080,\"height\":1080,\"caption\":\"Coto Bajo \u00d6kologisches Oliven\u00f6l 250ml\"},{\"@type\":\"BreadcrumbList\",\"@id\":\"https:\\\/\\\/cotobajo.es\\\/de\\\/product\\\/bio-olivenol-extra-250ml-glasflasche\\\/#breadcrumb\",\"itemListElement\":[{\"@type\":\"ListItem\",\"position\":1,\"name\":\"Home\",\"item\":\"https:\\\/\\\/cotobajo.es\\\/de\\\/\"},{\"@type\":\"ListItem\",\"position\":2,\"name\":\"Produkte\",\"item\":\"https:\\\/\\\/cotobajo.es\\\/de\\\/shop\\\/\"},{\"@type\":\"ListItem\",\"position\":3,\"name\":\"Natives Bio-Oliven\u00f6l extra\",\"item\":\"https:\\\/\\\/cotobajo.es\\\/de\\\/product-category\\\/natives-bio-olivenol-extra\\\/\"},{\"@type\":\"ListItem\",\"position\":4,\"name\":\"BIO Natives Oliven\u00f6l Extra 250 ml Glasflasche\"}]},{\"@type\":\"WebSite\",\"@id\":\"https:\\\/\\\/cotobajo.es\\\/de\\\/#website\",\"url\":\"https:\\\/\\\/cotobajo.es\\\/de\\\/\",\"name\":\"Coto Bajo\",\"description\":\"Aceite de Oliva Virgen Extra, AOVE y Miel Artesanal\",\"publisher\":{\"@id\":\"https:\\\/\\\/cotobajo.es\\\/de\\\/#organization\"},\"potentialAction\":[{\"@type\":\"SearchAction\",\"target\":{\"@type\":\"EntryPoint\",\"urlTemplate\":\"https:\\\/\\\/cotobajo.es\\\/de\\\/?s={search_term_string}\"},\"query-input\":{\"@type\":\"PropertyValueSpecification\",\"valueRequired\":true,\"valueName\":\"search_term_string\"}}],\"inLanguage\":\"de\"},{\"@type\":\"Organization\",\"@id\":\"https:\\\/\\\/cotobajo.es\\\/de\\\/#organization\",\"name\":\"Coto Bajo\",\"url\":\"https:\\\/\\\/cotobajo.es\\\/de\\\/\",\"logo\":{\"@type\":\"ImageObject\",\"inLanguage\":\"de\",\"@id\":\"https:\\\/\\\/cotobajo.es\\\/de\\\/#\\\/schema\\\/logo\\\/image\\\/\",\"url\":\"https:\\\/\\\/cotobajo.es\\\/wp-content\\\/uploads\\\/2021\\\/02\\\/logo-header.svg\",\"contentUrl\":\"https:\\\/\\\/cotobajo.es\\\/wp-content\\\/uploads\\\/2021\\\/02\\\/logo-header.svg\",\"width\":1000,\"height\":558,\"caption\":\"Coto Bajo\"},\"image\":{\"@id\":\"https:\\\/\\\/cotobajo.es\\\/de\\\/#\\\/schema\\\/logo\\\/image\\\/\"},\"sameAs\":[\"https:\\\/\\\/www.facebook.com\\\/Coto-Bajo-394048128222\",\"https:\\\/\\\/x.com\\\/cotobajo\",\"https:\\\/\\\/www.instagram.com\\\/coto_bajo\\\/\",\"https:\\\/\\\/www.linkedin.com\\\/company\\\/coto-bajo-s-a\\\/\",\"https:\\\/\\\/www.youtube.com\\\/@coto_bajo\"]}]}<\/script>\n<!-- \/ Yoast SEO plugin. -->","yoast_head_json":{"title":"Natives Bio-Oliven\u00f6l Extra 250ml - Authentischer und nachhaltiger GeschmackBio-Oliven\u00f6l","description":"Natives Bio-Oliven\u00f6l Extra 250ml - Authentischer, nachhaltiger Geschmack f\u00fcr gesunde und schmackhafte Gerichte","robots":{"index":"index","follow":"follow","max-snippet":"max-snippet:-1","max-image-preview":"max-image-preview:large","max-video-preview":"max-video-preview:-1"},"canonical":"https:\/\/cotobajo.es\/de\/product\/bio-olivenol-extra-250ml-glasflasche\/","og_locale":"de_DE","og_type":"article","og_title":"Natives Bio-Oliven\u00f6l Extra 250ml - Authentischer und nachhaltiger GeschmackBio-Oliven\u00f6l","og_description":"Natives Bio-Oliven\u00f6l Extra 250ml - Authentischer, nachhaltiger Geschmack f\u00fcr gesunde und schmackhafte Gerichte","og_url":"https:\/\/cotobajo.es\/de\/product\/bio-olivenol-extra-250ml-glasflasche\/","og_site_name":"Coto Bajo","article_publisher":"https:\/\/www.facebook.com\/Coto-Bajo-394048128222","article_modified_time":"2026-04-20T13:31:19+00:00","og_image":[{"width":1080,"height":1080,"url":"https:\/\/cotobajo.es\/wp-content\/uploads\/2025\/02\/aceite-de-oliva-ecologico-coto-bajo-250ml.webp","type":"image\/webp"}],"twitter_card":"summary_large_image","twitter_site":"@cotobajo","twitter_misc":{"Gesch\u00e4tzte Lesezeit":"1\u00a0Minute"},"schema":{"@context":"https:\/\/schema.org","@graph":[{"@type":"WebPage","@id":"https:\/\/cotobajo.es\/de\/product\/bio-olivenol-extra-250ml-glasflasche\/","url":"https:\/\/cotobajo.es\/de\/product\/bio-olivenol-extra-250ml-glasflasche\/","name":"Natives Bio-Oliven\u00f6l Extra 250ml - Authentischer und nachhaltiger GeschmackBio-Oliven\u00f6l","isPartOf":{"@id":"https:\/\/cotobajo.es\/de\/#website"},"primaryImageOfPage":{"@id":"https:\/\/cotobajo.es\/de\/product\/bio-olivenol-extra-250ml-glasflasche\/#primaryimage"},"image":{"@id":"https:\/\/cotobajo.es\/de\/product\/bio-olivenol-extra-250ml-glasflasche\/#primaryimage"},"thumbnailUrl":"https:\/\/cotobajo.es\/wp-content\/uploads\/2025\/02\/aceite-de-oliva-ecologico-coto-bajo-250ml.webp","datePublished":"2025-02-04T11:37:55+00:00","dateModified":"2026-04-20T13:31:19+00:00","description":"Natives Bio-Oliven\u00f6l Extra 250ml - Authentischer, nachhaltiger Geschmack f\u00fcr gesunde und schmackhafte Gerichte","breadcrumb":{"@id":"https:\/\/cotobajo.es\/de\/product\/bio-olivenol-extra-250ml-glasflasche\/#breadcrumb"},"inLanguage":"de","potentialAction":[{"@type":"ReadAction","target":["https:\/\/cotobajo.es\/de\/product\/bio-olivenol-extra-250ml-glasflasche\/"]}]},{"@type":"ImageObject","inLanguage":"de","@id":"https:\/\/cotobajo.es\/de\/product\/bio-olivenol-extra-250ml-glasflasche\/#primaryimage","url":"https:\/\/cotobajo.es\/wp-content\/uploads\/2025\/02\/aceite-de-oliva-ecologico-coto-bajo-250ml.webp","contentUrl":"https:\/\/cotobajo.es\/wp-content\/uploads\/2025\/02\/aceite-de-oliva-ecologico-coto-bajo-250ml.webp","width":1080,"height":1080,"caption":"Coto Bajo \u00d6kologisches Oliven\u00f6l 250ml"},{"@type":"BreadcrumbList","@id":"https:\/\/cotobajo.es\/de\/product\/bio-olivenol-extra-250ml-glasflasche\/#breadcrumb","itemListElement":[{"@type":"ListItem","position":1,"name":"Home","item":"https:\/\/cotobajo.es\/de\/"},{"@type":"ListItem","position":2,"name":"Produkte","item":"https:\/\/cotobajo.es\/de\/shop\/"},{"@type":"ListItem","position":3,"name":"Natives Bio-Oliven\u00f6l extra","item":"https:\/\/cotobajo.es\/de\/product-category\/natives-bio-olivenol-extra\/"},{"@type":"ListItem","position":4,"name":"BIO Natives Oliven\u00f6l Extra 250 ml Glasflasche"}]},{"@type":"WebSite","@id":"https:\/\/cotobajo.es\/de\/#website","url":"https:\/\/cotobajo.es\/de\/","name":"Coto Bajo","description":"Aceite de Oliva Virgen Extra, AOVE y Miel Artesanal","publisher":{"@id":"https:\/\/cotobajo.es\/de\/#organization"},"potentialAction":[{"@type":"SearchAction","target":{"@type":"EntryPoint","urlTemplate":"https:\/\/cotobajo.es\/de\/?s={search_term_string}"},"query-input":{"@type":"PropertyValueSpecification","valueRequired":true,"valueName":"search_term_string"}}],"inLanguage":"de"},{"@type":"Organization","@id":"https:\/\/cotobajo.es\/de\/#organization","name":"Coto Bajo","url":"https:\/\/cotobajo.es\/de\/","logo":{"@type":"ImageObject","inLanguage":"de","@id":"https:\/\/cotobajo.es\/de\/#\/schema\/logo\/image\/","url":"https:\/\/cotobajo.es\/wp-content\/uploads\/2021\/02\/logo-header.svg","contentUrl":"https:\/\/cotobajo.es\/wp-content\/uploads\/2021\/02\/logo-header.svg","width":1000,"height":558,"caption":"Coto Bajo"},"image":{"@id":"https:\/\/cotobajo.es\/de\/#\/schema\/logo\/image\/"},"sameAs":["https:\/\/www.facebook.com\/Coto-Bajo-394048128222","https:\/\/x.com\/cotobajo","https:\/\/www.instagram.com\/coto_bajo\/","https:\/\/www.linkedin.com\/company\/coto-bajo-s-a\/","https:\/\/www.youtube.com\/@coto_bajo"]}]}},"_links":{"self":[{"href":"https:\/\/cotobajo.es\/de\/wp-json\/wp\/v2\/product\/15704","targetHints":{"allow":["GET"]}}],"collection":[{"href":"https:\/\/cotobajo.es\/de\/wp-json\/wp\/v2\/product"}],"about":[{"href":"https:\/\/cotobajo.es\/de\/wp-json\/wp\/v2\/types\/product"}],"replies":[{"embeddable":true,"href":"https:\/\/cotobajo.es\/de\/wp-json\/wp\/v2\/comments?post=15704"}],"wp:featuredmedia":[{"embeddable":true,"href":"https:\/\/cotobajo.es\/de\/wp-json\/wp\/v2\/media\/15746"}],"wp:attachment":[{"href":"https:\/\/cotobajo.es\/de\/wp-json\/wp\/v2\/media?parent=15704"}],"wp:term":[{"taxonomy":"product_brand","embeddable":true,"href":"https:\/\/cotobajo.es\/de\/wp-json\/wp\/v2\/product_brand?post=15704"},{"taxonomy":"product_cat","embeddable":true,"href":"https:\/\/cotobajo.es\/de\/wp-json\/wp\/v2\/product_cat?post=15704"},{"taxonomy":"product_tag","embeddable":true,"href":"https:\/\/cotobajo.es\/de\/wp-json\/wp\/v2\/product_tag?post=15704"}],"curies":[{"name":"wp","href":"https:\/\/api.w.org\/{rel}","templated":true}]}}