{"id":17947,"date":"2026-02-25T13:00:57","date_gmt":"2026-02-25T12:00:57","guid":{"rendered":"https:\/\/cotobajo.es\/?post_type=product&#038;p=17947"},"modified":"2026-03-04T10:41:57","modified_gmt":"2026-03-04T09:41:57","slug":"organic-evoo-special-selection-500ml-glass-bottle","status":"publish","type":"product","link":"https:\/\/cotobajo.es\/en\/product\/organic-evoo-special-selection-500ml-glass-bottle\/","title":{"rendered":"ORGANIC EVOO Special Selection 500ml Glass Bottle"},"content":{"rendered":"<p><strong><span dir=\"auto\" style=\"vertical-align: inherit;\"><span dir=\"auto\" style=\"vertical-align: inherit;\">Aceite de Oliva Virgen Extra Ecol\u00f3gico<\/span><\/span><\/strong><span dir=\"auto\" style=\"vertical-align: inherit;\"><span dir=\"auto\" style=\"vertical-align: inherit;\"> de excepcional calidad, de cosecha temprana, repleto de matices arom\u00e1ticos que evocan <\/span><\/span><strong><span dir=\"auto\" style=\"vertical-align: inherit;\"><span dir=\"auto\" style=\"vertical-align: inherit;\">hierba reci\u00e9n cortada<\/span><\/span><\/strong><span dir=\"auto\" style=\"vertical-align: inherit;\"><span dir=\"auto\" style=\"vertical-align: inherit;\"> , <\/span><\/span><strong><span dir=\"auto\" style=\"vertical-align: inherit;\"><span dir=\"auto\" style=\"vertical-align: inherit;\">manzana<\/span><\/span><\/strong><span dir=\"auto\" style=\"vertical-align: inherit;\"><span dir=\"auto\" style=\"vertical-align: inherit;\"> , <\/span><\/span><strong><span dir=\"auto\" style=\"vertical-align: inherit;\"><span dir=\"auto\" style=\"vertical-align: inherit;\">tomate<\/span><\/span><\/strong><span dir=\"auto\" style=\"vertical-align: inherit;\"><span dir=\"auto\" style=\"vertical-align: inherit;\"> , <\/span><\/span><strong><span dir=\"auto\" style=\"vertical-align: inherit;\"><span dir=\"auto\" style=\"vertical-align: inherit;\">almendra<\/span><\/span><\/strong><span dir=\"auto\" style=\"vertical-align: inherit;\"><span dir=\"auto\" style=\"vertical-align: inherit;\"> &#8230; Se caracteriza por una entrada en boca muy fluida, dulce y elegante, en armon\u00eda con un <\/span><\/span><strong><span dir=\"auto\" style=\"vertical-align: inherit;\"><span dir=\"auto\" style=\"vertical-align: inherit;\">ligero amargor<\/span><\/span><\/strong><span dir=\"auto\" style=\"vertical-align: inherit;\"><span dir=\"auto\" style=\"vertical-align: inherit;\"> y un <\/span><\/span><strong><span dir=\"auto\" style=\"vertical-align: inherit;\"><span dir=\"auto\" style=\"vertical-align: inherit;\">toque picante<\/span><\/span><\/strong><span dir=\"auto\" style=\"vertical-align: inherit;\"><span dir=\"auto\" style=\"vertical-align: inherit;\"> al final. Procede de nuestro olivar ecol\u00f3gico, cultivado siguiendo estrictos est\u00e1ndares de agricultura ecol\u00f3gica y certificado por la Autoridad de Control, lo que garantiza que tanto las aceitunas como el aceite obtenido est\u00e1n libres de productos qu\u00edmicos, como herbicidas, pesticidas y fertilizantes. Nuestro <\/span><span dir=\"auto\" style=\"vertical-align: inherit;\">Aceite de Oliva Virgen Extra <\/span><\/span><strong><span dir=\"auto\" style=\"vertical-align: inherit;\"><span dir=\"auto\" style=\"vertical-align: inherit;\">Ecol\u00f3gico <\/span><\/span><\/strong><strong><span dir=\"auto\" style=\"vertical-align: inherit;\"><span dir=\"auto\" style=\"vertical-align: inherit;\">&#8220;Selecci\u00f3n Especial&#8221;<\/span><\/span><\/strong><span dir=\"auto\" style=\"vertical-align: inherit;\"><span dir=\"auto\" style=\"vertical-align: inherit;\"> es un coupage de variedades que hemos catado y seleccionado para crear un aceite con aromas y sabores equilibrados, ideal para platos de verduras, cremas y salsas. Este aceite conserva todas las cualidades y atributos de nuestro Aceite de Oliva Virgen Extra Coto Bajo, con el valor a\u00f1adido de ser un producto ecol\u00f3gico, cultivado y producido en armon\u00eda con la naturaleza, ideal para consumidores conscientes del impacto positivo que las t\u00e9cnicas agr\u00edcolas deben tener en el medio ambiente.<\/span><\/span><\/p>\n","protected":false},"excerpt":{"rendered":"<p><strong><span dir=\"auto\" style=\"vertical-align: inherit;\"><span dir=\"auto\" style=\"vertical-align: inherit;\">Aceite de Oliva Virgen Extra Ecol\u00f3gico<\/span><\/span><\/strong><span dir=\"auto\" style=\"vertical-align: inherit;\"><span dir=\"auto\" style=\"vertical-align: inherit;\"> de excepcional calidad, de cosecha temprana, repleto de matices arom\u00e1ticos que evocan <\/span><\/span><strong><span dir=\"auto\" style=\"vertical-align: inherit;\"><span dir=\"auto\" style=\"vertical-align: inherit;\">hierba reci\u00e9n cortada<\/span><\/span><\/strong><span dir=\"auto\" style=\"vertical-align: inherit;\"><span dir=\"auto\" style=\"vertical-align: inherit;\"> , <\/span><\/span><strong><span dir=\"auto\" style=\"vertical-align: inherit;\"><span dir=\"auto\" style=\"vertical-align: inherit;\">manzana<\/span><\/span><\/strong><span dir=\"auto\" style=\"vertical-align: inherit;\"><span dir=\"auto\" style=\"vertical-align: inherit;\"> , <\/span><\/span><strong><span dir=\"auto\" style=\"vertical-align: inherit;\"><span dir=\"auto\" style=\"vertical-align: inherit;\">tomate<\/span><\/span><\/strong><span dir=\"auto\" style=\"vertical-align: inherit;\"><span dir=\"auto\" style=\"vertical-align: inherit;\"> , <\/span><\/span><strong><span dir=\"auto\" style=\"vertical-align: inherit;\"><span dir=\"auto\" style=\"vertical-align: inherit;\">almendra<\/span><\/span><\/strong><span dir=\"auto\" style=\"vertical-align: inherit;\"><span dir=\"auto\" style=\"vertical-align: inherit;\"> &#8230; Se caracteriza por una entrada en boca muy fluida, dulce y elegante, en armon\u00eda con un <\/span><\/span><strong><span dir=\"auto\" style=\"vertical-align: inherit;\"><span dir=\"auto\" style=\"vertical-align: inherit;\">ligero amargor<\/span><\/span><\/strong><span dir=\"auto\" style=\"vertical-align: inherit;\"><span dir=\"auto\" style=\"vertical-align: inherit;\"> y un <\/span><\/span><strong><span dir=\"auto\" style=\"vertical-align: inherit;\"><span dir=\"auto\" style=\"vertical-align: inherit;\">toque picante<\/span><\/span><\/strong><span dir=\"auto\" style=\"vertical-align: inherit;\"><span dir=\"auto\" style=\"vertical-align: inherit;\"> al final. Procede de nuestro olivar ecol\u00f3gico, cultivado siguiendo estrictos est\u00e1ndares de agricultura ecol\u00f3gica y certificado por la Autoridad de Control, lo que garantiza que tanto las aceitunas como el aceite obtenido est\u00e1n libres de productos qu\u00edmicos, como herbicidas, pesticidas y fertilizantes. Nuestro <\/span><span dir=\"auto\" style=\"vertical-align: inherit;\">Aceite de Oliva Virgen Extra <\/span><\/span><strong><span dir=\"auto\" style=\"vertical-align: inherit;\"><span dir=\"auto\" style=\"vertical-align: inherit;\">Ecol\u00f3gico <\/span><\/span><\/strong><strong><span dir=\"auto\" style=\"vertical-align: inherit;\"><span dir=\"auto\" style=\"vertical-align: inherit;\">&#8220;Selecci\u00f3n Especial&#8221;<\/span><\/span><\/strong><span dir=\"auto\" style=\"vertical-align: inherit;\"><span dir=\"auto\" style=\"vertical-align: inherit;\"> es un coupage de variedades que hemos catado y seleccionado para crear un aceite con aromas y sabores equilibrados, ideal para platos de verduras, cremas y salsas. Este aceite conserva todas las cualidades y atributos de nuestro Aceite de Oliva Virgen Extra Coto Bajo, con el valor a\u00f1adido de ser un producto ecol\u00f3gico, cultivado y producido en armon\u00eda con la naturaleza, ideal para consumidores conscientes del impacto positivo que las t\u00e9cnicas agr\u00edcolas deben tener en el medio ambiente.<\/span><\/span><\/p>\n","protected":false},"featured_media":13299,"comment_status":"open","ping_status":"closed","template":"","meta":{"_acf_changed":false,"_joinchat":[]},"product_brand":[],"product_cat":[269],"product_tag":[611,628,354,622,619,610],"class_list":{"0":"post-17947","1":"product","2":"type-product","3":"status-publish","4":"has-post-thumbnail","6":"product_cat-organic-extra-virgin-olive-oil","7":"product_tag-andalusian-olive-oil","8":"product_tag-buy-olive-oil-online","9":"product_tag-evoo","10":"product_tag-extra-virgin-olive-oil-for-restaurants","11":"product_tag-gourmet-olive-oil","12":"product_tag-olive-oil-direct-from-producer","14":"first","15":"instock","16":"featured","17":"taxable","18":"shipping-taxable","19":"purchasable","20":"product-type-simple"},"acf":[],"yoast_head":"<!-- This site is optimized with the Yoast SEO plugin v27.4 - https:\/\/yoast.com\/product\/yoast-seo-wordpress\/ -->\n<title>ORGANIC EVOO Special Selection \u2013 Premium Taste 500ml<\/title>\n<meta name=\"description\" content=\"Special selection organic EVOO, early harvest, balanced, fruity and medium spiciness. An exquisite extra virgin olive oil, with a fresh flavor and aroma.\" \/>\n<meta name=\"robots\" content=\"index, follow, max-snippet:-1, max-image-preview:large, max-video-preview:-1\" \/>\n<link rel=\"canonical\" href=\"https:\/\/cotobajo.es\/en\/product\/organic-evoo-special-selection-500ml-glass-bottle\/\" \/>\n<meta property=\"og:locale\" content=\"en_US\" \/>\n<meta property=\"og:type\" content=\"article\" \/>\n<meta property=\"og:title\" content=\"ORGANIC EVOO Special Selection \u2013 Premium Taste 500ml\" \/>\n<meta property=\"og:description\" content=\"Special selection organic EVOO, early harvest, balanced, fruity and medium spiciness. An exquisite extra virgin olive oil, with a fresh flavor and aroma.\" \/>\n<meta property=\"og:url\" content=\"https:\/\/cotobajo.es\/en\/product\/organic-evoo-special-selection-500ml-glass-bottle\/\" \/>\n<meta property=\"og:site_name\" content=\"Coto Bajo\" \/>\n<meta property=\"article:publisher\" content=\"https:\/\/www.facebook.com\/Coto-Bajo-394048128222\" \/>\n<meta property=\"article:modified_time\" content=\"2026-03-04T09:41:57+00:00\" \/>\n<meta property=\"og:image\" content=\"https:\/\/cotobajo.es\/wp-content\/uploads\/2024\/10\/AOVE-ecologico-seleccion-especial-botella-cristal-500ml-6uds.jpg\" \/>\n\t<meta property=\"og:image:width\" content=\"1080\" \/>\n\t<meta property=\"og:image:height\" content=\"1080\" \/>\n\t<meta property=\"og:image:type\" content=\"image\/jpeg\" \/>\n<meta name=\"twitter:card\" content=\"summary_large_image\" \/>\n<meta name=\"twitter:site\" content=\"@cotobajo\" \/>\n<meta name=\"twitter:label1\" content=\"Est. reading time\" \/>\n\t<meta name=\"twitter:data1\" content=\"1 minute\" \/>\n<script type=\"application\/ld+json\" class=\"yoast-schema-graph\">{\"@context\":\"https:\\\/\\\/schema.org\",\"@graph\":[{\"@type\":\"WebPage\",\"@id\":\"https:\\\/\\\/cotobajo.es\\\/en\\\/product\\\/organic-evoo-special-selection-500ml-glass-bottle\\\/\",\"url\":\"https:\\\/\\\/cotobajo.es\\\/en\\\/product\\\/organic-evoo-special-selection-500ml-glass-bottle\\\/\",\"name\":\"ORGANIC EVOO Special Selection \u2013 Premium Taste 500ml\",\"isPartOf\":{\"@id\":\"https:\\\/\\\/cotobajo.es\\\/en\\\/#website\"},\"primaryImageOfPage\":{\"@id\":\"https:\\\/\\\/cotobajo.es\\\/en\\\/product\\\/organic-evoo-special-selection-500ml-glass-bottle\\\/#primaryimage\"},\"image\":{\"@id\":\"https:\\\/\\\/cotobajo.es\\\/en\\\/product\\\/organic-evoo-special-selection-500ml-glass-bottle\\\/#primaryimage\"},\"thumbnailUrl\":\"https:\\\/\\\/cotobajo.es\\\/wp-content\\\/uploads\\\/2024\\\/10\\\/AOVE-ecologico-seleccion-especial-botella-cristal-500ml-6uds.jpg\",\"datePublished\":\"2026-02-25T12:00:57+00:00\",\"dateModified\":\"2026-03-04T09:41:57+00:00\",\"description\":\"Special selection organic EVOO, early harvest, balanced, fruity and medium spiciness. An exquisite extra virgin olive oil, with a fresh flavor and aroma.\",\"breadcrumb\":{\"@id\":\"https:\\\/\\\/cotobajo.es\\\/en\\\/product\\\/organic-evoo-special-selection-500ml-glass-bottle\\\/#breadcrumb\"},\"inLanguage\":\"en-US\",\"potentialAction\":[{\"@type\":\"ReadAction\",\"target\":[\"https:\\\/\\\/cotobajo.es\\\/en\\\/product\\\/organic-evoo-special-selection-500ml-glass-bottle\\\/\"]}]},{\"@type\":\"ImageObject\",\"inLanguage\":\"en-US\",\"@id\":\"https:\\\/\\\/cotobajo.es\\\/en\\\/product\\\/organic-evoo-special-selection-500ml-glass-bottle\\\/#primaryimage\",\"url\":\"https:\\\/\\\/cotobajo.es\\\/wp-content\\\/uploads\\\/2024\\\/10\\\/AOVE-ecologico-seleccion-especial-botella-cristal-500ml-6uds.jpg\",\"contentUrl\":\"https:\\\/\\\/cotobajo.es\\\/wp-content\\\/uploads\\\/2024\\\/10\\\/AOVE-ecologico-seleccion-especial-botella-cristal-500ml-6uds.jpg\",\"width\":1080,\"height\":1080,\"caption\":\"EVOO-ecological-selection-special-bottle-crystal-500ml-6uds\"},{\"@type\":\"BreadcrumbList\",\"@id\":\"https:\\\/\\\/cotobajo.es\\\/en\\\/product\\\/organic-evoo-special-selection-500ml-glass-bottle\\\/#breadcrumb\",\"itemListElement\":[{\"@type\":\"ListItem\",\"position\":1,\"name\":\"Home\",\"item\":\"https:\\\/\\\/cotobajo.es\\\/en\\\/\"},{\"@type\":\"ListItem\",\"position\":2,\"name\":\"Products\",\"item\":\"https:\\\/\\\/cotobajo.es\\\/en\\\/shop\\\/\"},{\"@type\":\"ListItem\",\"position\":3,\"name\":\"Organic extra virgin olive oil\",\"item\":\"https:\\\/\\\/cotobajo.es\\\/en\\\/product-category\\\/organic-extra-virgin-olive-oil\\\/\"},{\"@type\":\"ListItem\",\"position\":4,\"name\":\"ORGANIC EVOO Special Selection 500ml Glass Bottle\"}]},{\"@type\":\"WebSite\",\"@id\":\"https:\\\/\\\/cotobajo.es\\\/en\\\/#website\",\"url\":\"https:\\\/\\\/cotobajo.es\\\/en\\\/\",\"name\":\"Coto Bajo\",\"description\":\"Aceite de Oliva Virgen Extra, AOVE y Miel Artesanal\",\"publisher\":{\"@id\":\"https:\\\/\\\/cotobajo.es\\\/en\\\/#organization\"},\"potentialAction\":[{\"@type\":\"SearchAction\",\"target\":{\"@type\":\"EntryPoint\",\"urlTemplate\":\"https:\\\/\\\/cotobajo.es\\\/en\\\/?s={search_term_string}\"},\"query-input\":{\"@type\":\"PropertyValueSpecification\",\"valueRequired\":true,\"valueName\":\"search_term_string\"}}],\"inLanguage\":\"en-US\"},{\"@type\":\"Organization\",\"@id\":\"https:\\\/\\\/cotobajo.es\\\/en\\\/#organization\",\"name\":\"Coto Bajo\",\"url\":\"https:\\\/\\\/cotobajo.es\\\/en\\\/\",\"logo\":{\"@type\":\"ImageObject\",\"inLanguage\":\"en-US\",\"@id\":\"https:\\\/\\\/cotobajo.es\\\/en\\\/#\\\/schema\\\/logo\\\/image\\\/\",\"url\":\"https:\\\/\\\/cotobajo.es\\\/wp-content\\\/uploads\\\/2021\\\/02\\\/logo-header.svg\",\"contentUrl\":\"https:\\\/\\\/cotobajo.es\\\/wp-content\\\/uploads\\\/2021\\\/02\\\/logo-header.svg\",\"width\":1000,\"height\":558,\"caption\":\"Coto Bajo\"},\"image\":{\"@id\":\"https:\\\/\\\/cotobajo.es\\\/en\\\/#\\\/schema\\\/logo\\\/image\\\/\"},\"sameAs\":[\"https:\\\/\\\/www.facebook.com\\\/Coto-Bajo-394048128222\",\"https:\\\/\\\/x.com\\\/cotobajo\",\"https:\\\/\\\/www.instagram.com\\\/coto_bajo\\\/\",\"https:\\\/\\\/www.linkedin.com\\\/company\\\/coto-bajo-s-a\\\/\",\"https:\\\/\\\/www.youtube.com\\\/@coto_bajo\"]}]}<\/script>\n<!-- \/ Yoast SEO plugin. -->","yoast_head_json":{"title":"ORGANIC EVOO Special Selection \u2013 Premium Taste 500ml","description":"Special selection organic EVOO, early harvest, balanced, fruity and medium spiciness. An exquisite extra virgin olive oil, with a fresh flavor and aroma.","robots":{"index":"index","follow":"follow","max-snippet":"max-snippet:-1","max-image-preview":"max-image-preview:large","max-video-preview":"max-video-preview:-1"},"canonical":"https:\/\/cotobajo.es\/en\/product\/organic-evoo-special-selection-500ml-glass-bottle\/","og_locale":"en_US","og_type":"article","og_title":"ORGANIC EVOO Special Selection \u2013 Premium Taste 500ml","og_description":"Special selection organic EVOO, early harvest, balanced, fruity and medium spiciness. An exquisite extra virgin olive oil, with a fresh flavor and aroma.","og_url":"https:\/\/cotobajo.es\/en\/product\/organic-evoo-special-selection-500ml-glass-bottle\/","og_site_name":"Coto Bajo","article_publisher":"https:\/\/www.facebook.com\/Coto-Bajo-394048128222","article_modified_time":"2026-03-04T09:41:57+00:00","og_image":[{"width":1080,"height":1080,"url":"https:\/\/cotobajo.es\/wp-content\/uploads\/2024\/10\/AOVE-ecologico-seleccion-especial-botella-cristal-500ml-6uds.jpg","type":"image\/jpeg"}],"twitter_card":"summary_large_image","twitter_site":"@cotobajo","twitter_misc":{"Est. reading time":"1 minute"},"schema":{"@context":"https:\/\/schema.org","@graph":[{"@type":"WebPage","@id":"https:\/\/cotobajo.es\/en\/product\/organic-evoo-special-selection-500ml-glass-bottle\/","url":"https:\/\/cotobajo.es\/en\/product\/organic-evoo-special-selection-500ml-glass-bottle\/","name":"ORGANIC EVOO Special Selection \u2013 Premium Taste 500ml","isPartOf":{"@id":"https:\/\/cotobajo.es\/en\/#website"},"primaryImageOfPage":{"@id":"https:\/\/cotobajo.es\/en\/product\/organic-evoo-special-selection-500ml-glass-bottle\/#primaryimage"},"image":{"@id":"https:\/\/cotobajo.es\/en\/product\/organic-evoo-special-selection-500ml-glass-bottle\/#primaryimage"},"thumbnailUrl":"https:\/\/cotobajo.es\/wp-content\/uploads\/2024\/10\/AOVE-ecologico-seleccion-especial-botella-cristal-500ml-6uds.jpg","datePublished":"2026-02-25T12:00:57+00:00","dateModified":"2026-03-04T09:41:57+00:00","description":"Special selection organic EVOO, early harvest, balanced, fruity and medium spiciness. An exquisite extra virgin olive oil, with a fresh flavor and aroma.","breadcrumb":{"@id":"https:\/\/cotobajo.es\/en\/product\/organic-evoo-special-selection-500ml-glass-bottle\/#breadcrumb"},"inLanguage":"en-US","potentialAction":[{"@type":"ReadAction","target":["https:\/\/cotobajo.es\/en\/product\/organic-evoo-special-selection-500ml-glass-bottle\/"]}]},{"@type":"ImageObject","inLanguage":"en-US","@id":"https:\/\/cotobajo.es\/en\/product\/organic-evoo-special-selection-500ml-glass-bottle\/#primaryimage","url":"https:\/\/cotobajo.es\/wp-content\/uploads\/2024\/10\/AOVE-ecologico-seleccion-especial-botella-cristal-500ml-6uds.jpg","contentUrl":"https:\/\/cotobajo.es\/wp-content\/uploads\/2024\/10\/AOVE-ecologico-seleccion-especial-botella-cristal-500ml-6uds.jpg","width":1080,"height":1080,"caption":"EVOO-ecological-selection-special-bottle-crystal-500ml-6uds"},{"@type":"BreadcrumbList","@id":"https:\/\/cotobajo.es\/en\/product\/organic-evoo-special-selection-500ml-glass-bottle\/#breadcrumb","itemListElement":[{"@type":"ListItem","position":1,"name":"Home","item":"https:\/\/cotobajo.es\/en\/"},{"@type":"ListItem","position":2,"name":"Products","item":"https:\/\/cotobajo.es\/en\/shop\/"},{"@type":"ListItem","position":3,"name":"Organic extra virgin olive oil","item":"https:\/\/cotobajo.es\/en\/product-category\/organic-extra-virgin-olive-oil\/"},{"@type":"ListItem","position":4,"name":"ORGANIC EVOO Special Selection 500ml Glass Bottle"}]},{"@type":"WebSite","@id":"https:\/\/cotobajo.es\/en\/#website","url":"https:\/\/cotobajo.es\/en\/","name":"Coto Bajo","description":"Aceite de Oliva Virgen Extra, AOVE y Miel Artesanal","publisher":{"@id":"https:\/\/cotobajo.es\/en\/#organization"},"potentialAction":[{"@type":"SearchAction","target":{"@type":"EntryPoint","urlTemplate":"https:\/\/cotobajo.es\/en\/?s={search_term_string}"},"query-input":{"@type":"PropertyValueSpecification","valueRequired":true,"valueName":"search_term_string"}}],"inLanguage":"en-US"},{"@type":"Organization","@id":"https:\/\/cotobajo.es\/en\/#organization","name":"Coto Bajo","url":"https:\/\/cotobajo.es\/en\/","logo":{"@type":"ImageObject","inLanguage":"en-US","@id":"https:\/\/cotobajo.es\/en\/#\/schema\/logo\/image\/","url":"https:\/\/cotobajo.es\/wp-content\/uploads\/2021\/02\/logo-header.svg","contentUrl":"https:\/\/cotobajo.es\/wp-content\/uploads\/2021\/02\/logo-header.svg","width":1000,"height":558,"caption":"Coto Bajo"},"image":{"@id":"https:\/\/cotobajo.es\/en\/#\/schema\/logo\/image\/"},"sameAs":["https:\/\/www.facebook.com\/Coto-Bajo-394048128222","https:\/\/x.com\/cotobajo","https:\/\/www.instagram.com\/coto_bajo\/","https:\/\/www.linkedin.com\/company\/coto-bajo-s-a\/","https:\/\/www.youtube.com\/@coto_bajo"]}]}},"_links":{"self":[{"href":"https:\/\/cotobajo.es\/en\/wp-json\/wp\/v2\/product\/17947","targetHints":{"allow":["GET"]}}],"collection":[{"href":"https:\/\/cotobajo.es\/en\/wp-json\/wp\/v2\/product"}],"about":[{"href":"https:\/\/cotobajo.es\/en\/wp-json\/wp\/v2\/types\/product"}],"replies":[{"embeddable":true,"href":"https:\/\/cotobajo.es\/en\/wp-json\/wp\/v2\/comments?post=17947"}],"wp:featuredmedia":[{"embeddable":true,"href":"https:\/\/cotobajo.es\/en\/wp-json\/wp\/v2\/media\/13299"}],"wp:attachment":[{"href":"https:\/\/cotobajo.es\/en\/wp-json\/wp\/v2\/media?parent=17947"}],"wp:term":[{"taxonomy":"product_brand","embeddable":true,"href":"https:\/\/cotobajo.es\/en\/wp-json\/wp\/v2\/product_brand?post=17947"},{"taxonomy":"product_cat","embeddable":true,"href":"https:\/\/cotobajo.es\/en\/wp-json\/wp\/v2\/product_cat?post=17947"},{"taxonomy":"product_tag","embeddable":true,"href":"https:\/\/cotobajo.es\/en\/wp-json\/wp\/v2\/product_tag?post=17947"}],"curies":[{"name":"wp","href":"https:\/\/api.w.org\/{rel}","templated":true}]}}