{"id":13722,"date":"2021-10-18T09:42:45","date_gmt":"2021-10-18T07:42:45","guid":{"rendered":"https:\/\/cotobajo.es\/travaillez-avec-nous\/"},"modified":"2025-04-23T09:52:28","modified_gmt":"2025-04-23T07:52:28","slug":"travaillez-avec-nous","status":"publish","type":"page","link":"https:\/\/cotobajo.es\/fr\/contact\/travaillez-avec-nous\/","title":{"rendered":"Travaillez avec nous"},"content":{"rendered":"\t\t<div data-elementor-type=\"wp-page\" data-elementor-id=\"13722\" class=\"elementor elementor-13722 elementor-2666\" data-elementor-post-type=\"page\">\n\t\t\t\t<div class=\"elementor-element elementor-element-f742ed9 elementor-hidden-tablet elementor-hidden-mobile e-flex e-con-boxed e-con e-parent\" data-id=\"f742ed9\" data-element_type=\"container\" data-e-type=\"container\" data-settings=\"{&quot;background_background&quot;:&quot;classic&quot;}\">\n\t\t\t\t\t<div class=\"e-con-inner\">\n\t\t\t\t\t<\/div>\n\t\t\t\t<\/div>\n\t\t<div class=\"elementor-element elementor-element-d9b4b57 elementor-hidden-desktop e-flex e-con-boxed e-con e-parent\" data-id=\"d9b4b57\" data-element_type=\"container\" data-e-type=\"container\" data-settings=\"{&quot;background_background&quot;:&quot;classic&quot;}\">\n\t\t\t\t\t<div class=\"e-con-inner\">\n\t\t\t\t\t<\/div>\n\t\t\t\t<\/div>\n\t\t<div class=\"elementor-element elementor-element-91fdd0e e-flex e-con-boxed e-con e-parent\" data-id=\"91fdd0e\" data-element_type=\"container\" data-e-type=\"container\" data-settings=\"{&quot;background_background&quot;:&quot;classic&quot;}\">\n\t\t\t\t\t<div class=\"e-con-inner\">\n\t\t\t\t<div class=\"elementor-element elementor-element-3205453 elementor-widget elementor-widget-heading\" data-id=\"3205453\" data-element_type=\"widget\" data-e-type=\"widget\" data-widget_type=\"heading.default\">\n\t\t\t\t\t<h1 class=\"elementor-heading-title elementor-size-default\">Travailler avec nous<\/h1>\t\t\t\t<\/div>\n\t\t\t\t<div class=\"elementor-element elementor-element-3789b12 elementor-widget elementor-widget-image\" data-id=\"3789b12\" data-element_type=\"widget\" data-e-type=\"widget\" data-widget_type=\"image.default\">\n\t\t\t\t\t\t\t\t\t\t\t\t\t\t\t<img decoding=\"async\" width=\"160\" height=\"91\" src=\"https:\/\/cotobajo.es\/wp-content\/uploads\/2025\/04\/hojas-olivo-ilustracion.png\" class=\"attachment-large size-large wp-image-16264\" alt=\"\" \/>\t\t\t\t\t\t\t\t\t\t\t\t\t\t\t<\/div>\n\t\t\t\t\t<\/div>\n\t\t\t\t<\/div>\n\t\t\t\t<section class=\"elementor-section elementor-top-section elementor-element elementor-element-1c183de elementor-section-boxed elementor-section-height-default elementor-section-height-default\" data-id=\"1c183de\" data-element_type=\"section\" data-e-type=\"section\" data-settings=\"{&quot;background_background&quot;:&quot;classic&quot;}\">\n\t\t\t\t\t\t<div class=\"elementor-container elementor-column-gap-default\">\n\t\t\t\t\t<div class=\"elementor-column elementor-col-100 elementor-top-column elementor-element elementor-element-ea67fc0\" data-id=\"ea67fc0\" data-element_type=\"column\" data-e-type=\"column\" data-settings=\"{&quot;background_background&quot;:&quot;classic&quot;}\">\n\t\t\t<div class=\"elementor-widget-wrap elementor-element-populated\">\n\t\t\t\t\t\t<div class=\"elementor-element elementor-element-8ff67ce elementor-widget elementor-widget-heading\" data-id=\"8ff67ce\" data-element_type=\"widget\" data-e-type=\"widget\" data-widget_type=\"heading.default\">\n\t\t\t\t\t<h2 class=\"elementor-heading-title elementor-size-default\">Vous souhaitez rejoindre notre \u00e9quipe ?<br>\nEnvoyez-nous votre CV<\/h2>\t\t\t\t<\/div>\n\t\t\t\t<div class=\"elementor-element elementor-element-3349396 elementor-button-align-stretch elementor-widget elementor-widget-form\" data-id=\"3349396\" data-element_type=\"widget\" data-e-type=\"widget\" data-settings=\"{&quot;step_next_label&quot;:&quot;Suivant&quot;,&quot;step_previous_label&quot;:&quot;Pr\\u00e9c\\u00e9dent&quot;,&quot;button_width&quot;:&quot;100&quot;,&quot;step_type&quot;:&quot;number_text&quot;,&quot;step_icon_shape&quot;:&quot;circle&quot;}\" data-widget_type=\"form.default\">\n\t\t\t\t\t\t\t<form class=\"elementor-form\" method=\"post\" name=\"Travaillez avec nous\" aria-label=\"Travaillez avec nous\">\n\t\t\t<input type=\"hidden\" name=\"post_id\" value=\"13722\"\/>\n\t\t\t<input type=\"hidden\" name=\"form_id\" value=\"3349396\"\/>\n\t\t\t<input type=\"hidden\" name=\"referer_title\" value=\"Travaillez avec nous | Coto Bajo\" \/>\n\n\t\t\t\t\t\t\t<input type=\"hidden\" name=\"queried_id\" value=\"13722\"\/>\n\t\t\t\n\t\t\t<div class=\"elementor-form-fields-wrapper elementor-labels-above\">\n\t\t\t\t\t\t\t\t<div class=\"elementor-field-type-text elementor-field-group elementor-column elementor-field-group-field_e575286 elementor-col-100 elementor-field-required elementor-mark-required\">\n\t\t\t\t\t\t\t\t\t\t\t\t<label for=\"form-field-field_e575286\" class=\"elementor-field-label\">\n\t\t\t\t\t\t\t\tNom\t\t\t\t\t\t\t<\/label>\n\t\t\t\t\t\t\t\t\t\t\t\t\t\t<input size=\"1\" type=\"text\" name=\"form_fields[field_e575286]\" id=\"form-field-field_e575286\" class=\"elementor-field elementor-size-md  elementor-field-textual\" placeholder=\"(*) Donn\u00e9es obligatoires\" required=\"required\">\n\t\t\t\t\t\t\t\t\t\t\t<\/div>\n\t\t\t\t\t\t\t\t<div class=\"elementor-field-type-email elementor-field-group elementor-column elementor-field-group-email elementor-col-100 elementor-field-required elementor-mark-required\">\n\t\t\t\t\t\t\t\t\t\t\t\t<label for=\"form-field-email\" class=\"elementor-field-label\">\n\t\t\t\t\t\t\t\tCourriel\t\t\t\t\t\t\t<\/label>\n\t\t\t\t\t\t\t\t\t\t\t\t\t\t<input size=\"1\" type=\"email\" name=\"form_fields[email]\" id=\"form-field-email\" class=\"elementor-field elementor-size-md  elementor-field-textual\" placeholder=\"(*) Donn\u00e9es obligatoires\" required=\"required\">\n\t\t\t\t\t\t\t\t\t\t\t<\/div>\n\t\t\t\t\t\t\t\t<div class=\"elementor-field-type-textarea elementor-field-group elementor-column elementor-field-group-message elementor-col-100\">\n\t\t\t\t\t\t\t\t\t\t\t\t<label for=\"form-field-message\" class=\"elementor-field-label\">\n\t\t\t\t\t\t\t\tMessage\t\t\t\t\t\t\t<\/label>\n\t\t\t\t\t\t<textarea class=\"elementor-field-textual elementor-field  elementor-size-md\" name=\"form_fields[message]\" id=\"form-field-message\" rows=\"4\" placeholder=\"Message\"><\/textarea>\t\t\t\t<\/div>\n\t\t\t\t\t\t\t\t<div class=\"elementor-field-type-upload elementor-field-group elementor-column elementor-field-group-field_bfa23f0 elementor-col-100 elementor-field-required elementor-mark-required\">\n\t\t\t\t\t\t\t\t\t\t\t\t<label for=\"form-field-field_bfa23f0\" class=\"elementor-field-label\">\n\t\t\t\t\t\t\t\tJoindre un fichier (Maximum 5 MB, les formats de fichiers support\u00e9s sont PDF, DOC et DOCX)\t\t\t\t\t\t\t<\/label>\n\t\t\t\t\t\t\t\t<input type=\"file\" name=\"form_fields[field_bfa23f0]\" id=\"form-field-field_bfa23f0\" class=\"elementor-field elementor-size-md  elementor-upload-field\" required=\"required\" data-maxsize=\"5\" data-maxsize-message=\"Ce fichier d\u00e9passe la taille maximale autoris\u00e9e.\">\n\n\t\t\t\t\t\t<\/div>\n\t\t\t\t\t\t\t\t<div class=\"elementor-field-type-acceptance elementor-field-group elementor-column elementor-field-group-field_034e004 elementor-col-100 elementor-field-required elementor-mark-required\">\n\t\t\t\t\t\t\t\t\t\t\t\t<label for=\"form-field-field_034e004\" class=\"elementor-field-label\">\n\t\t\t\t\t\t\t\tL'acc\u00e8s aux produits et services offerts sur le site Web sera r\u00e9serv\u00e9 uniquement et exclusivement aux personnes \u00e2g\u00e9es de plus de 18 ans. Informations de base sur la protection des donn\u00e9es. Coto Bajo Explotaciones Agr\u00edcolas, Ganaderas y Cineg\u00e9ticas, S.A. traitera les donn\u00e9es que vous lui fournissez afin de g\u00e9rer votre participation aux processus de s\u00e9lection correspondants, en r\u00e9pondant \u00e0 votre demande d'emploi.  Vous pouvez exercer vos droits d'acc\u00e8s, de rectification, d'effacement, de limitation, d'opposition, de portabilit\u00e9 et le droit de ne pas faire l'objet d'une d\u00e9cision fond\u00e9e exclusivement sur le traitement automatis\u00e9 de vos donn\u00e9es en contactant administracion@cotobajo.es. Avant de nous communiquer vos coordonn\u00e9es et votre curriculum vitae, nous vous invitons \u00e0 consulter notre clause de <a href=\"https:\/\/cotobajo.es\/fr\/protection-des-donnees-dans-les-processus-de-selection\/\">protection des donn\u00e9es<\/a> pour obtenir votre acceptation expresse.\t\t\t\t\t\t\t<\/label>\n\t\t\t\t\t\t\t\t<div class=\"elementor-field-subgroup\">\n\t\t\t<span class=\"elementor-field-option\">\n\t\t\t\t<input type=\"checkbox\" name=\"form_fields[field_034e004]\" id=\"form-field-field_034e004\" class=\"elementor-field elementor-size-md  elementor-acceptance-field\" required=\"required\">\n\t\t\t\t<label for=\"form-field-field_034e004\">\nJ'ai lu, compris et accept\u00e9 la clause de<a href=\"https:\/\/cotobajo.es\/fr\/protection-des-donnees-dans-les-processus-de-selection\/\">protection des<\/a><a href=\"https:\/\/cotobajo.es\/fr\/protection-des-donnees-dans-les-processus-de-selection\/\">donn\u00e9es<\/a>.<\/label>\t\t\t<\/span>\n\t\t<\/div>\n\t\t\t\t\t\t<\/div>\n\t\t\t\t\t\t\t\t<div class=\"elementor-field-group elementor-column elementor-field-type-submit elementor-col-100 e-form__buttons\">\n\t\t\t\t\t<button class=\"elementor-button elementor-size-md\" type=\"submit\">\n\t\t\t\t\t\t<span class=\"elementor-button-content-wrapper\">\n\t\t\t\t\t\t\t\t\t\t\t\t\t\t\t\t\t\t\t\t\t\t<span class=\"elementor-button-text\">Envoyer<\/span>\n\t\t\t\t\t\t\t\t\t\t\t\t\t<\/span>\n\t\t\t\t\t<\/button>\n\t\t\t\t<\/div>\n\t\t\t<\/div>\n\t\t<\/form>\n\t\t\t\t\t\t<\/div>\n\t\t\t\t\t<\/div>\n\t\t<\/div>\n\t\t\t\t\t<\/div>\n\t\t<\/section>\n\t\t\t\t<section class=\"elementor-section elementor-top-section elementor-element elementor-element-5943b32 elementor-section-boxed elementor-section-height-default elementor-section-height-default\" data-id=\"5943b32\" data-element_type=\"section\" data-e-type=\"section\">\n\t\t\t\t\t\t<div class=\"elementor-container elementor-column-gap-default\">\n\t\t\t\t\t<div class=\"elementor-column elementor-col-100 elementor-top-column elementor-element elementor-element-993fd78\" data-id=\"993fd78\" data-element_type=\"column\" data-e-type=\"column\">\n\t\t\t<div class=\"elementor-widget-wrap elementor-element-populated\">\n\t\t\t\t\t\t<div class=\"elementor-element elementor-element-48d84d1 elementor-widget elementor-widget-spacer\" data-id=\"48d84d1\" data-element_type=\"widget\" data-e-type=\"widget\" data-widget_type=\"spacer.default\">\n\t\t\t\t\t\t\t<div class=\"elementor-spacer\">\n\t\t\t<div class=\"elementor-spacer-inner\"><\/div>\n\t\t<\/div>\n\t\t\t\t\t\t<\/div>\n\t\t\t\t\t<\/div>\n\t\t<\/div>\n\t\t\t\t\t<\/div>\n\t\t<\/section>\n\t\t\t\t<\/div>\n\t\t","protected":false},"excerpt":{"rendered":"<p>Travailler avec nous Vous souhaitez rejoindre notre \u00e9quipe ? Envoyez-nous votre CV<\/p>\n","protected":false},"author":7,"featured_media":0,"parent":13774,"menu_order":0,"comment_status":"closed","ping_status":"closed","template":"elementor_header_footer","meta":{"_acf_changed":false,"_joinchat":[],"footnotes":""},"class_list":["post-13722","page","type-page","status-publish","hentry"],"acf":[],"yoast_head":"<!-- This site is optimized with the Yoast SEO plugin v27.4 - https:\/\/yoast.com\/product\/yoast-seo-wordpress\/ -->\n<title>Travaillez avec nous | Coto Bajo<\/title>\n<meta name=\"description\" content=\"Travaillez avec nous, nous sommes engag\u00e9s dans le d\u00e9veloppement durable, progressez dans votre carri\u00e8re professionnelle avec Coto Bajo, envoyez votre CV\" \/>\n<meta name=\"robots\" content=\"index, follow, max-snippet:-1, max-image-preview:large, max-video-preview:-1\" \/>\n<link rel=\"canonical\" href=\"https:\/\/cotobajo.es\/fr\/contact\/travaillez-avec-nous\/\" \/>\n<meta property=\"og:locale\" content=\"fr_FR\" \/>\n<meta property=\"og:type\" content=\"article\" \/>\n<meta property=\"og:title\" content=\"Travaillez avec nous | Coto Bajo\" \/>\n<meta property=\"og:description\" content=\"Travaillez avec nous, nous sommes engag\u00e9s dans le d\u00e9veloppement durable, progressez dans votre carri\u00e8re professionnelle avec Coto Bajo, envoyez votre CV\" \/>\n<meta property=\"og:url\" content=\"https:\/\/cotobajo.es\/fr\/contact\/travaillez-avec-nous\/\" \/>\n<meta property=\"og:site_name\" content=\"Coto Bajo\" \/>\n<meta property=\"article:publisher\" content=\"https:\/\/www.facebook.com\/Coto-Bajo-394048128222\" \/>\n<meta property=\"article:modified_time\" content=\"2025-04-23T07:52:28+00:00\" \/>\n<meta property=\"og:image\" content=\"https:\/\/cotobajo.es\/wp-content\/uploads\/2025\/04\/hojas-olivo-ilustracion.png\" \/>\n\t<meta property=\"og:image:width\" content=\"160\" \/>\n\t<meta property=\"og:image:height\" content=\"91\" \/>\n\t<meta property=\"og:image:type\" content=\"image\/png\" \/>\n<meta name=\"twitter:card\" content=\"summary_large_image\" \/>\n<meta name=\"twitter:site\" content=\"@cotobajo\" \/>\n<meta name=\"twitter:label1\" content=\"Dur\u00e9e de lecture estim\u00e9e\" \/>\n\t<meta name=\"twitter:data1\" content=\"2 minutes\" \/>\n<script type=\"application\/ld+json\" class=\"yoast-schema-graph\">{\"@context\":\"https:\\\/\\\/schema.org\",\"@graph\":[{\"@type\":\"WebPage\",\"@id\":\"https:\\\/\\\/cotobajo.es\\\/fr\\\/contact\\\/travaillez-avec-nous\\\/\",\"url\":\"https:\\\/\\\/cotobajo.es\\\/fr\\\/contact\\\/travaillez-avec-nous\\\/\",\"name\":\"Travaillez avec nous | Coto Bajo\",\"isPartOf\":{\"@id\":\"https:\\\/\\\/cotobajo.es\\\/fr\\\/#website\"},\"primaryImageOfPage\":{\"@id\":\"https:\\\/\\\/cotobajo.es\\\/fr\\\/contact\\\/travaillez-avec-nous\\\/#primaryimage\"},\"image\":{\"@id\":\"https:\\\/\\\/cotobajo.es\\\/fr\\\/contact\\\/travaillez-avec-nous\\\/#primaryimage\"},\"thumbnailUrl\":\"https:\\\/\\\/cotobajo.es\\\/wp-content\\\/uploads\\\/2025\\\/04\\\/hojas-olivo-ilustracion.png\",\"datePublished\":\"2021-10-18T07:42:45+00:00\",\"dateModified\":\"2025-04-23T07:52:28+00:00\",\"description\":\"Travaillez avec nous, nous sommes engag\u00e9s dans le d\u00e9veloppement durable, progressez dans votre carri\u00e8re professionnelle avec Coto Bajo, envoyez votre CV\",\"breadcrumb\":{\"@id\":\"https:\\\/\\\/cotobajo.es\\\/fr\\\/contact\\\/travaillez-avec-nous\\\/#breadcrumb\"},\"inLanguage\":\"fr-FR\",\"potentialAction\":[{\"@type\":\"ReadAction\",\"target\":[\"https:\\\/\\\/cotobajo.es\\\/fr\\\/contact\\\/travaillez-avec-nous\\\/\"]}]},{\"@type\":\"ImageObject\",\"inLanguage\":\"fr-FR\",\"@id\":\"https:\\\/\\\/cotobajo.es\\\/fr\\\/contact\\\/travaillez-avec-nous\\\/#primaryimage\",\"url\":\"https:\\\/\\\/cotobajo.es\\\/wp-content\\\/uploads\\\/2025\\\/04\\\/hojas-olivo-ilustracion.png\",\"contentUrl\":\"https:\\\/\\\/cotobajo.es\\\/wp-content\\\/uploads\\\/2025\\\/04\\\/hojas-olivo-ilustracion.png\"},{\"@type\":\"BreadcrumbList\",\"@id\":\"https:\\\/\\\/cotobajo.es\\\/fr\\\/contact\\\/travaillez-avec-nous\\\/#breadcrumb\",\"itemListElement\":[{\"@type\":\"ListItem\",\"position\":1,\"name\":\"Home\",\"item\":\"https:\\\/\\\/cotobajo.es\\\/fr\\\/\"},{\"@type\":\"ListItem\",\"position\":2,\"name\":\"Contact\",\"item\":\"https:\\\/\\\/cotobajo.es\\\/fr\\\/contacto\\\/\"},{\"@type\":\"ListItem\",\"position\":3,\"name\":\"Travaillez avec nous\"}]},{\"@type\":\"WebSite\",\"@id\":\"https:\\\/\\\/cotobajo.es\\\/fr\\\/#website\",\"url\":\"https:\\\/\\\/cotobajo.es\\\/fr\\\/\",\"name\":\"Coto Bajo\",\"description\":\"Aceite de Oliva Virgen Extra, AOVE y Miel Artesanal\",\"publisher\":{\"@id\":\"https:\\\/\\\/cotobajo.es\\\/fr\\\/#organization\"},\"potentialAction\":[{\"@type\":\"SearchAction\",\"target\":{\"@type\":\"EntryPoint\",\"urlTemplate\":\"https:\\\/\\\/cotobajo.es\\\/fr\\\/?s={search_term_string}\"},\"query-input\":{\"@type\":\"PropertyValueSpecification\",\"valueRequired\":true,\"valueName\":\"search_term_string\"}}],\"inLanguage\":\"fr-FR\"},{\"@type\":\"Organization\",\"@id\":\"https:\\\/\\\/cotobajo.es\\\/fr\\\/#organization\",\"name\":\"Coto Bajo\",\"url\":\"https:\\\/\\\/cotobajo.es\\\/fr\\\/\",\"logo\":{\"@type\":\"ImageObject\",\"inLanguage\":\"fr-FR\",\"@id\":\"https:\\\/\\\/cotobajo.es\\\/fr\\\/#\\\/schema\\\/logo\\\/image\\\/\",\"url\":\"https:\\\/\\\/cotobajo.es\\\/wp-content\\\/uploads\\\/2021\\\/02\\\/logo-header.svg\",\"contentUrl\":\"https:\\\/\\\/cotobajo.es\\\/wp-content\\\/uploads\\\/2021\\\/02\\\/logo-header.svg\",\"width\":1000,\"height\":558,\"caption\":\"Coto Bajo\"},\"image\":{\"@id\":\"https:\\\/\\\/cotobajo.es\\\/fr\\\/#\\\/schema\\\/logo\\\/image\\\/\"},\"sameAs\":[\"https:\\\/\\\/www.facebook.com\\\/Coto-Bajo-394048128222\",\"https:\\\/\\\/x.com\\\/cotobajo\",\"https:\\\/\\\/www.instagram.com\\\/coto_bajo\\\/\",\"https:\\\/\\\/www.linkedin.com\\\/company\\\/coto-bajo-s-a\\\/\",\"https:\\\/\\\/www.youtube.com\\\/@coto_bajo\"]}]}<\/script>\n<!-- \/ Yoast SEO plugin. -->","yoast_head_json":{"title":"Travaillez avec nous | Coto Bajo","description":"Travaillez avec nous, nous sommes engag\u00e9s dans le d\u00e9veloppement durable, progressez dans votre carri\u00e8re professionnelle avec Coto Bajo, envoyez votre CV","robots":{"index":"index","follow":"follow","max-snippet":"max-snippet:-1","max-image-preview":"max-image-preview:large","max-video-preview":"max-video-preview:-1"},"canonical":"https:\/\/cotobajo.es\/fr\/contact\/travaillez-avec-nous\/","og_locale":"fr_FR","og_type":"article","og_title":"Travaillez avec nous | Coto Bajo","og_description":"Travaillez avec nous, nous sommes engag\u00e9s dans le d\u00e9veloppement durable, progressez dans votre carri\u00e8re professionnelle avec Coto Bajo, envoyez votre CV","og_url":"https:\/\/cotobajo.es\/fr\/contact\/travaillez-avec-nous\/","og_site_name":"Coto Bajo","article_publisher":"https:\/\/www.facebook.com\/Coto-Bajo-394048128222","article_modified_time":"2025-04-23T07:52:28+00:00","og_image":[{"width":160,"height":91,"url":"https:\/\/cotobajo.es\/wp-content\/uploads\/2025\/04\/hojas-olivo-ilustracion.png","type":"image\/png"}],"twitter_card":"summary_large_image","twitter_site":"@cotobajo","twitter_misc":{"Dur\u00e9e de lecture estim\u00e9e":"2 minutes"},"schema":{"@context":"https:\/\/schema.org","@graph":[{"@type":"WebPage","@id":"https:\/\/cotobajo.es\/fr\/contact\/travaillez-avec-nous\/","url":"https:\/\/cotobajo.es\/fr\/contact\/travaillez-avec-nous\/","name":"Travaillez avec nous | Coto Bajo","isPartOf":{"@id":"https:\/\/cotobajo.es\/fr\/#website"},"primaryImageOfPage":{"@id":"https:\/\/cotobajo.es\/fr\/contact\/travaillez-avec-nous\/#primaryimage"},"image":{"@id":"https:\/\/cotobajo.es\/fr\/contact\/travaillez-avec-nous\/#primaryimage"},"thumbnailUrl":"https:\/\/cotobajo.es\/wp-content\/uploads\/2025\/04\/hojas-olivo-ilustracion.png","datePublished":"2021-10-18T07:42:45+00:00","dateModified":"2025-04-23T07:52:28+00:00","description":"Travaillez avec nous, nous sommes engag\u00e9s dans le d\u00e9veloppement durable, progressez dans votre carri\u00e8re professionnelle avec Coto Bajo, envoyez votre CV","breadcrumb":{"@id":"https:\/\/cotobajo.es\/fr\/contact\/travaillez-avec-nous\/#breadcrumb"},"inLanguage":"fr-FR","potentialAction":[{"@type":"ReadAction","target":["https:\/\/cotobajo.es\/fr\/contact\/travaillez-avec-nous\/"]}]},{"@type":"ImageObject","inLanguage":"fr-FR","@id":"https:\/\/cotobajo.es\/fr\/contact\/travaillez-avec-nous\/#primaryimage","url":"https:\/\/cotobajo.es\/wp-content\/uploads\/2025\/04\/hojas-olivo-ilustracion.png","contentUrl":"https:\/\/cotobajo.es\/wp-content\/uploads\/2025\/04\/hojas-olivo-ilustracion.png"},{"@type":"BreadcrumbList","@id":"https:\/\/cotobajo.es\/fr\/contact\/travaillez-avec-nous\/#breadcrumb","itemListElement":[{"@type":"ListItem","position":1,"name":"Home","item":"https:\/\/cotobajo.es\/fr\/"},{"@type":"ListItem","position":2,"name":"Contact","item":"https:\/\/cotobajo.es\/fr\/contacto\/"},{"@type":"ListItem","position":3,"name":"Travaillez avec nous"}]},{"@type":"WebSite","@id":"https:\/\/cotobajo.es\/fr\/#website","url":"https:\/\/cotobajo.es\/fr\/","name":"Coto Bajo","description":"Aceite de Oliva Virgen Extra, AOVE y Miel Artesanal","publisher":{"@id":"https:\/\/cotobajo.es\/fr\/#organization"},"potentialAction":[{"@type":"SearchAction","target":{"@type":"EntryPoint","urlTemplate":"https:\/\/cotobajo.es\/fr\/?s={search_term_string}"},"query-input":{"@type":"PropertyValueSpecification","valueRequired":true,"valueName":"search_term_string"}}],"inLanguage":"fr-FR"},{"@type":"Organization","@id":"https:\/\/cotobajo.es\/fr\/#organization","name":"Coto Bajo","url":"https:\/\/cotobajo.es\/fr\/","logo":{"@type":"ImageObject","inLanguage":"fr-FR","@id":"https:\/\/cotobajo.es\/fr\/#\/schema\/logo\/image\/","url":"https:\/\/cotobajo.es\/wp-content\/uploads\/2021\/02\/logo-header.svg","contentUrl":"https:\/\/cotobajo.es\/wp-content\/uploads\/2021\/02\/logo-header.svg","width":1000,"height":558,"caption":"Coto Bajo"},"image":{"@id":"https:\/\/cotobajo.es\/fr\/#\/schema\/logo\/image\/"},"sameAs":["https:\/\/www.facebook.com\/Coto-Bajo-394048128222","https:\/\/x.com\/cotobajo","https:\/\/www.instagram.com\/coto_bajo\/","https:\/\/www.linkedin.com\/company\/coto-bajo-s-a\/","https:\/\/www.youtube.com\/@coto_bajo"]}]}},"_links":{"self":[{"href":"https:\/\/cotobajo.es\/fr\/wp-json\/wp\/v2\/pages\/13722","targetHints":{"allow":["GET"]}}],"collection":[{"href":"https:\/\/cotobajo.es\/fr\/wp-json\/wp\/v2\/pages"}],"about":[{"href":"https:\/\/cotobajo.es\/fr\/wp-json\/wp\/v2\/types\/page"}],"author":[{"embeddable":true,"href":"https:\/\/cotobajo.es\/fr\/wp-json\/wp\/v2\/users\/7"}],"replies":[{"embeddable":true,"href":"https:\/\/cotobajo.es\/fr\/wp-json\/wp\/v2\/comments?post=13722"}],"version-history":[{"count":0,"href":"https:\/\/cotobajo.es\/fr\/wp-json\/wp\/v2\/pages\/13722\/revisions"}],"up":[{"embeddable":true,"href":"https:\/\/cotobajo.es\/fr\/wp-json\/wp\/v2\/pages\/13774"}],"wp:attachment":[{"href":"https:\/\/cotobajo.es\/fr\/wp-json\/wp\/v2\/media?parent=13722"}],"curies":[{"name":"wp","href":"https:\/\/api.w.org\/{rel}","templated":true}]}}