{"id":14341,"date":"2023-03-22T11:07:49","date_gmt":"2023-03-22T10:07:49","guid":{"rendered":"https:\/\/cotobajo.es\/protection-des-donnees-dans-les-processus-de-selection\/"},"modified":"2026-02-04T13:06:36","modified_gmt":"2026-02-04T12:06:36","slug":"protection-des-donnees-dans-les-processus-de-selection","status":"publish","type":"page","link":"https:\/\/cotobajo.es\/fr\/protection-des-donnees-dans-les-processus-de-selection\/","title":{"rendered":"Protection des donn\u00e9es dans les processus de s\u00e9lection"},"content":{"rendered":"\t\t<div data-elementor-type=\"wp-page\" data-elementor-id=\"14341\" class=\"elementor elementor-14341 elementor-4702\" data-elementor-post-type=\"page\">\n\t\t\t\t\t\t<section class=\"elementor-section elementor-top-section elementor-element elementor-element-a84c645 elementor-section-boxed elementor-section-height-default elementor-section-height-default\" data-id=\"a84c645\" data-element_type=\"section\" data-e-type=\"section\">\n\t\t\t\t\t\t<div class=\"elementor-container elementor-column-gap-default\">\n\t\t\t\t\t<div class=\"elementor-column elementor-col-100 elementor-top-column elementor-element elementor-element-2c4efbe\" data-id=\"2c4efbe\" data-element_type=\"column\" data-e-type=\"column\">\n\t\t\t<div class=\"elementor-widget-wrap elementor-element-populated\">\n\t\t\t\t\t\t<div class=\"elementor-element elementor-element-c58089b elementor-widget elementor-widget-spacer\" data-id=\"c58089b\" data-element_type=\"widget\" data-e-type=\"widget\" data-widget_type=\"spacer.default\">\n\t\t\t\t\t\t\t<div class=\"elementor-spacer\">\n\t\t\t<div class=\"elementor-spacer-inner\"><\/div>\n\t\t<\/div>\n\t\t\t\t\t\t<\/div>\n\t\t\t\t<div class=\"elementor-element elementor-element-1fd0847 elementor-widget elementor-widget-heading\" data-id=\"1fd0847\" data-element_type=\"widget\" data-e-type=\"widget\" data-widget_type=\"heading.default\">\n\t\t\t\t\t<h1 class=\"elementor-heading-title elementor-size-default\">Protection des donn\u00e9es dans les processus de s\u00e9lection Coto Bajo<\/h1>\t\t\t\t<\/div>\n\t\t\t\t<div class=\"elementor-element elementor-element-286a3be elementor-widget elementor-widget-text-editor\" data-id=\"286a3be\" data-element_type=\"widget\" data-e-type=\"widget\" data-widget_type=\"text-editor.default\">\n\t\t\t\t\t\t\t\t\t<h2>Informations sur notre politique de protection des donn\u00e9es dans le cadre de votre processus de s\u00e9lection<\/h2>\n<ol>\n<li><u>Responsable de la transformation<\/u>: Coto Bajo Explotaciones Agr\u00edcolas, Ganaderas y Cineg\u00e9ticas, S.A. avec CIF A14094650 et si\u00e8ge social \u00e0 Finca El Gamo s\/n Ctra. de Almod\u00f3var Km. 6,6 (CP 14130), Guadalc\u00e1zar, C\u00f3rdoba. Courrier \u00e9lectronique : administraci\u00f3n@cotobajo.es.  <\/li>\n<li><u>Finalit\u00e9 du traitement des donn\u00e9es<\/u>: g\u00e9rer votre participation aux processus de s\u00e9lection correspondants qui auront lieu au cours de la p\u00e9riode indiqu\u00e9e ci-dessous et qui correspondent \u00e0 vos qualifications professionnelles, pour lesquels votre candidature personnelle et votre exp\u00e9rience professionnelle seront \u00e9valu\u00e9es sur la base des informations que vous avez fournies dans votre CV, en consentant \u00e0 ce traitement pour la finalit\u00e9 indiqu\u00e9e. De m\u00eame, vous serez inform\u00e9 \u00e0 l&rsquo;adresse \u00e9lectronique que vous avez indiqu\u00e9e de l&rsquo;\u00e9volution du processus de s\u00e9lection. Ces informations seront conserv\u00e9es pendant une p\u00e9riode maximale d&rsquo;un an et, une fois cette p\u00e9riode \u00e9coul\u00e9e, vos donn\u00e9es seront imm\u00e9diatement supprim\u00e9es.  <\/li>\n<li><u>L\u00e9gitimation du traitement de vos donn\u00e9es<\/u>: Le traitement des donn\u00e9es que vous avez fournies dans votre curriculum vitae (donn\u00e9es d&rsquo;identification et de contact ; image ; formation et exp\u00e9rience professionnelle) \u00e0 Coto Bajo Explotaciones Agr\u00edcolas, Ganaderas y Cineg\u00e9ticas, S.A. est l\u00e9gitim\u00e9 sur la base du consentement que vous avez donn\u00e9 pour la finalit\u00e9 principale, \u00e0 savoir la n\u00e9cessit\u00e9 de votre participation aux processus de s\u00e9lection correspondants.<\/li>\n<\/ol>\n<p>En nous fournissant vos donn\u00e9es, vous d\u00e9clarez que vous en \u00eates le propri\u00e9taire, qu&rsquo;elles sont v\u00e9ridiques et \u00e0 jour. De m\u00eame, Coto Bajo Explotaciones Agr\u00edcolas, Ganaderas y Cineg\u00e9ticas, S.A. annulera ou rectifiera les donn\u00e9es lorsqu&rsquo;elles sont inexactes, incompl\u00e8tes ou qu&rsquo;elles ne sont plus n\u00e9cessaires ou pertinentes au regard de leur finalit\u00e9. Toutefois, vos donn\u00e9es seront conserv\u00e9es dans nos syst\u00e8mes pendant toute la dur\u00e9e de la relation et apr\u00e8s sa cessation (soit parce qu&rsquo;un an s&rsquo;est \u00e9coul\u00e9 depuis que vous avez fourni votre curriculum vitae, soit parce que vous avez r\u00e9voqu\u00e9 votre consentement), pendant les d\u00e9lais de prescription l\u00e9gaux applicables, auquel cas elles seront trait\u00e9es dans le seul but d&rsquo;accr\u00e9diter le respect de nos obligations l\u00e9gales ou contractuelles ou l&rsquo;exercice ou la d\u00e9fense d&rsquo;\u00e9ventuelles r\u00e9clamations. \u00c0 l&rsquo;issue de ces d\u00e9lais de prescription, vos donn\u00e9es seront supprim\u00e9es ou, \u00e0 d\u00e9faut, rendues anonymes.   <\/p>\n<ol start=\"4\">\n<li><u>Destinataires de vos donn\u00e9es<\/u>: Aucune donn\u00e9e ne sera transf\u00e9r\u00e9e \u00e0 des tiers, sauf obligation l\u00e9gale. Aucun transfert international de donn\u00e9es n&rsquo;aura lieu, \u00e0 l&rsquo;exception de Coto Bajo Explotaciones Agr\u00edcolas, Ganaderas y Cineg\u00e9ticas, S.A. qui pourra faire appel aux services de fournisseurs situ\u00e9s dans des pays tiers, \u00e0 condition de respecter toutes les exigences \u00e9tablies par la r\u00e9glementation en mati\u00e8re de protection des donn\u00e9es et d&rsquo;appliquer les garanties et les mesures de protection n\u00e9cessaires pour pr\u00e9server la confidentialit\u00e9 des donn\u00e9es. Pour plus d&rsquo;informations sur les garanties de confidentialit\u00e9, vous pouvez contacter notre soci\u00e9t\u00e9 aux adresses indiqu\u00e9es au point 1.  <\/li>\n<li><u>Droits des personnes concern\u00e9es<\/u>: Vous avez le droit d&rsquo;acc\u00e9der, de modifier ou de supprimer les donn\u00e9es personnelles d\u00e9tenues par Coto Bajo Explotaciones Agr\u00edcolas, Ganaderas y Cineg\u00e9ticas, S.A., ainsi que de demander que nous limitions le traitement de vos donn\u00e9es, en les conservant uniquement pour l&rsquo;exercice ou la d\u00e9fense de r\u00e9clamations. Vous pouvez vous opposer au traitement de vos donn\u00e9es personnelles, de sorte que Coto Bajo Explotaciones Agr\u00edcolas, Ganaderas y Cineg\u00e9ticas, S.A. cessera de traiter vos donn\u00e9es, sauf pour des raisons l\u00e9gitimes imp\u00e9rieuses, ou pour l&rsquo;exercice ou la d\u00e9fense d&rsquo;\u00e9ventuelles r\u00e9clamations. <\/li>\n<\/ol>\n<p>Vous pouvez demander la portabilit\u00e9 de vos donn\u00e9es \u00e0 caract\u00e8re personnel, auquel cas nous vous fournirons vos donn\u00e9es \u00e0 caract\u00e8re personnel ou les fournirons au fournisseur que vous indiquez dans votre demande. Vous avez le droit de ne pas faire l&rsquo;objet d&rsquo;une d\u00e9cision fond\u00e9e exclusivement sur un traitement automatis\u00e9 de donn\u00e9es, y compris le profilage. Vous pouvez retirer tout consentement que vous avez express\u00e9ment donn\u00e9 en l&rsquo;indiquant dans votre demande.<\/p>\n<p>Les droits des personnes concern\u00e9es seront exerc\u00e9s par l&rsquo;int\u00e9ress\u00e9 ou par son repr\u00e9sentant l\u00e9gal\/volontaire devant Coto Bajo Explotaciones Agr\u00edcolas, Ganaderas y Cineg\u00e9ticas, S.A., en envoyant une demande \u00e0 l&rsquo;une des adresses indiqu\u00e9es au point 1, en fournissant, outre le DNI ou le document \u00e9quivalent de l&rsquo;int\u00e9ress\u00e9, le document authentique accr\u00e9ditant la repr\u00e9sentation du tiers ainsi qu&rsquo;une photocopie de son DNI ou du document \u00e9quivalent.<\/p>\n<ol start=\"6\">\n<li><u>R\u00e9clamations<\/u>: En cas de violation de vos droits, vous pouvez d\u00e9poser une plainte aupr\u00e8s de l&rsquo;Agence espagnole de protection des donn\u00e9es, qui est l&rsquo;autorit\u00e9 de contr\u00f4le comp\u00e9tente pour la protection de vos donn\u00e9es personnelles, par l&rsquo;interm\u00e9diaire de son si\u00e8ge \u00e9lectronique ou de son adresse postale, qui peuvent \u00eatre consult\u00e9s sur le site Web <a href=\"http:\/\/www.aepd.es\">aepd.es.<\/a><\/li>\n<\/ol>\n\t\t\t\t\t\t\t\t<\/div>\n\t\t\t\t\t<\/div>\n\t\t<\/div>\n\t\t\t\t\t<\/div>\n\t\t<\/section>\n\t\t\t\t<section class=\"elementor-section elementor-top-section elementor-element elementor-element-d157bd9 elementor-section-boxed elementor-section-height-default elementor-section-height-default\" data-id=\"d157bd9\" data-element_type=\"section\" data-e-type=\"section\">\n\t\t\t\t\t\t<div class=\"elementor-container elementor-column-gap-default\">\n\t\t\t\t\t<div class=\"elementor-column elementor-col-100 elementor-top-column elementor-element elementor-element-b80b877\" data-id=\"b80b877\" data-element_type=\"column\" data-e-type=\"column\">\n\t\t\t<div class=\"elementor-widget-wrap elementor-element-populated\">\n\t\t\t\t\t\t<div class=\"elementor-element elementor-element-a1a4fd9 elementor-widget elementor-widget-spacer\" data-id=\"a1a4fd9\" data-element_type=\"widget\" data-e-type=\"widget\" data-widget_type=\"spacer.default\">\n\t\t\t\t\t\t\t<div class=\"elementor-spacer\">\n\t\t\t<div class=\"elementor-spacer-inner\"><\/div>\n\t\t<\/div>\n\t\t\t\t\t\t<\/div>\n\t\t\t\t\t<\/div>\n\t\t<\/div>\n\t\t\t\t\t<\/div>\n\t\t<\/section>\n\t\t\t\t<\/div>\n\t\t","protected":false},"excerpt":{"rendered":"<p>Protection des donn\u00e9es dans les processus de s\u00e9lection Coto Bajo Informations sur notre politique de protection des donn\u00e9es dans le cadre de votre processus de s\u00e9lection Responsable de la transformation: Coto Bajo Explotaciones Agr\u00edcolas, Ganaderas y Cineg\u00e9ticas, S.A. avec CIF A14094650 et si\u00e8ge social \u00e0 Finca El Gamo s\/n Ctra. de Almod\u00f3var Km. 6,6 (CP [&hellip;]<\/p>\n","protected":false},"author":7,"featured_media":0,"parent":0,"menu_order":0,"comment_status":"closed","ping_status":"closed","template":"elementor_header_footer","meta":{"_acf_changed":false,"_joinchat":[],"footnotes":""},"class_list":["post-14341","page","type-page","status-publish","hentry"],"acf":[],"yoast_head":"<!-- This site is optimized with the Yoast SEO plugin v27.4 - https:\/\/yoast.com\/product\/yoast-seo-wordpress\/ -->\n<title>Protection des donn\u00e9es dans les processus de s\u00e9lection | Coto Bajo<\/title>\n<meta name=\"description\" content=\"D\u00e9couvrez comment nous prot\u00e9geons vos donn\u00e9es personnelles dans nos processus de s\u00e9lection et comment nous garantissons votre vie priv\u00e9e.\" \/>\n<meta name=\"robots\" content=\"noindex, nofollow\" \/>\n<meta property=\"og:locale\" content=\"fr_FR\" \/>\n<meta property=\"og:type\" content=\"article\" \/>\n<meta property=\"og:title\" content=\"Protection des donn\u00e9es dans les processus de s\u00e9lection | Coto Bajo\" \/>\n<meta property=\"og:description\" content=\"D\u00e9couvrez comment nous prot\u00e9geons vos donn\u00e9es personnelles dans nos processus de s\u00e9lection et comment nous garantissons votre vie priv\u00e9e.\" \/>\n<meta property=\"og:url\" content=\"https:\/\/cotobajo.es\/fr\/protection-des-donnees-dans-les-processus-de-selection\/\" \/>\n<meta property=\"og:site_name\" content=\"Coto Bajo\" \/>\n<meta property=\"article:publisher\" content=\"https:\/\/www.facebook.com\/Coto-Bajo-394048128222\" \/>\n<meta property=\"article:modified_time\" content=\"2026-02-04T12:06:36+00:00\" \/>\n<meta name=\"twitter:card\" content=\"summary_large_image\" \/>\n<meta name=\"twitter:site\" content=\"@cotobajo\" \/>\n<meta name=\"twitter:label1\" content=\"Dur\u00e9e de lecture estim\u00e9e\" \/>\n\t<meta name=\"twitter:data1\" content=\"4 minutes\" \/>\n<script type=\"application\/ld+json\" class=\"yoast-schema-graph\">{\"@context\":\"https:\\\/\\\/schema.org\",\"@graph\":[{\"@type\":\"WebPage\",\"@id\":\"https:\\\/\\\/cotobajo.es\\\/fr\\\/protection-des-donnees-dans-les-processus-de-selection\\\/\",\"url\":\"https:\\\/\\\/cotobajo.es\\\/fr\\\/protection-des-donnees-dans-les-processus-de-selection\\\/\",\"name\":\"Protection des donn\u00e9es dans les processus de s\u00e9lection | Coto Bajo\",\"isPartOf\":{\"@id\":\"https:\\\/\\\/cotobajo.es\\\/fr\\\/#website\"},\"datePublished\":\"2023-03-22T10:07:49+00:00\",\"dateModified\":\"2026-02-04T12:06:36+00:00\",\"description\":\"D\u00e9couvrez comment nous prot\u00e9geons vos donn\u00e9es personnelles dans nos processus de s\u00e9lection et comment nous garantissons votre vie priv\u00e9e.\",\"breadcrumb\":{\"@id\":\"https:\\\/\\\/cotobajo.es\\\/fr\\\/protection-des-donnees-dans-les-processus-de-selection\\\/#breadcrumb\"},\"inLanguage\":\"fr-FR\",\"potentialAction\":[{\"@type\":\"ReadAction\",\"target\":[\"https:\\\/\\\/cotobajo.es\\\/fr\\\/protection-des-donnees-dans-les-processus-de-selection\\\/\"]}]},{\"@type\":\"BreadcrumbList\",\"@id\":\"https:\\\/\\\/cotobajo.es\\\/fr\\\/protection-des-donnees-dans-les-processus-de-selection\\\/#breadcrumb\",\"itemListElement\":[{\"@type\":\"ListItem\",\"position\":1,\"name\":\"Home\",\"item\":\"https:\\\/\\\/cotobajo.es\\\/fr\\\/\"},{\"@type\":\"ListItem\",\"position\":2,\"name\":\"Protection des donn\u00e9es dans les processus de s\u00e9lection\"}]},{\"@type\":\"WebSite\",\"@id\":\"https:\\\/\\\/cotobajo.es\\\/fr\\\/#website\",\"url\":\"https:\\\/\\\/cotobajo.es\\\/fr\\\/\",\"name\":\"Coto Bajo\",\"description\":\"Aceite de Oliva Virgen Extra, AOVE y Miel Artesanal\",\"publisher\":{\"@id\":\"https:\\\/\\\/cotobajo.es\\\/fr\\\/#organization\"},\"potentialAction\":[{\"@type\":\"SearchAction\",\"target\":{\"@type\":\"EntryPoint\",\"urlTemplate\":\"https:\\\/\\\/cotobajo.es\\\/fr\\\/?s={search_term_string}\"},\"query-input\":{\"@type\":\"PropertyValueSpecification\",\"valueRequired\":true,\"valueName\":\"search_term_string\"}}],\"inLanguage\":\"fr-FR\"},{\"@type\":\"Organization\",\"@id\":\"https:\\\/\\\/cotobajo.es\\\/fr\\\/#organization\",\"name\":\"Coto Bajo\",\"url\":\"https:\\\/\\\/cotobajo.es\\\/fr\\\/\",\"logo\":{\"@type\":\"ImageObject\",\"inLanguage\":\"fr-FR\",\"@id\":\"https:\\\/\\\/cotobajo.es\\\/fr\\\/#\\\/schema\\\/logo\\\/image\\\/\",\"url\":\"https:\\\/\\\/cotobajo.es\\\/wp-content\\\/uploads\\\/2021\\\/02\\\/logo-header.svg\",\"contentUrl\":\"https:\\\/\\\/cotobajo.es\\\/wp-content\\\/uploads\\\/2021\\\/02\\\/logo-header.svg\",\"width\":1000,\"height\":558,\"caption\":\"Coto Bajo\"},\"image\":{\"@id\":\"https:\\\/\\\/cotobajo.es\\\/fr\\\/#\\\/schema\\\/logo\\\/image\\\/\"},\"sameAs\":[\"https:\\\/\\\/www.facebook.com\\\/Coto-Bajo-394048128222\",\"https:\\\/\\\/x.com\\\/cotobajo\",\"https:\\\/\\\/www.instagram.com\\\/coto_bajo\\\/\",\"https:\\\/\\\/www.linkedin.com\\\/company\\\/coto-bajo-s-a\\\/\",\"https:\\\/\\\/www.youtube.com\\\/@coto_bajo\"]}]}<\/script>\n<!-- \/ Yoast SEO plugin. -->","yoast_head_json":{"title":"Protection des donn\u00e9es dans les processus de s\u00e9lection | Coto Bajo","description":"D\u00e9couvrez comment nous prot\u00e9geons vos donn\u00e9es personnelles dans nos processus de s\u00e9lection et comment nous garantissons votre vie priv\u00e9e.","robots":{"index":"noindex","follow":"nofollow"},"og_locale":"fr_FR","og_type":"article","og_title":"Protection des donn\u00e9es dans les processus de s\u00e9lection | Coto Bajo","og_description":"D\u00e9couvrez comment nous prot\u00e9geons vos donn\u00e9es personnelles dans nos processus de s\u00e9lection et comment nous garantissons votre vie priv\u00e9e.","og_url":"https:\/\/cotobajo.es\/fr\/protection-des-donnees-dans-les-processus-de-selection\/","og_site_name":"Coto Bajo","article_publisher":"https:\/\/www.facebook.com\/Coto-Bajo-394048128222","article_modified_time":"2026-02-04T12:06:36+00:00","twitter_card":"summary_large_image","twitter_site":"@cotobajo","twitter_misc":{"Dur\u00e9e de lecture estim\u00e9e":"4 minutes"},"schema":{"@context":"https:\/\/schema.org","@graph":[{"@type":"WebPage","@id":"https:\/\/cotobajo.es\/fr\/protection-des-donnees-dans-les-processus-de-selection\/","url":"https:\/\/cotobajo.es\/fr\/protection-des-donnees-dans-les-processus-de-selection\/","name":"Protection des donn\u00e9es dans les processus de s\u00e9lection | Coto Bajo","isPartOf":{"@id":"https:\/\/cotobajo.es\/fr\/#website"},"datePublished":"2023-03-22T10:07:49+00:00","dateModified":"2026-02-04T12:06:36+00:00","description":"D\u00e9couvrez comment nous prot\u00e9geons vos donn\u00e9es personnelles dans nos processus de s\u00e9lection et comment nous garantissons votre vie priv\u00e9e.","breadcrumb":{"@id":"https:\/\/cotobajo.es\/fr\/protection-des-donnees-dans-les-processus-de-selection\/#breadcrumb"},"inLanguage":"fr-FR","potentialAction":[{"@type":"ReadAction","target":["https:\/\/cotobajo.es\/fr\/protection-des-donnees-dans-les-processus-de-selection\/"]}]},{"@type":"BreadcrumbList","@id":"https:\/\/cotobajo.es\/fr\/protection-des-donnees-dans-les-processus-de-selection\/#breadcrumb","itemListElement":[{"@type":"ListItem","position":1,"name":"Home","item":"https:\/\/cotobajo.es\/fr\/"},{"@type":"ListItem","position":2,"name":"Protection des donn\u00e9es dans les processus de s\u00e9lection"}]},{"@type":"WebSite","@id":"https:\/\/cotobajo.es\/fr\/#website","url":"https:\/\/cotobajo.es\/fr\/","name":"Coto Bajo","description":"Aceite de Oliva Virgen Extra, AOVE y Miel Artesanal","publisher":{"@id":"https:\/\/cotobajo.es\/fr\/#organization"},"potentialAction":[{"@type":"SearchAction","target":{"@type":"EntryPoint","urlTemplate":"https:\/\/cotobajo.es\/fr\/?s={search_term_string}"},"query-input":{"@type":"PropertyValueSpecification","valueRequired":true,"valueName":"search_term_string"}}],"inLanguage":"fr-FR"},{"@type":"Organization","@id":"https:\/\/cotobajo.es\/fr\/#organization","name":"Coto Bajo","url":"https:\/\/cotobajo.es\/fr\/","logo":{"@type":"ImageObject","inLanguage":"fr-FR","@id":"https:\/\/cotobajo.es\/fr\/#\/schema\/logo\/image\/","url":"https:\/\/cotobajo.es\/wp-content\/uploads\/2021\/02\/logo-header.svg","contentUrl":"https:\/\/cotobajo.es\/wp-content\/uploads\/2021\/02\/logo-header.svg","width":1000,"height":558,"caption":"Coto Bajo"},"image":{"@id":"https:\/\/cotobajo.es\/fr\/#\/schema\/logo\/image\/"},"sameAs":["https:\/\/www.facebook.com\/Coto-Bajo-394048128222","https:\/\/x.com\/cotobajo","https:\/\/www.instagram.com\/coto_bajo\/","https:\/\/www.linkedin.com\/company\/coto-bajo-s-a\/","https:\/\/www.youtube.com\/@coto_bajo"]}]}},"_links":{"self":[{"href":"https:\/\/cotobajo.es\/fr\/wp-json\/wp\/v2\/pages\/14341","targetHints":{"allow":["GET"]}}],"collection":[{"href":"https:\/\/cotobajo.es\/fr\/wp-json\/wp\/v2\/pages"}],"about":[{"href":"https:\/\/cotobajo.es\/fr\/wp-json\/wp\/v2\/types\/page"}],"author":[{"embeddable":true,"href":"https:\/\/cotobajo.es\/fr\/wp-json\/wp\/v2\/users\/7"}],"replies":[{"embeddable":true,"href":"https:\/\/cotobajo.es\/fr\/wp-json\/wp\/v2\/comments?post=14341"}],"version-history":[{"count":0,"href":"https:\/\/cotobajo.es\/fr\/wp-json\/wp\/v2\/pages\/14341\/revisions"}],"wp:attachment":[{"href":"https:\/\/cotobajo.es\/fr\/wp-json\/wp\/v2\/media?parent=14341"}],"curies":[{"name":"wp","href":"https:\/\/api.w.org\/{rel}","templated":true}]}}