{"id":14571,"date":"2024-01-20T13:22:13","date_gmt":"2024-01-20T12:22:13","guid":{"rendered":"https:\/\/cotobajo.es\/product\/coto-bajo-set-de-miel-de-fleurs-doranger-1kg\/"},"modified":"2025-02-10T12:27:37","modified_gmt":"2025-02-10T11:27:37","slug":"estuche-miel-de-azahar-y-miel-de-flores-de-campina-cotobajo-1kg","status":"publish","type":"product","link":"https:\/\/cotobajo.es\/fr\/product\/estuche-miel-de-azahar-y-miel-de-flores-de-campina-cotobajo-1kg\/","title":{"rendered":"Coffret Miel de fleur d&rsquo;oranger et fleurs de campagne Coto Bajo 1 kg"},"content":{"rendered":"<p><strong>Pr\u00e9sentation : 1 pot de 500 g de miel de fleur d&rsquo;oranger + 1 pot de 500 g de miel de fleurs de campagne dans un \u00e9tui.<\/strong><\/p>\n<p>La <strong>miel de fleur d&rsquo;oranger<\/strong> est un miel pur d&rsquo;abeille artisanal, r\u00e9colt\u00e9 pendant les mois de mars et avril dans la province de C\u00f3rdoba, p\u00e9riode durant laquelle les abeilles butinent le nectar des fleurs de fleur d&rsquo;oranger des orangers. Un miel de couleur ambr\u00e9e claire, consid\u00e9r\u00e9 comme la reine des miels aromatiques en raison de sa d\u00e9licatesse au palais, et de son go\u00fbt et ar\u00f4me uniques, caract\u00e9ristiques des fleurs d&rsquo;agrumes. D&rsquo;origine botanique, r\u00e9colt\u00e9 par un apiculteur autoris\u00e9, stockage et d\u00e9cantation naturelle, liqu\u00e9faction et filtration avec pompe de transvasement.<\/p>\n<p>La <strong>miel de fleurs de campagne<\/strong> provient des ruches install\u00e9es dans notre oliveraie, o\u00f9 les abeilles butinent le nectar des fleurs sauvages de la campagne de C\u00f3rdoba. D&rsquo;origine botanique, r\u00e9colt\u00e9 par un apiculteur autoris\u00e9, stockage et d\u00e9cantation naturelle, liqu\u00e9faction et filtration avec pompe de transvasement.<\/p>\n","protected":false},"excerpt":{"rendered":"<p><strong>Pr\u00e9sentation : 1 pot de 500 g de miel de fleur d&rsquo;oranger + 1 pot de 500 g de miel de fleurs de campagne dans un \u00e9tui.<\/strong><\/p>\n<p>La <strong>miel de fleur d&rsquo;oranger<\/strong> est un miel pur d&rsquo;abeille artisanal, r\u00e9colt\u00e9 pendant les mois de mars et avril dans la province de C\u00f3rdoba, p\u00e9riode durant laquelle les abeilles butinent le nectar des fleurs de fleur d&rsquo;oranger des orangers. Un miel de couleur ambr\u00e9e claire, consid\u00e9r\u00e9 comme la reine des miels aromatiques en raison de sa d\u00e9licatesse au palais, et de son go\u00fbt et ar\u00f4me uniques, caract\u00e9ristiques des fleurs d&rsquo;agrumes. D&rsquo;origine botanique, r\u00e9colt\u00e9 par un apiculteur autoris\u00e9, stockage et d\u00e9cantation naturelle, liqu\u00e9faction et filtration avec pompe de transvasement.<\/p>\n<p>La <strong>miel de fleurs de campagne<\/strong> provient des ruches install\u00e9es dans notre oliveraie, o\u00f9 les abeilles butinent le nectar des fleurs sauvages de la campagne de C\u00f3rdoba. D&rsquo;origine botanique, r\u00e9colt\u00e9 par un apiculteur autoris\u00e9, stockage et d\u00e9cantation naturelle, liqu\u00e9faction et filtration avec pompe de transvasement.<\/p>\n","protected":false},"featured_media":13462,"comment_status":"open","ping_status":"closed","template":"","meta":{"_acf_changed":false,"_joinchat":[]},"product_brand":[],"product_cat":[273],"product_tag":[],"class_list":{"0":"post-14571","1":"product","2":"type-product","3":"status-publish","4":"has-post-thumbnail","6":"product_cat-miel-fr","8":"first","9":"instock","10":"featured","11":"taxable","12":"shipping-taxable","13":"purchasable","14":"product-type-simple"},"acf":[],"yoast_head":"<!-- This site is optimized with the Yoast SEO plugin v27.4 - https:\/\/yoast.com\/product\/yoast-seo-wordpress\/ -->\n<title>Coffret Miel de fleur d&#039;oranger et fleurs de campagne Coto Bajo 1 kg | Coto Bajo<\/title>\n<meta name=\"description\" content=\"Coffret de 2 pots de miel naturelle : 500g de miel d&#039;oranger et 500g de miel de fleurs de campagne Coto Bajo, 1kg de douceur pure.\" \/>\n<meta name=\"robots\" content=\"index, follow, max-snippet:-1, max-image-preview:large, max-video-preview:-1\" \/>\n<link rel=\"canonical\" href=\"https:\/\/cotobajo.es\/fr\/product\/estuche-miel-de-azahar-y-miel-de-flores-de-campina-cotobajo-1kg\/\" \/>\n<meta property=\"og:locale\" content=\"fr_FR\" \/>\n<meta property=\"og:type\" content=\"article\" \/>\n<meta property=\"og:title\" content=\"Coffret Miel de fleur d&#039;oranger et fleurs de campagne Coto Bajo 1 kg | Coto Bajo\" \/>\n<meta property=\"og:description\" content=\"Coffret de 2 pots de miel naturelle : 500g de miel d&#039;oranger et 500g de miel de fleurs de campagne Coto Bajo, 1kg de douceur pure.\" \/>\n<meta property=\"og:url\" content=\"https:\/\/cotobajo.es\/fr\/product\/estuche-miel-de-azahar-y-miel-de-flores-de-campina-cotobajo-1kg\/\" \/>\n<meta property=\"og:site_name\" content=\"Coto Bajo\" \/>\n<meta property=\"article:publisher\" content=\"https:\/\/www.facebook.com\/Coto-Bajo-394048128222\" \/>\n<meta property=\"article:modified_time\" content=\"2025-02-10T11:27:37+00:00\" \/>\n<meta property=\"og:image\" content=\"https:\/\/cotobajo.es\/wp-content\/uploads\/2022\/04\/miel-artesanal-azahar-y-flores-campo-estuche-2uds.jpg\" \/>\n\t<meta property=\"og:image:width\" content=\"1080\" \/>\n\t<meta property=\"og:image:height\" content=\"1080\" \/>\n\t<meta property=\"og:image:type\" content=\"image\/jpeg\" \/>\n<meta name=\"twitter:card\" content=\"summary_large_image\" \/>\n<meta name=\"twitter:site\" content=\"@cotobajo\" \/>\n<meta name=\"twitter:label1\" content=\"Dur\u00e9e de lecture estim\u00e9e\" \/>\n\t<meta name=\"twitter:data1\" content=\"1 minute\" \/>\n<script type=\"application\/ld+json\" class=\"yoast-schema-graph\">{\"@context\":\"https:\\\/\\\/schema.org\",\"@graph\":[{\"@type\":\"WebPage\",\"@id\":\"https:\\\/\\\/cotobajo.es\\\/fr\\\/product\\\/estuche-miel-de-azahar-y-miel-de-flores-de-campina-cotobajo-1kg\\\/\",\"url\":\"https:\\\/\\\/cotobajo.es\\\/fr\\\/product\\\/estuche-miel-de-azahar-y-miel-de-flores-de-campina-cotobajo-1kg\\\/\",\"name\":\"Coffret Miel de fleur d'oranger et fleurs de campagne Coto Bajo 1 kg | Coto Bajo\",\"isPartOf\":{\"@id\":\"https:\\\/\\\/cotobajo.es\\\/fr\\\/#website\"},\"primaryImageOfPage\":{\"@id\":\"https:\\\/\\\/cotobajo.es\\\/fr\\\/product\\\/estuche-miel-de-azahar-y-miel-de-flores-de-campina-cotobajo-1kg\\\/#primaryimage\"},\"image\":{\"@id\":\"https:\\\/\\\/cotobajo.es\\\/fr\\\/product\\\/estuche-miel-de-azahar-y-miel-de-flores-de-campina-cotobajo-1kg\\\/#primaryimage\"},\"thumbnailUrl\":\"https:\\\/\\\/cotobajo.es\\\/wp-content\\\/uploads\\\/2022\\\/04\\\/miel-artesanal-azahar-y-flores-campo-estuche-2uds.jpg\",\"datePublished\":\"2024-01-20T12:22:13+00:00\",\"dateModified\":\"2025-02-10T11:27:37+00:00\",\"description\":\"Coffret de 2 pots de miel naturelle : 500g de miel d'oranger et 500g de miel de fleurs de campagne Coto Bajo, 1kg de douceur pure.\",\"breadcrumb\":{\"@id\":\"https:\\\/\\\/cotobajo.es\\\/fr\\\/product\\\/estuche-miel-de-azahar-y-miel-de-flores-de-campina-cotobajo-1kg\\\/#breadcrumb\"},\"inLanguage\":\"fr-FR\",\"potentialAction\":[{\"@type\":\"ReadAction\",\"target\":[\"https:\\\/\\\/cotobajo.es\\\/fr\\\/product\\\/estuche-miel-de-azahar-y-miel-de-flores-de-campina-cotobajo-1kg\\\/\"]}]},{\"@type\":\"ImageObject\",\"inLanguage\":\"fr-FR\",\"@id\":\"https:\\\/\\\/cotobajo.es\\\/fr\\\/product\\\/estuche-miel-de-azahar-y-miel-de-flores-de-campina-cotobajo-1kg\\\/#primaryimage\",\"url\":\"https:\\\/\\\/cotobajo.es\\\/wp-content\\\/uploads\\\/2022\\\/04\\\/miel-artesanal-azahar-y-flores-campo-estuche-2uds.jpg\",\"contentUrl\":\"https:\\\/\\\/cotobajo.es\\\/wp-content\\\/uploads\\\/2022\\\/04\\\/miel-artesanal-azahar-y-flores-campo-estuche-2uds.jpg\",\"width\":1080,\"height\":1080,\"caption\":\"miel artisanal-azahar-et-fleurs-miel-de-champagne-case-2uds\"},{\"@type\":\"BreadcrumbList\",\"@id\":\"https:\\\/\\\/cotobajo.es\\\/fr\\\/product\\\/estuche-miel-de-azahar-y-miel-de-flores-de-campina-cotobajo-1kg\\\/#breadcrumb\",\"itemListElement\":[{\"@type\":\"ListItem\",\"position\":1,\"name\":\"Home\",\"item\":\"https:\\\/\\\/cotobajo.es\\\/fr\\\/\"},{\"@type\":\"ListItem\",\"position\":2,\"name\":\"Produits\",\"item\":\"https:\\\/\\\/cotobajo.es\\\/fr\\\/shop\\\/\"},{\"@type\":\"ListItem\",\"position\":3,\"name\":\"Miel\",\"item\":\"https:\\\/\\\/cotobajo.es\\\/fr\\\/product-category\\\/miel-fr\\\/\"},{\"@type\":\"ListItem\",\"position\":4,\"name\":\"Coffret Miel de fleur d&#8217;oranger et fleurs de campagne Coto Bajo 1 kg\"}]},{\"@type\":\"WebSite\",\"@id\":\"https:\\\/\\\/cotobajo.es\\\/fr\\\/#website\",\"url\":\"https:\\\/\\\/cotobajo.es\\\/fr\\\/\",\"name\":\"Coto Bajo\",\"description\":\"Aceite de Oliva Virgen Extra, AOVE y Miel Artesanal\",\"publisher\":{\"@id\":\"https:\\\/\\\/cotobajo.es\\\/fr\\\/#organization\"},\"potentialAction\":[{\"@type\":\"SearchAction\",\"target\":{\"@type\":\"EntryPoint\",\"urlTemplate\":\"https:\\\/\\\/cotobajo.es\\\/fr\\\/?s={search_term_string}\"},\"query-input\":{\"@type\":\"PropertyValueSpecification\",\"valueRequired\":true,\"valueName\":\"search_term_string\"}}],\"inLanguage\":\"fr-FR\"},{\"@type\":\"Organization\",\"@id\":\"https:\\\/\\\/cotobajo.es\\\/fr\\\/#organization\",\"name\":\"Coto Bajo\",\"url\":\"https:\\\/\\\/cotobajo.es\\\/fr\\\/\",\"logo\":{\"@type\":\"ImageObject\",\"inLanguage\":\"fr-FR\",\"@id\":\"https:\\\/\\\/cotobajo.es\\\/fr\\\/#\\\/schema\\\/logo\\\/image\\\/\",\"url\":\"https:\\\/\\\/cotobajo.es\\\/wp-content\\\/uploads\\\/2021\\\/02\\\/logo-header.svg\",\"contentUrl\":\"https:\\\/\\\/cotobajo.es\\\/wp-content\\\/uploads\\\/2021\\\/02\\\/logo-header.svg\",\"width\":1000,\"height\":558,\"caption\":\"Coto Bajo\"},\"image\":{\"@id\":\"https:\\\/\\\/cotobajo.es\\\/fr\\\/#\\\/schema\\\/logo\\\/image\\\/\"},\"sameAs\":[\"https:\\\/\\\/www.facebook.com\\\/Coto-Bajo-394048128222\",\"https:\\\/\\\/x.com\\\/cotobajo\",\"https:\\\/\\\/www.instagram.com\\\/coto_bajo\\\/\",\"https:\\\/\\\/www.linkedin.com\\\/company\\\/coto-bajo-s-a\\\/\",\"https:\\\/\\\/www.youtube.com\\\/@coto_bajo\"]}]}<\/script>\n<!-- \/ Yoast SEO plugin. -->","yoast_head_json":{"title":"Coffret Miel de fleur d'oranger et fleurs de campagne Coto Bajo 1 kg | Coto Bajo","description":"Coffret de 2 pots de miel naturelle : 500g de miel d'oranger et 500g de miel de fleurs de campagne Coto Bajo, 1kg de douceur pure.","robots":{"index":"index","follow":"follow","max-snippet":"max-snippet:-1","max-image-preview":"max-image-preview:large","max-video-preview":"max-video-preview:-1"},"canonical":"https:\/\/cotobajo.es\/fr\/product\/estuche-miel-de-azahar-y-miel-de-flores-de-campina-cotobajo-1kg\/","og_locale":"fr_FR","og_type":"article","og_title":"Coffret Miel de fleur d'oranger et fleurs de campagne Coto Bajo 1 kg | Coto Bajo","og_description":"Coffret de 2 pots de miel naturelle : 500g de miel d'oranger et 500g de miel de fleurs de campagne Coto Bajo, 1kg de douceur pure.","og_url":"https:\/\/cotobajo.es\/fr\/product\/estuche-miel-de-azahar-y-miel-de-flores-de-campina-cotobajo-1kg\/","og_site_name":"Coto Bajo","article_publisher":"https:\/\/www.facebook.com\/Coto-Bajo-394048128222","article_modified_time":"2025-02-10T11:27:37+00:00","og_image":[{"width":1080,"height":1080,"url":"https:\/\/cotobajo.es\/wp-content\/uploads\/2022\/04\/miel-artesanal-azahar-y-flores-campo-estuche-2uds.jpg","type":"image\/jpeg"}],"twitter_card":"summary_large_image","twitter_site":"@cotobajo","twitter_misc":{"Dur\u00e9e de lecture estim\u00e9e":"1 minute"},"schema":{"@context":"https:\/\/schema.org","@graph":[{"@type":"WebPage","@id":"https:\/\/cotobajo.es\/fr\/product\/estuche-miel-de-azahar-y-miel-de-flores-de-campina-cotobajo-1kg\/","url":"https:\/\/cotobajo.es\/fr\/product\/estuche-miel-de-azahar-y-miel-de-flores-de-campina-cotobajo-1kg\/","name":"Coffret Miel de fleur d'oranger et fleurs de campagne Coto Bajo 1 kg | Coto Bajo","isPartOf":{"@id":"https:\/\/cotobajo.es\/fr\/#website"},"primaryImageOfPage":{"@id":"https:\/\/cotobajo.es\/fr\/product\/estuche-miel-de-azahar-y-miel-de-flores-de-campina-cotobajo-1kg\/#primaryimage"},"image":{"@id":"https:\/\/cotobajo.es\/fr\/product\/estuche-miel-de-azahar-y-miel-de-flores-de-campina-cotobajo-1kg\/#primaryimage"},"thumbnailUrl":"https:\/\/cotobajo.es\/wp-content\/uploads\/2022\/04\/miel-artesanal-azahar-y-flores-campo-estuche-2uds.jpg","datePublished":"2024-01-20T12:22:13+00:00","dateModified":"2025-02-10T11:27:37+00:00","description":"Coffret de 2 pots de miel naturelle : 500g de miel d'oranger et 500g de miel de fleurs de campagne Coto Bajo, 1kg de douceur pure.","breadcrumb":{"@id":"https:\/\/cotobajo.es\/fr\/product\/estuche-miel-de-azahar-y-miel-de-flores-de-campina-cotobajo-1kg\/#breadcrumb"},"inLanguage":"fr-FR","potentialAction":[{"@type":"ReadAction","target":["https:\/\/cotobajo.es\/fr\/product\/estuche-miel-de-azahar-y-miel-de-flores-de-campina-cotobajo-1kg\/"]}]},{"@type":"ImageObject","inLanguage":"fr-FR","@id":"https:\/\/cotobajo.es\/fr\/product\/estuche-miel-de-azahar-y-miel-de-flores-de-campina-cotobajo-1kg\/#primaryimage","url":"https:\/\/cotobajo.es\/wp-content\/uploads\/2022\/04\/miel-artesanal-azahar-y-flores-campo-estuche-2uds.jpg","contentUrl":"https:\/\/cotobajo.es\/wp-content\/uploads\/2022\/04\/miel-artesanal-azahar-y-flores-campo-estuche-2uds.jpg","width":1080,"height":1080,"caption":"miel artisanal-azahar-et-fleurs-miel-de-champagne-case-2uds"},{"@type":"BreadcrumbList","@id":"https:\/\/cotobajo.es\/fr\/product\/estuche-miel-de-azahar-y-miel-de-flores-de-campina-cotobajo-1kg\/#breadcrumb","itemListElement":[{"@type":"ListItem","position":1,"name":"Home","item":"https:\/\/cotobajo.es\/fr\/"},{"@type":"ListItem","position":2,"name":"Produits","item":"https:\/\/cotobajo.es\/fr\/shop\/"},{"@type":"ListItem","position":3,"name":"Miel","item":"https:\/\/cotobajo.es\/fr\/product-category\/miel-fr\/"},{"@type":"ListItem","position":4,"name":"Coffret Miel de fleur d&#8217;oranger et fleurs de campagne Coto Bajo 1 kg"}]},{"@type":"WebSite","@id":"https:\/\/cotobajo.es\/fr\/#website","url":"https:\/\/cotobajo.es\/fr\/","name":"Coto Bajo","description":"Aceite de Oliva Virgen Extra, AOVE y Miel Artesanal","publisher":{"@id":"https:\/\/cotobajo.es\/fr\/#organization"},"potentialAction":[{"@type":"SearchAction","target":{"@type":"EntryPoint","urlTemplate":"https:\/\/cotobajo.es\/fr\/?s={search_term_string}"},"query-input":{"@type":"PropertyValueSpecification","valueRequired":true,"valueName":"search_term_string"}}],"inLanguage":"fr-FR"},{"@type":"Organization","@id":"https:\/\/cotobajo.es\/fr\/#organization","name":"Coto Bajo","url":"https:\/\/cotobajo.es\/fr\/","logo":{"@type":"ImageObject","inLanguage":"fr-FR","@id":"https:\/\/cotobajo.es\/fr\/#\/schema\/logo\/image\/","url":"https:\/\/cotobajo.es\/wp-content\/uploads\/2021\/02\/logo-header.svg","contentUrl":"https:\/\/cotobajo.es\/wp-content\/uploads\/2021\/02\/logo-header.svg","width":1000,"height":558,"caption":"Coto Bajo"},"image":{"@id":"https:\/\/cotobajo.es\/fr\/#\/schema\/logo\/image\/"},"sameAs":["https:\/\/www.facebook.com\/Coto-Bajo-394048128222","https:\/\/x.com\/cotobajo","https:\/\/www.instagram.com\/coto_bajo\/","https:\/\/www.linkedin.com\/company\/coto-bajo-s-a\/","https:\/\/www.youtube.com\/@coto_bajo"]}]}},"_links":{"self":[{"href":"https:\/\/cotobajo.es\/fr\/wp-json\/wp\/v2\/product\/14571","targetHints":{"allow":["GET"]}}],"collection":[{"href":"https:\/\/cotobajo.es\/fr\/wp-json\/wp\/v2\/product"}],"about":[{"href":"https:\/\/cotobajo.es\/fr\/wp-json\/wp\/v2\/types\/product"}],"replies":[{"embeddable":true,"href":"https:\/\/cotobajo.es\/fr\/wp-json\/wp\/v2\/comments?post=14571"}],"wp:featuredmedia":[{"embeddable":true,"href":"https:\/\/cotobajo.es\/fr\/wp-json\/wp\/v2\/media\/13462"}],"wp:attachment":[{"href":"https:\/\/cotobajo.es\/fr\/wp-json\/wp\/v2\/media?parent=14571"}],"wp:term":[{"taxonomy":"product_brand","embeddable":true,"href":"https:\/\/cotobajo.es\/fr\/wp-json\/wp\/v2\/product_brand?post=14571"},{"taxonomy":"product_cat","embeddable":true,"href":"https:\/\/cotobajo.es\/fr\/wp-json\/wp\/v2\/product_cat?post=14571"},{"taxonomy":"product_tag","embeddable":true,"href":"https:\/\/cotobajo.es\/fr\/wp-json\/wp\/v2\/product_tag?post=14571"}],"curies":[{"name":"wp","href":"https:\/\/api.w.org\/{rel}","templated":true}]}}