{"id":14576,"date":"2024-09-12T10:20:38","date_gmt":"2024-09-12T08:20:38","guid":{"rendered":"https:\/\/cotobajo.es\/product\/ecological-evoo-special-selection-500ml-bouteille-en-verre\/"},"modified":"2025-02-12T13:21:50","modified_gmt":"2025-02-12T12:21:50","slug":"aove-ecologico-seleccion-especial-botella-de-cristal-500-ml","status":"publish","type":"product","link":"https:\/\/cotobajo.es\/fr\/product\/aove-ecologico-seleccion-especial-botella-de-cristal-500-ml\/","title":{"rendered":"Huile d&rsquo;olive VIERGE EXTRA BIO S\u00e9lection Bouteille 500 ml"},"content":{"rendered":"<p><strong>Pr\u00e9sentation : Bouteille en verre 500 ml.<\/strong><\/p>\n<p><strong>Huile d&rsquo;Olive Vierge Extra Bio<\/strong> de qualit\u00e9 exceptionnelle, r\u00e9colt\u00e9e t\u00f4t, pleine de nuances aromatiques qui \u00e9voquent l&rsquo;herbe fra\u00eechement coup\u00e9e, la pomme, la tomate, l&rsquo;amande\u2026 Elle se caract\u00e9rise par une entr\u00e9e en bouche tr\u00e8s fluide, douce et \u00e9l\u00e9gante, en harmonie avec une <strong>l\u00e9g\u00e8re amertume<\/strong> et une <strong>touche de piquant<\/strong> en fin de bouche.<\/p>\n<p>Provenant de notre <strong>oliveraie biologique<\/strong>, cultiv\u00e9e selon des normes strictes d&rsquo;agriculture biologique et <strong>certifi\u00e9e par l&rsquo;Autorit\u00e9 de Contr\u00f4le<\/strong>, garantissant que les olives ainsi que l&rsquo;huile obtenue sont exemptes de produits chimiques, tels que les herbicides, les pesticides et les engrais.<\/p>\n<p>Notre <strong>Huile d&rsquo;Olive Vierge Extra Bio \u00ab S\u00e9lection Sp\u00e9ciale \u00bb<\/strong> est un assemblage de vari\u00e9t\u00e9s que nous avons d\u00e9gust\u00e9es et s\u00e9lectionn\u00e9es pour cr\u00e9er une huile avec des caract\u00e9ristiques d&rsquo;ar\u00f4mes et de saveurs \u00e9quilibr\u00e9s, id\u00e9ale pour les plats de l\u00e9gumes, la pr\u00e9paration de soupes et de sauces.<\/p>\n<p>Cette huile conserve toutes les qualit\u00e9s et les attributs de nos huiles d&rsquo;Olive Vierge Extra Coto Bajo, avec la valeur ajout\u00e9e d&rsquo;\u00eatre un <strong>produit biologique<\/strong>, cultiv\u00e9 et produit en <strong>harmonie avec la nature<\/strong>, id\u00e9ale pour les consommateurs conscients de l&rsquo;impact positif que les techniques agricoles doivent avoir sur la pr\u00e9servation de l&rsquo;environnement.<\/p>\n<p>EAN : 8437010033193<\/p>\n","protected":false},"excerpt":{"rendered":"<p><strong>Pr\u00e9sentation : Bouteille en verre 500 ml.<\/strong><\/p>\n<p><strong>Huile d&rsquo;Olive Vierge Extra Bio<\/strong> de qualit\u00e9 exceptionnelle, r\u00e9colt\u00e9e t\u00f4t, pleine de nuances aromatiques qui \u00e9voquent l&rsquo;herbe fra\u00eechement coup\u00e9e, la pomme, la tomate, l&rsquo;amande\u2026 Elle se caract\u00e9rise par une entr\u00e9e en bouche tr\u00e8s fluide, douce et \u00e9l\u00e9gante, en harmonie avec une <strong>l\u00e9g\u00e8re amertume<\/strong> et une <strong>touche de piquant<\/strong> en fin de bouche.<\/p>\n<p>Provenant de notre <strong>oliveraie biologique<\/strong>, cultiv\u00e9e selon des normes strictes d&rsquo;agriculture biologique et <strong>certifi\u00e9e par l&rsquo;Autorit\u00e9 de Contr\u00f4le<\/strong>, garantissant que les olives ainsi que l&rsquo;huile obtenue sont exemptes de produits chimiques, tels que les herbicides, les pesticides et les engrais.<\/p>\n<p>Notre <strong>Huile d&rsquo;Olive Vierge Extra Bio \u00ab S\u00e9lection Sp\u00e9ciale \u00bb<\/strong> est un assemblage de vari\u00e9t\u00e9s que nous avons d\u00e9gust\u00e9es et s\u00e9lectionn\u00e9es pour cr\u00e9er une huile avec des caract\u00e9ristiques d&rsquo;ar\u00f4mes et de saveurs \u00e9quilibr\u00e9s, id\u00e9ale pour les plats de l\u00e9gumes, la pr\u00e9paration de soupes et de sauces.<\/p>\n<p>Cette huile conserve toutes les qualit\u00e9s et les attributs de nos huiles d&rsquo;Olive Vierge Extra Coto Bajo, avec la valeur ajout\u00e9e d&rsquo;\u00eatre un <strong>produit biologique<\/strong>, cultiv\u00e9 et produit en <strong>harmonie avec la nature<\/strong>, id\u00e9ale pour les consommateurs conscients de l&rsquo;impact positif que les techniques agricoles doivent avoir sur la pr\u00e9servation de l&rsquo;environnement.<\/p>\n<p>EAN : 8437010033193<\/p>\n","protected":false},"featured_media":13297,"comment_status":"open","ping_status":"closed","template":"","meta":{"_acf_changed":false,"_joinchat":[]},"product_brand":[],"product_cat":[265],"product_tag":[629,589,612,614,620,623,266],"class_list":{"0":"post-14576","1":"product","2":"type-product","3":"status-publish","4":"has-post-thumbnail","6":"product_cat-huile-dolive-extra-vierge-biologique","7":"product_tag-acheter-huile-dolive-en-ligne","8":"product_tag-evoo","9":"product_tag-huile-dolive-andalouse","10":"product_tag-huile-dolive-directe-producteur","11":"product_tag-huile-dolive-gourmet","12":"product_tag-huile-dolive-vierge-extra-restauration","13":"product_tag-slider-home-fr","15":"first","16":"instock","17":"sale","18":"featured","19":"taxable","20":"shipping-taxable","21":"purchasable","22":"product-type-variable","23":"has-default-attributes"},"acf":[],"yoast_head":"<!-- This site is optimized with the Yoast SEO plugin v27.4 - https:\/\/yoast.com\/product\/yoast-seo-wordpress\/ -->\n<title>Huile d&#039;olive BIO 500ml Bouteille en verre<\/title>\n<meta name=\"description\" content=\"S\u00e9lection sp\u00e9ciale d&#039;huile d&#039;olive biologique, r\u00e9colte pr\u00e9coce, \u00e9quilibr\u00e9e, fruit\u00e9e et moyennement \u00e9pic\u00e9e. Une huile d&#039;olive extra vierge exquise avec une saveur exquise.\" \/>\n<meta name=\"robots\" content=\"index, follow, max-snippet:-1, max-image-preview:large, max-video-preview:-1\" \/>\n<link rel=\"canonical\" href=\"https:\/\/cotobajo.es\/fr\/product\/aove-ecologico-seleccion-especial-botella-de-cristal-500-ml\/\" \/>\n<meta property=\"og:locale\" content=\"fr_FR\" \/>\n<meta property=\"og:type\" content=\"article\" \/>\n<meta property=\"og:title\" content=\"Huile d&#039;olive BIO 500ml Bouteille en verre\" \/>\n<meta property=\"og:description\" content=\"S\u00e9lection sp\u00e9ciale d&#039;huile d&#039;olive biologique, r\u00e9colte pr\u00e9coce, \u00e9quilibr\u00e9e, fruit\u00e9e et moyennement \u00e9pic\u00e9e. Une huile d&#039;olive extra vierge exquise avec une saveur exquise.\" \/>\n<meta property=\"og:url\" content=\"https:\/\/cotobajo.es\/fr\/product\/aove-ecologico-seleccion-especial-botella-de-cristal-500-ml\/\" \/>\n<meta property=\"og:site_name\" content=\"Coto Bajo\" \/>\n<meta property=\"article:publisher\" content=\"https:\/\/www.facebook.com\/Coto-Bajo-394048128222\" \/>\n<meta property=\"article:modified_time\" content=\"2025-02-12T12:21:50+00:00\" \/>\n<meta property=\"og:image\" content=\"https:\/\/cotobajo.es\/wp-content\/uploads\/2024\/01\/AOVE-ecologico-seleccion-especial-botella-cristal-500ml.jpg\" \/>\n\t<meta property=\"og:image:width\" content=\"1080\" \/>\n\t<meta property=\"og:image:height\" content=\"1080\" \/>\n\t<meta property=\"og:image:type\" content=\"image\/jpeg\" \/>\n<meta name=\"twitter:card\" content=\"summary_large_image\" \/>\n<meta name=\"twitter:site\" content=\"@cotobajo\" \/>\n<meta name=\"twitter:label1\" content=\"Dur\u00e9e de lecture estim\u00e9e\" \/>\n\t<meta name=\"twitter:data1\" content=\"2 minutes\" \/>\n<script type=\"application\/ld+json\" class=\"yoast-schema-graph\">{\"@context\":\"https:\\\/\\\/schema.org\",\"@graph\":[{\"@type\":\"WebPage\",\"@id\":\"https:\\\/\\\/cotobajo.es\\\/fr\\\/product\\\/aove-ecologico-seleccion-especial-botella-de-cristal-500-ml\\\/\",\"url\":\"https:\\\/\\\/cotobajo.es\\\/fr\\\/product\\\/aove-ecologico-seleccion-especial-botella-de-cristal-500-ml\\\/\",\"name\":\"Huile d'olive BIO 500ml Bouteille en verre\",\"isPartOf\":{\"@id\":\"https:\\\/\\\/cotobajo.es\\\/fr\\\/#website\"},\"primaryImageOfPage\":{\"@id\":\"https:\\\/\\\/cotobajo.es\\\/fr\\\/product\\\/aove-ecologico-seleccion-especial-botella-de-cristal-500-ml\\\/#primaryimage\"},\"image\":{\"@id\":\"https:\\\/\\\/cotobajo.es\\\/fr\\\/product\\\/aove-ecologico-seleccion-especial-botella-de-cristal-500-ml\\\/#primaryimage\"},\"thumbnailUrl\":\"https:\\\/\\\/cotobajo.es\\\/wp-content\\\/uploads\\\/2024\\\/01\\\/AOVE-ecologico-seleccion-especial-botella-cristal-500ml.jpg\",\"datePublished\":\"2024-09-12T08:20:38+00:00\",\"dateModified\":\"2025-02-12T12:21:50+00:00\",\"description\":\"S\u00e9lection sp\u00e9ciale d'huile d'olive biologique, r\u00e9colte pr\u00e9coce, \u00e9quilibr\u00e9e, fruit\u00e9e et moyennement \u00e9pic\u00e9e. Une huile d'olive extra vierge exquise avec une saveur exquise.\",\"breadcrumb\":{\"@id\":\"https:\\\/\\\/cotobajo.es\\\/fr\\\/product\\\/aove-ecologico-seleccion-especial-botella-de-cristal-500-ml\\\/#breadcrumb\"},\"inLanguage\":\"fr-FR\",\"potentialAction\":[{\"@type\":\"ReadAction\",\"target\":[\"https:\\\/\\\/cotobajo.es\\\/fr\\\/product\\\/aove-ecologico-seleccion-especial-botella-de-cristal-500-ml\\\/\"]}]},{\"@type\":\"ImageObject\",\"inLanguage\":\"fr-FR\",\"@id\":\"https:\\\/\\\/cotobajo.es\\\/fr\\\/product\\\/aove-ecologico-seleccion-especial-botella-de-cristal-500-ml\\\/#primaryimage\",\"url\":\"https:\\\/\\\/cotobajo.es\\\/wp-content\\\/uploads\\\/2024\\\/01\\\/AOVE-ecologico-seleccion-especial-botella-cristal-500ml.jpg\",\"contentUrl\":\"https:\\\/\\\/cotobajo.es\\\/wp-content\\\/uploads\\\/2024\\\/01\\\/AOVE-ecologico-seleccion-especial-botella-cristal-500ml.jpg\",\"width\":1080,\"height\":1080,\"caption\":\"EVOO-s\u00e9lection \u00e9cologique-bouteille sp\u00e9ciale en cristal-500ml\"},{\"@type\":\"BreadcrumbList\",\"@id\":\"https:\\\/\\\/cotobajo.es\\\/fr\\\/product\\\/aove-ecologico-seleccion-especial-botella-de-cristal-500-ml\\\/#breadcrumb\",\"itemListElement\":[{\"@type\":\"ListItem\",\"position\":1,\"name\":\"Home\",\"item\":\"https:\\\/\\\/cotobajo.es\\\/fr\\\/\"},{\"@type\":\"ListItem\",\"position\":2,\"name\":\"Produits\",\"item\":\"https:\\\/\\\/cotobajo.es\\\/fr\\\/shop\\\/\"},{\"@type\":\"ListItem\",\"position\":3,\"name\":\"Huile d'olive extra vierge biologique\",\"item\":\"https:\\\/\\\/cotobajo.es\\\/fr\\\/product-category\\\/huile-dolive-extra-vierge-biologique\\\/\"},{\"@type\":\"ListItem\",\"position\":4,\"name\":\"Huile d&rsquo;olive VIERGE EXTRA BIO S\u00e9lection Bouteille 500 ml\"}]},{\"@type\":\"WebSite\",\"@id\":\"https:\\\/\\\/cotobajo.es\\\/fr\\\/#website\",\"url\":\"https:\\\/\\\/cotobajo.es\\\/fr\\\/\",\"name\":\"Coto Bajo\",\"description\":\"Aceite de Oliva Virgen Extra, AOVE y Miel Artesanal\",\"publisher\":{\"@id\":\"https:\\\/\\\/cotobajo.es\\\/fr\\\/#organization\"},\"potentialAction\":[{\"@type\":\"SearchAction\",\"target\":{\"@type\":\"EntryPoint\",\"urlTemplate\":\"https:\\\/\\\/cotobajo.es\\\/fr\\\/?s={search_term_string}\"},\"query-input\":{\"@type\":\"PropertyValueSpecification\",\"valueRequired\":true,\"valueName\":\"search_term_string\"}}],\"inLanguage\":\"fr-FR\"},{\"@type\":\"Organization\",\"@id\":\"https:\\\/\\\/cotobajo.es\\\/fr\\\/#organization\",\"name\":\"Coto Bajo\",\"url\":\"https:\\\/\\\/cotobajo.es\\\/fr\\\/\",\"logo\":{\"@type\":\"ImageObject\",\"inLanguage\":\"fr-FR\",\"@id\":\"https:\\\/\\\/cotobajo.es\\\/fr\\\/#\\\/schema\\\/logo\\\/image\\\/\",\"url\":\"https:\\\/\\\/cotobajo.es\\\/wp-content\\\/uploads\\\/2021\\\/02\\\/logo-header.svg\",\"contentUrl\":\"https:\\\/\\\/cotobajo.es\\\/wp-content\\\/uploads\\\/2021\\\/02\\\/logo-header.svg\",\"width\":1000,\"height\":558,\"caption\":\"Coto Bajo\"},\"image\":{\"@id\":\"https:\\\/\\\/cotobajo.es\\\/fr\\\/#\\\/schema\\\/logo\\\/image\\\/\"},\"sameAs\":[\"https:\\\/\\\/www.facebook.com\\\/Coto-Bajo-394048128222\",\"https:\\\/\\\/x.com\\\/cotobajo\",\"https:\\\/\\\/www.instagram.com\\\/coto_bajo\\\/\",\"https:\\\/\\\/www.linkedin.com\\\/company\\\/coto-bajo-s-a\\\/\",\"https:\\\/\\\/www.youtube.com\\\/@coto_bajo\"]}]}<\/script>\n<!-- \/ Yoast SEO plugin. -->","yoast_head_json":{"title":"Huile d'olive BIO 500ml Bouteille en verre","description":"S\u00e9lection sp\u00e9ciale d'huile d'olive biologique, r\u00e9colte pr\u00e9coce, \u00e9quilibr\u00e9e, fruit\u00e9e et moyennement \u00e9pic\u00e9e. Une huile d'olive extra vierge exquise avec une saveur exquise.","robots":{"index":"index","follow":"follow","max-snippet":"max-snippet:-1","max-image-preview":"max-image-preview:large","max-video-preview":"max-video-preview:-1"},"canonical":"https:\/\/cotobajo.es\/fr\/product\/aove-ecologico-seleccion-especial-botella-de-cristal-500-ml\/","og_locale":"fr_FR","og_type":"article","og_title":"Huile d'olive BIO 500ml Bouteille en verre","og_description":"S\u00e9lection sp\u00e9ciale d'huile d'olive biologique, r\u00e9colte pr\u00e9coce, \u00e9quilibr\u00e9e, fruit\u00e9e et moyennement \u00e9pic\u00e9e. Une huile d'olive extra vierge exquise avec une saveur exquise.","og_url":"https:\/\/cotobajo.es\/fr\/product\/aove-ecologico-seleccion-especial-botella-de-cristal-500-ml\/","og_site_name":"Coto Bajo","article_publisher":"https:\/\/www.facebook.com\/Coto-Bajo-394048128222","article_modified_time":"2025-02-12T12:21:50+00:00","og_image":[{"width":1080,"height":1080,"url":"https:\/\/cotobajo.es\/wp-content\/uploads\/2024\/01\/AOVE-ecologico-seleccion-especial-botella-cristal-500ml.jpg","type":"image\/jpeg"}],"twitter_card":"summary_large_image","twitter_site":"@cotobajo","twitter_misc":{"Dur\u00e9e de lecture estim\u00e9e":"2 minutes"},"schema":{"@context":"https:\/\/schema.org","@graph":[{"@type":"WebPage","@id":"https:\/\/cotobajo.es\/fr\/product\/aove-ecologico-seleccion-especial-botella-de-cristal-500-ml\/","url":"https:\/\/cotobajo.es\/fr\/product\/aove-ecologico-seleccion-especial-botella-de-cristal-500-ml\/","name":"Huile d'olive BIO 500ml Bouteille en verre","isPartOf":{"@id":"https:\/\/cotobajo.es\/fr\/#website"},"primaryImageOfPage":{"@id":"https:\/\/cotobajo.es\/fr\/product\/aove-ecologico-seleccion-especial-botella-de-cristal-500-ml\/#primaryimage"},"image":{"@id":"https:\/\/cotobajo.es\/fr\/product\/aove-ecologico-seleccion-especial-botella-de-cristal-500-ml\/#primaryimage"},"thumbnailUrl":"https:\/\/cotobajo.es\/wp-content\/uploads\/2024\/01\/AOVE-ecologico-seleccion-especial-botella-cristal-500ml.jpg","datePublished":"2024-09-12T08:20:38+00:00","dateModified":"2025-02-12T12:21:50+00:00","description":"S\u00e9lection sp\u00e9ciale d'huile d'olive biologique, r\u00e9colte pr\u00e9coce, \u00e9quilibr\u00e9e, fruit\u00e9e et moyennement \u00e9pic\u00e9e. Une huile d'olive extra vierge exquise avec une saveur exquise.","breadcrumb":{"@id":"https:\/\/cotobajo.es\/fr\/product\/aove-ecologico-seleccion-especial-botella-de-cristal-500-ml\/#breadcrumb"},"inLanguage":"fr-FR","potentialAction":[{"@type":"ReadAction","target":["https:\/\/cotobajo.es\/fr\/product\/aove-ecologico-seleccion-especial-botella-de-cristal-500-ml\/"]}]},{"@type":"ImageObject","inLanguage":"fr-FR","@id":"https:\/\/cotobajo.es\/fr\/product\/aove-ecologico-seleccion-especial-botella-de-cristal-500-ml\/#primaryimage","url":"https:\/\/cotobajo.es\/wp-content\/uploads\/2024\/01\/AOVE-ecologico-seleccion-especial-botella-cristal-500ml.jpg","contentUrl":"https:\/\/cotobajo.es\/wp-content\/uploads\/2024\/01\/AOVE-ecologico-seleccion-especial-botella-cristal-500ml.jpg","width":1080,"height":1080,"caption":"EVOO-s\u00e9lection \u00e9cologique-bouteille sp\u00e9ciale en cristal-500ml"},{"@type":"BreadcrumbList","@id":"https:\/\/cotobajo.es\/fr\/product\/aove-ecologico-seleccion-especial-botella-de-cristal-500-ml\/#breadcrumb","itemListElement":[{"@type":"ListItem","position":1,"name":"Home","item":"https:\/\/cotobajo.es\/fr\/"},{"@type":"ListItem","position":2,"name":"Produits","item":"https:\/\/cotobajo.es\/fr\/shop\/"},{"@type":"ListItem","position":3,"name":"Huile d'olive extra vierge biologique","item":"https:\/\/cotobajo.es\/fr\/product-category\/huile-dolive-extra-vierge-biologique\/"},{"@type":"ListItem","position":4,"name":"Huile d&rsquo;olive VIERGE EXTRA BIO S\u00e9lection Bouteille 500 ml"}]},{"@type":"WebSite","@id":"https:\/\/cotobajo.es\/fr\/#website","url":"https:\/\/cotobajo.es\/fr\/","name":"Coto Bajo","description":"Aceite de Oliva Virgen Extra, AOVE y Miel Artesanal","publisher":{"@id":"https:\/\/cotobajo.es\/fr\/#organization"},"potentialAction":[{"@type":"SearchAction","target":{"@type":"EntryPoint","urlTemplate":"https:\/\/cotobajo.es\/fr\/?s={search_term_string}"},"query-input":{"@type":"PropertyValueSpecification","valueRequired":true,"valueName":"search_term_string"}}],"inLanguage":"fr-FR"},{"@type":"Organization","@id":"https:\/\/cotobajo.es\/fr\/#organization","name":"Coto Bajo","url":"https:\/\/cotobajo.es\/fr\/","logo":{"@type":"ImageObject","inLanguage":"fr-FR","@id":"https:\/\/cotobajo.es\/fr\/#\/schema\/logo\/image\/","url":"https:\/\/cotobajo.es\/wp-content\/uploads\/2021\/02\/logo-header.svg","contentUrl":"https:\/\/cotobajo.es\/wp-content\/uploads\/2021\/02\/logo-header.svg","width":1000,"height":558,"caption":"Coto Bajo"},"image":{"@id":"https:\/\/cotobajo.es\/fr\/#\/schema\/logo\/image\/"},"sameAs":["https:\/\/www.facebook.com\/Coto-Bajo-394048128222","https:\/\/x.com\/cotobajo","https:\/\/www.instagram.com\/coto_bajo\/","https:\/\/www.linkedin.com\/company\/coto-bajo-s-a\/","https:\/\/www.youtube.com\/@coto_bajo"]}]}},"_links":{"self":[{"href":"https:\/\/cotobajo.es\/fr\/wp-json\/wp\/v2\/product\/14576","targetHints":{"allow":["GET"]}}],"collection":[{"href":"https:\/\/cotobajo.es\/fr\/wp-json\/wp\/v2\/product"}],"about":[{"href":"https:\/\/cotobajo.es\/fr\/wp-json\/wp\/v2\/types\/product"}],"replies":[{"embeddable":true,"href":"https:\/\/cotobajo.es\/fr\/wp-json\/wp\/v2\/comments?post=14576"}],"wp:featuredmedia":[{"embeddable":true,"href":"https:\/\/cotobajo.es\/fr\/wp-json\/wp\/v2\/media\/13297"}],"wp:attachment":[{"href":"https:\/\/cotobajo.es\/fr\/wp-json\/wp\/v2\/media?parent=14576"}],"wp:term":[{"taxonomy":"product_brand","embeddable":true,"href":"https:\/\/cotobajo.es\/fr\/wp-json\/wp\/v2\/product_brand?post=14576"},{"taxonomy":"product_cat","embeddable":true,"href":"https:\/\/cotobajo.es\/fr\/wp-json\/wp\/v2\/product_cat?post=14576"},{"taxonomy":"product_tag","embeddable":true,"href":"https:\/\/cotobajo.es\/fr\/wp-json\/wp\/v2\/product_tag?post=14576"}],"curies":[{"name":"wp","href":"https:\/\/api.w.org\/{rel}","templated":true}]}}