{"id":14600,"date":"2024-04-08T11:24:52","date_gmt":"2024-04-08T09:24:52","guid":{"rendered":"https:\/\/cotobajo.es\/product\/boite-en-bois-aove-2-bouteilles-et-miel\/"},"modified":"2025-02-10T12:15:27","modified_gmt":"2025-02-10T11:15:27","slug":"aove-estuche-madera-aceite-y-miel","status":"publish","type":"product","link":"https:\/\/cotobajo.es\/fr\/product\/aove-estuche-madera-aceite-y-miel\/","title":{"rendered":"Coffret bois &#8211; Huile d&rsquo;olive VIERGE EXTRA 2 bouteilles 500 ml et miel"},"content":{"rendered":"<p><strong>Pr\u00e9sentation : Coffret en bois avec 2 bouteilles en verre de 500 ml, vari\u00e9t\u00e9 Picual, et un pot de miel.<\/strong><\/p>\n<p>\u00c9l\u00e9gant coffret en bois de pin avec une finition soign\u00e9e et un couvercle coulissant, contenant 2 bouteilles de 500 ml d&rsquo;<strong>Huile d&rsquo;Olive Vierge Extra<\/strong> de notre vari\u00e9t\u00e9 <strong>Picual<\/strong> et 1 pot de miel de 500 g de <strong>fleurs de la campagne de C\u00f3rdoba<\/strong>.<\/p>\n<p>Un format \u00e9l\u00e9gant et s\u00e9curis\u00e9 pour le transport.<\/p>\n<p>EAN : 8437010033414<\/p>\n","protected":false},"excerpt":{"rendered":"<p><strong>Pr\u00e9sentation : Coffret en bois avec 2 bouteilles en verre de 500 ml, vari\u00e9t\u00e9 Picual, et un pot de miel.<\/strong><\/p>\n<p>\u00c9l\u00e9gant coffret en bois de pin avec une finition soign\u00e9e et un couvercle coulissant, contenant 2 bouteilles de 500 ml d&rsquo;<strong>Huile d&rsquo;Olive Vierge Extra<\/strong> de notre vari\u00e9t\u00e9 <strong>Picual<\/strong> et 1 pot de miel de 500 g de <strong>fleurs de la campagne de C\u00f3rdoba<\/strong>.<\/p>\n<p>Un format \u00e9l\u00e9gant et s\u00e9curis\u00e9 pour le transport.<\/p>\n<p>EAN : 8437010033414<\/p>\n","protected":false},"featured_media":15204,"comment_status":"open","ping_status":"closed","template":"","meta":{"_acf_changed":false,"_joinchat":[]},"product_brand":[],"product_cat":[285,273],"product_tag":[629,597,589,620,356],"class_list":{"0":"post-14600","1":"product","2":"type-product","3":"status-publish","4":"has-post-thumbnail","6":"product_cat-huile-dolive-extra-vierge","7":"product_cat-miel-fr","8":"product_tag-acheter-huile-dolive-en-ligne","9":"product_tag-coffret-de-miel","10":"product_tag-evoo","11":"product_tag-huile-dolive-gourmet","12":"product_tag-huile-d-olive-vierge-extra","14":"first","15":"instock","16":"taxable","17":"shipping-taxable","18":"purchasable","19":"product-type-variable","20":"has-default-attributes"},"acf":[],"yoast_head":"<!-- This site is optimized with the Yoast SEO plugin v27.4 - https:\/\/yoast.com\/product\/yoast-seo-wordpress\/ -->\n<title>CAJA MADERA AOVE 1 Botella Vidrio 500ml<\/title>\n<meta name=\"description\" content=\"Coffret en bois AOVE Coto Bajo avec 2 bouteilles d&#039;huile d&#039;olive vierge extra 500ml et 1 pot de miel de fleurs d&#039;oranger ou de fleurs de la campagne cordouane.\" \/>\n<meta name=\"robots\" content=\"index, follow, max-snippet:-1, max-image-preview:large, max-video-preview:-1\" \/>\n<link rel=\"canonical\" href=\"https:\/\/cotobajo.es\/fr\/product\/aove-estuche-madera-aceite-y-miel\/\" \/>\n<meta property=\"og:locale\" content=\"fr_FR\" \/>\n<meta property=\"og:type\" content=\"article\" \/>\n<meta property=\"og:title\" content=\"CAJA MADERA AOVE 1 Botella Vidrio 500ml\" \/>\n<meta property=\"og:description\" content=\"Coffret en bois AOVE Coto Bajo avec 2 bouteilles d&#039;huile d&#039;olive vierge extra 500ml et 1 pot de miel de fleurs d&#039;oranger ou de fleurs de la campagne cordouane.\" \/>\n<meta property=\"og:url\" content=\"https:\/\/cotobajo.es\/fr\/product\/aove-estuche-madera-aceite-y-miel\/\" \/>\n<meta property=\"og:site_name\" content=\"Coto Bajo\" \/>\n<meta property=\"article:publisher\" content=\"https:\/\/www.facebook.com\/Coto-Bajo-394048128222\" \/>\n<meta property=\"article:modified_time\" content=\"2025-02-10T11:15:27+00:00\" \/>\n<meta property=\"og:image\" content=\"https:\/\/cotobajo.es\/wp-content\/uploads\/2024\/04\/Foto_Picual_Picual_Miel.jpg\" \/>\n\t<meta property=\"og:image:width\" content=\"1080\" \/>\n\t<meta property=\"og:image:height\" content=\"1080\" \/>\n\t<meta property=\"og:image:type\" content=\"image\/jpeg\" \/>\n<meta name=\"twitter:card\" content=\"summary_large_image\" \/>\n<meta name=\"twitter:site\" content=\"@cotobajo\" \/>\n<meta name=\"twitter:label1\" content=\"Dur\u00e9e de lecture estim\u00e9e\" \/>\n\t<meta name=\"twitter:data1\" content=\"1 minute\" \/>\n<script type=\"application\/ld+json\" class=\"yoast-schema-graph\">{\"@context\":\"https:\\\/\\\/schema.org\",\"@graph\":[{\"@type\":\"WebPage\",\"@id\":\"https:\\\/\\\/cotobajo.es\\\/fr\\\/product\\\/aove-estuche-madera-aceite-y-miel\\\/\",\"url\":\"https:\\\/\\\/cotobajo.es\\\/fr\\\/product\\\/aove-estuche-madera-aceite-y-miel\\\/\",\"name\":\"CAJA MADERA AOVE 1 Botella Vidrio 500ml\",\"isPartOf\":{\"@id\":\"https:\\\/\\\/cotobajo.es\\\/fr\\\/#website\"},\"primaryImageOfPage\":{\"@id\":\"https:\\\/\\\/cotobajo.es\\\/fr\\\/product\\\/aove-estuche-madera-aceite-y-miel\\\/#primaryimage\"},\"image\":{\"@id\":\"https:\\\/\\\/cotobajo.es\\\/fr\\\/product\\\/aove-estuche-madera-aceite-y-miel\\\/#primaryimage\"},\"thumbnailUrl\":\"https:\\\/\\\/cotobajo.es\\\/wp-content\\\/uploads\\\/2024\\\/04\\\/Foto_Picual_Picual_Miel.jpg\",\"datePublished\":\"2024-04-08T09:24:52+00:00\",\"dateModified\":\"2025-02-10T11:15:27+00:00\",\"description\":\"Coffret en bois AOVE Coto Bajo avec 2 bouteilles d'huile d'olive vierge extra 500ml et 1 pot de miel de fleurs d'oranger ou de fleurs de la campagne cordouane.\",\"breadcrumb\":{\"@id\":\"https:\\\/\\\/cotobajo.es\\\/fr\\\/product\\\/aove-estuche-madera-aceite-y-miel\\\/#breadcrumb\"},\"inLanguage\":\"fr-FR\",\"potentialAction\":[{\"@type\":\"ReadAction\",\"target\":[\"https:\\\/\\\/cotobajo.es\\\/fr\\\/product\\\/aove-estuche-madera-aceite-y-miel\\\/\"]}]},{\"@type\":\"ImageObject\",\"inLanguage\":\"fr-FR\",\"@id\":\"https:\\\/\\\/cotobajo.es\\\/fr\\\/product\\\/aove-estuche-madera-aceite-y-miel\\\/#primaryimage\",\"url\":\"https:\\\/\\\/cotobajo.es\\\/wp-content\\\/uploads\\\/2024\\\/04\\\/Foto_Picual_Picual_Miel.jpg\",\"contentUrl\":\"https:\\\/\\\/cotobajo.es\\\/wp-content\\\/uploads\\\/2024\\\/04\\\/Foto_Picual_Picual_Miel.jpg\",\"width\":1080,\"height\":1080,\"caption\":\"Coffret en bois 2 bouteilles d'huile d'olive extra vierge Picual et miel de fleurs\"},{\"@type\":\"BreadcrumbList\",\"@id\":\"https:\\\/\\\/cotobajo.es\\\/fr\\\/product\\\/aove-estuche-madera-aceite-y-miel\\\/#breadcrumb\",\"itemListElement\":[{\"@type\":\"ListItem\",\"position\":1,\"name\":\"Home\",\"item\":\"https:\\\/\\\/cotobajo.es\\\/fr\\\/\"},{\"@type\":\"ListItem\",\"position\":2,\"name\":\"Produits\",\"item\":\"https:\\\/\\\/cotobajo.es\\\/fr\\\/shop\\\/\"},{\"@type\":\"ListItem\",\"position\":3,\"name\":\"Huile d'olive extra vierge\",\"item\":\"https:\\\/\\\/cotobajo.es\\\/fr\\\/product-category\\\/huile-dolive-extra-vierge\\\/\"},{\"@type\":\"ListItem\",\"position\":4,\"name\":\"Coffret bois &#8211; Huile d&rsquo;olive VIERGE EXTRA 2 bouteilles 500 ml et miel\"}]},{\"@type\":\"WebSite\",\"@id\":\"https:\\\/\\\/cotobajo.es\\\/fr\\\/#website\",\"url\":\"https:\\\/\\\/cotobajo.es\\\/fr\\\/\",\"name\":\"Coto Bajo\",\"description\":\"Aceite de Oliva Virgen Extra, AOVE y Miel Artesanal\",\"publisher\":{\"@id\":\"https:\\\/\\\/cotobajo.es\\\/fr\\\/#organization\"},\"potentialAction\":[{\"@type\":\"SearchAction\",\"target\":{\"@type\":\"EntryPoint\",\"urlTemplate\":\"https:\\\/\\\/cotobajo.es\\\/fr\\\/?s={search_term_string}\"},\"query-input\":{\"@type\":\"PropertyValueSpecification\",\"valueRequired\":true,\"valueName\":\"search_term_string\"}}],\"inLanguage\":\"fr-FR\"},{\"@type\":\"Organization\",\"@id\":\"https:\\\/\\\/cotobajo.es\\\/fr\\\/#organization\",\"name\":\"Coto Bajo\",\"url\":\"https:\\\/\\\/cotobajo.es\\\/fr\\\/\",\"logo\":{\"@type\":\"ImageObject\",\"inLanguage\":\"fr-FR\",\"@id\":\"https:\\\/\\\/cotobajo.es\\\/fr\\\/#\\\/schema\\\/logo\\\/image\\\/\",\"url\":\"https:\\\/\\\/cotobajo.es\\\/wp-content\\\/uploads\\\/2021\\\/02\\\/logo-header.svg\",\"contentUrl\":\"https:\\\/\\\/cotobajo.es\\\/wp-content\\\/uploads\\\/2021\\\/02\\\/logo-header.svg\",\"width\":1000,\"height\":558,\"caption\":\"Coto Bajo\"},\"image\":{\"@id\":\"https:\\\/\\\/cotobajo.es\\\/fr\\\/#\\\/schema\\\/logo\\\/image\\\/\"},\"sameAs\":[\"https:\\\/\\\/www.facebook.com\\\/Coto-Bajo-394048128222\",\"https:\\\/\\\/x.com\\\/cotobajo\",\"https:\\\/\\\/www.instagram.com\\\/coto_bajo\\\/\",\"https:\\\/\\\/www.linkedin.com\\\/company\\\/coto-bajo-s-a\\\/\",\"https:\\\/\\\/www.youtube.com\\\/@coto_bajo\"]}]}<\/script>\n<!-- \/ Yoast SEO plugin. -->","yoast_head_json":{"title":"CAJA MADERA AOVE 1 Botella Vidrio 500ml","description":"Coffret en bois AOVE Coto Bajo avec 2 bouteilles d'huile d'olive vierge extra 500ml et 1 pot de miel de fleurs d'oranger ou de fleurs de la campagne cordouane.","robots":{"index":"index","follow":"follow","max-snippet":"max-snippet:-1","max-image-preview":"max-image-preview:large","max-video-preview":"max-video-preview:-1"},"canonical":"https:\/\/cotobajo.es\/fr\/product\/aove-estuche-madera-aceite-y-miel\/","og_locale":"fr_FR","og_type":"article","og_title":"CAJA MADERA AOVE 1 Botella Vidrio 500ml","og_description":"Coffret en bois AOVE Coto Bajo avec 2 bouteilles d'huile d'olive vierge extra 500ml et 1 pot de miel de fleurs d'oranger ou de fleurs de la campagne cordouane.","og_url":"https:\/\/cotobajo.es\/fr\/product\/aove-estuche-madera-aceite-y-miel\/","og_site_name":"Coto Bajo","article_publisher":"https:\/\/www.facebook.com\/Coto-Bajo-394048128222","article_modified_time":"2025-02-10T11:15:27+00:00","og_image":[{"width":1080,"height":1080,"url":"https:\/\/cotobajo.es\/wp-content\/uploads\/2024\/04\/Foto_Picual_Picual_Miel.jpg","type":"image\/jpeg"}],"twitter_card":"summary_large_image","twitter_site":"@cotobajo","twitter_misc":{"Dur\u00e9e de lecture estim\u00e9e":"1 minute"},"schema":{"@context":"https:\/\/schema.org","@graph":[{"@type":"WebPage","@id":"https:\/\/cotobajo.es\/fr\/product\/aove-estuche-madera-aceite-y-miel\/","url":"https:\/\/cotobajo.es\/fr\/product\/aove-estuche-madera-aceite-y-miel\/","name":"CAJA MADERA AOVE 1 Botella Vidrio 500ml","isPartOf":{"@id":"https:\/\/cotobajo.es\/fr\/#website"},"primaryImageOfPage":{"@id":"https:\/\/cotobajo.es\/fr\/product\/aove-estuche-madera-aceite-y-miel\/#primaryimage"},"image":{"@id":"https:\/\/cotobajo.es\/fr\/product\/aove-estuche-madera-aceite-y-miel\/#primaryimage"},"thumbnailUrl":"https:\/\/cotobajo.es\/wp-content\/uploads\/2024\/04\/Foto_Picual_Picual_Miel.jpg","datePublished":"2024-04-08T09:24:52+00:00","dateModified":"2025-02-10T11:15:27+00:00","description":"Coffret en bois AOVE Coto Bajo avec 2 bouteilles d'huile d'olive vierge extra 500ml et 1 pot de miel de fleurs d'oranger ou de fleurs de la campagne cordouane.","breadcrumb":{"@id":"https:\/\/cotobajo.es\/fr\/product\/aove-estuche-madera-aceite-y-miel\/#breadcrumb"},"inLanguage":"fr-FR","potentialAction":[{"@type":"ReadAction","target":["https:\/\/cotobajo.es\/fr\/product\/aove-estuche-madera-aceite-y-miel\/"]}]},{"@type":"ImageObject","inLanguage":"fr-FR","@id":"https:\/\/cotobajo.es\/fr\/product\/aove-estuche-madera-aceite-y-miel\/#primaryimage","url":"https:\/\/cotobajo.es\/wp-content\/uploads\/2024\/04\/Foto_Picual_Picual_Miel.jpg","contentUrl":"https:\/\/cotobajo.es\/wp-content\/uploads\/2024\/04\/Foto_Picual_Picual_Miel.jpg","width":1080,"height":1080,"caption":"Coffret en bois 2 bouteilles d'huile d'olive extra vierge Picual et miel de fleurs"},{"@type":"BreadcrumbList","@id":"https:\/\/cotobajo.es\/fr\/product\/aove-estuche-madera-aceite-y-miel\/#breadcrumb","itemListElement":[{"@type":"ListItem","position":1,"name":"Home","item":"https:\/\/cotobajo.es\/fr\/"},{"@type":"ListItem","position":2,"name":"Produits","item":"https:\/\/cotobajo.es\/fr\/shop\/"},{"@type":"ListItem","position":3,"name":"Huile d'olive extra vierge","item":"https:\/\/cotobajo.es\/fr\/product-category\/huile-dolive-extra-vierge\/"},{"@type":"ListItem","position":4,"name":"Coffret bois &#8211; Huile d&rsquo;olive VIERGE EXTRA 2 bouteilles 500 ml et miel"}]},{"@type":"WebSite","@id":"https:\/\/cotobajo.es\/fr\/#website","url":"https:\/\/cotobajo.es\/fr\/","name":"Coto Bajo","description":"Aceite de Oliva Virgen Extra, AOVE y Miel Artesanal","publisher":{"@id":"https:\/\/cotobajo.es\/fr\/#organization"},"potentialAction":[{"@type":"SearchAction","target":{"@type":"EntryPoint","urlTemplate":"https:\/\/cotobajo.es\/fr\/?s={search_term_string}"},"query-input":{"@type":"PropertyValueSpecification","valueRequired":true,"valueName":"search_term_string"}}],"inLanguage":"fr-FR"},{"@type":"Organization","@id":"https:\/\/cotobajo.es\/fr\/#organization","name":"Coto Bajo","url":"https:\/\/cotobajo.es\/fr\/","logo":{"@type":"ImageObject","inLanguage":"fr-FR","@id":"https:\/\/cotobajo.es\/fr\/#\/schema\/logo\/image\/","url":"https:\/\/cotobajo.es\/wp-content\/uploads\/2021\/02\/logo-header.svg","contentUrl":"https:\/\/cotobajo.es\/wp-content\/uploads\/2021\/02\/logo-header.svg","width":1000,"height":558,"caption":"Coto Bajo"},"image":{"@id":"https:\/\/cotobajo.es\/fr\/#\/schema\/logo\/image\/"},"sameAs":["https:\/\/www.facebook.com\/Coto-Bajo-394048128222","https:\/\/x.com\/cotobajo","https:\/\/www.instagram.com\/coto_bajo\/","https:\/\/www.linkedin.com\/company\/coto-bajo-s-a\/","https:\/\/www.youtube.com\/@coto_bajo"]}]}},"_links":{"self":[{"href":"https:\/\/cotobajo.es\/fr\/wp-json\/wp\/v2\/product\/14600","targetHints":{"allow":["GET"]}}],"collection":[{"href":"https:\/\/cotobajo.es\/fr\/wp-json\/wp\/v2\/product"}],"about":[{"href":"https:\/\/cotobajo.es\/fr\/wp-json\/wp\/v2\/types\/product"}],"replies":[{"embeddable":true,"href":"https:\/\/cotobajo.es\/fr\/wp-json\/wp\/v2\/comments?post=14600"}],"wp:featuredmedia":[{"embeddable":true,"href":"https:\/\/cotobajo.es\/fr\/wp-json\/wp\/v2\/media\/15204"}],"wp:attachment":[{"href":"https:\/\/cotobajo.es\/fr\/wp-json\/wp\/v2\/media?parent=14600"}],"wp:term":[{"taxonomy":"product_brand","embeddable":true,"href":"https:\/\/cotobajo.es\/fr\/wp-json\/wp\/v2\/product_brand?post=14600"},{"taxonomy":"product_cat","embeddable":true,"href":"https:\/\/cotobajo.es\/fr\/wp-json\/wp\/v2\/product_cat?post=14600"},{"taxonomy":"product_tag","embeddable":true,"href":"https:\/\/cotobajo.es\/fr\/wp-json\/wp\/v2\/product_tag?post=14600"}],"curies":[{"name":"wp","href":"https:\/\/api.w.org\/{rel}","templated":true}]}}