{"id":14657,"date":"2024-09-08T10:53:26","date_gmt":"2024-09-08T08:53:26","guid":{"rendered":"https:\/\/cotobajo.es\/product\/aove-noble-picual-500-ml-bouteille-en-verre\/"},"modified":"2025-02-12T12:57:55","modified_gmt":"2025-02-12T11:57:55","slug":"aove-noble-picual-botella-cristal-500ml","status":"publish","type":"product","link":"https:\/\/cotobajo.es\/fr\/product\/aove-noble-picual-botella-cristal-500ml\/","title":{"rendered":"Huile d&rsquo;olive VIERGE EXTRA PICUAL Bouteille 500 ml"},"content":{"rendered":"<p><strong>Pr\u00e9sentation : Bouteille en verre 500 ml.<\/strong><\/p>\n<p><strong>Huile d&rsquo;Olive Vierge Extra<\/strong> de la vari\u00e9t\u00e9 <strong>Picual<\/strong>, r\u00e9colt\u00e9e t\u00f4t, \u00e9quilibr\u00e9e, fruit\u00e9e verte et au piquant moyen. Cette huile est id\u00e9ale pour les toasts, les salades, les soupes et aussi pour la cuisson. De plus, ce produit offre la possibilit\u00e9 de pr\u00e9parer des saut\u00e9 sains gr\u00e2ce \u00e0 sa grande stabilit\u00e9.<\/p>\n<p>EAN : 8437010033018<\/p>\n","protected":false},"excerpt":{"rendered":"<p><strong>Pr\u00e9sentation : Bouteille en verre 500 ml.<\/strong><\/p>\n<p><strong>Huile d&rsquo;Olive Vierge Extra<\/strong> de la vari\u00e9t\u00e9 <strong>Picual<\/strong>, r\u00e9colt\u00e9e t\u00f4t, \u00e9quilibr\u00e9e, fruit\u00e9e verte et au piquant moyen. Cette huile est id\u00e9ale pour les toasts, les salades, les soupes et aussi pour la cuisson. De plus, ce produit offre la possibilit\u00e9 de pr\u00e9parer des saut\u00e9 sains gr\u00e2ce \u00e0 sa grande stabilit\u00e9.<\/p>\n<p>EAN : 8437010033018<\/p>\n","protected":false},"featured_media":13318,"comment_status":"open","ping_status":"closed","template":"","meta":{"_acf_changed":false,"_joinchat":[]},"product_brand":[],"product_cat":[285],"product_tag":[629,589,612,614,620,623,635,266],"class_list":{"0":"post-14657","1":"product","2":"type-product","3":"status-publish","4":"has-post-thumbnail","6":"product_cat-huile-dolive-extra-vierge","7":"product_tag-acheter-huile-dolive-en-ligne","8":"product_tag-evoo","9":"product_tag-huile-dolive-andalouse","10":"product_tag-huile-dolive-directe-producteur","11":"product_tag-huile-dolive-gourmet","12":"product_tag-huile-dolive-vierge-extra-restauration","13":"product_tag-produit-andalou","14":"product_tag-slider-home-fr","16":"first","17":"instock","18":"taxable","19":"shipping-taxable","20":"purchasable","21":"product-type-variable","22":"has-default-attributes"},"acf":[],"yoast_head":"<!-- This site is optimized with the Yoast SEO plugin v27.4 - https:\/\/yoast.com\/product\/yoast-seo-wordpress\/ -->\n<title>Huile d&#039;olive VIERGE EXTRA PICUAL Bouteille 500 ml | Coto Bajo<\/title>\n<meta name=\"description\" content=\"AOVE Noble Picual, r\u00e9colte pr\u00e9coce, \u00e9quilibr\u00e9e, fruit\u00e9e et moyennement piquante. Une huile d&#039;olive extra vierge exquise avec une saveur et un ar\u00f4me frais.\" \/>\n<meta name=\"robots\" content=\"index, follow, max-snippet:-1, max-image-preview:large, max-video-preview:-1\" \/>\n<link rel=\"canonical\" href=\"https:\/\/cotobajo.es\/fr\/product\/aove-noble-picual-botella-cristal-500ml\/\" \/>\n<meta property=\"og:locale\" content=\"fr_FR\" \/>\n<meta property=\"og:type\" content=\"article\" \/>\n<meta property=\"og:title\" content=\"Huile d&#039;olive VIERGE EXTRA PICUAL Bouteille 500 ml | Coto Bajo\" \/>\n<meta property=\"og:description\" content=\"AOVE Noble Picual, r\u00e9colte pr\u00e9coce, \u00e9quilibr\u00e9e, fruit\u00e9e et moyennement piquante. Une huile d&#039;olive extra vierge exquise avec une saveur et un ar\u00f4me frais.\" \/>\n<meta property=\"og:url\" content=\"https:\/\/cotobajo.es\/fr\/product\/aove-noble-picual-botella-cristal-500ml\/\" \/>\n<meta property=\"og:site_name\" content=\"Coto Bajo\" \/>\n<meta property=\"article:publisher\" content=\"https:\/\/www.facebook.com\/Coto-Bajo-394048128222\" \/>\n<meta property=\"article:modified_time\" content=\"2025-02-12T11:57:55+00:00\" \/>\n<meta property=\"og:image\" content=\"https:\/\/cotobajo.es\/wp-content\/uploads\/2021\/11\/AOVE-picual-botella-cristal-500ml.jpg\" \/>\n\t<meta property=\"og:image:width\" content=\"1080\" \/>\n\t<meta property=\"og:image:height\" content=\"1080\" \/>\n\t<meta property=\"og:image:type\" content=\"image\/jpeg\" \/>\n<meta name=\"twitter:card\" content=\"summary_large_image\" \/>\n<meta name=\"twitter:site\" content=\"@cotobajo\" \/>\n<meta name=\"twitter:label1\" content=\"Dur\u00e9e de lecture estim\u00e9e\" \/>\n\t<meta name=\"twitter:data1\" content=\"1 minute\" \/>\n<script type=\"application\/ld+json\" class=\"yoast-schema-graph\">{\"@context\":\"https:\\\/\\\/schema.org\",\"@graph\":[{\"@type\":\"WebPage\",\"@id\":\"https:\\\/\\\/cotobajo.es\\\/fr\\\/product\\\/aove-noble-picual-botella-cristal-500ml\\\/\",\"url\":\"https:\\\/\\\/cotobajo.es\\\/fr\\\/product\\\/aove-noble-picual-botella-cristal-500ml\\\/\",\"name\":\"Huile d'olive VIERGE EXTRA PICUAL Bouteille 500 ml | Coto Bajo\",\"isPartOf\":{\"@id\":\"https:\\\/\\\/cotobajo.es\\\/fr\\\/#website\"},\"primaryImageOfPage\":{\"@id\":\"https:\\\/\\\/cotobajo.es\\\/fr\\\/product\\\/aove-noble-picual-botella-cristal-500ml\\\/#primaryimage\"},\"image\":{\"@id\":\"https:\\\/\\\/cotobajo.es\\\/fr\\\/product\\\/aove-noble-picual-botella-cristal-500ml\\\/#primaryimage\"},\"thumbnailUrl\":\"https:\\\/\\\/cotobajo.es\\\/wp-content\\\/uploads\\\/2021\\\/11\\\/AOVE-picual-botella-cristal-500ml.jpg\",\"datePublished\":\"2024-09-08T08:53:26+00:00\",\"dateModified\":\"2025-02-12T11:57:55+00:00\",\"description\":\"AOVE Noble Picual, r\u00e9colte pr\u00e9coce, \u00e9quilibr\u00e9e, fruit\u00e9e et moyennement piquante. Une huile d'olive extra vierge exquise avec une saveur et un ar\u00f4me frais.\",\"breadcrumb\":{\"@id\":\"https:\\\/\\\/cotobajo.es\\\/fr\\\/product\\\/aove-noble-picual-botella-cristal-500ml\\\/#breadcrumb\"},\"inLanguage\":\"fr-FR\",\"potentialAction\":[{\"@type\":\"ReadAction\",\"target\":[\"https:\\\/\\\/cotobajo.es\\\/fr\\\/product\\\/aove-noble-picual-botella-cristal-500ml\\\/\"]}]},{\"@type\":\"ImageObject\",\"inLanguage\":\"fr-FR\",\"@id\":\"https:\\\/\\\/cotobajo.es\\\/fr\\\/product\\\/aove-noble-picual-botella-cristal-500ml\\\/#primaryimage\",\"url\":\"https:\\\/\\\/cotobajo.es\\\/wp-content\\\/uploads\\\/2021\\\/11\\\/AOVE-picual-botella-cristal-500ml.jpg\",\"contentUrl\":\"https:\\\/\\\/cotobajo.es\\\/wp-content\\\/uploads\\\/2021\\\/11\\\/AOVE-picual-botella-cristal-500ml.jpg\",\"width\":1080,\"height\":1080,\"caption\":\"EVOO-bouteille-picual-cristal-500ml\"},{\"@type\":\"BreadcrumbList\",\"@id\":\"https:\\\/\\\/cotobajo.es\\\/fr\\\/product\\\/aove-noble-picual-botella-cristal-500ml\\\/#breadcrumb\",\"itemListElement\":[{\"@type\":\"ListItem\",\"position\":1,\"name\":\"Home\",\"item\":\"https:\\\/\\\/cotobajo.es\\\/fr\\\/\"},{\"@type\":\"ListItem\",\"position\":2,\"name\":\"Produits\",\"item\":\"https:\\\/\\\/cotobajo.es\\\/fr\\\/shop\\\/\"},{\"@type\":\"ListItem\",\"position\":3,\"name\":\"Huile d'olive extra vierge\",\"item\":\"https:\\\/\\\/cotobajo.es\\\/fr\\\/product-category\\\/huile-dolive-extra-vierge\\\/\"},{\"@type\":\"ListItem\",\"position\":4,\"name\":\"Huile d&rsquo;olive VIERGE EXTRA PICUAL Bouteille 500 ml\"}]},{\"@type\":\"WebSite\",\"@id\":\"https:\\\/\\\/cotobajo.es\\\/fr\\\/#website\",\"url\":\"https:\\\/\\\/cotobajo.es\\\/fr\\\/\",\"name\":\"Coto Bajo\",\"description\":\"Aceite de Oliva Virgen Extra, AOVE y Miel Artesanal\",\"publisher\":{\"@id\":\"https:\\\/\\\/cotobajo.es\\\/fr\\\/#organization\"},\"potentialAction\":[{\"@type\":\"SearchAction\",\"target\":{\"@type\":\"EntryPoint\",\"urlTemplate\":\"https:\\\/\\\/cotobajo.es\\\/fr\\\/?s={search_term_string}\"},\"query-input\":{\"@type\":\"PropertyValueSpecification\",\"valueRequired\":true,\"valueName\":\"search_term_string\"}}],\"inLanguage\":\"fr-FR\"},{\"@type\":\"Organization\",\"@id\":\"https:\\\/\\\/cotobajo.es\\\/fr\\\/#organization\",\"name\":\"Coto Bajo\",\"url\":\"https:\\\/\\\/cotobajo.es\\\/fr\\\/\",\"logo\":{\"@type\":\"ImageObject\",\"inLanguage\":\"fr-FR\",\"@id\":\"https:\\\/\\\/cotobajo.es\\\/fr\\\/#\\\/schema\\\/logo\\\/image\\\/\",\"url\":\"https:\\\/\\\/cotobajo.es\\\/wp-content\\\/uploads\\\/2021\\\/02\\\/logo-header.svg\",\"contentUrl\":\"https:\\\/\\\/cotobajo.es\\\/wp-content\\\/uploads\\\/2021\\\/02\\\/logo-header.svg\",\"width\":1000,\"height\":558,\"caption\":\"Coto Bajo\"},\"image\":{\"@id\":\"https:\\\/\\\/cotobajo.es\\\/fr\\\/#\\\/schema\\\/logo\\\/image\\\/\"},\"sameAs\":[\"https:\\\/\\\/www.facebook.com\\\/Coto-Bajo-394048128222\",\"https:\\\/\\\/x.com\\\/cotobajo\",\"https:\\\/\\\/www.instagram.com\\\/coto_bajo\\\/\",\"https:\\\/\\\/www.linkedin.com\\\/company\\\/coto-bajo-s-a\\\/\",\"https:\\\/\\\/www.youtube.com\\\/@coto_bajo\"]}]}<\/script>\n<!-- \/ Yoast SEO plugin. -->","yoast_head_json":{"title":"Huile d'olive VIERGE EXTRA PICUAL Bouteille 500 ml | Coto Bajo","description":"AOVE Noble Picual, r\u00e9colte pr\u00e9coce, \u00e9quilibr\u00e9e, fruit\u00e9e et moyennement piquante. Une huile d'olive extra vierge exquise avec une saveur et un ar\u00f4me frais.","robots":{"index":"index","follow":"follow","max-snippet":"max-snippet:-1","max-image-preview":"max-image-preview:large","max-video-preview":"max-video-preview:-1"},"canonical":"https:\/\/cotobajo.es\/fr\/product\/aove-noble-picual-botella-cristal-500ml\/","og_locale":"fr_FR","og_type":"article","og_title":"Huile d'olive VIERGE EXTRA PICUAL Bouteille 500 ml | Coto Bajo","og_description":"AOVE Noble Picual, r\u00e9colte pr\u00e9coce, \u00e9quilibr\u00e9e, fruit\u00e9e et moyennement piquante. Une huile d'olive extra vierge exquise avec une saveur et un ar\u00f4me frais.","og_url":"https:\/\/cotobajo.es\/fr\/product\/aove-noble-picual-botella-cristal-500ml\/","og_site_name":"Coto Bajo","article_publisher":"https:\/\/www.facebook.com\/Coto-Bajo-394048128222","article_modified_time":"2025-02-12T11:57:55+00:00","og_image":[{"width":1080,"height":1080,"url":"https:\/\/cotobajo.es\/wp-content\/uploads\/2021\/11\/AOVE-picual-botella-cristal-500ml.jpg","type":"image\/jpeg"}],"twitter_card":"summary_large_image","twitter_site":"@cotobajo","twitter_misc":{"Dur\u00e9e de lecture estim\u00e9e":"1 minute"},"schema":{"@context":"https:\/\/schema.org","@graph":[{"@type":"WebPage","@id":"https:\/\/cotobajo.es\/fr\/product\/aove-noble-picual-botella-cristal-500ml\/","url":"https:\/\/cotobajo.es\/fr\/product\/aove-noble-picual-botella-cristal-500ml\/","name":"Huile d'olive VIERGE EXTRA PICUAL Bouteille 500 ml | Coto Bajo","isPartOf":{"@id":"https:\/\/cotobajo.es\/fr\/#website"},"primaryImageOfPage":{"@id":"https:\/\/cotobajo.es\/fr\/product\/aove-noble-picual-botella-cristal-500ml\/#primaryimage"},"image":{"@id":"https:\/\/cotobajo.es\/fr\/product\/aove-noble-picual-botella-cristal-500ml\/#primaryimage"},"thumbnailUrl":"https:\/\/cotobajo.es\/wp-content\/uploads\/2021\/11\/AOVE-picual-botella-cristal-500ml.jpg","datePublished":"2024-09-08T08:53:26+00:00","dateModified":"2025-02-12T11:57:55+00:00","description":"AOVE Noble Picual, r\u00e9colte pr\u00e9coce, \u00e9quilibr\u00e9e, fruit\u00e9e et moyennement piquante. Une huile d'olive extra vierge exquise avec une saveur et un ar\u00f4me frais.","breadcrumb":{"@id":"https:\/\/cotobajo.es\/fr\/product\/aove-noble-picual-botella-cristal-500ml\/#breadcrumb"},"inLanguage":"fr-FR","potentialAction":[{"@type":"ReadAction","target":["https:\/\/cotobajo.es\/fr\/product\/aove-noble-picual-botella-cristal-500ml\/"]}]},{"@type":"ImageObject","inLanguage":"fr-FR","@id":"https:\/\/cotobajo.es\/fr\/product\/aove-noble-picual-botella-cristal-500ml\/#primaryimage","url":"https:\/\/cotobajo.es\/wp-content\/uploads\/2021\/11\/AOVE-picual-botella-cristal-500ml.jpg","contentUrl":"https:\/\/cotobajo.es\/wp-content\/uploads\/2021\/11\/AOVE-picual-botella-cristal-500ml.jpg","width":1080,"height":1080,"caption":"EVOO-bouteille-picual-cristal-500ml"},{"@type":"BreadcrumbList","@id":"https:\/\/cotobajo.es\/fr\/product\/aove-noble-picual-botella-cristal-500ml\/#breadcrumb","itemListElement":[{"@type":"ListItem","position":1,"name":"Home","item":"https:\/\/cotobajo.es\/fr\/"},{"@type":"ListItem","position":2,"name":"Produits","item":"https:\/\/cotobajo.es\/fr\/shop\/"},{"@type":"ListItem","position":3,"name":"Huile d'olive extra vierge","item":"https:\/\/cotobajo.es\/fr\/product-category\/huile-dolive-extra-vierge\/"},{"@type":"ListItem","position":4,"name":"Huile d&rsquo;olive VIERGE EXTRA PICUAL Bouteille 500 ml"}]},{"@type":"WebSite","@id":"https:\/\/cotobajo.es\/fr\/#website","url":"https:\/\/cotobajo.es\/fr\/","name":"Coto Bajo","description":"Aceite de Oliva Virgen Extra, AOVE y Miel Artesanal","publisher":{"@id":"https:\/\/cotobajo.es\/fr\/#organization"},"potentialAction":[{"@type":"SearchAction","target":{"@type":"EntryPoint","urlTemplate":"https:\/\/cotobajo.es\/fr\/?s={search_term_string}"},"query-input":{"@type":"PropertyValueSpecification","valueRequired":true,"valueName":"search_term_string"}}],"inLanguage":"fr-FR"},{"@type":"Organization","@id":"https:\/\/cotobajo.es\/fr\/#organization","name":"Coto Bajo","url":"https:\/\/cotobajo.es\/fr\/","logo":{"@type":"ImageObject","inLanguage":"fr-FR","@id":"https:\/\/cotobajo.es\/fr\/#\/schema\/logo\/image\/","url":"https:\/\/cotobajo.es\/wp-content\/uploads\/2021\/02\/logo-header.svg","contentUrl":"https:\/\/cotobajo.es\/wp-content\/uploads\/2021\/02\/logo-header.svg","width":1000,"height":558,"caption":"Coto Bajo"},"image":{"@id":"https:\/\/cotobajo.es\/fr\/#\/schema\/logo\/image\/"},"sameAs":["https:\/\/www.facebook.com\/Coto-Bajo-394048128222","https:\/\/x.com\/cotobajo","https:\/\/www.instagram.com\/coto_bajo\/","https:\/\/www.linkedin.com\/company\/coto-bajo-s-a\/","https:\/\/www.youtube.com\/@coto_bajo"]}]}},"_links":{"self":[{"href":"https:\/\/cotobajo.es\/fr\/wp-json\/wp\/v2\/product\/14657","targetHints":{"allow":["GET"]}}],"collection":[{"href":"https:\/\/cotobajo.es\/fr\/wp-json\/wp\/v2\/product"}],"about":[{"href":"https:\/\/cotobajo.es\/fr\/wp-json\/wp\/v2\/types\/product"}],"replies":[{"embeddable":true,"href":"https:\/\/cotobajo.es\/fr\/wp-json\/wp\/v2\/comments?post=14657"}],"wp:featuredmedia":[{"embeddable":true,"href":"https:\/\/cotobajo.es\/fr\/wp-json\/wp\/v2\/media\/13318"}],"wp:attachment":[{"href":"https:\/\/cotobajo.es\/fr\/wp-json\/wp\/v2\/media?parent=14657"}],"wp:term":[{"taxonomy":"product_brand","embeddable":true,"href":"https:\/\/cotobajo.es\/fr\/wp-json\/wp\/v2\/product_brand?post=14657"},{"taxonomy":"product_cat","embeddable":true,"href":"https:\/\/cotobajo.es\/fr\/wp-json\/wp\/v2\/product_cat?post=14657"},{"taxonomy":"product_tag","embeddable":true,"href":"https:\/\/cotobajo.es\/fr\/wp-json\/wp\/v2\/product_tag?post=14657"}],"curies":[{"name":"wp","href":"https:\/\/api.w.org\/{rel}","templated":true}]}}