{"id":14667,"date":"2024-10-08T10:29:35","date_gmt":"2024-10-08T08:29:35","guid":{"rendered":"https:\/\/cotobajo.es\/product\/aove-coto-bajo-tradicion-carafe-3-litres\/"},"modified":"2025-02-14T13:20:56","modified_gmt":"2025-02-14T12:20:56","slug":"aove-coto-bajo-tradicion-garrafa-3-litros","status":"publish","type":"product","link":"https:\/\/cotobajo.es\/fr\/product\/aove-coto-bajo-tradicion-garrafa-3-litros\/","title":{"rendered":"Huile d&rsquo;olive VIERGE EXTRA Coto Bajo Tradition 3 Litres"},"content":{"rendered":"<p data-start=\"0\" data-end=\"39\"><strong data-start=\"0\" data-end=\"37\">Pr\u00e9sentation : Bidon de 3 litres.<\/strong><\/p>\n<p data-start=\"41\" data-end=\"350\"><strong>Huile d\u2019olive Vierge Extra<\/strong>, \u00e9labor\u00e9e \u00e0 partir de diff\u00e9rentes vari\u00e9t\u00e9s d\u2019olives, selon une s\u00e9lection rigoureuse de notre ma\u00eetre moulinier, afin de garantir des ar\u00f4mes, des saveurs et des caract\u00e9ristiques organoleptiques similaires \u00e0 chaque campagne de r\u00e9colte.<\/p>\n<p data-start=\"352\" data-end=\"533\">Il s\u2019agit d\u2019une huile d\u2019olive Vierge Extra <strong>adapt\u00e9e \u00e0 tous les usages<\/strong>. Stable dans ses propri\u00e9t\u00e9s au fil du temps, notre huile d&rsquo;olive dans ce format est un excellent choix pour la cuisine.<\/p>\n<p>EAN : 8437010033087<\/p>\n","protected":false},"excerpt":{"rendered":"<p data-start=\"0\" data-end=\"39\"><strong data-start=\"0\" data-end=\"37\">Pr\u00e9sentation : Bidon de 3 litres.<\/strong><\/p>\n<p data-start=\"41\" data-end=\"350\"><strong>Huile d\u2019olive Vierge Extra<\/strong>, \u00e9labor\u00e9e \u00e0 partir de diff\u00e9rentes vari\u00e9t\u00e9s d\u2019olives, selon une s\u00e9lection rigoureuse de notre ma\u00eetre moulinier, afin de garantir des ar\u00f4mes, des saveurs et des caract\u00e9ristiques organoleptiques similaires \u00e0 chaque campagne de r\u00e9colte.<\/p>\n<p data-start=\"352\" data-end=\"533\">Il s\u2019agit d\u2019une huile d\u2019olive Vierge Extra <strong>adapt\u00e9e \u00e0 tous les usages<\/strong>. Stable dans ses propri\u00e9t\u00e9s au fil du temps, notre huile d&rsquo;olive dans ce format est un excellent choix pour la cuisine.<\/p>\n<p>EAN : 8437010033087<\/p>\n","protected":false},"featured_media":13351,"comment_status":"open","ping_status":"closed","template":"","meta":{"_acf_changed":false,"_joinchat":[]},"product_brand":[],"product_cat":[285],"product_tag":[629,589,612,632,614,620,617,654,623,356,635],"class_list":{"0":"post-14667","1":"product","2":"type-product","3":"status-publish","4":"has-post-thumbnail","6":"product_cat-huile-dolive-extra-vierge","7":"product_tag-acheter-huile-dolive-en-ligne","8":"product_tag-evoo","9":"product_tag-huile-dolive-andalouse","10":"product_tag-huile-dolive-bidon-3-litres","11":"product_tag-huile-dolive-directe-producteur","12":"product_tag-huile-dolive-gourmet","13":"product_tag-huile-dolive-vierge-extra-3-litres","14":"product_tag-huile-dolive-vierge-extra-bidon","15":"product_tag-huile-dolive-vierge-extra-restauration","16":"product_tag-huile-d-olive-vierge-extra","17":"product_tag-produit-andalou","19":"first","20":"instock","21":"taxable","22":"shipping-taxable","23":"purchasable","24":"product-type-variable","25":"has-default-attributes"},"acf":[],"yoast_head":"<!-- This site is optimized with the Yoast SEO plugin v27.3 - https:\/\/yoast.com\/product\/yoast-seo-wordpress\/ -->\n<title>Huile d&#039;olive VIERGE EXTRA Coto Bajo Tradition 3 Litres | Coto Bajo<\/title>\n<meta name=\"description\" content=\"EVOO Coto Bajo Tradition 3 litres en carafe. Huile d&#039;olive extra vierge Coto Bajo 3 litres en format carafe, de haute qualit\u00e9, id\u00e9ale pour votre cuisine.\" \/>\n<meta name=\"robots\" content=\"index, follow, max-snippet:-1, max-image-preview:large, max-video-preview:-1\" \/>\n<link rel=\"canonical\" href=\"https:\/\/cotobajo.es\/fr\/product\/aove-coto-bajo-tradicion-garrafa-3-litros\/\" \/>\n<meta property=\"og:locale\" content=\"fr_FR\" \/>\n<meta property=\"og:type\" content=\"article\" \/>\n<meta property=\"og:title\" content=\"Huile d&#039;olive VIERGE EXTRA Coto Bajo Tradition 3 Litres | Coto Bajo\" \/>\n<meta property=\"og:description\" content=\"EVOO Coto Bajo Tradition 3 litres en carafe. Huile d&#039;olive extra vierge Coto Bajo 3 litres en format carafe, de haute qualit\u00e9, id\u00e9ale pour votre cuisine.\" \/>\n<meta property=\"og:url\" content=\"https:\/\/cotobajo.es\/fr\/product\/aove-coto-bajo-tradicion-garrafa-3-litros\/\" \/>\n<meta property=\"og:site_name\" content=\"Coto Bajo\" \/>\n<meta property=\"article:publisher\" content=\"https:\/\/www.facebook.com\/Coto-Bajo-394048128222\" \/>\n<meta property=\"article:modified_time\" content=\"2025-02-14T12:20:56+00:00\" \/>\n<meta property=\"og:image\" content=\"https:\/\/cotobajo.es\/wp-content\/uploads\/2021\/11\/AOVE-tradicion-garrafa-3L.jpg\" \/>\n\t<meta property=\"og:image:width\" content=\"1080\" \/>\n\t<meta property=\"og:image:height\" content=\"1080\" \/>\n\t<meta property=\"og:image:type\" content=\"image\/jpeg\" \/>\n<meta name=\"twitter:card\" content=\"summary_large_image\" \/>\n<meta name=\"twitter:site\" content=\"@cotobajo\" \/>\n<meta name=\"twitter:label1\" content=\"Dur\u00e9e de lecture estim\u00e9e\" \/>\n\t<meta name=\"twitter:data1\" content=\"1 minute\" \/>\n<script type=\"application\/ld+json\" class=\"yoast-schema-graph\">{\"@context\":\"https:\\\/\\\/schema.org\",\"@graph\":[{\"@type\":\"WebPage\",\"@id\":\"https:\\\/\\\/cotobajo.es\\\/fr\\\/product\\\/aove-coto-bajo-tradicion-garrafa-3-litros\\\/\",\"url\":\"https:\\\/\\\/cotobajo.es\\\/fr\\\/product\\\/aove-coto-bajo-tradicion-garrafa-3-litros\\\/\",\"name\":\"Huile d'olive VIERGE EXTRA Coto Bajo Tradition 3 Litres | Coto Bajo\",\"isPartOf\":{\"@id\":\"https:\\\/\\\/cotobajo.es\\\/fr\\\/#website\"},\"primaryImageOfPage\":{\"@id\":\"https:\\\/\\\/cotobajo.es\\\/fr\\\/product\\\/aove-coto-bajo-tradicion-garrafa-3-litros\\\/#primaryimage\"},\"image\":{\"@id\":\"https:\\\/\\\/cotobajo.es\\\/fr\\\/product\\\/aove-coto-bajo-tradicion-garrafa-3-litros\\\/#primaryimage\"},\"thumbnailUrl\":\"https:\\\/\\\/cotobajo.es\\\/wp-content\\\/uploads\\\/2021\\\/11\\\/AOVE-tradicion-garrafa-3L.jpg\",\"datePublished\":\"2024-10-08T08:29:35+00:00\",\"dateModified\":\"2025-02-14T12:20:56+00:00\",\"description\":\"EVOO Coto Bajo Tradition 3 litres en carafe. Huile d'olive extra vierge Coto Bajo 3 litres en format carafe, de haute qualit\u00e9, id\u00e9ale pour votre cuisine.\",\"breadcrumb\":{\"@id\":\"https:\\\/\\\/cotobajo.es\\\/fr\\\/product\\\/aove-coto-bajo-tradicion-garrafa-3-litros\\\/#breadcrumb\"},\"inLanguage\":\"fr-FR\",\"potentialAction\":[{\"@type\":\"ReadAction\",\"target\":[\"https:\\\/\\\/cotobajo.es\\\/fr\\\/product\\\/aove-coto-bajo-tradicion-garrafa-3-litros\\\/\"]}]},{\"@type\":\"ImageObject\",\"inLanguage\":\"fr-FR\",\"@id\":\"https:\\\/\\\/cotobajo.es\\\/fr\\\/product\\\/aove-coto-bajo-tradicion-garrafa-3-litros\\\/#primaryimage\",\"url\":\"https:\\\/\\\/cotobajo.es\\\/wp-content\\\/uploads\\\/2021\\\/11\\\/AOVE-tradicion-garrafa-3L.jpg\",\"contentUrl\":\"https:\\\/\\\/cotobajo.es\\\/wp-content\\\/uploads\\\/2021\\\/11\\\/AOVE-tradicion-garrafa-3L.jpg\",\"width\":1080,\"height\":1080,\"caption\":\"EVOO-tradition-garrafa-3L\"},{\"@type\":\"BreadcrumbList\",\"@id\":\"https:\\\/\\\/cotobajo.es\\\/fr\\\/product\\\/aove-coto-bajo-tradicion-garrafa-3-litros\\\/#breadcrumb\",\"itemListElement\":[{\"@type\":\"ListItem\",\"position\":1,\"name\":\"Home\",\"item\":\"https:\\\/\\\/cotobajo.es\\\/fr\\\/\"},{\"@type\":\"ListItem\",\"position\":2,\"name\":\"Produits\",\"item\":\"https:\\\/\\\/cotobajo.es\\\/fr\\\/shop\\\/\"},{\"@type\":\"ListItem\",\"position\":3,\"name\":\"Huile d'olive extra vierge\",\"item\":\"https:\\\/\\\/cotobajo.es\\\/fr\\\/product-category\\\/huile-dolive-extra-vierge\\\/\"},{\"@type\":\"ListItem\",\"position\":4,\"name\":\"Huile d&#8217;olive VIERGE EXTRA Coto Bajo Tradition 3 Litres\"}]},{\"@type\":\"WebSite\",\"@id\":\"https:\\\/\\\/cotobajo.es\\\/fr\\\/#website\",\"url\":\"https:\\\/\\\/cotobajo.es\\\/fr\\\/\",\"name\":\"Coto Bajo\",\"description\":\"Aceite de Oliva Virgen Extra, AOVE y Miel Artesanal\",\"publisher\":{\"@id\":\"https:\\\/\\\/cotobajo.es\\\/fr\\\/#organization\"},\"potentialAction\":[{\"@type\":\"SearchAction\",\"target\":{\"@type\":\"EntryPoint\",\"urlTemplate\":\"https:\\\/\\\/cotobajo.es\\\/fr\\\/?s={search_term_string}\"},\"query-input\":{\"@type\":\"PropertyValueSpecification\",\"valueRequired\":true,\"valueName\":\"search_term_string\"}}],\"inLanguage\":\"fr-FR\"},{\"@type\":\"Organization\",\"@id\":\"https:\\\/\\\/cotobajo.es\\\/fr\\\/#organization\",\"name\":\"Coto Bajo\",\"url\":\"https:\\\/\\\/cotobajo.es\\\/fr\\\/\",\"logo\":{\"@type\":\"ImageObject\",\"inLanguage\":\"fr-FR\",\"@id\":\"https:\\\/\\\/cotobajo.es\\\/fr\\\/#\\\/schema\\\/logo\\\/image\\\/\",\"url\":\"https:\\\/\\\/cotobajo.es\\\/wp-content\\\/uploads\\\/2021\\\/02\\\/logo-header.svg\",\"contentUrl\":\"https:\\\/\\\/cotobajo.es\\\/wp-content\\\/uploads\\\/2021\\\/02\\\/logo-header.svg\",\"width\":1000,\"height\":558,\"caption\":\"Coto Bajo\"},\"image\":{\"@id\":\"https:\\\/\\\/cotobajo.es\\\/fr\\\/#\\\/schema\\\/logo\\\/image\\\/\"},\"sameAs\":[\"https:\\\/\\\/www.facebook.com\\\/Coto-Bajo-394048128222\",\"https:\\\/\\\/x.com\\\/cotobajo\",\"https:\\\/\\\/www.instagram.com\\\/coto_bajo\\\/\",\"https:\\\/\\\/www.linkedin.com\\\/company\\\/coto-bajo-s-a\\\/\",\"https:\\\/\\\/www.youtube.com\\\/@coto_bajo\"]}]}<\/script>\n<!-- \/ Yoast SEO plugin. -->","yoast_head_json":{"title":"Huile d'olive VIERGE EXTRA Coto Bajo Tradition 3 Litres | Coto Bajo","description":"EVOO Coto Bajo Tradition 3 litres en carafe. Huile d'olive extra vierge Coto Bajo 3 litres en format carafe, de haute qualit\u00e9, id\u00e9ale pour votre cuisine.","robots":{"index":"index","follow":"follow","max-snippet":"max-snippet:-1","max-image-preview":"max-image-preview:large","max-video-preview":"max-video-preview:-1"},"canonical":"https:\/\/cotobajo.es\/fr\/product\/aove-coto-bajo-tradicion-garrafa-3-litros\/","og_locale":"fr_FR","og_type":"article","og_title":"Huile d'olive VIERGE EXTRA Coto Bajo Tradition 3 Litres | Coto Bajo","og_description":"EVOO Coto Bajo Tradition 3 litres en carafe. Huile d'olive extra vierge Coto Bajo 3 litres en format carafe, de haute qualit\u00e9, id\u00e9ale pour votre cuisine.","og_url":"https:\/\/cotobajo.es\/fr\/product\/aove-coto-bajo-tradicion-garrafa-3-litros\/","og_site_name":"Coto Bajo","article_publisher":"https:\/\/www.facebook.com\/Coto-Bajo-394048128222","article_modified_time":"2025-02-14T12:20:56+00:00","og_image":[{"width":1080,"height":1080,"url":"https:\/\/cotobajo.es\/wp-content\/uploads\/2021\/11\/AOVE-tradicion-garrafa-3L.jpg","type":"image\/jpeg"}],"twitter_card":"summary_large_image","twitter_site":"@cotobajo","twitter_misc":{"Dur\u00e9e de lecture estim\u00e9e":"1 minute"},"schema":{"@context":"https:\/\/schema.org","@graph":[{"@type":"WebPage","@id":"https:\/\/cotobajo.es\/fr\/product\/aove-coto-bajo-tradicion-garrafa-3-litros\/","url":"https:\/\/cotobajo.es\/fr\/product\/aove-coto-bajo-tradicion-garrafa-3-litros\/","name":"Huile d'olive VIERGE EXTRA Coto Bajo Tradition 3 Litres | Coto Bajo","isPartOf":{"@id":"https:\/\/cotobajo.es\/fr\/#website"},"primaryImageOfPage":{"@id":"https:\/\/cotobajo.es\/fr\/product\/aove-coto-bajo-tradicion-garrafa-3-litros\/#primaryimage"},"image":{"@id":"https:\/\/cotobajo.es\/fr\/product\/aove-coto-bajo-tradicion-garrafa-3-litros\/#primaryimage"},"thumbnailUrl":"https:\/\/cotobajo.es\/wp-content\/uploads\/2021\/11\/AOVE-tradicion-garrafa-3L.jpg","datePublished":"2024-10-08T08:29:35+00:00","dateModified":"2025-02-14T12:20:56+00:00","description":"EVOO Coto Bajo Tradition 3 litres en carafe. Huile d'olive extra vierge Coto Bajo 3 litres en format carafe, de haute qualit\u00e9, id\u00e9ale pour votre cuisine.","breadcrumb":{"@id":"https:\/\/cotobajo.es\/fr\/product\/aove-coto-bajo-tradicion-garrafa-3-litros\/#breadcrumb"},"inLanguage":"fr-FR","potentialAction":[{"@type":"ReadAction","target":["https:\/\/cotobajo.es\/fr\/product\/aove-coto-bajo-tradicion-garrafa-3-litros\/"]}]},{"@type":"ImageObject","inLanguage":"fr-FR","@id":"https:\/\/cotobajo.es\/fr\/product\/aove-coto-bajo-tradicion-garrafa-3-litros\/#primaryimage","url":"https:\/\/cotobajo.es\/wp-content\/uploads\/2021\/11\/AOVE-tradicion-garrafa-3L.jpg","contentUrl":"https:\/\/cotobajo.es\/wp-content\/uploads\/2021\/11\/AOVE-tradicion-garrafa-3L.jpg","width":1080,"height":1080,"caption":"EVOO-tradition-garrafa-3L"},{"@type":"BreadcrumbList","@id":"https:\/\/cotobajo.es\/fr\/product\/aove-coto-bajo-tradicion-garrafa-3-litros\/#breadcrumb","itemListElement":[{"@type":"ListItem","position":1,"name":"Home","item":"https:\/\/cotobajo.es\/fr\/"},{"@type":"ListItem","position":2,"name":"Produits","item":"https:\/\/cotobajo.es\/fr\/shop\/"},{"@type":"ListItem","position":3,"name":"Huile d'olive extra vierge","item":"https:\/\/cotobajo.es\/fr\/product-category\/huile-dolive-extra-vierge\/"},{"@type":"ListItem","position":4,"name":"Huile d&#8217;olive VIERGE EXTRA Coto Bajo Tradition 3 Litres"}]},{"@type":"WebSite","@id":"https:\/\/cotobajo.es\/fr\/#website","url":"https:\/\/cotobajo.es\/fr\/","name":"Coto Bajo","description":"Aceite de Oliva Virgen Extra, AOVE y Miel Artesanal","publisher":{"@id":"https:\/\/cotobajo.es\/fr\/#organization"},"potentialAction":[{"@type":"SearchAction","target":{"@type":"EntryPoint","urlTemplate":"https:\/\/cotobajo.es\/fr\/?s={search_term_string}"},"query-input":{"@type":"PropertyValueSpecification","valueRequired":true,"valueName":"search_term_string"}}],"inLanguage":"fr-FR"},{"@type":"Organization","@id":"https:\/\/cotobajo.es\/fr\/#organization","name":"Coto Bajo","url":"https:\/\/cotobajo.es\/fr\/","logo":{"@type":"ImageObject","inLanguage":"fr-FR","@id":"https:\/\/cotobajo.es\/fr\/#\/schema\/logo\/image\/","url":"https:\/\/cotobajo.es\/wp-content\/uploads\/2021\/02\/logo-header.svg","contentUrl":"https:\/\/cotobajo.es\/wp-content\/uploads\/2021\/02\/logo-header.svg","width":1000,"height":558,"caption":"Coto Bajo"},"image":{"@id":"https:\/\/cotobajo.es\/fr\/#\/schema\/logo\/image\/"},"sameAs":["https:\/\/www.facebook.com\/Coto-Bajo-394048128222","https:\/\/x.com\/cotobajo","https:\/\/www.instagram.com\/coto_bajo\/","https:\/\/www.linkedin.com\/company\/coto-bajo-s-a\/","https:\/\/www.youtube.com\/@coto_bajo"]}]}},"_links":{"self":[{"href":"https:\/\/cotobajo.es\/fr\/wp-json\/wp\/v2\/product\/14667","targetHints":{"allow":["GET"]}}],"collection":[{"href":"https:\/\/cotobajo.es\/fr\/wp-json\/wp\/v2\/product"}],"about":[{"href":"https:\/\/cotobajo.es\/fr\/wp-json\/wp\/v2\/types\/product"}],"replies":[{"embeddable":true,"href":"https:\/\/cotobajo.es\/fr\/wp-json\/wp\/v2\/comments?post=14667"}],"wp:featuredmedia":[{"embeddable":true,"href":"https:\/\/cotobajo.es\/fr\/wp-json\/wp\/v2\/media\/13351"}],"wp:attachment":[{"href":"https:\/\/cotobajo.es\/fr\/wp-json\/wp\/v2\/media?parent=14667"}],"wp:term":[{"taxonomy":"product_brand","embeddable":true,"href":"https:\/\/cotobajo.es\/fr\/wp-json\/wp\/v2\/product_brand?post=14667"},{"taxonomy":"product_cat","embeddable":true,"href":"https:\/\/cotobajo.es\/fr\/wp-json\/wp\/v2\/product_cat?post=14667"},{"taxonomy":"product_tag","embeddable":true,"href":"https:\/\/cotobajo.es\/fr\/wp-json\/wp\/v2\/product_tag?post=14667"}],"curies":[{"name":"wp","href":"https:\/\/api.w.org\/{rel}","templated":true}]}}