{"id":14960,"date":"2025-01-07T11:02:58","date_gmt":"2025-01-07T10:02:58","guid":{"rendered":"https:\/\/cotobajo.es\/?post_type=product&#038;p=14960"},"modified":"2025-02-10T11:49:35","modified_gmt":"2025-02-10T10:49:35","slug":"aove-coto-bajo-tradicion-caja-3x3-litros","status":"publish","type":"product","link":"https:\/\/cotobajo.es\/fr\/product\/aove-coto-bajo-tradicion-caja-3x3-litros\/","title":{"rendered":"Huile d&rsquo;olive VIERGE EXTRA Coto Bajo Tradition Carton 3\u00d73 Litres"},"content":{"rendered":"<p><strong>Pr\u00e9sentation : Bo\u00eete avec 3 bidons de 3 l<\/strong><\/p>\n<p><strong>Huile d&rsquo;Olive Vierge Extra<\/strong>, fabriqu\u00e9e \u00e0 partir de diff\u00e9rentes vari\u00e9t\u00e9s d&rsquo;olives (<strong>Picual, Arbequina, Pajarera et Hojiblanca<\/strong>), selon les crit\u00e8res de notre ma\u00eetre huilier, afin de garantir des ar\u00f4mes, des saveurs et des caract\u00e9ristiques organoleptiques similaires \u00e0 chaque r\u00e9colte.<\/p>\n<p>Il s&rsquo;agit d&rsquo;une huile polyvalente qui conserve ses propri\u00e9t\u00e9s au fil du temps. Notre huile d&rsquo;olive Vierge Extra dans ce format est un excellent choix pour la cuisine.<\/p>\n<p>EAN : 8437010033100<\/p>\n","protected":false},"excerpt":{"rendered":"<p><strong>Pr\u00e9sentation : Bo\u00eete avec 3 bidons de 3 l<\/strong><\/p>\n<p><strong>Huile d&rsquo;Olive Vierge Extra<\/strong>, fabriqu\u00e9e \u00e0 partir de diff\u00e9rentes vari\u00e9t\u00e9s d&rsquo;olives (<strong>Picual, Arbequina, Pajarera et Hojiblanca<\/strong>), selon les crit\u00e8res de notre ma\u00eetre huilier, afin de garantir des ar\u00f4mes, des saveurs et des caract\u00e9ristiques organoleptiques similaires \u00e0 chaque r\u00e9colte.<\/p>\n<p>Il s&rsquo;agit d&rsquo;une huile polyvalente qui conserve ses propri\u00e9t\u00e9s au fil du temps. Notre huile d&rsquo;olive Vierge Extra dans ce format est un excellent choix pour la cuisine.<\/p>\n<p>EAN : 8437010033100<\/p>\n","protected":false},"featured_media":13348,"comment_status":"closed","ping_status":"closed","template":"","meta":{"_acf_changed":false,"_joinchat":[]},"product_brand":[],"product_cat":[285],"product_tag":[629,589,612,632,614,626,620,617,623,635],"class_list":{"0":"post-14960","1":"product","2":"type-product","3":"status-publish","4":"has-post-thumbnail","6":"product_cat-huile-dolive-extra-vierge","7":"product_tag-acheter-huile-dolive-en-ligne","8":"product_tag-evoo","9":"product_tag-huile-dolive-andalouse","10":"product_tag-huile-dolive-bidon-3-litres","11":"product_tag-huile-dolive-directe-producteur","12":"product_tag-huile-dolive-familiale","13":"product_tag-huile-dolive-gourmet","14":"product_tag-huile-dolive-vierge-extra-3-litres","15":"product_tag-huile-dolive-vierge-extra-restauration","16":"product_tag-produit-andalou","18":"first","19":"outofstock","20":"taxable","21":"shipping-taxable","22":"purchasable","23":"product-type-simple"},"acf":[],"yoast_head":"<!-- This site is optimized with the Yoast SEO plugin v27.4 - https:\/\/yoast.com\/product\/yoast-seo-wordpress\/ -->\n<title>Huile d&#039;olive VIERGE EXTRA Coto Bajo Tradition Carton 3\u00d73 Litres | Coto Bajo<\/title>\n<meta name=\"description\" content=\"Huile d&#039;olive 100% vierge extra d&#039;Almazara. 9 litres - Carafes de 3 litres, 3 unit\u00e9s par carton. Production propre. Nouvelle campagne.\" \/>\n<meta name=\"robots\" content=\"index, follow, max-snippet:-1, max-image-preview:large, max-video-preview:-1\" \/>\n<link rel=\"canonical\" href=\"https:\/\/cotobajo.es\/fr\/product\/aove-coto-bajo-tradicion-caja-3x3-litros\/\" \/>\n<meta property=\"og:locale\" content=\"fr_FR\" \/>\n<meta property=\"og:type\" content=\"article\" \/>\n<meta property=\"og:title\" content=\"Huile d&#039;olive VIERGE EXTRA Coto Bajo Tradition Carton 3\u00d73 Litres | Coto Bajo\" \/>\n<meta property=\"og:description\" content=\"Huile d&#039;olive 100% vierge extra d&#039;Almazara. 9 litres - Carafes de 3 litres, 3 unit\u00e9s par carton. Production propre. Nouvelle campagne.\" \/>\n<meta property=\"og:url\" content=\"https:\/\/cotobajo.es\/fr\/product\/aove-coto-bajo-tradicion-caja-3x3-litros\/\" \/>\n<meta property=\"og:site_name\" content=\"Coto Bajo\" \/>\n<meta property=\"article:publisher\" content=\"https:\/\/www.facebook.com\/Coto-Bajo-394048128222\" \/>\n<meta property=\"article:modified_time\" content=\"2025-02-10T10:49:35+00:00\" \/>\n<meta property=\"og:image\" content=\"https:\/\/cotobajo.es\/wp-content\/uploads\/2021\/11\/AOVE-tradicion-garrafa-3L-3uds.jpg\" \/>\n\t<meta property=\"og:image:width\" content=\"1080\" \/>\n\t<meta property=\"og:image:height\" content=\"1080\" \/>\n\t<meta property=\"og:image:type\" content=\"image\/jpeg\" \/>\n<meta name=\"twitter:card\" content=\"summary_large_image\" \/>\n<meta name=\"twitter:site\" content=\"@cotobajo\" \/>\n<meta name=\"twitter:label1\" content=\"Dur\u00e9e de lecture estim\u00e9e\" \/>\n\t<meta name=\"twitter:data1\" content=\"1 minute\" \/>\n<script type=\"application\/ld+json\" class=\"yoast-schema-graph\">{\"@context\":\"https:\\\/\\\/schema.org\",\"@graph\":[{\"@type\":\"WebPage\",\"@id\":\"https:\\\/\\\/cotobajo.es\\\/fr\\\/product\\\/aove-coto-bajo-tradicion-caja-3x3-litros\\\/\",\"url\":\"https:\\\/\\\/cotobajo.es\\\/fr\\\/product\\\/aove-coto-bajo-tradicion-caja-3x3-litros\\\/\",\"name\":\"Huile d'olive VIERGE EXTRA Coto Bajo Tradition Carton 3\u00d73 Litres | Coto Bajo\",\"isPartOf\":{\"@id\":\"https:\\\/\\\/cotobajo.es\\\/fr\\\/#website\"},\"primaryImageOfPage\":{\"@id\":\"https:\\\/\\\/cotobajo.es\\\/fr\\\/product\\\/aove-coto-bajo-tradicion-caja-3x3-litros\\\/#primaryimage\"},\"image\":{\"@id\":\"https:\\\/\\\/cotobajo.es\\\/fr\\\/product\\\/aove-coto-bajo-tradicion-caja-3x3-litros\\\/#primaryimage\"},\"thumbnailUrl\":\"https:\\\/\\\/cotobajo.es\\\/wp-content\\\/uploads\\\/2021\\\/11\\\/AOVE-tradicion-garrafa-3L-3uds.jpg\",\"datePublished\":\"2025-01-07T10:02:58+00:00\",\"dateModified\":\"2025-02-10T10:49:35+00:00\",\"description\":\"Huile d'olive 100% vierge extra d'Almazara. 9 litres - Carafes de 3 litres, 3 unit\u00e9s par carton. Production propre. Nouvelle campagne.\",\"breadcrumb\":{\"@id\":\"https:\\\/\\\/cotobajo.es\\\/fr\\\/product\\\/aove-coto-bajo-tradicion-caja-3x3-litros\\\/#breadcrumb\"},\"inLanguage\":\"fr-FR\",\"potentialAction\":[{\"@type\":\"ReadAction\",\"target\":[\"https:\\\/\\\/cotobajo.es\\\/fr\\\/product\\\/aove-coto-bajo-tradicion-caja-3x3-litros\\\/\"]}]},{\"@type\":\"ImageObject\",\"inLanguage\":\"fr-FR\",\"@id\":\"https:\\\/\\\/cotobajo.es\\\/fr\\\/product\\\/aove-coto-bajo-tradicion-caja-3x3-litros\\\/#primaryimage\",\"url\":\"https:\\\/\\\/cotobajo.es\\\/wp-content\\\/uploads\\\/2021\\\/11\\\/AOVE-tradicion-garrafa-3L-3uds.jpg\",\"contentUrl\":\"https:\\\/\\\/cotobajo.es\\\/wp-content\\\/uploads\\\/2021\\\/11\\\/AOVE-tradicion-garrafa-3L-3uds.jpg\",\"width\":1080,\"height\":1080,\"caption\":\"EVOO-tradition-garrafa-3L-3uds\"},{\"@type\":\"BreadcrumbList\",\"@id\":\"https:\\\/\\\/cotobajo.es\\\/fr\\\/product\\\/aove-coto-bajo-tradicion-caja-3x3-litros\\\/#breadcrumb\",\"itemListElement\":[{\"@type\":\"ListItem\",\"position\":1,\"name\":\"Home\",\"item\":\"https:\\\/\\\/cotobajo.es\\\/fr\\\/\"},{\"@type\":\"ListItem\",\"position\":2,\"name\":\"Produits\",\"item\":\"https:\\\/\\\/cotobajo.es\\\/fr\\\/shop\\\/\"},{\"@type\":\"ListItem\",\"position\":3,\"name\":\"Huile d'olive extra vierge\",\"item\":\"https:\\\/\\\/cotobajo.es\\\/fr\\\/product-category\\\/huile-dolive-extra-vierge\\\/\"},{\"@type\":\"ListItem\",\"position\":4,\"name\":\"Huile d&#8217;olive VIERGE EXTRA Coto Bajo Tradition Carton 3\u00d73 Litres\"}]},{\"@type\":\"WebSite\",\"@id\":\"https:\\\/\\\/cotobajo.es\\\/fr\\\/#website\",\"url\":\"https:\\\/\\\/cotobajo.es\\\/fr\\\/\",\"name\":\"Coto Bajo\",\"description\":\"Aceite de Oliva Virgen Extra, AOVE y Miel Artesanal\",\"publisher\":{\"@id\":\"https:\\\/\\\/cotobajo.es\\\/fr\\\/#organization\"},\"potentialAction\":[{\"@type\":\"SearchAction\",\"target\":{\"@type\":\"EntryPoint\",\"urlTemplate\":\"https:\\\/\\\/cotobajo.es\\\/fr\\\/?s={search_term_string}\"},\"query-input\":{\"@type\":\"PropertyValueSpecification\",\"valueRequired\":true,\"valueName\":\"search_term_string\"}}],\"inLanguage\":\"fr-FR\"},{\"@type\":\"Organization\",\"@id\":\"https:\\\/\\\/cotobajo.es\\\/fr\\\/#organization\",\"name\":\"Coto Bajo\",\"url\":\"https:\\\/\\\/cotobajo.es\\\/fr\\\/\",\"logo\":{\"@type\":\"ImageObject\",\"inLanguage\":\"fr-FR\",\"@id\":\"https:\\\/\\\/cotobajo.es\\\/fr\\\/#\\\/schema\\\/logo\\\/image\\\/\",\"url\":\"https:\\\/\\\/cotobajo.es\\\/wp-content\\\/uploads\\\/2021\\\/02\\\/logo-header.svg\",\"contentUrl\":\"https:\\\/\\\/cotobajo.es\\\/wp-content\\\/uploads\\\/2021\\\/02\\\/logo-header.svg\",\"width\":1000,\"height\":558,\"caption\":\"Coto Bajo\"},\"image\":{\"@id\":\"https:\\\/\\\/cotobajo.es\\\/fr\\\/#\\\/schema\\\/logo\\\/image\\\/\"},\"sameAs\":[\"https:\\\/\\\/www.facebook.com\\\/Coto-Bajo-394048128222\",\"https:\\\/\\\/x.com\\\/cotobajo\",\"https:\\\/\\\/www.instagram.com\\\/coto_bajo\\\/\",\"https:\\\/\\\/www.linkedin.com\\\/company\\\/coto-bajo-s-a\\\/\",\"https:\\\/\\\/www.youtube.com\\\/@coto_bajo\"]}]}<\/script>\n<!-- \/ Yoast SEO plugin. -->","yoast_head_json":{"title":"Huile d'olive VIERGE EXTRA Coto Bajo Tradition Carton 3\u00d73 Litres | Coto Bajo","description":"Huile d'olive 100% vierge extra d'Almazara. 9 litres - Carafes de 3 litres, 3 unit\u00e9s par carton. Production propre. Nouvelle campagne.","robots":{"index":"index","follow":"follow","max-snippet":"max-snippet:-1","max-image-preview":"max-image-preview:large","max-video-preview":"max-video-preview:-1"},"canonical":"https:\/\/cotobajo.es\/fr\/product\/aove-coto-bajo-tradicion-caja-3x3-litros\/","og_locale":"fr_FR","og_type":"article","og_title":"Huile d'olive VIERGE EXTRA Coto Bajo Tradition Carton 3\u00d73 Litres | Coto Bajo","og_description":"Huile d'olive 100% vierge extra d'Almazara. 9 litres - Carafes de 3 litres, 3 unit\u00e9s par carton. Production propre. Nouvelle campagne.","og_url":"https:\/\/cotobajo.es\/fr\/product\/aove-coto-bajo-tradicion-caja-3x3-litros\/","og_site_name":"Coto Bajo","article_publisher":"https:\/\/www.facebook.com\/Coto-Bajo-394048128222","article_modified_time":"2025-02-10T10:49:35+00:00","og_image":[{"width":1080,"height":1080,"url":"https:\/\/cotobajo.es\/wp-content\/uploads\/2021\/11\/AOVE-tradicion-garrafa-3L-3uds.jpg","type":"image\/jpeg"}],"twitter_card":"summary_large_image","twitter_site":"@cotobajo","twitter_misc":{"Dur\u00e9e de lecture estim\u00e9e":"1 minute"},"schema":{"@context":"https:\/\/schema.org","@graph":[{"@type":"WebPage","@id":"https:\/\/cotobajo.es\/fr\/product\/aove-coto-bajo-tradicion-caja-3x3-litros\/","url":"https:\/\/cotobajo.es\/fr\/product\/aove-coto-bajo-tradicion-caja-3x3-litros\/","name":"Huile d'olive VIERGE EXTRA Coto Bajo Tradition Carton 3\u00d73 Litres | Coto Bajo","isPartOf":{"@id":"https:\/\/cotobajo.es\/fr\/#website"},"primaryImageOfPage":{"@id":"https:\/\/cotobajo.es\/fr\/product\/aove-coto-bajo-tradicion-caja-3x3-litros\/#primaryimage"},"image":{"@id":"https:\/\/cotobajo.es\/fr\/product\/aove-coto-bajo-tradicion-caja-3x3-litros\/#primaryimage"},"thumbnailUrl":"https:\/\/cotobajo.es\/wp-content\/uploads\/2021\/11\/AOVE-tradicion-garrafa-3L-3uds.jpg","datePublished":"2025-01-07T10:02:58+00:00","dateModified":"2025-02-10T10:49:35+00:00","description":"Huile d'olive 100% vierge extra d'Almazara. 9 litres - Carafes de 3 litres, 3 unit\u00e9s par carton. Production propre. Nouvelle campagne.","breadcrumb":{"@id":"https:\/\/cotobajo.es\/fr\/product\/aove-coto-bajo-tradicion-caja-3x3-litros\/#breadcrumb"},"inLanguage":"fr-FR","potentialAction":[{"@type":"ReadAction","target":["https:\/\/cotobajo.es\/fr\/product\/aove-coto-bajo-tradicion-caja-3x3-litros\/"]}]},{"@type":"ImageObject","inLanguage":"fr-FR","@id":"https:\/\/cotobajo.es\/fr\/product\/aove-coto-bajo-tradicion-caja-3x3-litros\/#primaryimage","url":"https:\/\/cotobajo.es\/wp-content\/uploads\/2021\/11\/AOVE-tradicion-garrafa-3L-3uds.jpg","contentUrl":"https:\/\/cotobajo.es\/wp-content\/uploads\/2021\/11\/AOVE-tradicion-garrafa-3L-3uds.jpg","width":1080,"height":1080,"caption":"EVOO-tradition-garrafa-3L-3uds"},{"@type":"BreadcrumbList","@id":"https:\/\/cotobajo.es\/fr\/product\/aove-coto-bajo-tradicion-caja-3x3-litros\/#breadcrumb","itemListElement":[{"@type":"ListItem","position":1,"name":"Home","item":"https:\/\/cotobajo.es\/fr\/"},{"@type":"ListItem","position":2,"name":"Produits","item":"https:\/\/cotobajo.es\/fr\/shop\/"},{"@type":"ListItem","position":3,"name":"Huile d'olive extra vierge","item":"https:\/\/cotobajo.es\/fr\/product-category\/huile-dolive-extra-vierge\/"},{"@type":"ListItem","position":4,"name":"Huile d&#8217;olive VIERGE EXTRA Coto Bajo Tradition Carton 3\u00d73 Litres"}]},{"@type":"WebSite","@id":"https:\/\/cotobajo.es\/fr\/#website","url":"https:\/\/cotobajo.es\/fr\/","name":"Coto Bajo","description":"Aceite de Oliva Virgen Extra, AOVE y Miel Artesanal","publisher":{"@id":"https:\/\/cotobajo.es\/fr\/#organization"},"potentialAction":[{"@type":"SearchAction","target":{"@type":"EntryPoint","urlTemplate":"https:\/\/cotobajo.es\/fr\/?s={search_term_string}"},"query-input":{"@type":"PropertyValueSpecification","valueRequired":true,"valueName":"search_term_string"}}],"inLanguage":"fr-FR"},{"@type":"Organization","@id":"https:\/\/cotobajo.es\/fr\/#organization","name":"Coto Bajo","url":"https:\/\/cotobajo.es\/fr\/","logo":{"@type":"ImageObject","inLanguage":"fr-FR","@id":"https:\/\/cotobajo.es\/fr\/#\/schema\/logo\/image\/","url":"https:\/\/cotobajo.es\/wp-content\/uploads\/2021\/02\/logo-header.svg","contentUrl":"https:\/\/cotobajo.es\/wp-content\/uploads\/2021\/02\/logo-header.svg","width":1000,"height":558,"caption":"Coto Bajo"},"image":{"@id":"https:\/\/cotobajo.es\/fr\/#\/schema\/logo\/image\/"},"sameAs":["https:\/\/www.facebook.com\/Coto-Bajo-394048128222","https:\/\/x.com\/cotobajo","https:\/\/www.instagram.com\/coto_bajo\/","https:\/\/www.linkedin.com\/company\/coto-bajo-s-a\/","https:\/\/www.youtube.com\/@coto_bajo"]}]}},"_links":{"self":[{"href":"https:\/\/cotobajo.es\/fr\/wp-json\/wp\/v2\/product\/14960","targetHints":{"allow":["GET"]}}],"collection":[{"href":"https:\/\/cotobajo.es\/fr\/wp-json\/wp\/v2\/product"}],"about":[{"href":"https:\/\/cotobajo.es\/fr\/wp-json\/wp\/v2\/types\/product"}],"replies":[{"embeddable":true,"href":"https:\/\/cotobajo.es\/fr\/wp-json\/wp\/v2\/comments?post=14960"}],"wp:featuredmedia":[{"embeddable":true,"href":"https:\/\/cotobajo.es\/fr\/wp-json\/wp\/v2\/media\/13348"}],"wp:attachment":[{"href":"https:\/\/cotobajo.es\/fr\/wp-json\/wp\/v2\/media?parent=14960"}],"wp:term":[{"taxonomy":"product_brand","embeddable":true,"href":"https:\/\/cotobajo.es\/fr\/wp-json\/wp\/v2\/product_brand?post=14960"},{"taxonomy":"product_cat","embeddable":true,"href":"https:\/\/cotobajo.es\/fr\/wp-json\/wp\/v2\/product_cat?post=14960"},{"taxonomy":"product_tag","embeddable":true,"href":"https:\/\/cotobajo.es\/fr\/wp-json\/wp\/v2\/product_tag?post=14960"}],"curies":[{"name":"wp","href":"https:\/\/api.w.org\/{rel}","templated":true}]}}