{"id":15710,"date":"2025-02-04T12:37:55","date_gmt":"2025-02-04T11:37:55","guid":{"rendered":"https:\/\/cotobajo.es\/?post_type=product&#038;p=15710"},"modified":"2026-04-20T15:31:20","modified_gmt":"2026-04-20T13:31:20","slug":"aove-ecologico-seleccion-250ml","status":"publish","type":"product","link":"https:\/\/cotobajo.es\/fr\/product\/aove-ecologico-seleccion-250ml\/","title":{"rendered":"Huile d&rsquo;olive VIERGE EXTRA BIO S\u00e9lection Bouteille 250 ml"},"content":{"rendered":"<p><strong>Pr\u00e9sentation : Verre 250ml.<\/strong><\/p>\n<p>L&rsquo;<strong>Huile d&rsquo;olive Vierge Extra Biologique S\u00e9lection<\/strong>, obtenue gr\u00e2ce \u00e0 une r\u00e9colte pr\u00e9coce, met en valeur son intense fruit\u00e9 vert et son \u00e9quilibre entre amertume et piquant. Son format de <strong>250ml<\/strong> est parfait pour une consommation quotidienne, \u00e0 pr\u00e9senter sur la table ou comme un cadeau sp\u00e9cial. Profitez-en cru sur des toasts, des salades et des soupes, ou en cuisine, o\u00f9 sa stabilit\u00e9 garantit des plats sains et savoureux.<\/p>\n<p>Provenant de notre oliveraie biologique, cultiv\u00e9e selon des normes strictes d&rsquo;agriculture biologique et certifi\u00e9e par l&rsquo;<strong>Autorit\u00e9 de Contr\u00f4le<\/strong>, garantissant un produit exempt de produits chimiques tels que les herbicides, les pesticides et les engrais.<\/p>\n<p>Notre <strong>Huile d&rsquo;olive Vierge Extra Biologique S\u00e9lection<\/strong> est un <strong>assemblage<\/strong> soigneusement \u00e9labor\u00e9, o\u00f9 nous combinons des vari\u00e9t\u00e9s s\u00e9lectionn\u00e9es pour obtenir un \u00e9quilibre parfait entre ar\u00f4mes et saveurs.<\/p>\n<p>Elle conserve toutes les qualit\u00e9s des huiles d&rsquo;olive <strong>Vierge Extra<\/strong> de <strong>Coto Bajo<\/strong>, avec la valeur ajout\u00e9e d&rsquo;\u00eatre un produit biologique, produit de mani\u00e8re durable et respectueuse de l&rsquo;environnement, id\u00e9al pour ceux qui recherchent un impact positif sur leur alimentation et sur la plan\u00e8te.<\/p>\n<p>EAN : 8437010033315<\/p>\n","protected":false},"excerpt":{"rendered":"<p><strong>Pr\u00e9sentation : Verre 250ml.<\/strong><\/p>\n<p>L&rsquo;<strong>Huile d&rsquo;olive Vierge Extra Biologique S\u00e9lection<\/strong>, obtenue gr\u00e2ce \u00e0 une r\u00e9colte pr\u00e9coce, met en valeur son intense fruit\u00e9 vert et son \u00e9quilibre entre amertume et piquant. Son format de <strong>250ml<\/strong> est parfait pour une consommation quotidienne, \u00e0 pr\u00e9senter sur la table ou comme un cadeau sp\u00e9cial. Profitez-en cru sur des toasts, des salades et des soupes, ou en cuisine, o\u00f9 sa stabilit\u00e9 garantit des plats sains et savoureux.<\/p>\n<p>Provenant de notre oliveraie biologique, cultiv\u00e9e selon des normes strictes d&rsquo;agriculture biologique et certifi\u00e9e par l&rsquo;<strong>Autorit\u00e9 de Contr\u00f4le<\/strong>, garantissant un produit exempt de produits chimiques tels que les herbicides, les pesticides et les engrais.<\/p>\n<p>Notre <strong>Huile d&rsquo;olive Vierge Extra Biologique S\u00e9lection<\/strong> est un <strong>assemblage<\/strong> soigneusement \u00e9labor\u00e9, o\u00f9 nous combinons des vari\u00e9t\u00e9s s\u00e9lectionn\u00e9es pour obtenir un \u00e9quilibre parfait entre ar\u00f4mes et saveurs.<\/p>\n<p>Elle conserve toutes les qualit\u00e9s des huiles d&rsquo;olive <strong>Vierge Extra<\/strong> de <strong>Coto Bajo<\/strong>, avec la valeur ajout\u00e9e d&rsquo;\u00eatre un produit biologique, produit de mani\u00e8re durable et respectueuse de l&rsquo;environnement, id\u00e9al pour ceux qui recherchent un impact positif sur leur alimentation et sur la plan\u00e8te.<\/p>\n<p>EAN : 8437010033315<\/p>\n","protected":false},"featured_media":15745,"comment_status":"open","ping_status":"closed","template":"","meta":{"_acf_changed":false,"_joinchat":[]},"product_brand":[],"product_cat":[265],"product_tag":[629,589,612,614,620,623],"class_list":{"0":"post-15710","1":"product","2":"type-product","3":"status-publish","4":"has-post-thumbnail","6":"product_cat-huile-dolive-extra-vierge-biologique","7":"product_tag-acheter-huile-dolive-en-ligne","8":"product_tag-evoo","9":"product_tag-huile-dolive-andalouse","10":"product_tag-huile-dolive-directe-producteur","11":"product_tag-huile-dolive-gourmet","12":"product_tag-huile-dolive-vierge-extra-restauration","14":"first","15":"instock","16":"sale","17":"taxable","18":"shipping-taxable","19":"purchasable","20":"product-type-variable","21":"has-default-attributes"},"acf":[],"yoast_head":"<!-- This site is optimized with the Yoast SEO plugin v27.4 - https:\/\/yoast.com\/product\/yoast-seo-wordpress\/ -->\n<title>Organic EVOO Selection 250ml - Une saveur authentique et durable<\/title>\n<meta name=\"description\" content=\"Huile d&#039;olive extra vierge biologique S\u00e9lection 250ml. Fruit\u00e9 intense, \u00e9quilibr\u00e9 et durable. Une qualit\u00e9 sup\u00e9rieure \u00e0 savourer dans tous les plats.\" \/>\n<meta name=\"robots\" content=\"index, follow, max-snippet:-1, max-image-preview:large, max-video-preview:-1\" \/>\n<link rel=\"canonical\" href=\"https:\/\/cotobajo.es\/fr\/product\/aove-ecologico-seleccion-250ml\/\" \/>\n<meta property=\"og:locale\" content=\"fr_FR\" \/>\n<meta property=\"og:type\" content=\"article\" \/>\n<meta property=\"og:title\" content=\"Organic EVOO Selection 250ml - Une saveur authentique et durable\" \/>\n<meta property=\"og:description\" content=\"Huile d&#039;olive extra vierge biologique S\u00e9lection 250ml. Fruit\u00e9 intense, \u00e9quilibr\u00e9 et durable. Une qualit\u00e9 sup\u00e9rieure \u00e0 savourer dans tous les plats.\" \/>\n<meta property=\"og:url\" content=\"https:\/\/cotobajo.es\/fr\/product\/aove-ecologico-seleccion-250ml\/\" \/>\n<meta property=\"og:site_name\" content=\"Coto Bajo\" \/>\n<meta property=\"article:publisher\" content=\"https:\/\/www.facebook.com\/Coto-Bajo-394048128222\" \/>\n<meta property=\"article:modified_time\" content=\"2026-04-20T13:31:20+00:00\" \/>\n<meta property=\"og:image\" content=\"https:\/\/cotobajo.es\/wp-content\/uploads\/2025\/02\/aceite-de-oliva-ecologico-coto-bajo-250ml.webp\" \/>\n\t<meta property=\"og:image:width\" content=\"1080\" \/>\n\t<meta property=\"og:image:height\" content=\"1080\" \/>\n\t<meta property=\"og:image:type\" content=\"image\/webp\" \/>\n<meta name=\"twitter:card\" content=\"summary_large_image\" \/>\n<meta name=\"twitter:site\" content=\"@cotobajo\" \/>\n<meta name=\"twitter:label1\" content=\"Dur\u00e9e de lecture estim\u00e9e\" \/>\n\t<meta name=\"twitter:data1\" content=\"2 minutes\" \/>\n<script type=\"application\/ld+json\" class=\"yoast-schema-graph\">{\"@context\":\"https:\\\/\\\/schema.org\",\"@graph\":[{\"@type\":\"WebPage\",\"@id\":\"https:\\\/\\\/cotobajo.es\\\/fr\\\/product\\\/aove-ecologico-seleccion-250ml\\\/\",\"url\":\"https:\\\/\\\/cotobajo.es\\\/fr\\\/product\\\/aove-ecologico-seleccion-250ml\\\/\",\"name\":\"Organic EVOO Selection 250ml - Une saveur authentique et durable\",\"isPartOf\":{\"@id\":\"https:\\\/\\\/cotobajo.es\\\/fr\\\/#website\"},\"primaryImageOfPage\":{\"@id\":\"https:\\\/\\\/cotobajo.es\\\/fr\\\/product\\\/aove-ecologico-seleccion-250ml\\\/#primaryimage\"},\"image\":{\"@id\":\"https:\\\/\\\/cotobajo.es\\\/fr\\\/product\\\/aove-ecologico-seleccion-250ml\\\/#primaryimage\"},\"thumbnailUrl\":\"https:\\\/\\\/cotobajo.es\\\/wp-content\\\/uploads\\\/2025\\\/02\\\/aceite-de-oliva-ecologico-coto-bajo-250ml.webp\",\"datePublished\":\"2025-02-04T11:37:55+00:00\",\"dateModified\":\"2026-04-20T13:31:20+00:00\",\"description\":\"Huile d'olive extra vierge biologique S\u00e9lection 250ml. Fruit\u00e9 intense, \u00e9quilibr\u00e9 et durable. Une qualit\u00e9 sup\u00e9rieure \u00e0 savourer dans tous les plats.\",\"breadcrumb\":{\"@id\":\"https:\\\/\\\/cotobajo.es\\\/fr\\\/product\\\/aove-ecologico-seleccion-250ml\\\/#breadcrumb\"},\"inLanguage\":\"fr-FR\",\"potentialAction\":[{\"@type\":\"ReadAction\",\"target\":[\"https:\\\/\\\/cotobajo.es\\\/fr\\\/product\\\/aove-ecologico-seleccion-250ml\\\/\"]}]},{\"@type\":\"ImageObject\",\"inLanguage\":\"fr-FR\",\"@id\":\"https:\\\/\\\/cotobajo.es\\\/fr\\\/product\\\/aove-ecologico-seleccion-250ml\\\/#primaryimage\",\"url\":\"https:\\\/\\\/cotobajo.es\\\/wp-content\\\/uploads\\\/2025\\\/02\\\/aceite-de-oliva-ecologico-coto-bajo-250ml.webp\",\"contentUrl\":\"https:\\\/\\\/cotobajo.es\\\/wp-content\\\/uploads\\\/2025\\\/02\\\/aceite-de-oliva-ecologico-coto-bajo-250ml.webp\",\"width\":1080,\"height\":1080,\"caption\":\"Huile d'olive \u00e9cologique Coto Bajo 250ml\"},{\"@type\":\"BreadcrumbList\",\"@id\":\"https:\\\/\\\/cotobajo.es\\\/fr\\\/product\\\/aove-ecologico-seleccion-250ml\\\/#breadcrumb\",\"itemListElement\":[{\"@type\":\"ListItem\",\"position\":1,\"name\":\"Home\",\"item\":\"https:\\\/\\\/cotobajo.es\\\/fr\\\/\"},{\"@type\":\"ListItem\",\"position\":2,\"name\":\"Produits\",\"item\":\"https:\\\/\\\/cotobajo.es\\\/fr\\\/shop\\\/\"},{\"@type\":\"ListItem\",\"position\":3,\"name\":\"Huile d'olive extra vierge biologique\",\"item\":\"https:\\\/\\\/cotobajo.es\\\/fr\\\/product-category\\\/huile-dolive-extra-vierge-biologique\\\/\"},{\"@type\":\"ListItem\",\"position\":4,\"name\":\"Huile d&#8217;olive VIERGE EXTRA BIO S\u00e9lection Bouteille 250 ml\"}]},{\"@type\":\"WebSite\",\"@id\":\"https:\\\/\\\/cotobajo.es\\\/fr\\\/#website\",\"url\":\"https:\\\/\\\/cotobajo.es\\\/fr\\\/\",\"name\":\"Coto Bajo\",\"description\":\"Aceite de Oliva Virgen Extra, AOVE y Miel Artesanal\",\"publisher\":{\"@id\":\"https:\\\/\\\/cotobajo.es\\\/fr\\\/#organization\"},\"potentialAction\":[{\"@type\":\"SearchAction\",\"target\":{\"@type\":\"EntryPoint\",\"urlTemplate\":\"https:\\\/\\\/cotobajo.es\\\/fr\\\/?s={search_term_string}\"},\"query-input\":{\"@type\":\"PropertyValueSpecification\",\"valueRequired\":true,\"valueName\":\"search_term_string\"}}],\"inLanguage\":\"fr-FR\"},{\"@type\":\"Organization\",\"@id\":\"https:\\\/\\\/cotobajo.es\\\/fr\\\/#organization\",\"name\":\"Coto Bajo\",\"url\":\"https:\\\/\\\/cotobajo.es\\\/fr\\\/\",\"logo\":{\"@type\":\"ImageObject\",\"inLanguage\":\"fr-FR\",\"@id\":\"https:\\\/\\\/cotobajo.es\\\/fr\\\/#\\\/schema\\\/logo\\\/image\\\/\",\"url\":\"https:\\\/\\\/cotobajo.es\\\/wp-content\\\/uploads\\\/2021\\\/02\\\/logo-header.svg\",\"contentUrl\":\"https:\\\/\\\/cotobajo.es\\\/wp-content\\\/uploads\\\/2021\\\/02\\\/logo-header.svg\",\"width\":1000,\"height\":558,\"caption\":\"Coto Bajo\"},\"image\":{\"@id\":\"https:\\\/\\\/cotobajo.es\\\/fr\\\/#\\\/schema\\\/logo\\\/image\\\/\"},\"sameAs\":[\"https:\\\/\\\/www.facebook.com\\\/Coto-Bajo-394048128222\",\"https:\\\/\\\/x.com\\\/cotobajo\",\"https:\\\/\\\/www.instagram.com\\\/coto_bajo\\\/\",\"https:\\\/\\\/www.linkedin.com\\\/company\\\/coto-bajo-s-a\\\/\",\"https:\\\/\\\/www.youtube.com\\\/@coto_bajo\"]}]}<\/script>\n<!-- \/ Yoast SEO plugin. -->","yoast_head_json":{"title":"Organic EVOO Selection 250ml - Une saveur authentique et durable","description":"Huile d'olive extra vierge biologique S\u00e9lection 250ml. Fruit\u00e9 intense, \u00e9quilibr\u00e9 et durable. Une qualit\u00e9 sup\u00e9rieure \u00e0 savourer dans tous les plats.","robots":{"index":"index","follow":"follow","max-snippet":"max-snippet:-1","max-image-preview":"max-image-preview:large","max-video-preview":"max-video-preview:-1"},"canonical":"https:\/\/cotobajo.es\/fr\/product\/aove-ecologico-seleccion-250ml\/","og_locale":"fr_FR","og_type":"article","og_title":"Organic EVOO Selection 250ml - Une saveur authentique et durable","og_description":"Huile d'olive extra vierge biologique S\u00e9lection 250ml. Fruit\u00e9 intense, \u00e9quilibr\u00e9 et durable. Une qualit\u00e9 sup\u00e9rieure \u00e0 savourer dans tous les plats.","og_url":"https:\/\/cotobajo.es\/fr\/product\/aove-ecologico-seleccion-250ml\/","og_site_name":"Coto Bajo","article_publisher":"https:\/\/www.facebook.com\/Coto-Bajo-394048128222","article_modified_time":"2026-04-20T13:31:20+00:00","og_image":[{"width":1080,"height":1080,"url":"https:\/\/cotobajo.es\/wp-content\/uploads\/2025\/02\/aceite-de-oliva-ecologico-coto-bajo-250ml.webp","type":"image\/webp"}],"twitter_card":"summary_large_image","twitter_site":"@cotobajo","twitter_misc":{"Dur\u00e9e de lecture estim\u00e9e":"2 minutes"},"schema":{"@context":"https:\/\/schema.org","@graph":[{"@type":"WebPage","@id":"https:\/\/cotobajo.es\/fr\/product\/aove-ecologico-seleccion-250ml\/","url":"https:\/\/cotobajo.es\/fr\/product\/aove-ecologico-seleccion-250ml\/","name":"Organic EVOO Selection 250ml - Une saveur authentique et durable","isPartOf":{"@id":"https:\/\/cotobajo.es\/fr\/#website"},"primaryImageOfPage":{"@id":"https:\/\/cotobajo.es\/fr\/product\/aove-ecologico-seleccion-250ml\/#primaryimage"},"image":{"@id":"https:\/\/cotobajo.es\/fr\/product\/aove-ecologico-seleccion-250ml\/#primaryimage"},"thumbnailUrl":"https:\/\/cotobajo.es\/wp-content\/uploads\/2025\/02\/aceite-de-oliva-ecologico-coto-bajo-250ml.webp","datePublished":"2025-02-04T11:37:55+00:00","dateModified":"2026-04-20T13:31:20+00:00","description":"Huile d'olive extra vierge biologique S\u00e9lection 250ml. Fruit\u00e9 intense, \u00e9quilibr\u00e9 et durable. Une qualit\u00e9 sup\u00e9rieure \u00e0 savourer dans tous les plats.","breadcrumb":{"@id":"https:\/\/cotobajo.es\/fr\/product\/aove-ecologico-seleccion-250ml\/#breadcrumb"},"inLanguage":"fr-FR","potentialAction":[{"@type":"ReadAction","target":["https:\/\/cotobajo.es\/fr\/product\/aove-ecologico-seleccion-250ml\/"]}]},{"@type":"ImageObject","inLanguage":"fr-FR","@id":"https:\/\/cotobajo.es\/fr\/product\/aove-ecologico-seleccion-250ml\/#primaryimage","url":"https:\/\/cotobajo.es\/wp-content\/uploads\/2025\/02\/aceite-de-oliva-ecologico-coto-bajo-250ml.webp","contentUrl":"https:\/\/cotobajo.es\/wp-content\/uploads\/2025\/02\/aceite-de-oliva-ecologico-coto-bajo-250ml.webp","width":1080,"height":1080,"caption":"Huile d'olive \u00e9cologique Coto Bajo 250ml"},{"@type":"BreadcrumbList","@id":"https:\/\/cotobajo.es\/fr\/product\/aove-ecologico-seleccion-250ml\/#breadcrumb","itemListElement":[{"@type":"ListItem","position":1,"name":"Home","item":"https:\/\/cotobajo.es\/fr\/"},{"@type":"ListItem","position":2,"name":"Produits","item":"https:\/\/cotobajo.es\/fr\/shop\/"},{"@type":"ListItem","position":3,"name":"Huile d'olive extra vierge biologique","item":"https:\/\/cotobajo.es\/fr\/product-category\/huile-dolive-extra-vierge-biologique\/"},{"@type":"ListItem","position":4,"name":"Huile d&#8217;olive VIERGE EXTRA BIO S\u00e9lection Bouteille 250 ml"}]},{"@type":"WebSite","@id":"https:\/\/cotobajo.es\/fr\/#website","url":"https:\/\/cotobajo.es\/fr\/","name":"Coto Bajo","description":"Aceite de Oliva Virgen Extra, AOVE y Miel Artesanal","publisher":{"@id":"https:\/\/cotobajo.es\/fr\/#organization"},"potentialAction":[{"@type":"SearchAction","target":{"@type":"EntryPoint","urlTemplate":"https:\/\/cotobajo.es\/fr\/?s={search_term_string}"},"query-input":{"@type":"PropertyValueSpecification","valueRequired":true,"valueName":"search_term_string"}}],"inLanguage":"fr-FR"},{"@type":"Organization","@id":"https:\/\/cotobajo.es\/fr\/#organization","name":"Coto Bajo","url":"https:\/\/cotobajo.es\/fr\/","logo":{"@type":"ImageObject","inLanguage":"fr-FR","@id":"https:\/\/cotobajo.es\/fr\/#\/schema\/logo\/image\/","url":"https:\/\/cotobajo.es\/wp-content\/uploads\/2021\/02\/logo-header.svg","contentUrl":"https:\/\/cotobajo.es\/wp-content\/uploads\/2021\/02\/logo-header.svg","width":1000,"height":558,"caption":"Coto Bajo"},"image":{"@id":"https:\/\/cotobajo.es\/fr\/#\/schema\/logo\/image\/"},"sameAs":["https:\/\/www.facebook.com\/Coto-Bajo-394048128222","https:\/\/x.com\/cotobajo","https:\/\/www.instagram.com\/coto_bajo\/","https:\/\/www.linkedin.com\/company\/coto-bajo-s-a\/","https:\/\/www.youtube.com\/@coto_bajo"]}]}},"_links":{"self":[{"href":"https:\/\/cotobajo.es\/fr\/wp-json\/wp\/v2\/product\/15710","targetHints":{"allow":["GET"]}}],"collection":[{"href":"https:\/\/cotobajo.es\/fr\/wp-json\/wp\/v2\/product"}],"about":[{"href":"https:\/\/cotobajo.es\/fr\/wp-json\/wp\/v2\/types\/product"}],"replies":[{"embeddable":true,"href":"https:\/\/cotobajo.es\/fr\/wp-json\/wp\/v2\/comments?post=15710"}],"wp:featuredmedia":[{"embeddable":true,"href":"https:\/\/cotobajo.es\/fr\/wp-json\/wp\/v2\/media\/15745"}],"wp:attachment":[{"href":"https:\/\/cotobajo.es\/fr\/wp-json\/wp\/v2\/media?parent=15710"}],"wp:term":[{"taxonomy":"product_brand","embeddable":true,"href":"https:\/\/cotobajo.es\/fr\/wp-json\/wp\/v2\/product_brand?post=15710"},{"taxonomy":"product_cat","embeddable":true,"href":"https:\/\/cotobajo.es\/fr\/wp-json\/wp\/v2\/product_cat?post=15710"},{"taxonomy":"product_tag","embeddable":true,"href":"https:\/\/cotobajo.es\/fr\/wp-json\/wp\/v2\/product_tag?post=15710"}],"curies":[{"name":"wp","href":"https:\/\/api.w.org\/{rel}","templated":true}]}}